{"id":22554,"date":"2025-05-13T12:28:58","date_gmt":"2025-05-13T10:28:58","guid":{"rendered":"https:\/\/andalubox.com\/producto-andaluz\/miguel-domecq-entrechuelos-vin-rouge-de-qualite-superieure-de-tierra-de-cadiz-75cl\/"},"modified":"2025-09-19T19:18:40","modified_gmt":"2025-09-19T17:18:40","slug":"miguel-domecq-entrechuelos-vin-rouge-de-qualite-superieure-de-tierra-de-cadiz-75cl","status":"publish","type":"product","link":"https:\/\/andalubox.com\/fr\/producto-andaluz\/miguel-domecq-entrechuelos-vin-rouge-de-qualite-superieure-de-tierra-de-cadiz-75cl\/","title":{"rendered":"Miguel Domecq Entrechuelos, vin rouge de qualit\u00e9 sup\u00e9rieure de Tierra de C\u00e1diz 75cl"},"content":{"rendered":"<h2>Miguel Domecq Entrechuelos, vin rouge de qualit\u00e9 sup\u00e9rieure de Tierra de C\u00e1diz 75cl<\/h2>\n<p><b>Entrechuelos Premium<\/b> est un <strong>vin rouge de qualit\u00e9 sup\u00e9rieure<\/strong> \u00e9labor\u00e9 \u00e0 partir d&#8217;une s\u00e9lection minutieuse de <strong>Merlot, Syrah, Cabernet Sauvignon et du<\/strong> c\u00e9page <strong>autochtone Tintilla de Rota<\/strong>. Issu de l&#8217;<strong>IGP Tierra de C\u00e1diz<\/strong>, ce vin refl\u00e8te la richesse du terroir de C\u00e1diz, caract\u00e9ris\u00e9 par son climat temp\u00e9r\u00e9 et ses sols de <strong>Tierra Albariza<\/strong>, id\u00e9aux pour obtenir des fruits de grande qualit\u00e9. <\/p>\n<p>\u00c9lev\u00e9 pendant <strong>6 mois en f\u00fbts de ch\u00eane fran\u00e7ais<\/strong> et affin\u00e9 pendant <strong>6 mois en bouteille<\/strong>, <strong>Entrechuelos Premium<\/strong> offre une complexit\u00e9 et une \u00e9l\u00e9gance exceptionnelles. Sa couleur <strong>rouge rubis intense<\/strong>, ses ar\u00f4mes fruit\u00e9s et balsamiques, sa bouche ample et ronde en font un vin id\u00e9al pour ceux qui recherchent une exp\u00e9rience sensorielle unique. <\/p>\n<h2>Accord parfait avec Entrechuelos Premium<\/h2>\n<p>L <strong>&#8216;Entrechuelos Premium<\/strong> se marie parfaitement avec de nombreux plats. Voici quelques id\u00e9es : <\/p>\n<ul>\n\t<li><strong>Fromages affin\u00e9s et semi-affin\u00e9s<\/strong>: Les fromages de la r\u00e9gion de Cadix, comme le <strong>payoyo<\/strong>, font ressortir les notes fruit\u00e9es et balsamiques du vin.<\/li>\n\t<li><strong>Jambon et thon sal\u00e9<\/strong>: Mojama et \u0153ufs de poisson, qui compl\u00e8tent la douceur et la complexit\u00e9 du vin.<\/li>\n\t<li><strong>Viandes rouges<\/strong>: Id\u00e9al pour accompagner les viandes grill\u00e9es, les rago\u00fbts ou les plats intenses.<\/li>\n<\/ul>\n<p>Ce <strong>vin Entrechuelos<\/strong> s&#8217;adapte \u00e0 diff\u00e9rentes combinaisons, offrant toujours une exp\u00e9rience gastronomique unique.<\/p>\n<div class=\"kb-row-layout-wrap kb-row-layout-id43454_e614e3-6f alignnone wp-block-kadence-rowlayout\">\n<div class=\"kt-row-column-wrap kt-has-2-columns kt-row-layout-equal kt-tab-layout-inherit kt-mobile-layout-row kt-row-valign-top\">\n<div class=\"wp-block-kadence-column kadence-column43454_bafcc2-4e\">\n<div class=\"kt-inside-inner-col\">\n<div class=\"wp-block-kadence-infobox kt-info-box43454_7337cb-07\">\n<div class=\"kt-infobox-textcontent\">\n<p class=\"kt-blocks-info-box-title\">Catalogue\/Type : <span style=\"font-size: 16px;\">Vin rouge <\/span> <\/p>\n<p class=\"kt-blocks-info-box-title\"><span style=\"font-size: 16px;\">C\u00e9pages : <\/span><span style=\"font-size: 16px;\">Syrah, Merlot, Cabernet Sauvignon et Tintilla de Rota.<\/span><\/p>\n<\/div>\n<\/div>\n<\/div>\n<\/div>\n<\/div>\n<\/div>\n<div class=\"kb-row-layout-wrap kb-row-layout-id43454_9237b7-bb alignnone wp-block-kadence-rowlayout\">\n<div class=\"kt-row-column-wrap kt-has-2-columns kt-row-layout-right-golden kt-tab-layout-inherit kt-mobile-layout-row kt-row-valign-top\">\n<div class=\"wp-block-kadence-column kadence-column43454_d49994-99\">\n<div class=\"kt-inside-inner-col\">\n<div class=\"wp-block-kadence-infobox kt-info-box43454_749e9d-25\">\n<div class=\"kt-blocks-info-box-media-container\">\n<div class=\"kt-blocks-info-box-media kt-info-media-animate-none\">\n<div class=\"kadence-info-box-image-inner-intrisic-container\">\n<div class=\"kadence-info-box-image-intrisic kt-info-animate-none\">\n<div class=\"kadence-info-box-image-inner-intrisic\"><span style=\"font-size: 16px;\">Vignoble : <\/span><span style=\"font-size: 16px;\">Vignes en double cordon \u00e2g\u00e9es de 8 \u00e0 20 ans, expos\u00e9es au sud-ouest et au nord-ouest, \u00e0 des altitudes moyennes de 50 et 110 m, respectivement.<\/span><\/div>\n<\/div>\n<\/div>\n<\/div>\n<\/div>\n<\/div>\n<\/div>\n<\/div>\n<\/div>\n<\/div>\n<div class=\"kb-row-layout-wrap kb-row-layout-id43454_e647a8-31 alignnone wp-block-kadence-rowlayout\">\n<div class=\"kt-row-column-wrap kt-has-2-columns kt-row-layout-right-golden kt-tab-layout-inherit kt-mobile-layout-row kt-row-valign-top\">\n<div class=\"wp-block-kadence-column kadence-column43454_f9861f-ea\">\n<div class=\"kt-inside-inner-col\">\n<div class=\"wp-block-kadence-infobox kt-info-box43454_e0bb8d-eb\">\n<div class=\"kt-blocks-info-box-media-container\">\n<div class=\"kt-blocks-info-box-media kt-info-media-animate-none\">\n<div class=\"kadence-info-box-image-inner-intrisic-container\">\n<div class=\"kadence-info-box-image-intrisic kt-info-animate-none\">\n<div class=\"kadence-info-box-image-inner-intrisic\"><span style=\"font-size: 16px;\">D\u00e9nomination : <\/span><span style=\"font-size: 16px;\">IGP Vino de la Tierra de C\u00e1diz<\/span><\/div>\n<\/div>\n<\/div>\n<\/div>\n<\/div>\n<\/div>\n<\/div>\n<\/div>\n<\/div>\n<\/div>\n<div class=\"kb-row-layout-wrap kb-row-layout-id43454_717ab0-f3 alignnone wp-block-kadence-rowlayout\">\n<div class=\"kt-row-column-wrap kt-has-2-columns kt-row-layout-right-golden kt-tab-layout-inherit kt-mobile-layout-row kt-row-valign-top\">\n<div class=\"wp-block-kadence-column kadence-column43454_0eea03-71\">\n<div class=\"kt-inside-inner-col\">\n<div class=\"wp-block-kadence-infobox kt-info-box43454_fc8714-e4\">\n<div class=\"kt-infobox-textcontent\">\n<p class=\"kt-blocks-info-box-title\">R\u00e9colte : <span style=\"font-size: 16px;\">2022<\/span><\/p>\n<div class=\"kb-row-layout-wrap kb-row-layout-id43454_f00a60-06 alignnone wp-block-kadence-rowlayout\">\n<div class=\"kt-row-column-wrap kt-has-2-columns kt-row-layout-right-golden kt-tab-layout-inherit kt-mobile-layout-row kt-row-valign-top\">\n<div class=\"wp-block-kadence-column kadence-column43454_9a2ff3-41\">\n<div class=\"kt-inside-inner-col\">\n<div class=\"wp-block-kadence-infobox kt-info-box43454_ec6640-4e\">\n<div class=\"kt-infobox-textcontent\">\n<p class=\"kt-blocks-info-box-title\">Alcool (% vol.) : <span style=\"font-size: 16px;\">14,5 % vol.<\/span><\/p>\n<\/div>\n<\/div>\n<\/div>\n<\/div>\n<\/div>\n<\/div>\n<div class=\"kb-row-layout-wrap kb-row-layout-id43454_1aca16-a9 alignnone wp-block-kadence-rowlayout\">\n<div class=\"kt-row-column-wrap kt-has-2-columns kt-row-layout-right-golden kt-tab-layout-inherit kt-mobile-layout-row kt-row-valign-top\">\n<div class=\"wp-block-kadence-column kadence-column43454_1191ff-38\">\n<div class=\"kt-inside-inner-col\">\n<div class=\"wp-block-kadence-infobox kt-info-box43454_d7e031-6e\">\n<div class=\"kt-blocks-info-box-media-container\">\n<div class=\"kt-blocks-info-box-media kt-info-media-animate-none\">\n<div class=\"kadence-info-box-image-inner-intrisic-container\">\n<div class=\"kadence-info-box-image-intrisic kt-info-animate-none\">\n<div class=\"kadence-info-box-image-inner-intrisic\"><span style=\"font-size: 16px;\">Processus de vinification :  <\/span><span style=\"font-size: 16px;\">S\u00e9lection des meilleures parcelles de Merlot et de Syrah, vendang\u00e9es manuellement la nuit dans des caisses de 25 kg et pass\u00e9es sur une table de s\u00e9lection. Mac\u00e9ration pr\u00e9fermentaire de 48 heures \u00e0 10\u00baC. Fermentation alcoolique avec des levures indig\u00e8nes \u00e0 22-24 \u00baC et fermentation malolactique en acier inoxydable. Vieillissement en f\u00fbts de ch\u00eane fran\u00e7ais (neufs et usag\u00e9s) pendant 12 mois et au moins 32 mois en bouteille avant la mise sur le march\u00e9.   <\/span><\/div>\n<\/div>\n<\/div>\n<\/div>\n<\/div>\n<\/div>\n<\/div>\n<\/div>\n<\/div>\n<\/div>\n<div class=\"kb-row-layout-wrap kb-row-layout-id43454_2eddfc-0b alignnone wp-block-kadence-rowlayout\">\n<div class=\"kt-row-column-wrap kt-has-2-columns kt-row-layout-right-golden kt-tab-layout-inherit kt-mobile-layout-row kt-row-valign-top\">\n<div class=\"wp-block-kadence-column kadence-column43454_8875cb-f6\">\n<div class=\"kt-inside-inner-col\">\n<div class=\"wp-block-kadence-infobox kt-info-box43454_b8c24d-98\">\n<div class=\"kt-blocks-info-box-media-container\">\n<div class=\"kt-blocks-info-box-media kt-info-media-animate-none\">\n<div class=\"kadence-info-box-image-inner-intrisic-container\">\n<div class=\"kadence-info-box-image-intrisic kt-info-animate-none\">\n<div class=\"kadence-info-box-image-inner-intrisic\"><span style=\"font-size: 16px;\">D\u00e9gustation : Robe rubis intense, vive et vibrante. Ar\u00f4mes de fruits rouges m\u00fbrs associ\u00e9s \u00e0 des notes de compote de prunes et \u00e0 des touches balsamiques qui se m\u00ealent \u00e0 des notes de cannelle, de cacao et de poivre. La bouche est puissante et glyc\u00e9rique, accompagn\u00e9e de tanins doux qui apportent de l&#8217;onctuosit\u00e9 et du volume, en parfaite harmonie avec les fruits rouges m\u00fbrs, le chocolat amer, la confiture de figues et le caf\u00e9. Fin de bouche tr\u00e8s balsamique et persistante. Un vin \u00e0 boire calmement pour appr\u00e9cier son \u00e9volution et son extraordinaire complexit\u00e9. Un vin \u00e0 m\u00e9diter.     <\/span><\/div>\n<div>\n<div class=\"kb-row-layout-wrap kb-row-layout-id43454_b622f5-22 alignnone wp-block-kadence-rowlayout\">\n<div class=\"kt-row-column-wrap kt-has-2-columns kt-row-layout-right-golden kt-tab-layout-inherit kt-mobile-layout-row kt-row-valign-top\">\n<div class=\"wp-block-kadence-column kadence-column43454_6b66c7-85\">\n<div class=\"kt-inside-inner-col\">\n<div class=\"wp-block-kadence-infobox kt-info-box43454_5b0a55-32\">\n<div class=\"kt-infobox-textcontent\">\n<p class=\"kt-blocks-info-box-title\">Accompagnement recommand\u00e9 : <span style=\"font-size: 16px;\">charcuteries ib\u00e9riques, plats de riz avec l\u00e9gumes ou fruits de mer, cr\u00e8mes et soupes, ainsi que tous types de viandes rouges et de montagne.<\/span><\/p>\n<\/div>\n<\/div>\n<\/div>\n<\/div>\n<\/div>\n<\/div>\n<div class=\"kb-row-layout-wrap kb-row-layout-id43454_c862f6-f2 alignnone wp-block-kadence-rowlayout\">\n<div class=\"kt-row-column-wrap kt-has-2-columns kt-row-layout-right-golden kt-tab-layout-inherit kt-mobile-layout-row kt-row-valign-top\">\n<div class=\"wp-block-kadence-column kadence-column43454_83043b-7d\">\n<div class=\"kt-inside-inner-col\">\n<div class=\"wp-block-kadence-infobox kt-info-box43454_173cfd-e6\">\n<div class=\"kt-infobox-textcontent\">\n<p class=\"kt-blocks-info-box-title\">Caract\u00e9ristiques du sol : <span style=\"font-size: 16px;\">sols calcaires \u00e0 granulom\u00e9trie et degr\u00e9 de compaction variables.<\/span><\/p>\n<\/div>\n<\/div>\n<\/div>\n<\/div>\n<\/div>\n<\/div>\n<div class=\"kb-row-layout-wrap kb-row-layout-id43454_fe9fdd-1b alignnone wp-block-kadence-rowlayout\">\n<div class=\"kt-row-column-wrap kt-has-2-columns kt-row-layout-right-golden kt-tab-layout-inherit kt-mobile-layout-row kt-row-valign-top\">\n<div class=\"wp-block-kadence-column kadence-column43454_f8e40c-0c\">\n<div class=\"kt-inside-inner-col\">\n<div class=\"wp-block-kadence-infobox kt-info-box43454_642422-45\">\n<div class=\"kt-infobox-textcontent\">\n<p class=\"kt-blocks-info-box-title\">Caract\u00e9ristiques climatiques : <span style=\"font-size: 16px;\">Climat m\u00e9diterran\u00e9en typique \u00e0 influence atlantique avec des \u00e9t\u00e9s chauds et secs et des hivers doux et humides ; la brise de l&#8217;oc\u00e9an Atlantique apporte de la fra\u00eecheur et est \u00e0 l&#8217;origine de la plupart des <\/span><span style=\"font-size: 16px;\">pr\u00e9cipitations.<\/span><\/p>\n<div class=\"kb-row-layout-wrap kb-row-layout-id43454_0dd352-bf alignnone wp-block-kadence-rowlayout\">\n<div class=\"kt-row-column-wrap kt-has-2-columns kt-row-layout-right-golden kt-tab-layout-inherit kt-mobile-layout-row kt-row-valign-top\">\n<div class=\"wp-block-kadence-column kadence-column43454_1f94ec-31\">\n<div class=\"kt-inside-inner-col\">\n<div class=\"wp-block-kadence-infobox kt-info-box43454_18b1c7-f7\">\n<div class=\"kt-infobox-textcontent\">\n<p class=\"kt-blocks-info-box-title\">Allerg\u00e8nes : <span style=\"font-size: 16px;\">Peut contenir des sulfites<\/span>.<\/p>\n<\/div>\n<\/div>\n<\/div>\n<\/div>\n<\/div>\n<\/div>\n<\/div>\n<\/div>\n<\/div>\n<\/div>\n<\/div>\n<\/div>\n<\/div>\n<div> <\/div>\n<\/div>\n<\/div>\n<\/div>\n<\/div>\n<\/div>\n<\/div>\n<\/div>\n<\/div>\n<\/div>\n<\/div>\n<\/div>\n<\/div>\n<\/div>\n<\/div>\n<\/div>","protected":false},"excerpt":{"rendered":"<p>Miguel Domecq Entrechuelos Premium Vino Tinto de la Tierra de C\u00e1diz 75cl toute l&#8217;Europe<\/p>\n","protected":false},"featured_media":20743,"comment_status":"open","ping_status":"closed","template":"","meta":{"site-sidebar-layout":"default","site-content-layout":"","ast-site-content-layout":"default","site-content-style":"default","site-sidebar-style":"default","ast-global-header-display":"","ast-banner-title-visibility":"","ast-main-header-display":"","ast-hfb-above-header-display":"","ast-hfb-below-header-display":"","ast-hfb-mobile-header-display":"","site-post-title":"","ast-breadcrumbs-content":"","ast-featured-img":"","footer-sml-layout":"","ast-disable-related-posts":"","theme-transparent-header-meta":"default","adv-header-id-meta":"","stick-header-meta":"","header-above-stick-meta":"","header-main-stick-meta":"","header-below-stick-meta":"","astra-migrate-meta-layouts":"default","ast-page-background-enabled":"default","ast-page-background-meta":{"desktop":{"background-color":"var(--ast-global-color-4)","background-image":"","background-repeat":"repeat","background-position":"center center","background-size":"auto","background-attachment":"scroll","background-type":"","background-media":"","overlay-type":"","overlay-color":"","overlay-opacity":"","overlay-gradient":""},"tablet":{"background-color":"","background-image":"","background-repeat":"repeat","background-position":"center center","background-size":"auto","background-attachment":"scroll","background-type":"","background-media":"","overlay-type":"","overlay-color":"","overlay-opacity":"","overlay-gradient":""},"mobile":{"background-color":"","background-image":"","background-repeat":"repeat","background-position":"center center","background-size":"auto","background-attachment":"scroll","background-type":"","background-media":"","overlay-type":"","overlay-color":"","overlay-opacity":"","overlay-gradient":""}},"ast-content-background-meta":{"desktop":{"background-color":"var(--ast-global-color-5)","background-image":"","background-repeat":"repeat","background-position":"center center","background-size":"auto","background-attachment":"scroll","background-type":"","background-media":"","overlay-type":"","overlay-color":"","overlay-opacity":"","overlay-gradient":""},"tablet":{"background-color":"var(--ast-global-color-5)","background-image":"","background-repeat":"repeat","background-position":"center center","background-size":"auto","background-attachment":"scroll","background-type":"","background-media":"","overlay-type":"","overlay-color":"","overlay-opacity":"","overlay-gradient":""},"mobile":{"background-color":"var(--ast-global-color-5)","background-image":"","background-repeat":"repeat","background-position":"center center","background-size":"auto","background-attachment":"scroll","background-type":"","background-media":"","overlay-type":"","overlay-color":"","overlay-opacity":"","overlay-gradient":""}}},"product_brand":[1309],"product_cat":[317,294],"product_tag":[],"class_list":{"0":"post-22554","1":"product","2":"type-product","3":"status-publish","4":"has-post-thumbnail","6":"product_brand-miguel-domecq","7":"product_cat-nouvelles","8":"product_cat-vin-rouge","9":"desktop-align-left","10":"tablet-align-left","11":"mobile-align-left","13":"first","14":"instock","15":"taxable","16":"shipping-taxable","17":"purchasable","18":"product-type-simple"},"_links":{"self":[{"href":"https:\/\/andalubox.com\/fr\/wp-json\/wp\/v2\/product\/22554","targetHints":{"allow":["GET"]}}],"collection":[{"href":"https:\/\/andalubox.com\/fr\/wp-json\/wp\/v2\/product"}],"about":[{"href":"https:\/\/andalubox.com\/fr\/wp-json\/wp\/v2\/types\/product"}],"replies":[{"embeddable":true,"href":"https:\/\/andalubox.com\/fr\/wp-json\/wp\/v2\/comments?post=22554"}],"wp:featuredmedia":[{"embeddable":true,"href":"https:\/\/andalubox.com\/fr\/wp-json\/wp\/v2\/media\/20743"}],"wp:attachment":[{"href":"https:\/\/andalubox.com\/fr\/wp-json\/wp\/v2\/media?parent=22554"}],"wp:term":[{"taxonomy":"product_brand","embeddable":true,"href":"https:\/\/andalubox.com\/fr\/wp-json\/wp\/v2\/product_brand?post=22554"},{"taxonomy":"product_cat","embeddable":true,"href":"https:\/\/andalubox.com\/fr\/wp-json\/wp\/v2\/product_cat?post=22554"},{"taxonomy":"product_tag","embeddable":true,"href":"https:\/\/andalubox.com\/fr\/wp-json\/wp\/v2\/product_tag?post=22554"}],"curies":[{"name":"wp","href":"https:\/\/api.w.org\/{rel}","templated":true}]}}