{"id":22271,"date":"2025-06-04T12:26:52","date_gmt":"2025-06-04T10:26:52","guid":{"rendered":"https:\/\/andalubox.com\/producto-andaluz\/el-sueno-del-nino-zalema-de-huelva-anada-2023-75cl\/"},"modified":"2025-07-17T11:34:55","modified_gmt":"2025-07-17T09:34:55","slug":"el-sueno-del-nino-zalema-de-huelva-anada-2023-75cl","status":"publish","type":"product","link":"https:\/\/andalubox.com\/fr\/producto-andaluz\/el-sueno-del-nino-zalema-de-huelva-anada-2023-75cl\/","title":{"rendered":"El Sue\u00f1o del Ni\u00f1o Zalema Ros\u00e9 \u00e9cologique de Huelva, Mill\u00e9sime 2023 75cl"},"content":{"rendered":"El Sue\u00f1o del Ni\u00f1o Zalema Ros\u00e9 \u00e9cologique de Huelva, Mill\u00e9sime 2023 75cl\n<p>El Sue\u00f1o Del Ni\u00f1o (Uva Zalema Ecol\u00f3gico) est un vin blanc de la r\u00e9gion espagnole de Jerez. Il est \u00e9labor\u00e9 \u00e0 partir de raisins Zalema et pr\u00e9sente une couleur jaune clair. Il pr\u00e9sente des ar\u00f4mes d&#8217;agrumes, de fleurs et de min\u00e9raux. Le vin a un go\u00fbt sec, frais et min\u00e9ral, avec une l\u00e9g\u00e8re amertume en fin de bouche.   <\/p>\n<p>Sp\u00e9cifications :<\/p>\n<p>C\u00e9page : Zalema<\/p>\n<p>R\u00e9gion : Jerez, Espagne<\/p>\n<p>Titre alcoom\u00e9trique : 13<\/p>\n<p>Profil aromatique : sec, frais, min\u00e9ral, agrumes, floral<\/p>\n<p>Service :<\/p>\n<p>Servez le vin \u00e0 une temp\u00e9rature comprise entre 7 et 9 degr\u00e9s Celsius.<\/p>\n<p>Servez le vin dans un verre Fino pour faire ressortir sa saveur et ses ar\u00f4mes.<\/p>\n<table class=\"caracteristicas-producto no-mobile\">\n<tbody>\n<tr>\n<td>\n<h5 class=\"product-tab-title\">Typologie<\/h5>\n<\/td>\n<td>\n<p class=\"product-tab-content\"><a class=\"highlight-product-page\" title=\"Voir la liste des produits \u00e0 base de vin ros\u00e9\" href=\"https:\/\/privateceller.com\/es\/11183-vino-rosado\" target=\"_blank\" rel=\"noopener\">Vin ros\u00e9<\/a>.<br> D.<a class=\"highlight-product-page\" title=\"Voir la liste des vins ros\u00e9s D.O. Condado de Huelva\" href=\"https:\/\/privateceller.com\/es\/11183-vino-rosado\/indicacion_geografica-do_condado_de_huelva\" target=\"_blank\" rel=\"noopener\">O. Condado de Huelva<\/a>.<\/p>\n<\/td>\n<\/tr>\n<tr>\n<td>\n<h5 class=\"product-tab-title\">Vari\u00e9t\u00e9<\/h5>\n<\/td>\n<td>\n<p class=\"product-tab-content\"><a class=\"highlight-product-page\" title=\"Voir la liste des vins ros\u00e9s de Zalema\" href=\"https:\/\/privateceller.com\/es\/11183-vino-rosado\/variedad-zalema\" target=\"_blank\" rel=\"noopener\">Zalema<\/a>.<\/p>\n<\/td>\n<\/tr>\n<tr>\n<td>\n<h5 class=\"product-tab-title\">Format<\/h5>\n<\/td>\n<td>\n<p class=\"product-tab-content\">Bouteille.<\/p>\n<\/td>\n<\/tr>\n<tr>\n<td>\n<h5 class=\"product-tab-title\">Capacit\u00e9<\/h5>\n<\/td>\n<td>\n<p class=\"product-tab-content\">75 cl.<\/p>\n<\/td>\n<\/tr>\n<tr>\n<td>\n<h5 class=\"product-tab-title\">Teneur en alcool<\/h5>\n<\/td>\n<td>\n<p class=\"product-tab-content\">13% Vol.<\/p>\n<\/td>\n<\/tr>\n<tr>\n<td>\n<h5 class=\"product-tab-title\">Poids<\/h5>\n<\/td>\n<td>\n<p class=\"product-tab-content\">1 500 g (1,5 kg).<\/p>\n<\/td>\n<\/tr>\n<tr>\n<td>\n<h5 class=\"product-tab-title\">Note de d\u00e9gustation visuelle<\/h5>\n<\/td>\n<td>\n<p class=\"product-tab-content\">Reflets dor\u00e9s, Grenat, Rouge\u00e2tre, Couronne pr\u00e9cieuse.<\/p>\n<\/td>\n<\/tr>\n<tr>\n<td>\n<h5 class=\"product-tab-title\">Note de d\u00e9gustation olfactive<\/h5>\n<\/td>\n<td>\n<p class=\"product-tab-content\">Fruits tropicaux, intensit\u00e9 moyenne-\u00e9lev\u00e9e, fruits rouges au sirop.<\/p>\n<\/td>\n<\/tr>\n<tr>\n<td>\n<h5 class=\"product-tab-title\">Note de d\u00e9gustation<\/h5>\n<\/td>\n<td>\n<p class=\"product-tab-content\">Doux, pamplemousse, entr\u00e9e \u00e9l\u00e9gante, persistance remarquable.<\/p>\n<\/td>\n<\/tr>\n<tr>\n<td>\n<h5 class=\"product-tab-title\">Accords recommand\u00e9s<\/h5>\n<\/td>\n<td>\n<p class=\"product-tab-content\">Rago\u00fbt, Poivrons farcis \u00e0 la morue, Rago\u00fbt de poisson bleu.<\/p>\n<\/td>\n<\/tr>\n<tr>\n<td>\n<h5 class=\"product-tab-title\">Temp\u00e9rature de consommation<\/h5>\n<\/td>\n<td>\n<p class=\"product-tab-content\">6\u00baC &#8211; 10\u00baC.<\/p>\n<\/td>\n<\/tr>\n<\/tbody>\n<\/table>\n<table class=\"table-data-sheet\" style=\"width: 100%;height: 670px\">\n<tbody>\n<tr class=\"odd\" style=\"height: 38px\">\n<td style=\"height: 38px\">Producteur<\/td>\n<td style=\"height: 38px\"><a class=\"highlight-product-page\" title=\"Informations compl\u00e9mentaires, Contreras Ruiz (Bodegas Contreras Ruiz) par Vinoteca.online\" href=\"https:\/\/vinoteca.online\/es\/5569_bodegas-contreras-ruiz\" target=\"_blank\" rel=\"noopener\">Contreras Ruiz (Bodegas Contreras Ruiz).<\/a><\/td>\n<\/tr>\n<tr class=\"even\" style=\"height: 53px\">\n<td style=\"height: 53px\">Nom<\/td>\n<td style=\"height: 53px\">Contreras Ruiz El Sue\u00f1o del NI\u00f1o Rosado.<\/td>\n<\/tr>\n<tr class=\"odd\" style=\"height: 53px\">\n<td style=\"height: 53px\">Vari\u00e9t\u00e9<\/td>\n<td style=\"height: 53px\"><a class=\"highlight-product-page\" title=\"Voir la liste des vins ros\u00e9s de Zalema\" href=\"https:\/\/vinoteca.online\/es\/11183-vino-rosado\/variedad-zalema\" target=\"_blank\" rel=\"noopener\">Zalema<\/a>.<\/td>\n<\/tr>\n<tr class=\"even\" style=\"height: 53px\">\n<td style=\"height: 53px\">Pays d&#8217;origine<\/td>\n<td style=\"height: 53px\"><a class=\"highlight-product-page\" title=\"Voir la liste des vins ros\u00e9s Espagne\" href=\"https:\/\/vinoteca.online\/es\/11183-vino-rosado\/pais_de_origen-espana\" target=\"_blank\" rel=\"noopener\">Espagne<\/a>.<\/td>\n<\/tr>\n<tr class=\"odd\" style=\"height: 53px\">\n<td style=\"height: 53px\">R\u00e9gion d&#8217;origine<\/td>\n<td style=\"height: 53px\"><a class=\"highlight-product-page\" title=\"Voir la liste des vins ros\u00e9s d&#039;Andalousie\" href=\"https:\/\/vinoteca.online\/es\/11183-vino-rosado\/region_de_origen-andalucia\" target=\"_blank\" rel=\"noopener\">Andalousie<\/a>.<\/td>\n<\/tr>\n<tr class=\"even\" style=\"height: 83px\">\n<td style=\"height: 83px\">Indication g\u00e9ographique<\/td>\n<td style=\"height: 83px\"><a class=\"highlight-product-page\" title=\"Voir la liste des vins ros\u00e9s D.O. Condado de Huelva\" href=\"https:\/\/vinoteca.online\/es\/11183-vino-rosado\/indicacion_geografica-do_condado_de_huelva\" target=\"_blank\" rel=\"noopener\">D.O. Condado de Huelva<\/a>.<\/td>\n<\/tr>\n<tr class=\"odd\" style=\"height: 112px\">\n<td style=\"height: 112px\">Certification (EU)401\/2010<\/td>\n<td style=\"height: 112px\">Denominaci\u00f3n de Origen Protegida (D.O.P.)<br>Denominaci\u00f3n de Origen (D.O.)<br> D.<a class=\"highlight-product-page\" title=\"Voir la liste des vins ros\u00e9s D.O. Condado de Huelva\" href=\"https:\/\/vinoteca.online\/es\/11183-vino-rosado\/indicacion_geografica-do_condado_de_huelva\" target=\"_blank\" rel=\"noopener\">O. Condado de Huelva<\/a>.<\/td>\n<\/tr>\n<tr class=\"even\" style=\"height: 172px\">\n<td style=\"height: 172px\">R\u00e9gion de production<\/td>\n<td style=\"height: 172px\">La r\u00e9gion de production de l&#8217;<a class=\"highlight-product-page\" title=\"Voir la liste des vins ros\u00e9s D.O. Condado de Huelva\" href=\"https:\/\/vinoteca.online\/es\/11183-vino-rosado\/indicacion_geografica-do_condado_de_huelva\" target=\"_blank\" rel=\"noopener\">AOC Condado de H<\/a> uelva est situ\u00e9e dans les communes andalouses de la r\u00e9gion du Condado de Huelva, une zone viticole situ\u00e9e au sud-est de la province de Huelva, en Espagne, et dont le nom historique est Condado de Niebla. Elle comprend 18 communes : Almonte, Bollullos Par del Condado, Beas, Bonares, Chucena, Gibrale\u00f3n, Hinojos, La Palma del Condado, Lucena del Puerto, Manzanilla, Moguer, Niebla, Palos de la Frontera, Rociana del Condado, San Juan del Puerto, Trigueros, Villalba del Alcor et Villarrasa. <\/td>\n<\/tr>\n<tr class=\"odd\" style=\"height: 53px\">\n<td style=\"height: 53px\">Poids<\/td>\n<td style=\"height: 53px\">1.500 gr. (1,5 Kg.).<\/td>\n<\/tr>\n<\/tbody>\n<\/table>","protected":false},"excerpt":{"rendered":"<p>El Sue\u00f1o del Ni\u00f1o Zalema Ecological Ros\u00e9 from Huelva, Vintage 2023 75cl.<br \/>\nAndalubox exporte les vins du Condado de Huelva dans toute l&#8217;Europe.<\/p>\n","protected":false},"featured_media":30966,"comment_status":"open","ping_status":"closed","template":"","meta":{"site-sidebar-layout":"default","site-content-layout":"","ast-site-content-layout":"default","site-content-style":"default","site-sidebar-style":"default","ast-global-header-display":"","ast-banner-title-visibility":"","ast-main-header-display":"","ast-hfb-above-header-display":"","ast-hfb-below-header-display":"","ast-hfb-mobile-header-display":"","site-post-title":"","ast-breadcrumbs-content":"","ast-featured-img":"","footer-sml-layout":"","ast-disable-related-posts":"","theme-transparent-header-meta":"default","adv-header-id-meta":"","stick-header-meta":"","header-above-stick-meta":"","header-main-stick-meta":"","header-below-stick-meta":"","astra-migrate-meta-layouts":"default","ast-page-background-enabled":"default","ast-page-background-meta":{"desktop":{"background-color":"var(--ast-global-color-4)","background-image":"","background-repeat":"repeat","background-position":"center center","background-size":"auto","background-attachment":"scroll","background-type":"","background-media":"","overlay-type":"","overlay-color":"","overlay-opacity":"","overlay-gradient":""},"tablet":{"background-color":"","background-image":"","background-repeat":"repeat","background-position":"center center","background-size":"auto","background-attachment":"scroll","background-type":"","background-media":"","overlay-type":"","overlay-color":"","overlay-opacity":"","overlay-gradient":""},"mobile":{"background-color":"","background-image":"","background-repeat":"repeat","background-position":"center center","background-size":"auto","background-attachment":"scroll","background-type":"","background-media":"","overlay-type":"","overlay-color":"","overlay-opacity":"","overlay-gradient":""}},"ast-content-background-meta":{"desktop":{"background-color":"var(--ast-global-color-5)","background-image":"","background-repeat":"repeat","background-position":"center center","background-size":"auto","background-attachment":"scroll","background-type":"","background-media":"","overlay-type":"","overlay-color":"","overlay-opacity":"","overlay-gradient":""},"tablet":{"background-color":"var(--ast-global-color-5)","background-image":"","background-repeat":"repeat","background-position":"center center","background-size":"auto","background-attachment":"scroll","background-type":"","background-media":"","overlay-type":"","overlay-color":"","overlay-opacity":"","overlay-gradient":""},"mobile":{"background-color":"var(--ast-global-color-5)","background-image":"","background-repeat":"repeat","background-position":"center center","background-size":"auto","background-attachment":"scroll","background-type":"","background-media":"","overlay-type":"","overlay-color":"","overlay-opacity":"","overlay-gradient":""}}},"product_brand":[1302],"product_cat":[],"product_tag":[742,753,743],"class_list":{"0":"post-22271","1":"product","2":"type-product","3":"status-publish","4":"has-post-thumbnail","6":"product_brand-bodegas-contreras-ruiz","7":"product_tag-condado-de-huelva-wine","8":"product_tag-vin-biologique","9":"product_tag-zalema-grape-fr","10":"desktop-align-left","11":"tablet-align-left","12":"mobile-align-left","14":"first","15":"instock","16":"taxable","17":"shipping-taxable","18":"purchasable","19":"product-type-simple"},"_links":{"self":[{"href":"https:\/\/andalubox.com\/fr\/wp-json\/wp\/v2\/product\/22271","targetHints":{"allow":["GET"]}}],"collection":[{"href":"https:\/\/andalubox.com\/fr\/wp-json\/wp\/v2\/product"}],"about":[{"href":"https:\/\/andalubox.com\/fr\/wp-json\/wp\/v2\/types\/product"}],"replies":[{"embeddable":true,"href":"https:\/\/andalubox.com\/fr\/wp-json\/wp\/v2\/comments?post=22271"}],"wp:featuredmedia":[{"embeddable":true,"href":"https:\/\/andalubox.com\/fr\/wp-json\/wp\/v2\/media\/30966"}],"wp:attachment":[{"href":"https:\/\/andalubox.com\/fr\/wp-json\/wp\/v2\/media?parent=22271"}],"wp:term":[{"taxonomy":"product_brand","embeddable":true,"href":"https:\/\/andalubox.com\/fr\/wp-json\/wp\/v2\/product_brand?post=22271"},{"taxonomy":"product_cat","embeddable":true,"href":"https:\/\/andalubox.com\/fr\/wp-json\/wp\/v2\/product_cat?post=22271"},{"taxonomy":"product_tag","embeddable":true,"href":"https:\/\/andalubox.com\/fr\/wp-json\/wp\/v2\/product_tag?post=22271"}],"curies":[{"name":"wp","href":"https:\/\/api.w.org\/{rel}","templated":true}]}}