{"id":22094,"date":"2025-06-03T13:49:09","date_gmt":"2025-06-03T11:49:09","guid":{"rendered":"https:\/\/andalubox.com\/producto-andaluz\/mojama-de-atun-de-almadraba-de-barbate-in-sunflower-oil-el-rey-de-oros-170gr\/"},"modified":"2025-07-18T10:08:02","modified_gmt":"2025-07-18T08:08:02","slug":"mojama-de-atun-de-almadraba-de-barbate-in-sunflower-oil-el-rey-de-oros-170gr","status":"publish","type":"product","link":"https:\/\/andalubox.com\/fr\/producto-andaluz\/mojama-de-atun-de-almadraba-de-barbate-in-sunflower-oil-el-rey-de-oros-170gr\/","title":{"rendered":"EL Rey de Oros Mojama de At\u00fan de Almadraba de Barbate in Sunflower Oil, 170g"},"content":{"rendered":"<p><strong>Exp\u00e9dition exclusive vers l&#8217;Espagne continentale, les \u00eeles Bal\u00e9ares et la France.<\/strong><\/p>\n<p>Notre mojama \u00e0 l&#8217;huile est le r\u00e9sultat d&#8217;une s\u00e9lection minutieuse des morceaux de thon les plus gras, extraits de l&#8217;endroit m\u00eame o\u00f9 est obtenue notre prestigieuse mojama.<\/p>\n<p>Plongez dans une exp\u00e9rience gastronomique unique avec ce d\u00e9lice de la mer, pr\u00e9par\u00e9 selon les normes de qualit\u00e9 et de saveur les plus strictes. Appr\u00e9ciez la combinaison parfaite entre l&#8217;intensit\u00e9 sal\u00e9e de la mojama et l&#8217;onctuosit\u00e9 de l&#8217;huile de tournesol, qui rehausse sa saveur et sa texture. Id\u00e9ale en entr\u00e9e, dans les salades ou comme ingr\u00e9dient vedette de vos plats gastronomiques, la mojama authentique \u00e0 l&#8217;huile d&#8217;El Rey de Oros vous ravira le palais \u00e0 chaque bouch\u00e9e !   <\/p>\n<p><strong>INGR\u00c9DIENTS :<\/strong> Thon \u00e0 nageoires jaunes (Thunnus albacares), huile de tournesol et sel.<\/p>\n<p><strong>ALLERG\u00c8NES :<\/strong> POISSON et produits \u00e0 base de poisson (TUNA). Peut contenir (tel que pr\u00e9sent dans les locaux) du LAIT, des MOLLUSQUES et des SULPHITES.   <\/p>\n<p>Conserver \u00e0 une temp\u00e9rature comprise entre 0\u00ba et 4\u00baC. Apr\u00e8s ouverture, conservez au r\u00e9frig\u00e9rateur et consommez d\u00e8s que possible.<\/p>\n<p>Informations nutritionnelles (100g par produit).<\/p>\n<table border=\"1\" cellspacing=\"0\" cellpadding=\"0\">\n<tbody>\n<tr>\n<td valign=\"top\" width=\"288\">\n<p>valeur \u00e9nerg\u00e9tique<\/p>\n<\/td>\n<td valign=\"top\" width=\"288\">\n<p>1028KJ\/ 244Kcal<\/p>\n<\/td>\n<\/tr>\n<tr>\n<td valign=\"top\" width=\"288\">\n<p>graisses<\/p>\n<\/td>\n<td valign=\"top\" width=\"288\">\n<p>7,7 g<\/p>\n<\/td>\n<\/tr>\n<tr>\n<td valign=\"top\" width=\"288\">\n<p>dont :<\/p>\n<p>-Acides gras satur\u00e9s<\/p>\n<\/td>\n<td valign=\"top\" width=\"288\">\n<p>1,2 g<\/p>\n<\/td>\n<\/tr>\n<tr>\n<td valign=\"top\" width=\"288\">\n<p>glucides<\/p>\n<\/td>\n<td valign=\"top\" width=\"288\">\n<p>4,7 g<\/p>\n<\/td>\n<\/tr>\n<tr>\n<td valign=\"top\" width=\"288\">\n<p>dont :<\/p>\n<p>-sucres<\/p>\n<\/td>\n<td valign=\"top\" width=\"288\">\n<p>&lt;0,5 g<\/p>\n<\/td>\n<\/tr>\n<tr>\n<td valign=\"top\" width=\"288\">\n<p>prot\u00e9ines<\/p>\n<\/td>\n<td valign=\"top\" width=\"288\">\n<p>39 g<\/p>\n<\/td>\n<\/tr>\n<tr>\n<td valign=\"top\" width=\"288\">\n<p>sel<\/p>\n<\/td>\n<td valign=\"top\" width=\"288\">\n<p>4,0 g<\/p>\n<\/td>\n<\/tr>\n<\/tbody>\n<\/table>\n<p>&nbsp;<\/p>","protected":false},"excerpt":{"rendered":"<p>EL Rey de Oros Mojama de At\u00fan de Almadraba de Barbate in Sunflower Oil, 170g<\/p>\n<p>Andalubox exporte Conservas El Rey de Oros de Barbate dans toute l&#8217;Europe.<\/p>\n","protected":false},"featured_media":29970,"comment_status":"open","ping_status":"closed","template":"","meta":{"site-sidebar-layout":"default","site-content-layout":"","ast-site-content-layout":"default","site-content-style":"default","site-sidebar-style":"default","ast-global-header-display":"","ast-banner-title-visibility":"","ast-main-header-display":"","ast-hfb-above-header-display":"","ast-hfb-below-header-display":"","ast-hfb-mobile-header-display":"","site-post-title":"","ast-breadcrumbs-content":"","ast-featured-img":"","footer-sml-layout":"","ast-disable-related-posts":"","theme-transparent-header-meta":"default","adv-header-id-meta":"","stick-header-meta":"","header-above-stick-meta":"","header-main-stick-meta":"","header-below-stick-meta":"","astra-migrate-meta-layouts":"default","ast-page-background-enabled":"default","ast-page-background-meta":{"desktop":{"background-color":"var(--ast-global-color-4)","background-image":"","background-repeat":"repeat","background-position":"center center","background-size":"auto","background-attachment":"scroll","background-type":"","background-media":"","overlay-type":"","overlay-color":"","overlay-opacity":"","overlay-gradient":""},"tablet":{"background-color":"","background-image":"","background-repeat":"repeat","background-position":"center center","background-size":"auto","background-attachment":"scroll","background-type":"","background-media":"","overlay-type":"","overlay-color":"","overlay-opacity":"","overlay-gradient":""},"mobile":{"background-color":"","background-image":"","background-repeat":"repeat","background-position":"center center","background-size":"auto","background-attachment":"scroll","background-type":"","background-media":"","overlay-type":"","overlay-color":"","overlay-opacity":"","overlay-gradient":""}},"ast-content-background-meta":{"desktop":{"background-color":"var(--ast-global-color-5)","background-image":"","background-repeat":"repeat","background-position":"center center","background-size":"auto","background-attachment":"scroll","background-type":"","background-media":"","overlay-type":"","overlay-color":"","overlay-opacity":"","overlay-gradient":""},"tablet":{"background-color":"var(--ast-global-color-5)","background-image":"","background-repeat":"repeat","background-position":"center center","background-size":"auto","background-attachment":"scroll","background-type":"","background-media":"","overlay-type":"","overlay-color":"","overlay-opacity":"","overlay-gradient":""},"mobile":{"background-color":"var(--ast-global-color-5)","background-image":"","background-repeat":"repeat","background-position":"center center","background-size":"auto","background-attachment":"scroll","background-type":"","background-media":"","overlay-type":"","overlay-color":"","overlay-opacity":"","overlay-gradient":""}}},"product_brand":[1153],"product_cat":[278,267],"product_tag":[707,734,735],"class_list":{"0":"post-22094","1":"product","2":"type-product","3":"status-publish","4":"has-post-thumbnail","6":"product_brand-el-rey-de-oros","7":"product_cat-autre-chose","8":"product_cat-thon","9":"product_tag-huile","10":"product_tag-mohama-de-almadraba-fr","11":"product_tag-mojama-de-barbate-fr","12":"product_shipping_class-refrigere","13":"desktop-align-left","14":"tablet-align-left","15":"mobile-align-left","17":"first","18":"outofstock","19":"taxable","20":"shipping-taxable","21":"purchasable","22":"product-type-simple"},"_links":{"self":[{"href":"https:\/\/andalubox.com\/fr\/wp-json\/wp\/v2\/product\/22094","targetHints":{"allow":["GET"]}}],"collection":[{"href":"https:\/\/andalubox.com\/fr\/wp-json\/wp\/v2\/product"}],"about":[{"href":"https:\/\/andalubox.com\/fr\/wp-json\/wp\/v2\/types\/product"}],"replies":[{"embeddable":true,"href":"https:\/\/andalubox.com\/fr\/wp-json\/wp\/v2\/comments?post=22094"}],"wp:featuredmedia":[{"embeddable":true,"href":"https:\/\/andalubox.com\/fr\/wp-json\/wp\/v2\/media\/29970"}],"wp:attachment":[{"href":"https:\/\/andalubox.com\/fr\/wp-json\/wp\/v2\/media?parent=22094"}],"wp:term":[{"taxonomy":"product_brand","embeddable":true,"href":"https:\/\/andalubox.com\/fr\/wp-json\/wp\/v2\/product_brand?post=22094"},{"taxonomy":"product_cat","embeddable":true,"href":"https:\/\/andalubox.com\/fr\/wp-json\/wp\/v2\/product_cat?post=22094"},{"taxonomy":"product_tag","embeddable":true,"href":"https:\/\/andalubox.com\/fr\/wp-json\/wp\/v2\/product_tag?post=22094"}],"curies":[{"name":"wp","href":"https:\/\/api.w.org\/{rel}","templated":true}]}}