{"id":21925,"date":"2025-06-03T10:03:35","date_gmt":"2025-06-03T08:03:35","guid":{"rendered":"https:\/\/andalubox.com\/producto-andaluz\/salades-de-lupin-assaisonnees-au-mojo-picon-damour-600g\/"},"modified":"2025-07-18T10:07:41","modified_gmt":"2025-07-18T08:07:41","slug":"salades-de-lupin-assaisonnees-au-mojo-picon-damour-600g","status":"publish","type":"product","link":"https:\/\/andalubox.com\/fr\/producto-andaluz\/salades-de-lupin-assaisonnees-au-mojo-picon-damour-600g\/","title":{"rendered":"Saladitos Altramuces assaisonn\u00e9s \u00e0 l&#8217;ar\u00f4me Love Mojo Pic\u00f3n, bocal en verre 600g"},"content":{"rendered":"<p>LUPINS SAL\u00c9S ASSAISONN\u00c9S EN VERRE. UNE BONNE ID\u00c9E POUR D\u00c9GUSTER LES TRADITIONNELS LUPINS AVEC UNE TOUCHE SP\u00c9CIALE ! <\/p>\n<div class=\"info\">\n<h3 class=\"info-title\">Informations g\u00e9n\u00e9rales<\/h3>\n<ul class=\"info-list\">\n\t<li class=\"info-item\"><span class=\"info-key \">Nom de la denr\u00e9e :<\/span> Lupins en saumure<\/li>\n\t<li class=\"info-item\"><span class=\"info-key \">Pays de provenance des aliments :<\/span> Espagne et Chili<\/li>\n\t<li class=\"info-item\"><span class=\"info-key \">Quantit\u00e9 nette :<\/span> 600 g<\/li>\n\t<li class=\"info-item\"><span class=\"info-key \">Poids net \u00e9goutt\u00e9 :<\/span> 380 g<\/li>\n\t<li class=\"info-item\"><span class=\"info-key \">Autres informations obligatoires sur l&#8217;\u00e9tiquetage :<\/span> Contient du lupin.<\/li>\n<\/ul>\n<\/div>\n<div class=\"info\">\n<h3 class=\"info-title\">Ingr\u00e9dients et allerg\u00e8nes<\/h3>\n<ul class=\"info-list\">\n\t<li class=\"info-item\"><b>ALTRAMUCES<\/b>, eau, sel, conservateur E-211, ar\u00f4me, exhausteur de go\u00fbt E-621, E-635 et acidifiant E-330.<\/li>\n<\/ul>\n<\/div>\n<div class=\"info _nutrients\">\n<h4 class=\"info-title\">Nutriments par 100g<\/h4>\n<p class=\"info-item\">\u00c9nergie : 430kj\/103kcal ; graisses : 3,9g ; graisses satur\u00e9es 0,6g ; hydrates de carbone : 1g ; dont sucres : 0,5g ; fibres : 13g ; prot\u00e9ines : 11g ; sel : 4,6g.<\/p>\n<\/div>","protected":false},"excerpt":{"rendered":"<p>Saladitos Altramuces assaisonn\u00e9s \u00e0 l&#8217;ar\u00f4me Love Mojo Pic\u00f3n, bocal en verre 600g<\/p>\n","protected":false},"featured_media":21922,"comment_status":"open","ping_status":"closed","template":"","meta":{"site-sidebar-layout":"default","site-content-layout":"","ast-site-content-layout":"default","site-content-style":"default","site-sidebar-style":"default","ast-global-header-display":"","ast-banner-title-visibility":"","ast-main-header-display":"","ast-hfb-above-header-display":"","ast-hfb-below-header-display":"","ast-hfb-mobile-header-display":"","site-post-title":"","ast-breadcrumbs-content":"","ast-featured-img":"","footer-sml-layout":"","ast-disable-related-posts":"","theme-transparent-header-meta":"default","adv-header-id-meta":"","stick-header-meta":"","header-above-stick-meta":"","header-main-stick-meta":"","header-below-stick-meta":"","astra-migrate-meta-layouts":"default","ast-page-background-enabled":"default","ast-page-background-meta":{"desktop":{"background-color":"var(--ast-global-color-4)","background-image":"","background-repeat":"repeat","background-position":"center center","background-size":"auto","background-attachment":"scroll","background-type":"","background-media":"","overlay-type":"","overlay-color":"","overlay-opacity":"","overlay-gradient":""},"tablet":{"background-color":"","background-image":"","background-repeat":"repeat","background-position":"center center","background-size":"auto","background-attachment":"scroll","background-type":"","background-media":"","overlay-type":"","overlay-color":"","overlay-opacity":"","overlay-gradient":""},"mobile":{"background-color":"","background-image":"","background-repeat":"repeat","background-position":"center center","background-size":"auto","background-attachment":"scroll","background-type":"","background-media":"","overlay-type":"","overlay-color":"","overlay-opacity":"","overlay-gradient":""}},"ast-content-background-meta":{"desktop":{"background-color":"var(--ast-global-color-5)","background-image":"","background-repeat":"repeat","background-position":"center center","background-size":"auto","background-attachment":"scroll","background-type":"","background-media":"","overlay-type":"","overlay-color":"","overlay-opacity":"","overlay-gradient":""},"tablet":{"background-color":"var(--ast-global-color-5)","background-image":"","background-repeat":"repeat","background-position":"center center","background-size":"auto","background-attachment":"scroll","background-type":"","background-media":"","overlay-type":"","overlay-color":"","overlay-opacity":"","overlay-gradient":""},"mobile":{"background-color":"var(--ast-global-color-5)","background-image":"","background-repeat":"repeat","background-position":"center center","background-size":"auto","background-attachment":"scroll","background-type":"","background-media":"","overlay-type":"","overlay-color":"","overlay-opacity":"","overlay-gradient":""}}},"product_brand":[1286],"product_cat":[1528,15],"product_tag":[686,677,676,687],"class_list":{"0":"post-21925","1":"product","2":"type-product","3":"status-publish","4":"has-post-thumbnail","6":"product_brand-saladitos","7":"product_cat-aceitunas-y-aperitivos-vegetales","8":"product_cat-sin-categorizar","9":"product_tag-mojo-picon-lupins-fr","10":"product_tag-regime-mediterraneen","11":"product_tag-superaliment","12":"product_tag-teneur-elevee-en-proteines","13":"desktop-align-left","14":"tablet-align-left","15":"mobile-align-left","17":"first","18":"instock","19":"taxable","20":"shipping-taxable","21":"purchasable","22":"product-type-simple"},"_links":{"self":[{"href":"https:\/\/andalubox.com\/fr\/wp-json\/wp\/v2\/product\/21925","targetHints":{"allow":["GET"]}}],"collection":[{"href":"https:\/\/andalubox.com\/fr\/wp-json\/wp\/v2\/product"}],"about":[{"href":"https:\/\/andalubox.com\/fr\/wp-json\/wp\/v2\/types\/product"}],"replies":[{"embeddable":true,"href":"https:\/\/andalubox.com\/fr\/wp-json\/wp\/v2\/comments?post=21925"}],"wp:featuredmedia":[{"embeddable":true,"href":"https:\/\/andalubox.com\/fr\/wp-json\/wp\/v2\/media\/21922"}],"wp:attachment":[{"href":"https:\/\/andalubox.com\/fr\/wp-json\/wp\/v2\/media?parent=21925"}],"wp:term":[{"taxonomy":"product_brand","embeddable":true,"href":"https:\/\/andalubox.com\/fr\/wp-json\/wp\/v2\/product_brand?post=21925"},{"taxonomy":"product_cat","embeddable":true,"href":"https:\/\/andalubox.com\/fr\/wp-json\/wp\/v2\/product_cat?post=21925"},{"taxonomy":"product_tag","embeddable":true,"href":"https:\/\/andalubox.com\/fr\/wp-json\/wp\/v2\/product_tag?post=21925"}],"curies":[{"name":"wp","href":"https:\/\/api.w.org\/{rel}","templated":true}]}}