{"id":21893,"date":"2025-06-02T13:01:57","date_gmt":"2025-06-02T11:01:57","guid":{"rendered":"https:\/\/andalubox.com\/producto-andaluz\/alhambra-edition-numerotee-fleur-doranger-50cl\/"},"modified":"2025-09-17T10:26:40","modified_gmt":"2025-09-17T08:26:40","slug":"alhambra-edition-numerotee-fleur-doranger-50cl","status":"publish","type":"product","link":"https:\/\/andalubox.com\/fr\/producto-andaluz\/alhambra-edition-numerotee-fleur-doranger-50cl\/","title":{"rendered":"Alhambra de Grenade \u00e9dition num\u00e9rot\u00e9e Azahar, 50cl."},"content":{"rendered":"<div class=\"product-description product-short-description-pdp2 \">\n<p>Alhambra de Grenade \u00e9dition num\u00e9rot\u00e9e Azahar, 50cl. <\/p>\n<p>Une <strong>\u00e9dition limit\u00e9e <\/strong>de nos bi\u00e8res les plus exp\u00e9rimentales : les Numeradas. Brass\u00e9e avec l&#8217;un des ingr\u00e9dients les plus reconnaissables de notre origine : la fleur d&#8217;oranger. <\/p>\n<p><span style=\"font-size: 12pt;\">Aspect : Bi\u00e8re dor\u00e9e \u00e0 l&#8217;aspect voil\u00e9 et \u00e0 la mousse consistante.<\/span><\/p>\n<div class=\"tasting-box tasting-aroma product-brujula-tasting-box\">\n<div class=\"tasting-details\">\n<h3 class=\"tasting-icon-text\"><span style=\"font-size: 12pt;\">Ar\u00f4me : Ar\u00f4me complexe et agr\u00e9able, o\u00f9 pr\u00e9dominent les sensations florales de la fleur d&#8217;oranger, ainsi que des notes \u00e9pic\u00e9es et des soup\u00e7ons d&#8217;agrumes et d&#8217;\u00e9corce d&#8217;orange. Il y a \u00e9galement un arri\u00e8re-plan fruit\u00e9, compl\u00e9t\u00e9 par des ar\u00f4mes de houblon et de c\u00e9r\u00e9ales. <\/span><\/h3>\n<\/div>\n<\/div>\n<div class=\"tasting-box tasting-flavor product-brujula-tasting-box\">\n<div class=\"tasting-details\">\n<h3 class=\"tasting-icon-text\"><span style=\"font-size: 12pt;\">Go\u00fbt : En bouche, il pr\u00e9sente une l\u00e9g\u00e8re amertume, un corps mod\u00e9r\u00e9 et une pointe d&#8217;acidit\u00e9, ce qui le rend tr\u00e8s rafra\u00eechissant.<\/span><\/h3>\n<p>Rendez hommage \u00e0 la richesse de l&#8217;Andalousie avec<strong> Alhambra Azahar,<\/strong> une cr\u00e9ation unique de la s\u00e9rie Las Numeradas. <strong>Inspir\u00e9e des bi\u00e8res de bl\u00e9 belges<\/strong>, cette proposition allie tradition et innovation pour offrir une exp\u00e9rience d\u00e9licate et aromatique qui c\u00e9l\u00e8bre les saveurs et les ar\u00f4mes de notre terre.<\/p>\n<p>L&#8217;Alhambra Azahar est une bi\u00e8re qui <strong>, \u00e0 l \u00ab \u0153il, se distingue par sa couleur dor\u00e9e, son aspect voil\u00e9 et une cr\u00e8me consistante qui vous invite \u00e0 profiter de sa complexit\u00e9<\/strong>. D&#8217;autre part, son ar\u00f4me est une <strong>symphonie de sensations florales, domin\u00e9es par la fleur d&#8217;oranger<\/strong>, accompagn\u00e9es de notes \u00e9pic\u00e9es et citriques d \u00bb \u00e9corces d&#8217;orange douces et am\u00e8res. Un fond fruit\u00e9 et des notes de c\u00e9r\u00e9ales et de houblon compl\u00e8tent son profil aromatique. Le tout donne une bouche agr\u00e9able, avec <strong>une l\u00e9g\u00e8re amertume, un corps mod\u00e9r\u00e9<\/strong> et une pointe d&#8217;acidit\u00e9 qui renforce son caract\u00e8re rafra\u00eechissant et sa bonne buvabilit\u00e9.   <\/p>\n<p>Cette bi\u00e8re est <strong>parfaite avec les fromages cr\u00e9meux, les fruits de mer comme le carpaccio de crevettes \u00e0 l&#8217;avocat, ou la volaille comme le poulet au four \u00e0 l&#8217;orange.<\/strong> Son intensit\u00e9 aromatique et son \u00e9quilibre rafra\u00eechissant la rendent id\u00e9ale pour des plats complexes qui mettent en valeur ses nuances. <\/p>\n<p>Avec son format de 50 cl, l&#8217;Alhambra Azahar est le <strong>choix id\u00e9al pour les ap\u00e9ritifs ou les moments de la journ\u00e9e.<\/strong> Servez-le entre 6 et 8 \u00baC et d\u00e9couvrez la saveur de l&#8217;Andalousie \u00e0 chaque gorg\u00e9e. Laissez-vous s\u00e9duire ! <\/p>\n<p>Bi\u00e8re de bl\u00e9<\/p>\n<p><strong>Ingr\u00e9dients<\/strong>: Eau, <em>malt d&#8217;orge<\/em>, <em>malt de bl\u00e9<\/em>, avoine, \u00e9corces d&#8217;orange douce et am\u00e8re, coriandre, eau de fleur d&#8217;oranger, houblon et levure.  <\/p>\n<\/div>\n<\/div>\n<\/div>","protected":false},"excerpt":{"rendered":"<p>Alhambra de Grenade \u00e9dition num\u00e9rot\u00e9e Azahar, 50cl. <\/p>\n","protected":false},"featured_media":22563,"comment_status":"open","ping_status":"closed","template":"","meta":{"site-sidebar-layout":"default","site-content-layout":"","ast-site-content-layout":"default","site-content-style":"default","site-sidebar-style":"default","ast-global-header-display":"","ast-banner-title-visibility":"","ast-main-header-display":"","ast-hfb-above-header-display":"","ast-hfb-below-header-display":"","ast-hfb-mobile-header-display":"","site-post-title":"","ast-breadcrumbs-content":"","ast-featured-img":"","footer-sml-layout":"","ast-disable-related-posts":"","theme-transparent-header-meta":"default","adv-header-id-meta":"","stick-header-meta":"","header-above-stick-meta":"","header-main-stick-meta":"","header-below-stick-meta":"","astra-migrate-meta-layouts":"default","ast-page-background-enabled":"default","ast-page-background-meta":{"desktop":{"background-color":"var(--ast-global-color-4)","background-image":"","background-repeat":"repeat","background-position":"center center","background-size":"auto","background-attachment":"scroll","background-type":"","background-media":"","overlay-type":"","overlay-color":"","overlay-opacity":"","overlay-gradient":""},"tablet":{"background-color":"","background-image":"","background-repeat":"repeat","background-position":"center center","background-size":"auto","background-attachment":"scroll","background-type":"","background-media":"","overlay-type":"","overlay-color":"","overlay-opacity":"","overlay-gradient":""},"mobile":{"background-color":"","background-image":"","background-repeat":"repeat","background-position":"center center","background-size":"auto","background-attachment":"scroll","background-type":"","background-media":"","overlay-type":"","overlay-color":"","overlay-opacity":"","overlay-gradient":""}},"ast-content-background-meta":{"desktop":{"background-color":"var(--ast-global-color-5)","background-image":"","background-repeat":"repeat","background-position":"center center","background-size":"auto","background-attachment":"scroll","background-type":"","background-media":"","overlay-type":"","overlay-color":"","overlay-opacity":"","overlay-gradient":""},"tablet":{"background-color":"var(--ast-global-color-5)","background-image":"","background-repeat":"repeat","background-position":"center center","background-size":"auto","background-attachment":"scroll","background-type":"","background-media":"","overlay-type":"","overlay-color":"","overlay-opacity":"","overlay-gradient":""},"mobile":{"background-color":"var(--ast-global-color-5)","background-image":"","background-repeat":"repeat","background-position":"center center","background-size":"auto","background-attachment":"scroll","background-type":"","background-media":"","overlay-type":"","overlay-color":"","overlay-opacity":"","overlay-gradient":""}}},"product_brand":[1284],"product_cat":[286],"product_tag":[],"class_list":{"0":"post-21893","1":"product","2":"type-product","3":"status-publish","4":"has-post-thumbnail","6":"product_brand-alhambra","7":"product_cat-bieres-andalouses","8":"desktop-align-left","9":"tablet-align-left","10":"mobile-align-left","12":"first","13":"outofstock","14":"taxable","15":"shipping-taxable","16":"purchasable","17":"product-type-simple"},"_links":{"self":[{"href":"https:\/\/andalubox.com\/fr\/wp-json\/wp\/v2\/product\/21893","targetHints":{"allow":["GET"]}}],"collection":[{"href":"https:\/\/andalubox.com\/fr\/wp-json\/wp\/v2\/product"}],"about":[{"href":"https:\/\/andalubox.com\/fr\/wp-json\/wp\/v2\/types\/product"}],"replies":[{"embeddable":true,"href":"https:\/\/andalubox.com\/fr\/wp-json\/wp\/v2\/comments?post=21893"}],"wp:featuredmedia":[{"embeddable":true,"href":"https:\/\/andalubox.com\/fr\/wp-json\/wp\/v2\/media\/22563"}],"wp:attachment":[{"href":"https:\/\/andalubox.com\/fr\/wp-json\/wp\/v2\/media?parent=21893"}],"wp:term":[{"taxonomy":"product_brand","embeddable":true,"href":"https:\/\/andalubox.com\/fr\/wp-json\/wp\/v2\/product_brand?post=21893"},{"taxonomy":"product_cat","embeddable":true,"href":"https:\/\/andalubox.com\/fr\/wp-json\/wp\/v2\/product_cat?post=21893"},{"taxonomy":"product_tag","embeddable":true,"href":"https:\/\/andalubox.com\/fr\/wp-json\/wp\/v2\/product_tag?post=21893"}],"curies":[{"name":"wp","href":"https:\/\/api.w.org\/{rel}","templated":true}]}}