{"id":21884,"date":"2025-06-02T12:53:46","date_gmt":"2025-06-02T10:53:46","guid":{"rendered":"https:\/\/andalubox.com\/producto-andaluz\/alhambra-granada-edition-numerotee-salicornia-50cl\/"},"modified":"2025-09-17T12:16:58","modified_gmt":"2025-09-17T10:16:58","slug":"alhambra-granada-edition-numerotee-salicornia-50cl","status":"publish","type":"product","link":"https:\/\/andalubox.com\/fr\/producto-andaluz\/alhambra-granada-edition-numerotee-salicornia-50cl\/","title":{"rendered":"Alhambra de Granada Salicornia Edition num\u00e9rot\u00e9e, 50cl"},"content":{"rendered":"<p>Alhambra de Granada Ed. num\u00e9rot\u00e9e Salicornia, 50cl. <\/p>\n<p>Une nouvelle \u00e9dition limit\u00e9e de nos bi\u00e8res les plus exp\u00e9rimentales : Numerada Serie Andaluc\u00eda.<\/p>\n<div class=\"tasting-box tasting-apperance product-brujula-tasting-box\">\n<div class=\"tasting-details\">\n<h3 class=\"tasting-icon-text\"><span style=\"font-size: 12pt;\">Aspect : Bi\u00e8re cuivr\u00e9e aux reflets ros\u00e9s, \u00e0 l&#8217;aspect voil\u00e9 et \u00e0 la mousse cr\u00e9meuse et consistante.<\/span><\/h3>\n<\/div>\n<\/div>\n<div class=\"tasting-box tasting-aroma product-brujula-tasting-box\">\n<div class=\"tasting-details\">\n<h3 class=\"tasting-icon-text\"><span style=\"font-size: 12pt;\">Ar\u00f4me : Son ar\u00f4me combine des sensations de fruits \u00e0 noyau, de baies et des notes d&#8217;agrumes.<\/span><\/h3>\n<\/div>\n<\/div>\n<div class=\"tasting-box tasting-flavor product-brujula-tasting-box\">\n<div class=\"tasting-details\">\n<h3 class=\"tasting-icon-text\"><span style=\"font-size: 12pt;\">Go\u00fbt : En bouche, sa l\u00e9g\u00e8re amertume, son acidit\u00e9 prononc\u00e9e et sa pointe de sel renforcent son caract\u00e8re rafra\u00eechissant.<\/span><\/h3>\n<p>&nbsp;<\/p>\n<p><strong>Plongez dans les saveurs les plus inattendues de l&#8217;Andalousie avec Alhambra Salicornia<\/strong>, l&#8217;une des nouvelles cr\u00e9ations de la s\u00e9rie Las Numeradas. Cette bi\u00e8re,<strong> inspir\u00e9e du style Gose allemand, incorpore de la salicorne, un ingr\u00e9dient unique qui \u00e9voque la fra\u00eecheur du sel de mer et la richesse des fruits rouges.<\/strong> Une proposition innovante et l\u00e9g\u00e8rement fruit\u00e9e qui rend hommage \u00e0 la diversit\u00e9 de notre territoire. <\/p>\n<p>L&#8217;Alhambra Salicornia se distingue par sa <strong>couleur cuivr\u00e9e aux reflets ros\u00e9s<\/strong>, son aspect voil\u00e9 et sa finale cr\u00e9meuse et consistante. En ar\u00f4me, elle combine des <strong>notes de fruits \u00e0 noyau, de baies et de subtiles touches d&#8217;agrumes<\/strong>, cr\u00e9ant ainsi une exp\u00e9rience sensorielle vibrante. Enfin, en bouche, son <strong>\u00e9quilibre entre une l\u00e9g\u00e8re amertume, une acidit\u00e9 prononc\u00e9e<\/strong> et un soup\u00e7on de salinit\u00e9 renforce son caract\u00e8re rafra\u00eechissant et unique, ce qui en fait une bi\u00e8re conviviale et facile \u00e0 d\u00e9guster.  <\/p>\n<p>Gr\u00e2ce \u00e0 son profil fruit\u00e9 et acide, l&#8217;<strong>Alhambra Salicornia est parfait pour des accords contrast\u00e9s.<\/strong> Associez-le \u00e0 des rago\u00fbts, des plats \u00e9pic\u00e9s ou des desserts intenses tels que le g\u00e2teau Sacher pour renforcer sa complexit\u00e9 et sa fra\u00eecheur.<\/p>\n<p>Avec son format de 50cl, elle est <strong>le choix id\u00e9al pour les longs ap\u00e9ritifs et les moments privil\u00e9gi\u00e9s<\/strong>. Servez-la entre 6 et 8 \u00baC et laissez-vous surprendre par ce bijou de bi\u00e8re. D\u00e9couvrez-la !  <\/p>\n<p>Bi\u00e8re Gose<\/p>\n<p><strong>Ingr\u00e9dients<\/strong>: Eau, <em>malt d&#8217;orge<\/em>, <em>malt de bl\u00e9<\/em>, concentr\u00e9 de myrtille (1%), concentr\u00e9 de framboise (1%), salicorne (0,04%), sel sous vide, houblon et levure.  <\/p>\n<\/div>\n<\/div>","protected":false},"excerpt":{"rendered":"<p>Alhambra de Granada Salicornia Edition num\u00e9rot\u00e9e, 50cl <\/p>\n","protected":false},"featured_media":21882,"comment_status":"open","ping_status":"closed","template":"","meta":{"site-sidebar-layout":"default","site-content-layout":"","ast-site-content-layout":"default","site-content-style":"default","site-sidebar-style":"default","ast-global-header-display":"","ast-banner-title-visibility":"","ast-main-header-display":"","ast-hfb-above-header-display":"","ast-hfb-below-header-display":"","ast-hfb-mobile-header-display":"","site-post-title":"","ast-breadcrumbs-content":"","ast-featured-img":"","footer-sml-layout":"","ast-disable-related-posts":"","theme-transparent-header-meta":"default","adv-header-id-meta":"","stick-header-meta":"","header-above-stick-meta":"","header-main-stick-meta":"","header-below-stick-meta":"","astra-migrate-meta-layouts":"default","ast-page-background-enabled":"default","ast-page-background-meta":{"desktop":{"background-color":"var(--ast-global-color-4)","background-image":"","background-repeat":"repeat","background-position":"center center","background-size":"auto","background-attachment":"scroll","background-type":"","background-media":"","overlay-type":"","overlay-color":"","overlay-opacity":"","overlay-gradient":""},"tablet":{"background-color":"","background-image":"","background-repeat":"repeat","background-position":"center center","background-size":"auto","background-attachment":"scroll","background-type":"","background-media":"","overlay-type":"","overlay-color":"","overlay-opacity":"","overlay-gradient":""},"mobile":{"background-color":"","background-image":"","background-repeat":"repeat","background-position":"center center","background-size":"auto","background-attachment":"scroll","background-type":"","background-media":"","overlay-type":"","overlay-color":"","overlay-opacity":"","overlay-gradient":""}},"ast-content-background-meta":{"desktop":{"background-color":"var(--ast-global-color-5)","background-image":"","background-repeat":"repeat","background-position":"center center","background-size":"auto","background-attachment":"scroll","background-type":"","background-media":"","overlay-type":"","overlay-color":"","overlay-opacity":"","overlay-gradient":""},"tablet":{"background-color":"var(--ast-global-color-5)","background-image":"","background-repeat":"repeat","background-position":"center center","background-size":"auto","background-attachment":"scroll","background-type":"","background-media":"","overlay-type":"","overlay-color":"","overlay-opacity":"","overlay-gradient":""},"mobile":{"background-color":"var(--ast-global-color-5)","background-image":"","background-repeat":"repeat","background-position":"center center","background-size":"auto","background-attachment":"scroll","background-type":"","background-media":"","overlay-type":"","overlay-color":"","overlay-opacity":"","overlay-gradient":""}}},"product_brand":[1284],"product_cat":[286],"product_tag":[],"class_list":{"0":"post-21884","1":"product","2":"type-product","3":"status-publish","4":"has-post-thumbnail","6":"product_brand-alhambra","7":"product_cat-bieres-andalouses","8":"desktop-align-left","9":"tablet-align-left","10":"mobile-align-left","12":"first","13":"outofstock","14":"taxable","15":"shipping-taxable","16":"purchasable","17":"product-type-simple"},"_links":{"self":[{"href":"https:\/\/andalubox.com\/fr\/wp-json\/wp\/v2\/product\/21884","targetHints":{"allow":["GET"]}}],"collection":[{"href":"https:\/\/andalubox.com\/fr\/wp-json\/wp\/v2\/product"}],"about":[{"href":"https:\/\/andalubox.com\/fr\/wp-json\/wp\/v2\/types\/product"}],"replies":[{"embeddable":true,"href":"https:\/\/andalubox.com\/fr\/wp-json\/wp\/v2\/comments?post=21884"}],"wp:featuredmedia":[{"embeddable":true,"href":"https:\/\/andalubox.com\/fr\/wp-json\/wp\/v2\/media\/21882"}],"wp:attachment":[{"href":"https:\/\/andalubox.com\/fr\/wp-json\/wp\/v2\/media?parent=21884"}],"wp:term":[{"taxonomy":"product_brand","embeddable":true,"href":"https:\/\/andalubox.com\/fr\/wp-json\/wp\/v2\/product_brand?post=21884"},{"taxonomy":"product_cat","embeddable":true,"href":"https:\/\/andalubox.com\/fr\/wp-json\/wp\/v2\/product_cat?post=21884"},{"taxonomy":"product_tag","embeddable":true,"href":"https:\/\/andalubox.com\/fr\/wp-json\/wp\/v2\/product_tag?post=21884"}],"curies":[{"name":"wp","href":"https:\/\/api.w.org\/{rel}","templated":true}]}}