{"id":21821,"date":"2025-05-31T09:01:09","date_gmt":"2025-05-31T07:01:09","guid":{"rendered":"https:\/\/andalubox.com\/producto-andaluz\/la-caleta-de-cai-chardonnay-vin-blanc-millesime-2023-75cl\/"},"modified":"2025-09-17T12:18:31","modified_gmt":"2025-09-17T10:18:31","slug":"la-caleta-de-cai-chardonnay-vin-blanc-millesime-2023-75cl","status":"publish","type":"product","link":"https:\/\/andalubox.com\/fr\/producto-andaluz\/la-caleta-de-cai-chardonnay-vin-blanc-millesime-2023-75cl\/","title":{"rendered":"La Caleta de Cai Chardonnay Cadiz White Wine Vintage 2024 75cl"},"content":{"rendered":"<p>La Caleta de Cai Chardonnay Cadiz White Wine Vintage 2024 75cl<\/p>\n<p>Son vin blanc Chardonnay ou son vin ros\u00e9 Syrah transmettra par sa fra\u00eecheur, sa jeunesse et sa convivialit\u00e9 lors de la d\u00e9gustation, les qualit\u00e9s que poss\u00e8dent nos meilleurs vignobles de Cadix.<\/p>\n<p>OEIL &#8211; Jaune paille avec des reflets verd\u00e2tres<\/p>\n<p>NEZ &#8211; Ar\u00f4mes de fleurs blanches, de fleur d&#8217;oranger, d&#8217;agrumes, de fruits tropicaux m\u00fbrs, de p\u00eache, d&#8217;herbes aromatiques.<\/p>\n<p>GO\u00dbT &#8211; Savoureux, p\u00e9tillant, vif, d&#8217;une grande expression fruit\u00e9e, intense et enveloppant.<\/p>\n<table class=\"woocommerce-product-attributes shop_attributes\" style=\"width: 33.0688%; height: 62px;\">\n<tbody>\n<tr class=\"woocommerce-product-attributes-item woocommerce-product-attributes-item--weight\">\n<th class=\"woocommerce-product-attributes-item__label\">Poids<\/th>\n<td class=\"woocommerce-product-attributes-item__value\">95 kg<\/td>\n<\/tr>\n<tr class=\"woocommerce-product-attributes-item woocommerce-product-attributes-item--dimensions\">\n<th class=\"woocommerce-product-attributes-item__label\">Dimensions<\/th>\n<td class=\"woocommerce-product-attributes-item__value\">62 \u00d7 5 \u00d7 24 cm<\/td>\n<\/tr>\n<\/tbody>\n<\/table>","protected":false},"excerpt":{"rendered":"<p>La Caleta de Cai Chardonnay Cadiz White Wine Vintage 2024 75cl<\/p>\n","protected":false},"featured_media":31241,"template":"","meta":{"site-sidebar-layout":"default","site-content-layout":"","ast-site-content-layout":"default","site-content-style":"default","site-sidebar-style":"default","ast-global-header-display":"","ast-banner-title-visibility":"","ast-main-header-display":"","ast-hfb-above-header-display":"","ast-hfb-below-header-display":"","ast-hfb-mobile-header-display":"","site-post-title":"","ast-breadcrumbs-content":"","ast-featured-img":"","footer-sml-layout":"","ast-disable-related-posts":"","theme-transparent-header-meta":"default","adv-header-id-meta":"","stick-header-meta":"","header-above-stick-meta":"","header-main-stick-meta":"","header-below-stick-meta":"","astra-migrate-meta-layouts":"default","ast-page-background-enabled":"default","ast-page-background-meta":{"desktop":{"background-color":"var(--ast-global-color-4)","background-image":"","background-repeat":"repeat","background-position":"center center","background-size":"auto","background-attachment":"scroll","background-type":"","background-media":"","overlay-type":"","overlay-color":"","overlay-opacity":"","overlay-gradient":""},"tablet":{"background-color":"","background-image":"","background-repeat":"repeat","background-position":"center center","background-size":"auto","background-attachment":"scroll","background-type":"","background-media":"","overlay-type":"","overlay-color":"","overlay-opacity":"","overlay-gradient":""},"mobile":{"background-color":"","background-image":"","background-repeat":"repeat","background-position":"center center","background-size":"auto","background-attachment":"scroll","background-type":"","background-media":"","overlay-type":"","overlay-color":"","overlay-opacity":"","overlay-gradient":""}},"ast-content-background-meta":{"desktop":{"background-color":"var(--ast-global-color-5)","background-image":"","background-repeat":"repeat","background-position":"center center","background-size":"auto","background-attachment":"scroll","background-type":"","background-media":"","overlay-type":"","overlay-color":"","overlay-opacity":"","overlay-gradient":""},"tablet":{"background-color":"var(--ast-global-color-5)","background-image":"","background-repeat":"repeat","background-position":"center center","background-size":"auto","background-attachment":"scroll","background-type":"","background-media":"","overlay-type":"","overlay-color":"","overlay-opacity":"","overlay-gradient":""},"mobile":{"background-color":"var(--ast-global-color-5)","background-image":"","background-repeat":"repeat","background-position":"center center","background-size":"auto","background-attachment":"scroll","background-type":"","background-media":"","overlay-type":"","overlay-color":"","overlay-opacity":"","overlay-gradient":""}}},"product_brand":[1301],"product_cat":[292],"product_tag":[622,621,623],"class_list":{"0":"post-21821","1":"product","2":"type-product","3":"status-publish","4":"has-post-thumbnail","6":"product_brand-compania-de-vinos-santiago-jordi","7":"product_cat-vin-blanc","8":"product_tag-le-ruisseau-est-venu","9":"product_tag-vin-blanc-de-cadix","10":"product_tag-vin-du-sud-de-lespagne-fr","11":"desktop-align-left","12":"tablet-align-left","13":"mobile-align-left","15":"first","16":"instock","17":"taxable","18":"shipping-taxable","19":"purchasable","20":"product-type-simple"},"_links":{"self":[{"href":"https:\/\/andalubox.com\/fr\/wp-json\/wp\/v2\/product\/21821","targetHints":{"allow":["GET"]}}],"collection":[{"href":"https:\/\/andalubox.com\/fr\/wp-json\/wp\/v2\/product"}],"about":[{"href":"https:\/\/andalubox.com\/fr\/wp-json\/wp\/v2\/types\/product"}],"wp:featuredmedia":[{"embeddable":true,"href":"https:\/\/andalubox.com\/fr\/wp-json\/wp\/v2\/media\/31241"}],"wp:attachment":[{"href":"https:\/\/andalubox.com\/fr\/wp-json\/wp\/v2\/media?parent=21821"}],"wp:term":[{"taxonomy":"product_brand","embeddable":true,"href":"https:\/\/andalubox.com\/fr\/wp-json\/wp\/v2\/product_brand?post=21821"},{"taxonomy":"product_cat","embeddable":true,"href":"https:\/\/andalubox.com\/fr\/wp-json\/wp\/v2\/product_cat?post=21821"},{"taxonomy":"product_tag","embeddable":true,"href":"https:\/\/andalubox.com\/fr\/wp-json\/wp\/v2\/product_tag?post=21821"}],"curies":[{"name":"wp","href":"https:\/\/api.w.org\/{rel}","templated":true}]}}