{"id":21813,"date":"2025-05-31T08:13:33","date_gmt":"2025-05-31T06:13:33","guid":{"rendered":"https:\/\/andalubox.com\/producto-andaluz\/retinto-vino-de-la-tierra-de-cadiz-anada-2023-75cl\/"},"modified":"2025-08-06T17:44:55","modified_gmt":"2025-08-06T15:44:55","slug":"retinto-vino-de-la-tierra-de-cadiz-anada-2023-75cl","status":"publish","type":"product","link":"https:\/\/andalubox.com\/fr\/producto-andaluz\/retinto-vino-de-la-tierra-de-cadiz-anada-2023-75cl\/","title":{"rendered":"Retinto de Cai Vin rouge de Cadix 75 CL"},"content":{"rendered":"<p>Retinto de Cai Vin rouge de Cadix 75 CL.<\/p>\n<p><strong>VUE &#8211;<\/strong> Couleur rouge cerise, vive et d&#8217;une grande intensit\u00e9 de couleur.<\/p>\n<p><strong>NEZ &#8211;<\/strong> Ar\u00f4mes de fruits rouges et noirs au nez, avec des notes sucr\u00e9es et des nuances balsamiques.<\/p>\n<p><strong>GO\u00dbT &#8211;<\/strong> Large entr\u00e9e en bouche, avec beaucoup de fra\u00eecheur et un tanin \u00e9quilibr\u00e9 avec une bonne persistance et une finale agr\u00e9able.<\/p>\n<p>\u00c9labor\u00e9 \u00e0 partir de raisins s\u00e9lectionn\u00e9s dans un vignoble situ\u00e9 au pied de la Sierra de Grazalema, \u00e0 Pardo del Rey, avec des vignes \u00e2g\u00e9es de plus de 25 ans, \u00e0 une altitude de 350 m\u00e8tres au-dessus du niveau de la mer.<\/p>\n<p>Fermentation \u00e0 basse temp\u00e9rature pour extraire les ar\u00f4mes primaires des raisins.<\/p>\n<p>Vieillissement de 4 mois en ch\u00eane fran\u00e7ais.<\/p>\n<p><strong>13,5 % VOL.<\/strong><\/p>","protected":false},"excerpt":{"rendered":"<p>Retinto de Cai Vino Tinto de C\u00e1diz 75 CL, pour l&#8217;exportation vers toute l&#8217;EUROPE.<\/p>\n","protected":false},"featured_media":31192,"comment_status":"open","ping_status":"closed","template":"","meta":{"site-sidebar-layout":"default","site-content-layout":"","ast-site-content-layout":"default","site-content-style":"default","site-sidebar-style":"default","ast-global-header-display":"","ast-banner-title-visibility":"","ast-main-header-display":"","ast-hfb-above-header-display":"","ast-hfb-below-header-display":"","ast-hfb-mobile-header-display":"","site-post-title":"","ast-breadcrumbs-content":"","ast-featured-img":"","footer-sml-layout":"","ast-disable-related-posts":"","theme-transparent-header-meta":"default","adv-header-id-meta":"","stick-header-meta":"","header-above-stick-meta":"","header-main-stick-meta":"","header-below-stick-meta":"","astra-migrate-meta-layouts":"default","ast-page-background-enabled":"default","ast-page-background-meta":{"desktop":{"background-color":"var(--ast-global-color-4)","background-image":"","background-repeat":"repeat","background-position":"center center","background-size":"auto","background-attachment":"scroll","background-type":"","background-media":"","overlay-type":"","overlay-color":"","overlay-opacity":"","overlay-gradient":""},"tablet":{"background-color":"","background-image":"","background-repeat":"repeat","background-position":"center center","background-size":"auto","background-attachment":"scroll","background-type":"","background-media":"","overlay-type":"","overlay-color":"","overlay-opacity":"","overlay-gradient":""},"mobile":{"background-color":"","background-image":"","background-repeat":"repeat","background-position":"center center","background-size":"auto","background-attachment":"scroll","background-type":"","background-media":"","overlay-type":"","overlay-color":"","overlay-opacity":"","overlay-gradient":""}},"ast-content-background-meta":{"desktop":{"background-color":"var(--ast-global-color-5)","background-image":"","background-repeat":"repeat","background-position":"center center","background-size":"auto","background-attachment":"scroll","background-type":"","background-media":"","overlay-type":"","overlay-color":"","overlay-opacity":"","overlay-gradient":""},"tablet":{"background-color":"var(--ast-global-color-5)","background-image":"","background-repeat":"repeat","background-position":"center center","background-size":"auto","background-attachment":"scroll","background-type":"","background-media":"","overlay-type":"","overlay-color":"","overlay-opacity":"","overlay-gradient":""},"mobile":{"background-color":"var(--ast-global-color-5)","background-image":"","background-repeat":"repeat","background-position":"center center","background-size":"auto","background-attachment":"scroll","background-type":"","background-media":"","overlay-type":"","overlay-color":"","overlay-opacity":"","overlay-gradient":""}}},"product_brand":[1300],"product_cat":[294],"product_tag":[606,603,604,605,607],"class_list":{"0":"post-21813","1":"product","2":"type-product","3":"status-publish","4":"has-post-thumbnail","6":"product_brand-bodegas-forlong","7":"product_cat-vin-rouge","8":"product_tag-millesime-2023","9":"product_tag-retinto-fr","10":"product_tag-vin-andalou","11":"product_tag-vin-de-cadix","12":"product_tag-vin-du-sud-de-lespagne","13":"desktop-align-left","14":"tablet-align-left","15":"mobile-align-left","17":"first","18":"instock","19":"taxable","20":"shipping-taxable","21":"purchasable","22":"product-type-simple"},"_links":{"self":[{"href":"https:\/\/andalubox.com\/fr\/wp-json\/wp\/v2\/product\/21813","targetHints":{"allow":["GET"]}}],"collection":[{"href":"https:\/\/andalubox.com\/fr\/wp-json\/wp\/v2\/product"}],"about":[{"href":"https:\/\/andalubox.com\/fr\/wp-json\/wp\/v2\/types\/product"}],"replies":[{"embeddable":true,"href":"https:\/\/andalubox.com\/fr\/wp-json\/wp\/v2\/comments?post=21813"}],"wp:featuredmedia":[{"embeddable":true,"href":"https:\/\/andalubox.com\/fr\/wp-json\/wp\/v2\/media\/31192"}],"wp:attachment":[{"href":"https:\/\/andalubox.com\/fr\/wp-json\/wp\/v2\/media?parent=21813"}],"wp:term":[{"taxonomy":"product_brand","embeddable":true,"href":"https:\/\/andalubox.com\/fr\/wp-json\/wp\/v2\/product_brand?post=21813"},{"taxonomy":"product_cat","embeddable":true,"href":"https:\/\/andalubox.com\/fr\/wp-json\/wp\/v2\/product_cat?post=21813"},{"taxonomy":"product_tag","embeddable":true,"href":"https:\/\/andalubox.com\/fr\/wp-json\/wp\/v2\/product_tag?post=21813"}],"curies":[{"name":"wp","href":"https:\/\/api.w.org\/{rel}","templated":true}]}}