{"id":21798,"date":"2025-05-30T11:17:04","date_gmt":"2025-05-30T09:17:04","guid":{"rendered":"https:\/\/andalubox.com\/producto-andaluz\/san-martin-de-porres-polvoron-de-ecija-gateaux-a-lhuile-dolive-6-pcs\/"},"modified":"2025-09-17T12:23:11","modified_gmt":"2025-09-17T10:23:11","slug":"san-martin-de-porres-polvoron-de-ecija-gateaux-a-lhuile-dolive-6-pcs","status":"publish","type":"product","link":"https:\/\/andalubox.com\/fr\/producto-andaluz\/san-martin-de-porres-polvoron-de-ecija-gateaux-a-lhuile-dolive-6-pcs\/","title":{"rendered":"San Mart\u00edn de Porres Tortas de Polvor\u00f3n de \u00c9cija avec huile d&#8217;olive 6 pcs, 210g"},"content":{"rendered":"<p>San Mart\u00edn de Porres Tortas de Polvor\u00f3n de \u00c9cija avec huile d&#8217;olive 6 pcs, 210g<\/p>\n<p>L&#8217;ar\u00f4me d\u00e9licieux de la cannelle et la touche fra\u00eeche du citron \u00e9veilleront vos sens.<\/p>\n<ul class=\"nav nav-tabs\" role=\"tablist\">\n\t<li class=\"nav-item\"><a class=\"nav-link active\" role=\"tab\" href=\"https:\/\/www.confisur.es\/bolleria\/2508-torta-polvoron-aceite-oliva-6-unidades-210g-8411893202105.html#description\" data-toggle=\"tab\" aria-controls=\"description\" aria-selected=\"true\" target=\"_blank\" rel=\"noopener\">Description<\/a><\/li>\n\n \n\n\t<li class=\"nav-item\"><a class=\"nav-link\" role=\"tab\" href=\"https:\/\/www.confisur.es\/bolleria\/2508-torta-polvoron-aceite-oliva-6-unidades-210g-8411893202105.html#product-details\" data-toggle=\"tab\" aria-controls=\"product-details\" target=\"_blank\" rel=\"noopener\">D\u00e9tails du produit<\/a><\/li>\n\n \n\n\t<li class=\"nav-item\"><a class=\"nav-link\" href=\"https:\/\/www.confisur.es\/bolleria\/2508-torta-polvoron-aceite-oliva-6-unidades-210g-8411893202105.html#product_comments_block_tab\" data-toggle=\"tab\" target=\"_blank\" rel=\"noopener\">Commentaires<\/a><\/li>\n<\/ul>\n<div id=\"tab-content\" class=\"tab-content\">\n<div id=\"description\" class=\"tab-pane fade in active\" role=\"tabpanel\">\n<div class=\"product-description\">\n<p>Savourez la saveur traditionnelle andalouse avec les authentiques <strong>Tortas de Polvor\u00f3n \u00e0 l&#8217;huile d&#8217;olive<\/strong> de <em>San Mart\u00edn de Porres<\/em>. Fabriqu\u00e9s \u00e0 la main avec des ingr\u00e9dients de grande qualit\u00e9, ces g\u00e2teaux allient la texture moelleuse du polvor\u00f3n \u00e0 la touche saine et d\u00e9licieuse de l&#8217;<strong>huile d&#8217;olive extra vierge<\/strong>. <\/p>\n<p>Parfait avec le caf\u00e9, \u00e0 offrir ou \u00e0 d\u00e9guster \u00e0 tout moment, ce paquet de 6 unit\u00e9s est id\u00e9al pour les amateurs de p\u00e2tisseries espagnoles traditionnelles. Sans conservateurs artificiels et avec une saveur qui \u00e9voque les recettes traditionnelles. <\/p>\n<h3>Caract\u00e9ristiques :<\/h3>\n<ul>\n\t<li>Fabriqu\u00e9 \u00e0 partir d&#8217;huile d&#8217;olive extra vierge<\/li>\n\t<li>Recette traditionnelle andalouse<\/li>\n\t<li>Format : paquet de 6 unit\u00e9s<\/li>\n\t<li>Marque : San Mart\u00edn de Porres<\/li>\n\t<li>Parfait pour les en-cas ou les cadeaux gourmands<\/li>\n<\/ul>\n<h3>Informations nutritionnelles 100g :<\/h3>\n<ul>\n\t<li>Valeur \u00e9nerg\u00e9tique 2071,4kJ\/495,5kcal<\/li>\n\t<li>Mati\u00e8res grasses 25,40 g<\/li>\n\t<li>dont 6,4 g<\/li>\n\t<li>Glucides 61,40 g<\/li>\n\t<li>dont sucres 23,9 g<\/li>\n\t<li>Fibre 0 g<\/li>\n\t<li>Prot\u00e9ines 5,20 g<\/li>\n\t<li>Sel 0,01 g<\/li>\n<\/ul>\n<\/div>\n<\/div>\n<\/div>","protected":false},"excerpt":{"rendered":"<p>San Mart\u00edn de Porres Tortas de Polvor\u00f3n de \u00c9cija avec huile d&#8217;olive 6 pcs, 210g<\/p>\n","protected":false},"featured_media":30272,"comment_status":"open","ping_status":"closed","template":"","meta":{"site-sidebar-layout":"default","site-content-layout":"","ast-site-content-layout":"default","site-content-style":"default","site-sidebar-style":"default","ast-global-header-display":"","ast-banner-title-visibility":"","ast-main-header-display":"","ast-hfb-above-header-display":"","ast-hfb-below-header-display":"","ast-hfb-mobile-header-display":"","site-post-title":"","ast-breadcrumbs-content":"","ast-featured-img":"","footer-sml-layout":"","ast-disable-related-posts":"","theme-transparent-header-meta":"default","adv-header-id-meta":"","stick-header-meta":"","header-above-stick-meta":"","header-main-stick-meta":"","header-below-stick-meta":"","astra-migrate-meta-layouts":"default","ast-page-background-enabled":"default","ast-page-background-meta":{"desktop":{"background-color":"var(--ast-global-color-4)","background-image":"","background-repeat":"repeat","background-position":"center center","background-size":"auto","background-attachment":"scroll","background-type":"","background-media":"","overlay-type":"","overlay-color":"","overlay-opacity":"","overlay-gradient":""},"tablet":{"background-color":"","background-image":"","background-repeat":"repeat","background-position":"center center","background-size":"auto","background-attachment":"scroll","background-type":"","background-media":"","overlay-type":"","overlay-color":"","overlay-opacity":"","overlay-gradient":""},"mobile":{"background-color":"","background-image":"","background-repeat":"repeat","background-position":"center center","background-size":"auto","background-attachment":"scroll","background-type":"","background-media":"","overlay-type":"","overlay-color":"","overlay-opacity":"","overlay-gradient":""}},"ast-content-background-meta":{"desktop":{"background-color":"var(--ast-global-color-5)","background-image":"","background-repeat":"repeat","background-position":"center center","background-size":"auto","background-attachment":"scroll","background-type":"","background-media":"","overlay-type":"","overlay-color":"","overlay-opacity":"","overlay-gradient":""},"tablet":{"background-color":"var(--ast-global-color-5)","background-image":"","background-repeat":"repeat","background-position":"center center","background-size":"auto","background-attachment":"scroll","background-type":"","background-media":"","overlay-type":"","overlay-color":"","overlay-opacity":"","overlay-gradient":""},"mobile":{"background-color":"var(--ast-global-color-5)","background-image":"","background-repeat":"repeat","background-position":"center center","background-size":"auto","background-attachment":"scroll","background-type":"","background-media":"","overlay-type":"","overlay-color":"","overlay-opacity":"","overlay-gradient":""}}},"product_brand":[1145],"product_cat":[15],"product_tag":[],"class_list":{"0":"post-21798","1":"product","2":"type-product","3":"status-publish","4":"has-post-thumbnail","6":"product_brand-san-martin-de-porres","7":"product_cat-sin-categorizar","8":"desktop-align-left","9":"tablet-align-left","10":"mobile-align-left","12":"first","13":"instock","14":"taxable","15":"shipping-taxable","16":"purchasable","17":"product-type-simple"},"_links":{"self":[{"href":"https:\/\/andalubox.com\/fr\/wp-json\/wp\/v2\/product\/21798","targetHints":{"allow":["GET"]}}],"collection":[{"href":"https:\/\/andalubox.com\/fr\/wp-json\/wp\/v2\/product"}],"about":[{"href":"https:\/\/andalubox.com\/fr\/wp-json\/wp\/v2\/types\/product"}],"replies":[{"embeddable":true,"href":"https:\/\/andalubox.com\/fr\/wp-json\/wp\/v2\/comments?post=21798"}],"wp:featuredmedia":[{"embeddable":true,"href":"https:\/\/andalubox.com\/fr\/wp-json\/wp\/v2\/media\/30272"}],"wp:attachment":[{"href":"https:\/\/andalubox.com\/fr\/wp-json\/wp\/v2\/media?parent=21798"}],"wp:term":[{"taxonomy":"product_brand","embeddable":true,"href":"https:\/\/andalubox.com\/fr\/wp-json\/wp\/v2\/product_brand?post=21798"},{"taxonomy":"product_cat","embeddable":true,"href":"https:\/\/andalubox.com\/fr\/wp-json\/wp\/v2\/product_cat?post=21798"},{"taxonomy":"product_tag","embeddable":true,"href":"https:\/\/andalubox.com\/fr\/wp-json\/wp\/v2\/product_tag?post=21798"}],"curies":[{"name":"wp","href":"https:\/\/api.w.org\/{rel}","templated":true}]}}