{"id":21781,"date":"2025-05-30T10:10:27","date_gmt":"2025-05-30T08:10:27","guid":{"rendered":"https:\/\/andalubox.com\/producto-andaluz\/filets-de-poitrine-de-thon-meow-light-a-lhuile-de-tournesol-ro900\/"},"modified":"2025-09-17T12:28:58","modified_gmt":"2025-09-17T10:28:58","slug":"filets-de-poitrine-de-thon-meow-light-a-lhuile-de-tournesol-ro900","status":"publish","type":"product","link":"https:\/\/andalubox.com\/fr\/producto-andaluz\/filets-de-poitrine-de-thon-meow-light-a-lhuile-de-tournesol-ro900\/","title":{"rendered":"Meow Ventre de thon \u00e0 nageoires jaunes \u00e0 l&#8217;huile de tournesol, RO 900g"},"content":{"rendered":"<p><strong>Filets de Ventresca<\/strong><\/p>\n<p>Marque:Meow<\/p>\n<p>Ingr\u00e9dients : Thon albacore (poisson), huile de tournesol et sel.<\/p>\n<p>Format : 900Gr Poids net : 900g. Poids net \u00e9goutt\u00e9 : 650g. <\/p>\n<p>Informations nutritionnelles pour 100 grammes : Energie 802kj\/192kcal ; Lipides 9.6g, dont satur\u00e9s 1.2g ; Glucides &lt;0.5g, dont sucres &lt;0.5g ; Prot\u00e9ines 26g ; Sel 0.26g.<\/p>\n<div>\n<p>Description : Filets de poitrine de thon en conserve dans de l&#8217;huile de tournesol. Tranches de ventr\u00e8che de thon, id\u00e9ales pour la pr\u00e9paration d&#8217;une salade de ventr\u00e8che de thon. <\/p>\n<h2 class=\"text-muted size-h2-producto\"><span style=\"font-size: 12pt;\">Il s&#8217;agit de la partie la plus tendre et la plus moelleuse du thon blanc. Situ\u00e9e dans la partie inf\u00e9rieure du poisson (dans la zone proche de la t\u00eate), elle se distingue par sa grande saveur et sa jutosit\u00e9. <\/span><\/h2>\n<\/div>","protected":false},"excerpt":{"rendered":"<p>Meow Ventre de thon \u00e0 nageoires jaunes \u00e0 l&#8217;huile de tournesol, RO 900g<\/p>\n","protected":false},"featured_media":30373,"comment_status":"open","ping_status":"closed","template":"","meta":{"site-sidebar-layout":"default","site-content-layout":"","ast-site-content-layout":"default","site-content-style":"default","site-sidebar-style":"default","ast-global-header-display":"","ast-banner-title-visibility":"","ast-main-header-display":"","ast-hfb-above-header-display":"","ast-hfb-below-header-display":"","ast-hfb-mobile-header-display":"","site-post-title":"","ast-breadcrumbs-content":"","ast-featured-img":"","footer-sml-layout":"","ast-disable-related-posts":"","theme-transparent-header-meta":"default","adv-header-id-meta":"","stick-header-meta":"","header-above-stick-meta":"","header-main-stick-meta":"","header-below-stick-meta":"","astra-migrate-meta-layouts":"default","ast-page-background-enabled":"default","ast-page-background-meta":{"desktop":{"background-color":"var(--ast-global-color-4)","background-image":"","background-repeat":"repeat","background-position":"center center","background-size":"auto","background-attachment":"scroll","background-type":"","background-media":"","overlay-type":"","overlay-color":"","overlay-opacity":"","overlay-gradient":""},"tablet":{"background-color":"","background-image":"","background-repeat":"repeat","background-position":"center center","background-size":"auto","background-attachment":"scroll","background-type":"","background-media":"","overlay-type":"","overlay-color":"","overlay-opacity":"","overlay-gradient":""},"mobile":{"background-color":"","background-image":"","background-repeat":"repeat","background-position":"center center","background-size":"auto","background-attachment":"scroll","background-type":"","background-media":"","overlay-type":"","overlay-color":"","overlay-opacity":"","overlay-gradient":""}},"ast-content-background-meta":{"desktop":{"background-color":"var(--ast-global-color-5)","background-image":"","background-repeat":"repeat","background-position":"center center","background-size":"auto","background-attachment":"scroll","background-type":"","background-media":"","overlay-type":"","overlay-color":"","overlay-opacity":"","overlay-gradient":""},"tablet":{"background-color":"var(--ast-global-color-5)","background-image":"","background-repeat":"repeat","background-position":"center center","background-size":"auto","background-attachment":"scroll","background-type":"","background-media":"","overlay-type":"","overlay-color":"","overlay-opacity":"","overlay-gradient":""},"mobile":{"background-color":"var(--ast-global-color-5)","background-image":"","background-repeat":"repeat","background-position":"center center","background-size":"auto","background-attachment":"scroll","background-type":"","background-media":"","overlay-type":"","overlay-color":"","overlay-opacity":"","overlay-gradient":""}}},"product_brand":[1133],"product_cat":[267],"product_tag":[],"class_list":{"0":"post-21781","1":"product","2":"type-product","3":"status-publish","4":"has-post-thumbnail","6":"product_brand-miau","7":"product_cat-thon","8":"desktop-align-left","9":"tablet-align-left","10":"mobile-align-left","12":"first","13":"instock","14":"taxable","15":"shipping-taxable","16":"purchasable","17":"product-type-simple"},"_links":{"self":[{"href":"https:\/\/andalubox.com\/fr\/wp-json\/wp\/v2\/product\/21781","targetHints":{"allow":["GET"]}}],"collection":[{"href":"https:\/\/andalubox.com\/fr\/wp-json\/wp\/v2\/product"}],"about":[{"href":"https:\/\/andalubox.com\/fr\/wp-json\/wp\/v2\/types\/product"}],"replies":[{"embeddable":true,"href":"https:\/\/andalubox.com\/fr\/wp-json\/wp\/v2\/comments?post=21781"}],"wp:featuredmedia":[{"embeddable":true,"href":"https:\/\/andalubox.com\/fr\/wp-json\/wp\/v2\/media\/30373"}],"wp:attachment":[{"href":"https:\/\/andalubox.com\/fr\/wp-json\/wp\/v2\/media?parent=21781"}],"wp:term":[{"taxonomy":"product_brand","embeddable":true,"href":"https:\/\/andalubox.com\/fr\/wp-json\/wp\/v2\/product_brand?post=21781"},{"taxonomy":"product_cat","embeddable":true,"href":"https:\/\/andalubox.com\/fr\/wp-json\/wp\/v2\/product_cat?post=21781"},{"taxonomy":"product_tag","embeddable":true,"href":"https:\/\/andalubox.com\/fr\/wp-json\/wp\/v2\/product_tag?post=21781"}],"curies":[{"name":"wp","href":"https:\/\/api.w.org\/{rel}","templated":true}]}}