{"id":21773,"date":"2025-05-30T10:04:12","date_gmt":"2025-05-30T08:04:12","guid":{"rendered":"https:\/\/andalubox.com\/producto-andaluz\/sardines-de-campagne-fraiches-a-lhuile-dolive-a-faible-teneur-en-sel-3-4-pieces-125gr\/"},"modified":"2025-09-17T12:30:58","modified_gmt":"2025-09-17T10:30:58","slug":"sardines-de-campagne-fraiches-a-lhuile-dolive-a-faible-teneur-en-sel-3-4-pieces-125gr","status":"publish","type":"product","link":"https:\/\/andalubox.com\/fr\/producto-andaluz\/sardines-de-campagne-fraiches-a-lhuile-dolive-a-faible-teneur-en-sel-3-4-pieces-125gr\/","title":{"rendered":"Meow Fresh Sardines de campagne \u00e0 l&#8217;huile d&#8217;olive \u00e0 faible teneur en sel 3\/4 pi\u00e8ces, 125g"},"content":{"rendered":"<p><strong>Sardines \u00e0 l&#8217;huile d&#8217;olive. Faible teneur en sel. <\/strong><\/p>\n<p>Ingr\u00e9dients : Sardines (poisson) et huile d&#8217;olive.<\/p>\n<p>Poids net : 120 g. Poids net \u00e9goutt\u00e9 : 88 g. <\/p>\n<p>Informations nutritionnelles pour 100 grammes : Energie 1077kj\/259kcal ; Lipides 19g, dont 5.8g satur\u00e9s ; Glucides 0g, dont 0g sucres ; Prot\u00e9ines 22g ; Sel 0.3g.<\/p>\n<p>Les sardines Meow \u00e0 l&#8217;huile d&#8217;olive sont une option d\u00e9licieuse et saine pour ceux qui appr\u00e9cient les saveurs de la mer. Conserv\u00e9es dans de l&#8217;huile d&#8217;olive de haute qualit\u00e9, ces sardines conservent toute leur saveur, leur texture et leur valeur nutritionnelle. Elles sont id\u00e9ales pour \u00eatre consomm\u00e9es seules ou dans une vari\u00e9t\u00e9 de recettes. <\/p>","protected":false},"excerpt":{"rendered":"<p>Meow Fresh Sardines de campagne \u00e0 l&#8217;huile d&#8217;olive \u00e0 faible teneur en sel 3\/4 pi\u00e8ces, 125g<\/p>\n","protected":false},"featured_media":31382,"comment_status":"open","ping_status":"closed","template":"","meta":{"site-sidebar-layout":"default","site-content-layout":"","ast-site-content-layout":"default","site-content-style":"default","site-sidebar-style":"default","ast-global-header-display":"","ast-banner-title-visibility":"","ast-main-header-display":"","ast-hfb-above-header-display":"","ast-hfb-below-header-display":"","ast-hfb-mobile-header-display":"","site-post-title":"","ast-breadcrumbs-content":"","ast-featured-img":"","footer-sml-layout":"","ast-disable-related-posts":"","theme-transparent-header-meta":"default","adv-header-id-meta":"","stick-header-meta":"","header-above-stick-meta":"","header-main-stick-meta":"","header-below-stick-meta":"","astra-migrate-meta-layouts":"default","ast-page-background-enabled":"default","ast-page-background-meta":{"desktop":{"background-color":"var(--ast-global-color-4)","background-image":"","background-repeat":"repeat","background-position":"center center","background-size":"auto","background-attachment":"scroll","background-type":"","background-media":"","overlay-type":"","overlay-color":"","overlay-opacity":"","overlay-gradient":""},"tablet":{"background-color":"","background-image":"","background-repeat":"repeat","background-position":"center center","background-size":"auto","background-attachment":"scroll","background-type":"","background-media":"","overlay-type":"","overlay-color":"","overlay-opacity":"","overlay-gradient":""},"mobile":{"background-color":"","background-image":"","background-repeat":"repeat","background-position":"center center","background-size":"auto","background-attachment":"scroll","background-type":"","background-media":"","overlay-type":"","overlay-color":"","overlay-opacity":"","overlay-gradient":""}},"ast-content-background-meta":{"desktop":{"background-color":"var(--ast-global-color-5)","background-image":"","background-repeat":"repeat","background-position":"center center","background-size":"auto","background-attachment":"scroll","background-type":"","background-media":"","overlay-type":"","overlay-color":"","overlay-opacity":"","overlay-gradient":""},"tablet":{"background-color":"var(--ast-global-color-5)","background-image":"","background-repeat":"repeat","background-position":"center center","background-size":"auto","background-attachment":"scroll","background-type":"","background-media":"","overlay-type":"","overlay-color":"","overlay-opacity":"","overlay-gradient":""},"mobile":{"background-color":"var(--ast-global-color-5)","background-image":"","background-repeat":"repeat","background-position":"center center","background-size":"auto","background-attachment":"scroll","background-type":"","background-media":"","overlay-type":"","overlay-color":"","overlay-opacity":"","overlay-gradient":""}}},"product_brand":[],"product_cat":[275],"product_tag":[],"class_list":{"0":"post-21773","1":"product","2":"type-product","3":"status-publish","4":"has-post-thumbnail","6":"product_cat-sardines-fr","7":"desktop-align-left","8":"tablet-align-left","9":"mobile-align-left","11":"first","12":"outofstock","13":"taxable","14":"shipping-taxable","15":"purchasable","16":"product-type-simple"},"_links":{"self":[{"href":"https:\/\/andalubox.com\/fr\/wp-json\/wp\/v2\/product\/21773","targetHints":{"allow":["GET"]}}],"collection":[{"href":"https:\/\/andalubox.com\/fr\/wp-json\/wp\/v2\/product"}],"about":[{"href":"https:\/\/andalubox.com\/fr\/wp-json\/wp\/v2\/types\/product"}],"replies":[{"embeddable":true,"href":"https:\/\/andalubox.com\/fr\/wp-json\/wp\/v2\/comments?post=21773"}],"wp:featuredmedia":[{"embeddable":true,"href":"https:\/\/andalubox.com\/fr\/wp-json\/wp\/v2\/media\/31382"}],"wp:attachment":[{"href":"https:\/\/andalubox.com\/fr\/wp-json\/wp\/v2\/media?parent=21773"}],"wp:term":[{"taxonomy":"product_brand","embeddable":true,"href":"https:\/\/andalubox.com\/fr\/wp-json\/wp\/v2\/product_brand?post=21773"},{"taxonomy":"product_cat","embeddable":true,"href":"https:\/\/andalubox.com\/fr\/wp-json\/wp\/v2\/product_cat?post=21773"},{"taxonomy":"product_tag","embeddable":true,"href":"https:\/\/andalubox.com\/fr\/wp-json\/wp\/v2\/product_tag?post=21773"}],"curies":[{"name":"wp","href":"https:\/\/api.w.org\/{rel}","templated":true}]}}