{"id":21765,"date":"2025-05-30T09:58:20","date_gmt":"2025-05-30T07:58:20","guid":{"rendered":"https:\/\/andalubox.com\/producto-andaluz\/meow-petites-palourdes-du-pacifique-120gr\/"},"modified":"2025-09-17T12:35:00","modified_gmt":"2025-09-17T10:35:00","slug":"meow-petites-palourdes-du-pacifique-120gr","status":"publish","type":"product","link":"https:\/\/andalubox.com\/fr\/producto-andaluz\/meow-petites-palourdes-du-pacifique-120gr\/","title":{"rendered":"Meow Petites palourdes du Pacifique, 120g"},"content":{"rendered":"<p>Meow Petites palourdes du Pacifique, 120g<\/p>\n<p><b>Petites palourdes Meow<\/b><\/p>\n<p>Ingr\u00e9dients : Palourdes (mollusques), eau, sel, acidifiants : (E-330, E-331) et antioxydant : (E-385).<\/p>\n<p>Poids net : 111g. Poids net \u00e9goutt\u00e9 : 63g. <\/p>\n<p>Informations nutritionnelles pour 100 grammes : Energie 302kj\/71kcal ; Lipides 0.8g, dont satur\u00e9s 0g ; Glucides 5.2g, dont sucres 0g ; Prot\u00e9ines 11g ; Sel 1.7g.<\/p>\n<p>Les &#8220;Meow Pacific Clams Small, 120g&#8221; sont des <mark class=\"HxTRcb\">palourdes en conserve, dont les ingr\u00e9dients principaux sont les palourdes, l&#8217;eau et le sel, ainsi que des conservateurs tels que les citrates et un antioxydant<\/mark>. Elles fournissent de l&#8217;\u00e9nergie, des prot\u00e9ines, des glucides et des sels, avec une faible teneur en mati\u00e8res grasses. Elles se pr\u00e9sentent dans un format de 120 g, avec un poids net de 111 g et un poids \u00e9goutt\u00e9 de 63 g, pr\u00eates \u00e0 \u00eatre consomm\u00e9es \u00e0 l&#8217;ap\u00e9ritif ou dans la cuisine.  <span class=\"\" data-wiz-rootname=\"ohfaMd\"><span class=\"vKEkVd\" data-animation-atomic=\"\"> <\/span><\/span><\/p>","protected":false},"excerpt":{"rendered":"<p>Meow Petites palourdes du Pacifique, 120g  <\/p>\n","protected":false},"featured_media":29958,"comment_status":"open","ping_status":"closed","template":"","meta":{"site-sidebar-layout":"default","site-content-layout":"","ast-site-content-layout":"default","site-content-style":"default","site-sidebar-style":"default","ast-global-header-display":"","ast-banner-title-visibility":"","ast-main-header-display":"","ast-hfb-above-header-display":"","ast-hfb-below-header-display":"","ast-hfb-mobile-header-display":"","site-post-title":"","ast-breadcrumbs-content":"","ast-featured-img":"","footer-sml-layout":"","ast-disable-related-posts":"","theme-transparent-header-meta":"default","adv-header-id-meta":"","stick-header-meta":"","header-above-stick-meta":"","header-main-stick-meta":"","header-below-stick-meta":"","astra-migrate-meta-layouts":"default","ast-page-background-enabled":"default","ast-page-background-meta":{"desktop":{"background-color":"var(--ast-global-color-4)","background-image":"","background-repeat":"repeat","background-position":"center center","background-size":"auto","background-attachment":"scroll","background-type":"","background-media":"","overlay-type":"","overlay-color":"","overlay-opacity":"","overlay-gradient":""},"tablet":{"background-color":"","background-image":"","background-repeat":"repeat","background-position":"center center","background-size":"auto","background-attachment":"scroll","background-type":"","background-media":"","overlay-type":"","overlay-color":"","overlay-opacity":"","overlay-gradient":""},"mobile":{"background-color":"","background-image":"","background-repeat":"repeat","background-position":"center center","background-size":"auto","background-attachment":"scroll","background-type":"","background-media":"","overlay-type":"","overlay-color":"","overlay-opacity":"","overlay-gradient":""}},"ast-content-background-meta":{"desktop":{"background-color":"var(--ast-global-color-5)","background-image":"","background-repeat":"repeat","background-position":"center center","background-size":"auto","background-attachment":"scroll","background-type":"","background-media":"","overlay-type":"","overlay-color":"","overlay-opacity":"","overlay-gradient":""},"tablet":{"background-color":"var(--ast-global-color-5)","background-image":"","background-repeat":"repeat","background-position":"center center","background-size":"auto","background-attachment":"scroll","background-type":"","background-media":"","overlay-type":"","overlay-color":"","overlay-opacity":"","overlay-gradient":""},"mobile":{"background-color":"var(--ast-global-color-5)","background-image":"","background-repeat":"repeat","background-position":"center center","background-size":"auto","background-attachment":"scroll","background-type":"","background-media":"","overlay-type":"","overlay-color":"","overlay-opacity":"","overlay-gradient":""}}},"product_brand":[1133],"product_cat":[278],"product_tag":[],"class_list":{"0":"post-21765","1":"product","2":"type-product","3":"status-publish","4":"has-post-thumbnail","6":"product_brand-miau","7":"product_cat-autre-chose","8":"desktop-align-left","9":"tablet-align-left","10":"mobile-align-left","12":"first","13":"instock","14":"taxable","15":"shipping-taxable","16":"purchasable","17":"product-type-simple"},"_links":{"self":[{"href":"https:\/\/andalubox.com\/fr\/wp-json\/wp\/v2\/product\/21765","targetHints":{"allow":["GET"]}}],"collection":[{"href":"https:\/\/andalubox.com\/fr\/wp-json\/wp\/v2\/product"}],"about":[{"href":"https:\/\/andalubox.com\/fr\/wp-json\/wp\/v2\/types\/product"}],"replies":[{"embeddable":true,"href":"https:\/\/andalubox.com\/fr\/wp-json\/wp\/v2\/comments?post=21765"}],"wp:featuredmedia":[{"embeddable":true,"href":"https:\/\/andalubox.com\/fr\/wp-json\/wp\/v2\/media\/29958"}],"wp:attachment":[{"href":"https:\/\/andalubox.com\/fr\/wp-json\/wp\/v2\/media?parent=21765"}],"wp:term":[{"taxonomy":"product_brand","embeddable":true,"href":"https:\/\/andalubox.com\/fr\/wp-json\/wp\/v2\/product_brand?post=21765"},{"taxonomy":"product_cat","embeddable":true,"href":"https:\/\/andalubox.com\/fr\/wp-json\/wp\/v2\/product_cat?post=21765"},{"taxonomy":"product_tag","embeddable":true,"href":"https:\/\/andalubox.com\/fr\/wp-json\/wp\/v2\/product_tag?post=21765"}],"curies":[{"name":"wp","href":"https:\/\/api.w.org\/{rel}","templated":true}]}}