{"id":21726,"date":"2025-05-29T12:19:43","date_gmt":"2025-05-29T10:19:43","guid":{"rendered":"https:\/\/andalubox.com\/producto-andaluz\/meow-moules-epicees-au-piment-13-18-petites-120gr\/"},"modified":"2025-09-17T12:55:36","modified_gmt":"2025-09-17T10:55:36","slug":"meow-moules-epicees-au-piment-13-18-petites-120gr","status":"publish","type":"product","link":"https:\/\/andalubox.com\/fr\/producto-andaluz\/meow-moules-epicees-au-piment-13-18-petites-120gr\/","title":{"rendered":"Meow Petites moules au piment marin\u00e9 \u00e9pic\u00e9 13\/18 pi\u00e8ces, 120g"},"content":{"rendered":"<p>Meow Petites moules au piment marin\u00e9 \u00e9pic\u00e9 13\/18 pi\u00e8ces, 120g<\/p>\n<p>Ingr\u00e9dients : Moules (mollusques), huile de tournesol, eau, vinaigre de vin, sel et ar\u00f4mes naturels. Peut contenir des traces de <strong>crustac\u00e9s et de poissons.<\/strong> <\/p>\n<p>Poids net 115g. Poids net \u00e9goutt\u00e9 68g. <\/p>\n<p>Informations nutritionnelles pour 100 grammes : Energie 899kj\/217kcal ; Lipides 17g, dont satur\u00e9s 2.7g ; Glucides 2.9g, dont sucres 0g ; Prot\u00e9ines 13g ; Sel 1.3g.<\/p>\n<h2 class=\"mb-2 mt-4 font-display font-semimedium text-base first:mt-0\">Description g\u00e9n\u00e9rale<\/h2>\n<p class=\"my-2 [&amp;+p]:mt-4 [&amp;_strong:has(+br)]:inline-block [&amp;_strong:has(+br)]:pb-2\">Ces moules, class\u00e9es entre 13 et 18 pi\u00e8ces par bo\u00eete, sont pr\u00e9sent\u00e9es dans une sauce saumur\u00e9e pr\u00e9par\u00e9e \u00e0 partir d&#8217;huile de tournesol, de vinaigre de vin, de sel, de paprika piquant et d&#8217;ar\u00f4mes naturels, qui donne une touche \u00e9pic\u00e9e et savoureuse aux conserves. Le produit a g\u00e9n\u00e9ralement un poids net de 120 g, bien que dans diff\u00e9rents magasins le poids \u00e9goutt\u00e9 puisse varier l\u00e9g\u00e8rement (environ 68-69 g). <\/p>","protected":false},"excerpt":{"rendered":"<p>Meow Petites moules au piment marin\u00e9 \u00e9pic\u00e9 13\/18 pi\u00e8ces, 120g Ingr\u00e9dients : Moules (mollusques), huile de tournesol, eau, vinaigre de vin, sel et ar\u00f4mes naturels. Peut contenir des traces de crustac\u00e9s et de poissons. Poids net 115g. Poids net \u00e9goutt\u00e9 68g. Informations nutritionnelles pour 100 grammes : Energie 899kj\/217kcal ; Lipides 17g, dont satur\u00e9s 2.7g [&hellip;]<\/p>\n","protected":false},"featured_media":21723,"comment_status":"open","ping_status":"closed","template":"","meta":{"site-sidebar-layout":"default","site-content-layout":"","ast-site-content-layout":"default","site-content-style":"default","site-sidebar-style":"default","ast-global-header-display":"","ast-banner-title-visibility":"","ast-main-header-display":"","ast-hfb-above-header-display":"","ast-hfb-below-header-display":"","ast-hfb-mobile-header-display":"","site-post-title":"","ast-breadcrumbs-content":"","ast-featured-img":"","footer-sml-layout":"","ast-disable-related-posts":"","theme-transparent-header-meta":"default","adv-header-id-meta":"","stick-header-meta":"","header-above-stick-meta":"","header-main-stick-meta":"","header-below-stick-meta":"","astra-migrate-meta-layouts":"default","ast-page-background-enabled":"default","ast-page-background-meta":{"desktop":{"background-color":"var(--ast-global-color-4)","background-image":"","background-repeat":"repeat","background-position":"center center","background-size":"auto","background-attachment":"scroll","background-type":"","background-media":"","overlay-type":"","overlay-color":"","overlay-opacity":"","overlay-gradient":""},"tablet":{"background-color":"","background-image":"","background-repeat":"repeat","background-position":"center center","background-size":"auto","background-attachment":"scroll","background-type":"","background-media":"","overlay-type":"","overlay-color":"","overlay-opacity":"","overlay-gradient":""},"mobile":{"background-color":"","background-image":"","background-repeat":"repeat","background-position":"center center","background-size":"auto","background-attachment":"scroll","background-type":"","background-media":"","overlay-type":"","overlay-color":"","overlay-opacity":"","overlay-gradient":""}},"ast-content-background-meta":{"desktop":{"background-color":"var(--ast-global-color-5)","background-image":"","background-repeat":"repeat","background-position":"center center","background-size":"auto","background-attachment":"scroll","background-type":"","background-media":"","overlay-type":"","overlay-color":"","overlay-opacity":"","overlay-gradient":""},"tablet":{"background-color":"var(--ast-global-color-5)","background-image":"","background-repeat":"repeat","background-position":"center center","background-size":"auto","background-attachment":"scroll","background-type":"","background-media":"","overlay-type":"","overlay-color":"","overlay-opacity":"","overlay-gradient":""},"mobile":{"background-color":"var(--ast-global-color-5)","background-image":"","background-repeat":"repeat","background-position":"center center","background-size":"auto","background-attachment":"scroll","background-type":"","background-media":"","overlay-type":"","overlay-color":"","overlay-opacity":"","overlay-gradient":""}}},"product_brand":[1133],"product_cat":[265],"product_tag":[],"class_list":{"0":"post-21726","1":"product","2":"type-product","3":"status-publish","4":"has-post-thumbnail","6":"product_brand-miau","7":"product_cat-moules-geantes","8":"desktop-align-left","9":"tablet-align-left","10":"mobile-align-left","12":"first","13":"instock","14":"taxable","15":"shipping-taxable","16":"purchasable","17":"product-type-simple"},"_links":{"self":[{"href":"https:\/\/andalubox.com\/fr\/wp-json\/wp\/v2\/product\/21726","targetHints":{"allow":["GET"]}}],"collection":[{"href":"https:\/\/andalubox.com\/fr\/wp-json\/wp\/v2\/product"}],"about":[{"href":"https:\/\/andalubox.com\/fr\/wp-json\/wp\/v2\/types\/product"}],"replies":[{"embeddable":true,"href":"https:\/\/andalubox.com\/fr\/wp-json\/wp\/v2\/comments?post=21726"}],"wp:featuredmedia":[{"embeddable":true,"href":"https:\/\/andalubox.com\/fr\/wp-json\/wp\/v2\/media\/21723"}],"wp:attachment":[{"href":"https:\/\/andalubox.com\/fr\/wp-json\/wp\/v2\/media?parent=21726"}],"wp:term":[{"taxonomy":"product_brand","embeddable":true,"href":"https:\/\/andalubox.com\/fr\/wp-json\/wp\/v2\/product_brand?post=21726"},{"taxonomy":"product_cat","embeddable":true,"href":"https:\/\/andalubox.com\/fr\/wp-json\/wp\/v2\/product_cat?post=21726"},{"taxonomy":"product_tag","embeddable":true,"href":"https:\/\/andalubox.com\/fr\/wp-json\/wp\/v2\/product_tag?post=21726"}],"curies":[{"name":"wp","href":"https:\/\/api.w.org\/{rel}","templated":true}]}}