{"id":21709,"date":"2025-05-29T12:06:47","date_gmt":"2025-05-29T10:06:47","guid":{"rendered":"https:\/\/andalubox.com\/producto-andaluz\/meow-moules-au-chili-dans-une-sauce-aux-petoncles-13-18-petit-120gr\/"},"modified":"2025-09-17T13:04:41","modified_gmt":"2025-09-17T11:04:41","slug":"meow-moules-au-chili-dans-une-sauce-aux-petoncles-13-18-petit-120gr","status":"publish","type":"product","link":"https:\/\/andalubox.com\/fr\/producto-andaluz\/meow-moules-au-chili-dans-une-sauce-aux-petoncles-13-18-petit-120gr\/","title":{"rendered":"Meow Small Moules au piment dans une sauce aux p\u00e9toncles 13\/18 pi\u00e8ces, 120g"},"content":{"rendered":"<p>Meow Small Moules au piment dans une sauce aux p\u00e9toncles 13\/18 pi\u00e8ces, 120g<\/p>\n<p>Ingr\u00e9dients : Moules (mollusques), concentr\u00e9 de tomates reconstitu\u00e9, huile de tournesol, oignon, sel, sucre, amidon de ma\u00efs modifi\u00e9, ar\u00f4mes naturels et \u00e9pices. Peut contenir des traces de <strong>crustac\u00e9s et de poissons.<\/strong> <\/p>\n<p>Poids net 115g. Poids net \u00e9goutt\u00e9 68g. <\/p>\n<p>Informations nutritionnelles pour 100 grammes : Energie 756kj\/182kcal ; Lipides 14g, dont satur\u00e9s 2.3g ; Glucides 4.3g, dont sucres 1g ; Prot\u00e9ines 9.7g ; Sel 0.88g.<\/p>\n<p>Les <b class=\"Yjhzub\">Miau Mejillones Peque\u00f1os de Chile en Salsa de Vieira 13\/18<\/b> sont des <mark class=\"HxTRcb\">moules chiliennes en conserve de petit calibre (entre 13 et 18 unit\u00e9s par bo\u00eete) produites par la marque <a class=\"GI370e\" href=\"https:\/\/www.google.com\/search?q=Miau&amp;sca_esv=021f25b48a55cba3&amp;rlz=1C1ONGR_esES999ES999&amp;ei=PZTKaJnzNvylkdUPhPjl0As&amp;ved=2ahUKEwiYpPrq0d-PAxVOUaQEHW_UMQgQgK4QegQIARAC&amp;uact=5&amp;oq=Miau+Mejillones+Peque%C3%B1os+de+Chile+en+Salsa+de+Vieira+13%2F18+descripcion+ia&amp;gs_lp=Egxnd3Mtd2l6LXNlcnAiSk1pYXUgTWVqaWxsb25lcyBQZXF1ZcOxb3MgZGUgQ2hpbGUgZW4gU2Fsc2EgZGUgVmllaXJhIDEzLzE4IGRlc2NyaXBjaW9uIGlhSABQAFgAcAB4AJABAJgBAKABAKoBALgBA8gBAPgBAZgCAKACAJgDAJIHAKAHALIHALgHAMIHAMgHAA&amp;sclient=gws-wiz-serp&amp;mstk=AUtExfCv17IWkTWRF4syfICYbt4AhrwakhFS7kFsywO8Jvc5YJMoVK20vuuKfJ9Vegpy5HOrQeN7omLJBjJApFVfRCSwl55mclPYIQoQxF3xYJmuHNqwfq9Xei_0KDW53vXrKyU&amp;csui=3\" target=\"_blank\" rel=\"noopener\" data-wiz-rootname=\"sQeGi\" data-ved=\"2ahUKEwiYpPrq0d-PAxVOUaQEHW_UMQgQgK4QegQIARAC\" data-hveid=\"CAEQAg\">Miau<\/a><\/mark>. Ces moules sont cuites dans une sauce \u00e0 base de tomate, d&#8217;oignon et de saveurs de coquilles Saint-Jacques, de consistance li\u00e9e et de couleur rouge-orange. La sauce est un agr\u00e9able sofrito, id\u00e9al pour tremper le pain, et les moules ont une texture douce et propre avec une saveur d\u00e9licate. Les ingr\u00e9dients typiques sont les moules (mollusques), l&#8217;huile de tournesol, la tomate, l&#8217;oignon, le sel et les \u00e9pices.   <span class=\"\" data-wiz-rootname=\"ohfaMd\"><span class=\"vKEkVd\" data-animation-atomic=\"\"> <\/span><\/span><\/p>\n<ul class=\"W4TX6e\" data-processed=\"true\">\n\t<li data-processed=\"true\"><span class=\"ymCSIb\" data-hveid=\"CAMQAA\" data-processed=\"true\"><span class=\"dsyJjd\" data-processed=\"true\"><span class=\"T286Pc\" data-processed=\"true\">Origine : <\/span><\/span>Ils proviennent des c\u00f4tes du Chili.<span class=\"\" data-wiz-rootname=\"ohfaMd\" data-processed=\"true\"><span class=\"vKEkVd\" data-animation-atomic=\"\" data-processed=\"true\"> <button class=\"rBl3me\" tabindex=\"0\" data-amic=\"true\" data-icl-uuid=\"203dab2a-3f6d-4f3d-bc4b-60c74f97cece\" aria-label=\"Ver enlaces relacionados\" data-ved=\"2ahUKEwiYpPrq0d-PAxVOUaQEHW_UMQgQye0OegQIAxAB\" data-processed=\"true\"><\/button><\/span><\/span><\/span><\/li>\n\t<li data-processed=\"true\"><span class=\"ymCSIb\" data-hveid=\"CAMQAg\" data-processed=\"true\"><span class=\"dsyJjd\" data-processed=\"true\"><span class=\"T286Pc\" data-processed=\"true\">Taille : <\/span><\/span>Petites moules, avec 13 \u00e0 18 moules par bo\u00eete.<span class=\"\" data-wiz-rootname=\"ohfaMd\" data-processed=\"true\"><span class=\"vKEkVd\" data-animation-atomic=\"\" data-processed=\"true\"> <button class=\"rBl3me\" tabindex=\"0\" data-amic=\"true\" data-icl-uuid=\"0588c936-b392-48ab-991c-64a26bee6eb0\" aria-label=\"Ver enlaces relacionados\" data-ved=\"2ahUKEwiYpPrq0d-PAxVOUaQEHW_UMQgQye0OegQIAxAD\" data-processed=\"true\"><\/button><\/span><\/span><\/span><\/li>\n\t<li data-processed=\"true\"><span class=\"ymCSIb\" data-hveid=\"CAMQBA\" data-processed=\"true\"><span class=\"dsyJjd\" data-processed=\"true\"><span class=\"T286Pc\" data-processed=\"true\">Sauce : <\/span><\/span>\u00c9labor\u00e9e \u00e0 partir d&#8217;un m\u00e9lange de tomates, d&#8217;oignons et d&#8217;autres ar\u00f4mes, avec une touche de coquille Saint-Jacques.<span class=\"\" data-wiz-rootname=\"ohfaMd\" data-processed=\"true\"><span class=\"vKEkVd\" data-animation-atomic=\"\" data-processed=\"true\"> <button class=\"rBl3me\" tabindex=\"0\" data-amic=\"true\" data-icl-uuid=\"04f08629-18df-4501-b7df-510f5f0ab262\" aria-label=\"Ver enlaces relacionados\" data-ved=\"2ahUKEwiYpPrq0d-PAxVOUaQEHW_UMQgQye0OegQIAxAF\" data-processed=\"true\"><\/button><\/span><\/span><\/span><\/li>\n\t<li data-processed=\"true\"><span class=\"ymCSIb\" data-hveid=\"CAMQBg\" data-processed=\"true\"><span class=\"dsyJjd\" data-processed=\"true\"><span class=\"T286Pc\" data-processed=\"true\">Texture et saveur : <\/span><\/span>Les moules sont tendres et la sauce, l\u00e9g\u00e8rement \u00e9paissie, a un agr\u00e9able go\u00fbt de saut\u00e9.<span class=\"\" data-wiz-rootname=\"ohfaMd\" data-processed=\"true\"><span class=\"vKEkVd\" data-animation-atomic=\"\" data-processed=\"true\"> <button class=\"rBl3me\" tabindex=\"0\" data-amic=\"true\" data-icl-uuid=\"0661dbfd-f015-4f81-a7c0-b0de97cef950\" aria-label=\"Ver enlaces relacionados\" data-ved=\"2ahUKEwiYpPrq0d-PAxVOUaQEHW_UMQgQye0OegQIAxAH\" data-processed=\"true\"><\/button><\/span><\/span><\/span><\/li>\n\t<li data-processed=\"true\"><span class=\"ymCSIb\" data-hveid=\"CAMQCA\" data-processed=\"true\"><span class=\"dsyJjd\" data-processed=\"true\"><span class=\"T286Pc\" data-processed=\"true\">Utilisations : <\/span><\/span>Une sauce tr\u00e8s savoureuse qui est particuli\u00e8rement appr\u00e9ci\u00e9e si l&#8217;on y trempe du pain.<span class=\"\" data-wiz-rootname=\"ohfaMd\" data-processed=\"true\"><span class=\"vKEkVd\" data-animation-atomic=\"\" data-processed=\"true\"> <\/span><\/span><\/span><\/li>\n<\/ul>","protected":false},"excerpt":{"rendered":"<p>Meow Small Moules au piment dans une sauce aux p\u00e9toncles 13\/18 pi\u00e8ces, 120g Ingr\u00e9dients : Moules (mollusques), concentr\u00e9 de tomates reconstitu\u00e9, huile de tournesol, oignon, sel, sucre, amidon de ma\u00efs modifi\u00e9, ar\u00f4mes naturels et \u00e9pices. Peut contenir des traces de crustac\u00e9s et de poissons. Poids net 115g. Poids net \u00e9goutt\u00e9 68g. Informations nutritionnelles pour 100 [&hellip;]<\/p>\n","protected":false},"featured_media":29998,"template":"","meta":{"site-sidebar-layout":"default","site-content-layout":"","ast-site-content-layout":"default","site-content-style":"default","site-sidebar-style":"default","ast-global-header-display":"","ast-banner-title-visibility":"","ast-main-header-display":"","ast-hfb-above-header-display":"","ast-hfb-below-header-display":"","ast-hfb-mobile-header-display":"","site-post-title":"","ast-breadcrumbs-content":"","ast-featured-img":"","footer-sml-layout":"","ast-disable-related-posts":"","theme-transparent-header-meta":"default","adv-header-id-meta":"","stick-header-meta":"","header-above-stick-meta":"","header-main-stick-meta":"","header-below-stick-meta":"","astra-migrate-meta-layouts":"default","ast-page-background-enabled":"default","ast-page-background-meta":{"desktop":{"background-color":"var(--ast-global-color-4)","background-image":"","background-repeat":"repeat","background-position":"center center","background-size":"auto","background-attachment":"scroll","background-type":"","background-media":"","overlay-type":"","overlay-color":"","overlay-opacity":"","overlay-gradient":""},"tablet":{"background-color":"","background-image":"","background-repeat":"repeat","background-position":"center center","background-size":"auto","background-attachment":"scroll","background-type":"","background-media":"","overlay-type":"","overlay-color":"","overlay-opacity":"","overlay-gradient":""},"mobile":{"background-color":"","background-image":"","background-repeat":"repeat","background-position":"center center","background-size":"auto","background-attachment":"scroll","background-type":"","background-media":"","overlay-type":"","overlay-color":"","overlay-opacity":"","overlay-gradient":""}},"ast-content-background-meta":{"desktop":{"background-color":"var(--ast-global-color-5)","background-image":"","background-repeat":"repeat","background-position":"center center","background-size":"auto","background-attachment":"scroll","background-type":"","background-media":"","overlay-type":"","overlay-color":"","overlay-opacity":"","overlay-gradient":""},"tablet":{"background-color":"var(--ast-global-color-5)","background-image":"","background-repeat":"repeat","background-position":"center center","background-size":"auto","background-attachment":"scroll","background-type":"","background-media":"","overlay-type":"","overlay-color":"","overlay-opacity":"","overlay-gradient":""},"mobile":{"background-color":"var(--ast-global-color-5)","background-image":"","background-repeat":"repeat","background-position":"center center","background-size":"auto","background-attachment":"scroll","background-type":"","background-media":"","overlay-type":"","overlay-color":"","overlay-opacity":"","overlay-gradient":""}}},"product_brand":[1133],"product_cat":[265],"product_tag":[],"class_list":{"0":"post-21709","1":"product","2":"type-product","3":"status-publish","4":"has-post-thumbnail","6":"product_brand-miau","7":"product_cat-moules-geantes","8":"desktop-align-left","9":"tablet-align-left","10":"mobile-align-left","12":"first","13":"instock","14":"taxable","15":"shipping-taxable","16":"purchasable","17":"product-type-simple"},"_links":{"self":[{"href":"https:\/\/andalubox.com\/fr\/wp-json\/wp\/v2\/product\/21709","targetHints":{"allow":["GET"]}}],"collection":[{"href":"https:\/\/andalubox.com\/fr\/wp-json\/wp\/v2\/product"}],"about":[{"href":"https:\/\/andalubox.com\/fr\/wp-json\/wp\/v2\/types\/product"}],"wp:featuredmedia":[{"embeddable":true,"href":"https:\/\/andalubox.com\/fr\/wp-json\/wp\/v2\/media\/29998"}],"wp:attachment":[{"href":"https:\/\/andalubox.com\/fr\/wp-json\/wp\/v2\/media?parent=21709"}],"wp:term":[{"taxonomy":"product_brand","embeddable":true,"href":"https:\/\/andalubox.com\/fr\/wp-json\/wp\/v2\/product_brand?post=21709"},{"taxonomy":"product_cat","embeddable":true,"href":"https:\/\/andalubox.com\/fr\/wp-json\/wp\/v2\/product_cat?post=21709"},{"taxonomy":"product_tag","embeddable":true,"href":"https:\/\/andalubox.com\/fr\/wp-json\/wp\/v2\/product_tag?post=21709"}],"curies":[{"name":"wp","href":"https:\/\/api.w.org\/{rel}","templated":true}]}}