{"id":21700,"date":"2025-05-29T11:55:56","date_gmt":"2025-05-29T09:55:56","guid":{"rendered":"https:\/\/andalubox.com\/producto-andaluz\/noix-de-saint-jacques-meow-a-la-sauce-viera-avec-de-lhuile-de-tournesol-120g\/"},"modified":"2025-07-22T13:11:31","modified_gmt":"2025-07-22T11:11:31","slug":"noix-de-saint-jacques-meow-a-la-sauce-viera-avec-de-lhuile-de-tournesol-120g","status":"publish","type":"product","link":"https:\/\/andalubox.com\/fr\/producto-andaluz\/noix-de-saint-jacques-meow-a-la-sauce-viera-avec-de-lhuile-de-tournesol-120g\/","title":{"rendered":"Coquilles Saint-Jacques en sauce \u00e0 l&#8217;huile de tournesol, 120g"},"content":{"rendered":"<p>Coquilles Saint-Jacques en sauce \u00e0 l&#8217;huile de tournesol, 120g<\/p>\n<p>Conservas Miau est une marque espagnole avec plus d&#8217;un si\u00e8cle de tradition, connue pour ses conserves de poisson et de fruits de mer de haute qualit\u00e9. Fond\u00e9e en 1873 par Bernardo Alfageme dans les Asturies, la marque a \u00e9t\u00e9 consolid\u00e9e \u00e0 Vigo, en Galice, avec une usine embl\u00e9matique construite en 1928. Elle offre une grande vari\u00e9t\u00e9 de produits, tels que le calmar \u00e0 l&#8217;encre, le calmar \u00e0 la sauce am\u00e9ricaine, le thon p\u00e2le, le thon blanc, le thon blanc, les moules, les sardines et les anchois, disponibles dans des formats tels que l&#8217;huile d&#8217;olive, l&#8217;escab\u00e8che ou la sauce tomate.  <\/p>\n<p>Vous pouvez les trouver dans les magasins physiques ANDALUBOX \u00e0 S\u00e9ville.<\/p>\n<p>Ingr\u00e9dients : Coquilles Saint-Jacques (mollusques), tomate, huile de tournesol (12%), oignon, poivre rouge, \u00e9pices et sel.<\/p>\n<p>Poids net 111g. Poids net \u00e9goutt\u00e9 65g. <\/p>\n<p>Informations nutritionnelles pour 100g : Energie 695kj\/167kcal ; Graisses 12g, dont satur\u00e9es 1.8g ; Glucides 1.3g, dont sucres 0g ; Prot\u00e9ines 13g ; Sel 0.95g.<\/p>","protected":false},"excerpt":{"rendered":"<p>Coquilles Saint-Jacques en sauce \u00e0 l&#8217;huile de tournesol, 120g pour l&#8217;exportation vers l&#8217;Europe.<\/p>\n","protected":false},"featured_media":30023,"template":"","meta":{"site-sidebar-layout":"default","site-content-layout":"","ast-site-content-layout":"default","site-content-style":"default","site-sidebar-style":"default","ast-global-header-display":"","ast-banner-title-visibility":"","ast-main-header-display":"","ast-hfb-above-header-display":"","ast-hfb-below-header-display":"","ast-hfb-mobile-header-display":"","site-post-title":"","ast-breadcrumbs-content":"","ast-featured-img":"","footer-sml-layout":"","ast-disable-related-posts":"","theme-transparent-header-meta":"default","adv-header-id-meta":"","stick-header-meta":"","header-above-stick-meta":"","header-main-stick-meta":"","header-below-stick-meta":"","astra-migrate-meta-layouts":"default","ast-page-background-enabled":"default","ast-page-background-meta":{"desktop":{"background-color":"var(--ast-global-color-4)","background-image":"","background-repeat":"repeat","background-position":"center center","background-size":"auto","background-attachment":"scroll","background-type":"","background-media":"","overlay-type":"","overlay-color":"","overlay-opacity":"","overlay-gradient":""},"tablet":{"background-color":"","background-image":"","background-repeat":"repeat","background-position":"center center","background-size":"auto","background-attachment":"scroll","background-type":"","background-media":"","overlay-type":"","overlay-color":"","overlay-opacity":"","overlay-gradient":""},"mobile":{"background-color":"","background-image":"","background-repeat":"repeat","background-position":"center center","background-size":"auto","background-attachment":"scroll","background-type":"","background-media":"","overlay-type":"","overlay-color":"","overlay-opacity":"","overlay-gradient":""}},"ast-content-background-meta":{"desktop":{"background-color":"var(--ast-global-color-5)","background-image":"","background-repeat":"repeat","background-position":"center center","background-size":"auto","background-attachment":"scroll","background-type":"","background-media":"","overlay-type":"","overlay-color":"","overlay-opacity":"","overlay-gradient":""},"tablet":{"background-color":"var(--ast-global-color-5)","background-image":"","background-repeat":"repeat","background-position":"center center","background-size":"auto","background-attachment":"scroll","background-type":"","background-media":"","overlay-type":"","overlay-color":"","overlay-opacity":"","overlay-gradient":""},"mobile":{"background-color":"var(--ast-global-color-5)","background-image":"","background-repeat":"repeat","background-position":"center center","background-size":"auto","background-attachment":"scroll","background-type":"","background-media":"","overlay-type":"","overlay-color":"","overlay-opacity":"","overlay-gradient":""}}},"product_brand":[1133],"product_cat":[278],"product_tag":[],"class_list":{"0":"post-21700","1":"product","2":"type-product","3":"status-publish","4":"has-post-thumbnail","6":"product_brand-miau","7":"product_cat-autre-chose","8":"desktop-align-left","9":"tablet-align-left","10":"mobile-align-left","12":"first","13":"instock","14":"taxable","15":"shipping-taxable","16":"purchasable","17":"product-type-simple"},"_links":{"self":[{"href":"https:\/\/andalubox.com\/fr\/wp-json\/wp\/v2\/product\/21700","targetHints":{"allow":["GET"]}}],"collection":[{"href":"https:\/\/andalubox.com\/fr\/wp-json\/wp\/v2\/product"}],"about":[{"href":"https:\/\/andalubox.com\/fr\/wp-json\/wp\/v2\/types\/product"}],"wp:featuredmedia":[{"embeddable":true,"href":"https:\/\/andalubox.com\/fr\/wp-json\/wp\/v2\/media\/30023"}],"wp:attachment":[{"href":"https:\/\/andalubox.com\/fr\/wp-json\/wp\/v2\/media?parent=21700"}],"wp:term":[{"taxonomy":"product_brand","embeddable":true,"href":"https:\/\/andalubox.com\/fr\/wp-json\/wp\/v2\/product_brand?post=21700"},{"taxonomy":"product_cat","embeddable":true,"href":"https:\/\/andalubox.com\/fr\/wp-json\/wp\/v2\/product_cat?post=21700"},{"taxonomy":"product_tag","embeddable":true,"href":"https:\/\/andalubox.com\/fr\/wp-json\/wp\/v2\/product_tag?post=21700"}],"curies":[{"name":"wp","href":"https:\/\/api.w.org\/{rel}","templated":true}]}}