{"id":21655,"date":"2025-05-29T10:39:21","date_gmt":"2025-05-29T08:39:21","guid":{"rendered":"https:\/\/andalubox.com\/producto-andaluz\/thon-blanc-au-vinaigre-120gr\/"},"modified":"2025-09-17T13:16:50","modified_gmt":"2025-09-17T11:16:50","slug":"thon-blanc-au-vinaigre-120gr","status":"publish","type":"product","link":"https:\/\/andalubox.com\/fr\/producto-andaluz\/thon-blanc-au-vinaigre-120gr\/","title":{"rendered":"Thon blanc au vinaigre de Meow, 120g"},"content":{"rendered":"<h2>Thon blanc au vinaigre de Meow, 120g<\/h2>\n<p><strong>Ingr\u00e9dients :<\/strong> Thon blanc, huile de tournesol, vinaigre de vin, sel et \u00e9pices.  <\/p>\n<p>Naturels, sans conservateurs ni colorants et \u00e0 haute teneur en prot\u00e9ines.<\/p>\n<p>Poids net : 111g. Poids net \u00e9goutt\u00e9 : 72g.<\/p>\n<h2 class=\"mb-2 mt-4 font-display font-semimedium text-base first:mt-0\">Caract\u00e9ristiques nutritionnelles<\/h2>\n<p class=\"my-2 [&amp;+p]:mt-4 [&amp;_strong:has(+br)]:inline-block [&amp;_strong:has(+br)]:pb-2\">Le produit est remarquable pour sa teneur en prot\u00e9ines et sa faible teneur en ingr\u00e9dients artificiels. Bien que la composition nutritionnelle sp\u00e9cifique de cette marque ne soit pas d\u00e9taill\u00e9e, les donn\u00e9es tendent \u00e0 \u00eatre similaires \u00e0 celles de produits en conserve similaires, \u00e0 savoir environ 22-28 g de prot\u00e9ines pour 100 g, 3,9-7,8 g de mati\u00e8res grasses et une faible teneur en hydrates de carbone.<\/p>\n<p>&nbsp;<\/p>\n<p>&nbsp;<\/p>","protected":false},"excerpt":{"rendered":"<p>Thon blanc au vinaigre de Meow, 120g Ingr\u00e9dients : Thon blanc, huile de tournesol, vinaigre de vin, sel et \u00e9pices. Naturels, sans conservateurs ni colorants et \u00e0 haute teneur en prot\u00e9ines. Poids net : 111g. Poids net \u00e9goutt\u00e9 : 72g. Caract\u00e9ristiques nutritionnelles Le produit est remarquable pour sa teneur en prot\u00e9ines et sa faible teneur [&hellip;]<\/p>\n","protected":false},"featured_media":31456,"comment_status":"open","ping_status":"closed","template":"","meta":{"site-sidebar-layout":"default","site-content-layout":"","ast-site-content-layout":"default","site-content-style":"default","site-sidebar-style":"default","ast-global-header-display":"","ast-banner-title-visibility":"","ast-main-header-display":"","ast-hfb-above-header-display":"","ast-hfb-below-header-display":"","ast-hfb-mobile-header-display":"","site-post-title":"","ast-breadcrumbs-content":"","ast-featured-img":"","footer-sml-layout":"","ast-disable-related-posts":"","theme-transparent-header-meta":"default","adv-header-id-meta":"","stick-header-meta":"","header-above-stick-meta":"","header-main-stick-meta":"","header-below-stick-meta":"","astra-migrate-meta-layouts":"default","ast-page-background-enabled":"default","ast-page-background-meta":{"desktop":{"background-color":"var(--ast-global-color-4)","background-image":"","background-repeat":"repeat","background-position":"center center","background-size":"auto","background-attachment":"scroll","background-type":"","background-media":"","overlay-type":"","overlay-color":"","overlay-opacity":"","overlay-gradient":""},"tablet":{"background-color":"","background-image":"","background-repeat":"repeat","background-position":"center center","background-size":"auto","background-attachment":"scroll","background-type":"","background-media":"","overlay-type":"","overlay-color":"","overlay-opacity":"","overlay-gradient":""},"mobile":{"background-color":"","background-image":"","background-repeat":"repeat","background-position":"center center","background-size":"auto","background-attachment":"scroll","background-type":"","background-media":"","overlay-type":"","overlay-color":"","overlay-opacity":"","overlay-gradient":""}},"ast-content-background-meta":{"desktop":{"background-color":"var(--ast-global-color-5)","background-image":"","background-repeat":"repeat","background-position":"center center","background-size":"auto","background-attachment":"scroll","background-type":"","background-media":"","overlay-type":"","overlay-color":"","overlay-opacity":"","overlay-gradient":""},"tablet":{"background-color":"var(--ast-global-color-5)","background-image":"","background-repeat":"repeat","background-position":"center center","background-size":"auto","background-attachment":"scroll","background-type":"","background-media":"","overlay-type":"","overlay-color":"","overlay-opacity":"","overlay-gradient":""},"mobile":{"background-color":"var(--ast-global-color-5)","background-image":"","background-repeat":"repeat","background-position":"center center","background-size":"auto","background-attachment":"scroll","background-type":"","background-media":"","overlay-type":"","overlay-color":"","overlay-opacity":"","overlay-gradient":""}}},"product_brand":[1133],"product_cat":[],"product_tag":[],"class_list":{"0":"post-21655","1":"product","2":"type-product","3":"status-publish","4":"has-post-thumbnail","6":"product_brand-miau","7":"desktop-align-left","8":"tablet-align-left","9":"mobile-align-left","11":"first","12":"instock","13":"taxable","14":"shipping-taxable","15":"purchasable","16":"product-type-simple"},"_links":{"self":[{"href":"https:\/\/andalubox.com\/fr\/wp-json\/wp\/v2\/product\/21655","targetHints":{"allow":["GET"]}}],"collection":[{"href":"https:\/\/andalubox.com\/fr\/wp-json\/wp\/v2\/product"}],"about":[{"href":"https:\/\/andalubox.com\/fr\/wp-json\/wp\/v2\/types\/product"}],"replies":[{"embeddable":true,"href":"https:\/\/andalubox.com\/fr\/wp-json\/wp\/v2\/comments?post=21655"}],"wp:featuredmedia":[{"embeddable":true,"href":"https:\/\/andalubox.com\/fr\/wp-json\/wp\/v2\/media\/31456"}],"wp:attachment":[{"href":"https:\/\/andalubox.com\/fr\/wp-json\/wp\/v2\/media?parent=21655"}],"wp:term":[{"taxonomy":"product_brand","embeddable":true,"href":"https:\/\/andalubox.com\/fr\/wp-json\/wp\/v2\/product_brand?post=21655"},{"taxonomy":"product_cat","embeddable":true,"href":"https:\/\/andalubox.com\/fr\/wp-json\/wp\/v2\/product_cat?post=21655"},{"taxonomy":"product_tag","embeddable":true,"href":"https:\/\/andalubox.com\/fr\/wp-json\/wp\/v2\/product_tag?post=21655"}],"curies":[{"name":"wp","href":"https:\/\/api.w.org\/{rel}","templated":true}]}}