{"id":21603,"date":"2025-05-27T22:51:44","date_gmt":"2025-05-27T20:51:44","guid":{"rendered":"https:\/\/andalubox.com\/producto-andaluz\/vinaigre-de-xeres-solera-77-75cl\/"},"modified":"2025-09-17T15:00:02","modified_gmt":"2025-09-17T13:00:02","slug":"vinaigre-de-xeres-solera-77-75cl","status":"publish","type":"product","link":"https:\/\/andalubox.com\/fr\/producto-andaluz\/vinaigre-de-xeres-solera-77-75cl\/","title":{"rendered":"Solera 77 Vinaigre de X\u00e9r\u00e8s D.O.P. Jerez, 75cl"},"content":{"rendered":"<div class=\"flex-shrink-0 flex flex-col relative items-end\">\n<div>\n<div class=\"pt-0\">\n<div class=\"gizmo-bot-avatar flex h-8 w-8 items-center justify-center overflow-hidden rounded-full\">\n<div class=\"relative p-1 rounded-sm flex items-center justify-center bg-token-main-surface-primary text-token-text-primary h-8 w-8\"><strong>Solera 77 Vinaigre de X\u00e9r\u00e8s D.O.P. Jerez, 75cl<\/strong><\/div>\n<div class=\"relative p-1 rounded-sm flex items-center justify-center bg-token-main-surface-primary text-token-text-primary h-8 w-8\">Le <strong>Vinagre de Jerez Solera 77<\/strong> est un vinaigre gourmet originaire d&#8217;Espagne, r\u00e9put\u00e9 pour sa qualit\u00e9 exceptionnelle et son processus de production traditionnel. Ce vinaigre est id\u00e9al pour ceux qui recherchent un condiment de caract\u00e8re, profond et polyvalent dans la cuisine. <\/div>\n<\/div>\n<\/div>\n<\/div>\n<\/div>\n<div class=\"group\/conversation-turn relative flex w-full min-w-0 flex-col agent-turn\">\n<div class=\"flex-col gap-1 md:gap-3\">\n<div class=\"flex max-w-full flex-col flex-grow\">\n<div class=\"min-h-8 text-message flex w-full flex-col items-end gap-2 whitespace-normal break-words text-start [.text-message+&amp;]:mt-5\" dir=\"auto\" data-message-author-role=\"assistant\" data-message-id=\"ab878f95-a04e-4742-87f2-1cb594c1c93d\" data-message-model-slug=\"gpt-4o\">\n<div class=\"flex w-full flex-col gap-1 empty:hidden first:pt-[3px]\">\n<div class=\"markdown prose w-full break-words dark:prose-invert light\">\n<h3>Caract\u00e9ristiques principales :<\/h3>\n<ul>\n\t<li><strong>Origine :<\/strong> \u00c9labor\u00e9 \u00e0 partir de vins s\u00e9lectionn\u00e9s de qualit\u00e9 sup\u00e9rieure, selon le syst\u00e8me des criaderas et soleras, une m\u00e9thode traditionnelle espagnole.<\/li>\n\t<li><strong>Vieillissement :<\/strong> Vieillissement pendant des ann\u00e9es en f\u00fbts de ch\u00eane, ce qui ajoute de la complexit\u00e9 et une texture douce et \u00e9quilibr\u00e9e.<\/li>\n\t<li><strong>Bouche :<\/strong> Intens\u00e9ment aromatique, avec des notes de bois, de fruits secs et une l\u00e9g\u00e8re touche sucr\u00e9e qui compl\u00e8te son acidit\u00e9 bien int\u00e9gr\u00e9e.<\/li>\n\t<li><strong>Couleur :<\/strong> Couleur sombre, avec des nuances ambr\u00e9es et des reflets brillants, caract\u00e9ristiques des vinaigres vieillis.<\/li>\n<\/ul>\n<h3>Utilisations culinaires :<\/h3>\n<ul>\n\t<li><strong>Salades :<\/strong> rehausse la saveur des ingr\u00e9dients frais dans des vinaigrettes sophistiqu\u00e9es.<\/li>\n\t<li><strong>Marinades :<\/strong> donne de la profondeur \u00e0 la viande, au poisson et aux l\u00e9gumes.<\/li>\n\t<li><strong>R\u00e9ductions :<\/strong> Id\u00e9al pour cr\u00e9er des sauces aux saveurs concentr\u00e9es et \u00e9l\u00e9gantes.<\/li>\n\t<li><strong>Plats gastronomiques :<\/strong> il compl\u00e8te les recettes de haute cuisine gr\u00e2ce \u00e0 sa complexit\u00e9 et \u00e0 son ar\u00f4me unique.<\/li>\n<\/ul>\n<p><strong>Vinagre de Jerez Solera 77<\/strong> est un condiment qui transforme les plats de tous les jours en exp\u00e9riences culinaires exceptionnelles, parfait pour les amateurs de cuisine et les chefs professionnels.<\/p>\n<\/div>\n<\/div>\n<\/div>\n<\/div>\n<\/div>\n<\/div>\n<h2>Informations compl\u00e9mentaires<\/h2>\n<table class=\"woocommerce-product-attributes shop_attributes\" aria-label=\"Detalles del producto\">\n<tbody>\n<tr class=\"woocommerce-product-attributes-item woocommerce-product-attributes-item--attribute_pa_elaborador\">\n<th class=\"woocommerce-product-attributes-item__label\" scope=\"row\">Processeur Processeur<\/th>\n<td class=\"woocommerce-product-attributes-item__value\">\n<p><a href=\"https:\/\/monlacata.es\/elaborador\/vinagresdesanlucarvidesan\/\" rel=\"tag noopener\" target=\"_blank\">Vinaigres de Sanl\u00facar VIDESAN<\/a><\/p>\n<\/td>\n<\/tr>\n<tr class=\"woocommerce-product-attributes-item woocommerce-product-attributes-item--attribute_pa_do\">\n<th class=\"woocommerce-product-attributes-item__label\" scope=\"row\">D.O.<\/th>\n<td class=\"woocommerce-product-attributes-item__value\">\n<p><a href=\"https:\/\/monlacata.es\/do\/vinagresdejerezdo\/\" rel=\"tag noopener\" target=\"_blank\">Vinaigres de X\u00e9r\u00e8s D.O.<\/a><\/p>\n<\/td>\n<\/tr>\n<tr class=\"woocommerce-product-attributes-item woocommerce-product-attributes-item--attribute_pa_formatoenml\">\n<th class=\"woocommerce-product-attributes-item__label\" scope=\"row\">Format en ml<\/th>\n<td class=\"woocommerce-product-attributes-item__value\">\n<p><a href=\"https:\/\/monlacata.es\/formatoenml\/750\/\" rel=\"tag noopener\" target=\"_blank\">750<\/a><\/p>\n<\/td>\n<\/tr>\n<tr class=\"woocommerce-product-attributes-item woocommerce-product-attributes-item--attribute_pa_pais\">\n<th class=\"woocommerce-product-attributes-item__label\" scope=\"row\">Pays<\/th>\n<td class=\"woocommerce-product-attributes-item__value\">\n<p><a href=\"https:\/\/monlacata.es\/pais\/espana\/\" rel=\"tag noopener\" target=\"_blank\">Espagne<\/a><\/p>\n<\/td>\n<\/tr>\n<tr class=\"woocommerce-product-attributes-item woocommerce-product-attributes-item--attribute_pa_pueblociudad\">\n<th class=\"woocommerce-product-attributes-item__label\" scope=\"row\">Ville<\/th>\n<td class=\"woocommerce-product-attributes-item__value\">\n<p><a href=\"https:\/\/monlacata.es\/pueblociudad\/sanlucardebarramedacadiz\/\" rel=\"tag noopener\" target=\"_blank\">Sanl\u00facar de Barrameda (Cadix)<\/a><\/p>\n<\/td>\n<\/tr>\n<\/tbody>\n<\/table>","protected":false},"excerpt":{"rendered":"<p>Solera 77 Vinaigre de X\u00e9r\u00e8s D.O.P. Jerez, 75cl Le Vinagre de Jerez Solera 77 est un vinaigre gourmet originaire d&#8217;Espagne, r\u00e9put\u00e9 pour sa qualit\u00e9 exceptionnelle et son processus de production traditionnel. Ce vinaigre est id\u00e9al pour ceux qui recherchent un condiment de caract\u00e8re, profond et polyvalent dans la cuisine. Caract\u00e9ristiques principales : Origine : \u00c9labor\u00e9 [&hellip;]<\/p>\n","protected":false},"featured_media":21620,"comment_status":"open","ping_status":"closed","template":"","meta":{"site-sidebar-layout":"default","site-content-layout":"","ast-site-content-layout":"default","site-content-style":"default","site-sidebar-style":"default","ast-global-header-display":"","ast-banner-title-visibility":"","ast-main-header-display":"","ast-hfb-above-header-display":"","ast-hfb-below-header-display":"","ast-hfb-mobile-header-display":"","site-post-title":"","ast-breadcrumbs-content":"","ast-featured-img":"","footer-sml-layout":"","ast-disable-related-posts":"","theme-transparent-header-meta":"default","adv-header-id-meta":"","stick-header-meta":"","header-above-stick-meta":"","header-main-stick-meta":"","header-below-stick-meta":"","astra-migrate-meta-layouts":"default","ast-page-background-enabled":"default","ast-page-background-meta":{"desktop":{"background-color":"var(--ast-global-color-4)","background-image":"","background-repeat":"repeat","background-position":"center center","background-size":"auto","background-attachment":"scroll","background-type":"","background-media":"","overlay-type":"","overlay-color":"","overlay-opacity":"","overlay-gradient":""},"tablet":{"background-color":"","background-image":"","background-repeat":"repeat","background-position":"center center","background-size":"auto","background-attachment":"scroll","background-type":"","background-media":"","overlay-type":"","overlay-color":"","overlay-opacity":"","overlay-gradient":""},"mobile":{"background-color":"","background-image":"","background-repeat":"repeat","background-position":"center center","background-size":"auto","background-attachment":"scroll","background-type":"","background-media":"","overlay-type":"","overlay-color":"","overlay-opacity":"","overlay-gradient":""}},"ast-content-background-meta":{"desktop":{"background-color":"var(--ast-global-color-5)","background-image":"","background-repeat":"repeat","background-position":"center center","background-size":"auto","background-attachment":"scroll","background-type":"","background-media":"","overlay-type":"","overlay-color":"","overlay-opacity":"","overlay-gradient":""},"tablet":{"background-color":"var(--ast-global-color-5)","background-image":"","background-repeat":"repeat","background-position":"center center","background-size":"auto","background-attachment":"scroll","background-type":"","background-media":"","overlay-type":"","overlay-color":"","overlay-opacity":"","overlay-gradient":""},"mobile":{"background-color":"var(--ast-global-color-5)","background-image":"","background-repeat":"repeat","background-position":"center center","background-size":"auto","background-attachment":"scroll","background-type":"","background-media":"","overlay-type":"","overlay-color":"","overlay-opacity":"","overlay-gradient":""}}},"product_brand":[],"product_cat":[304],"product_tag":[591],"class_list":{"0":"post-21603","1":"product","2":"type-product","3":"status-publish","4":"has-post-thumbnail","6":"product_cat-vinaigre","7":"product_tag-vinaigre-de-xeres-andalou","8":"desktop-align-left","9":"tablet-align-left","10":"mobile-align-left","12":"first","13":"instock","14":"taxable","15":"shipping-taxable","16":"purchasable","17":"product-type-simple"},"_links":{"self":[{"href":"https:\/\/andalubox.com\/fr\/wp-json\/wp\/v2\/product\/21603","targetHints":{"allow":["GET"]}}],"collection":[{"href":"https:\/\/andalubox.com\/fr\/wp-json\/wp\/v2\/product"}],"about":[{"href":"https:\/\/andalubox.com\/fr\/wp-json\/wp\/v2\/types\/product"}],"replies":[{"embeddable":true,"href":"https:\/\/andalubox.com\/fr\/wp-json\/wp\/v2\/comments?post=21603"}],"wp:featuredmedia":[{"embeddable":true,"href":"https:\/\/andalubox.com\/fr\/wp-json\/wp\/v2\/media\/21620"}],"wp:attachment":[{"href":"https:\/\/andalubox.com\/fr\/wp-json\/wp\/v2\/media?parent=21603"}],"wp:term":[{"taxonomy":"product_brand","embeddable":true,"href":"https:\/\/andalubox.com\/fr\/wp-json\/wp\/v2\/product_brand?post=21603"},{"taxonomy":"product_cat","embeddable":true,"href":"https:\/\/andalubox.com\/fr\/wp-json\/wp\/v2\/product_cat?post=21603"},{"taxonomy":"product_tag","embeddable":true,"href":"https:\/\/andalubox.com\/fr\/wp-json\/wp\/v2\/product_tag?post=21603"}],"curies":[{"name":"wp","href":"https:\/\/api.w.org\/{rel}","templated":true}]}}