{"id":21579,"date":"2025-05-27T22:30:44","date_gmt":"2025-05-27T20:30:44","guid":{"rendered":"https:\/\/andalubox.com\/producto-andaluz\/solera-77-vinaigre-de-xeres-reserva-250ml\/"},"modified":"2025-09-17T15:11:59","modified_gmt":"2025-09-17T13:11:59","slug":"solera-77-vinaigre-de-xeres-reserva-250ml","status":"publish","type":"product","link":"https:\/\/andalubox.com\/fr\/producto-andaluz\/solera-77-vinaigre-de-xeres-reserva-250ml\/","title":{"rendered":"Solera 77 Vinaigre de X\u00e9r\u00e8s Reserva D.O.P. Jerez, 250ml"},"content":{"rendered":"<p>Solera 77 Vinaigre de X\u00e9r\u00e8s Reserva D.O.P. Jerez, 250ml<\/p>\n<p><b>Solera 77 Vinaigre de X\u00e9r\u00e8s Reserva D.O.P. Jerez, 250ml.<\/b><\/p>\n<hr>\n<p>Il s&#8217;agit d&#8217;un vinaigre de X\u00e9r\u00e8s b\u00e9n\u00e9ficiant de l&#8217;<b>Appellation d&#8217;Origine Prot\u00e9g\u00e9e (A.O.P.) Jerez<\/b>, qui garantit qu&#8217;il a \u00e9t\u00e9 \u00e9labor\u00e9 selon des m\u00e9thodes traditionnelles et dans la r\u00e9gion de Jerez, en Espagne.<\/p>\n<h3>Caract\u00e9ristiques principales<\/h3>\n<ul>\n\t<li>\n<p><b>Producteur :<\/b> Bodegas Videsan, situ\u00e9 \u00e0 Sanl\u00facar de Barrameda.<\/p>\n<\/li>\n\t<li>\n<p><b>D\u00e9signation :<\/b> AOP Jerez.<\/p>\n<\/li>\n\t<li>\n<p><b>Vieillissement :<\/b> il s&#8217;agit d&#8217;un vinaigre &#8220;Reserva&#8221;, ce qui signifie qu&#8217;il a pass\u00e9 au moins deux ans dans des f\u00fbts de ch\u00eane. Son vieillissement s&#8217;effectue selon le syst\u00e8me traditionnel des <b>criaderas et solera<\/b>, la m\u00eame m\u00e9thode que celle utilis\u00e9e pour les vins de X\u00e9r\u00e8s, ce qui lui conf\u00e8re une grande complexit\u00e9. <\/p>\n<\/li>\n\t<li>\n<p><b>Acidit\u00e9 :<\/b> l&#8217;acidit\u00e9 est g\u00e9n\u00e9ralement de 8\u00ba (8 % d&#8217;acide ac\u00e9tique).<\/p>\n<\/li>\n\t<li>\n<p><b>Pr\u00e9sentation :<\/b> Vendu en flacon de 250 ml.<\/p>\n<\/li>\n<\/ul>\n<h3>Notes de d\u00e9gustation<\/h3>\n<ul>\n\t<li>\n<p><b>Couleur :<\/b> acajou intense avec des reflets ambr\u00e9s.<\/p>\n<\/li>\n\t<li>\n<p><b>Ar\u00f4me :<\/b> L&#8217;ar\u00f4me est doux mais p\u00e9n\u00e9trant, avec des notes de vanille, de fruits secs et de &#8220;bois envinada&#8221;, qui sont les ar\u00f4mes provenant des f\u00fbts de ch\u00eane dans lesquels les vins de X\u00e9r\u00e8s ont vieilli.<\/p>\n<\/li>\n\t<li>\n<p><b>Go\u00fbt :<\/b> En bouche, il est d\u00e9crit comme rond et onctueux, avec une acidit\u00e9 caract\u00e9ristique des vinaigres de X\u00e9r\u00e8s.<\/p>\n<\/li>\n<\/ul>\n<h3>Utilisations culinaires<\/h3>\n<p>Ce vinaigre est un ingr\u00e9dient polyvalent et fondamental de la gastronomie espagnole, id\u00e9al pour donner de la profondeur et de la complexit\u00e9 \u00e0 diff\u00e9rents plats :<\/p>\n<ul>\n\t<li>\n<p><b>Vinaigrettes et salades :<\/b> C&#8217;est la base parfaite pour des vinaigrettes de haute qualit\u00e9.<\/p>\n<\/li>\n\t<li>\n<p><b>Marinades et sauces :<\/b> donne une saveur unique aux marinades pour la viande, le poisson et les l\u00e9gumes. Il est \u00e9galement utilis\u00e9 pour r\u00e9duire les sauces. <\/p>\n<\/li>\n\t<li>\n<p><b>Soupes :<\/b> c&#8217;est un ingr\u00e9dient classique des soupes froides telles que le gazpacho ou l&#8217;ajoblanco.<\/p>\n<\/li>\n\t<li>\n<p><b>Cuisine g\u00e9n\u00e9rale :<\/b> peut \u00eatre utilis\u00e9 comme touche finale pour de nombreux plats, tels que les rago\u00fbts, les p\u00e2tes et les viandes grill\u00e9es.<\/p>\n<\/li>\n<\/ul>","protected":false},"excerpt":{"rendered":"<p>Solera 77 Vinaigre de X\u00e9r\u00e8s Reserva D.O.P. Jerez, 250ml Solera 77 Vinaigre de X\u00e9r\u00e8s Reserva D.O.P. Jerez, 250ml. Il s&#8217;agit d&#8217;un vinaigre de X\u00e9r\u00e8s b\u00e9n\u00e9ficiant de l&#8217;Appellation d&#8217;Origine Prot\u00e9g\u00e9e (A.O.P.) Jerez, qui garantit qu&#8217;il a \u00e9t\u00e9 \u00e9labor\u00e9 selon des m\u00e9thodes traditionnelles et dans la r\u00e9gion de Jerez, en Espagne. Caract\u00e9ristiques principales Producteur : Bodegas Videsan, [&hellip;]<\/p>\n","protected":false},"featured_media":21587,"comment_status":"open","ping_status":"closed","template":"","meta":{"site-sidebar-layout":"default","site-content-layout":"","ast-site-content-layout":"default","site-content-style":"default","site-sidebar-style":"default","ast-global-header-display":"","ast-banner-title-visibility":"","ast-main-header-display":"","ast-hfb-above-header-display":"","ast-hfb-below-header-display":"","ast-hfb-mobile-header-display":"","site-post-title":"","ast-breadcrumbs-content":"","ast-featured-img":"","footer-sml-layout":"","ast-disable-related-posts":"","theme-transparent-header-meta":"default","adv-header-id-meta":"","stick-header-meta":"","header-above-stick-meta":"","header-main-stick-meta":"","header-below-stick-meta":"","astra-migrate-meta-layouts":"default","ast-page-background-enabled":"default","ast-page-background-meta":{"desktop":{"background-color":"var(--ast-global-color-4)","background-image":"","background-repeat":"repeat","background-position":"center center","background-size":"auto","background-attachment":"scroll","background-type":"","background-media":"","overlay-type":"","overlay-color":"","overlay-opacity":"","overlay-gradient":""},"tablet":{"background-color":"","background-image":"","background-repeat":"repeat","background-position":"center center","background-size":"auto","background-attachment":"scroll","background-type":"","background-media":"","overlay-type":"","overlay-color":"","overlay-opacity":"","overlay-gradient":""},"mobile":{"background-color":"","background-image":"","background-repeat":"repeat","background-position":"center center","background-size":"auto","background-attachment":"scroll","background-type":"","background-media":"","overlay-type":"","overlay-color":"","overlay-opacity":"","overlay-gradient":""}},"ast-content-background-meta":{"desktop":{"background-color":"var(--ast-global-color-5)","background-image":"","background-repeat":"repeat","background-position":"center center","background-size":"auto","background-attachment":"scroll","background-type":"","background-media":"","overlay-type":"","overlay-color":"","overlay-opacity":"","overlay-gradient":""},"tablet":{"background-color":"var(--ast-global-color-5)","background-image":"","background-repeat":"repeat","background-position":"center center","background-size":"auto","background-attachment":"scroll","background-type":"","background-media":"","overlay-type":"","overlay-color":"","overlay-opacity":"","overlay-gradient":""},"mobile":{"background-color":"var(--ast-global-color-5)","background-image":"","background-repeat":"repeat","background-position":"center center","background-size":"auto","background-attachment":"scroll","background-type":"","background-media":"","overlay-type":"","overlay-color":"","overlay-opacity":"","overlay-gradient":""}}},"product_brand":[1299],"product_cat":[304],"product_tag":[597,588,589],"class_list":{"0":"post-21579","1":"product","2":"type-product","3":"status-publish","4":"has-post-thumbnail","6":"product_brand-bodegas-paez-morilla","7":"product_cat-vinaigre","8":"product_tag-reserver-le-vinaigre","9":"product_tag-vinaigre-andalou","10":"product_tag-vinaigre-de-sanlucar","11":"desktop-align-left","12":"tablet-align-left","13":"mobile-align-left","15":"first","16":"outofstock","17":"taxable","18":"shipping-taxable","19":"purchasable","20":"product-type-simple"},"_links":{"self":[{"href":"https:\/\/andalubox.com\/fr\/wp-json\/wp\/v2\/product\/21579","targetHints":{"allow":["GET"]}}],"collection":[{"href":"https:\/\/andalubox.com\/fr\/wp-json\/wp\/v2\/product"}],"about":[{"href":"https:\/\/andalubox.com\/fr\/wp-json\/wp\/v2\/types\/product"}],"replies":[{"embeddable":true,"href":"https:\/\/andalubox.com\/fr\/wp-json\/wp\/v2\/comments?post=21579"}],"wp:featuredmedia":[{"embeddable":true,"href":"https:\/\/andalubox.com\/fr\/wp-json\/wp\/v2\/media\/21587"}],"wp:attachment":[{"href":"https:\/\/andalubox.com\/fr\/wp-json\/wp\/v2\/media?parent=21579"}],"wp:term":[{"taxonomy":"product_brand","embeddable":true,"href":"https:\/\/andalubox.com\/fr\/wp-json\/wp\/v2\/product_brand?post=21579"},{"taxonomy":"product_cat","embeddable":true,"href":"https:\/\/andalubox.com\/fr\/wp-json\/wp\/v2\/product_cat?post=21579"},{"taxonomy":"product_tag","embeddable":true,"href":"https:\/\/andalubox.com\/fr\/wp-json\/wp\/v2\/product_tag?post=21579"}],"curies":[{"name":"wp","href":"https:\/\/api.w.org\/{rel}","templated":true}]}}