{"id":21315,"date":"2025-05-26T13:13:45","date_gmt":"2025-05-26T11:13:45","guid":{"rendered":"https:\/\/andalubox.com\/producto-andaluz\/la-divisa-macumba-2024-organic-rose-100-garnacha-from-sierra-nevada-75cl\/"},"modified":"2025-09-17T18:18:50","modified_gmt":"2025-09-17T16:18:50","slug":"la-divisa-macumba-2024-organic-rose-100-garnacha-from-sierra-nevada-75cl","status":"publish","type":"product","link":"https:\/\/andalubox.com\/fr\/producto-andaluz\/la-divisa-macumba-2024-organic-rose-100-garnacha-from-sierra-nevada-75cl\/","title":{"rendered":"La Divisa Macumba Organic Ros\u00e9 Wine 100% Garnacha from Sierra Nevada Vintage 2024 75cl"},"content":{"rendered":"<p>La Divisa Macumba Organic Ros\u00e9 Wine 100% Garnacha from Sierra Nevada Vintage 2024 75cl<\/p>\n<p>Vin ros\u00e9 biologique 100% Garnacha.<\/p>\n<p>La Divisa Winery<\/p>\n<p>Ajouter 2024<\/p>\n<p>Alcool : 14,0% Alcool : 14,0% Alcool : 14,0% Alcool : 14,0% Alcool : 14,0% Alcool : 14,0%<\/p>\n<p>Production : 1500 bouteilles<\/p>\n<h3>La Divisa Macumba Organic Ros\u00e9 Wine 100% Garnacha de Sierra Nevada Vintage 2024, 75cl<\/h3>\n<p>Ce vin ros\u00e9 est une expression vibrante des vignobles de haute altitude de Bodegas La Divisa, situ\u00e9s dans un environnement privil\u00e9gi\u00e9.<\/p>\n<p><b>Description g\u00e9n\u00e9rale :<\/b><\/p>\n<ul>\n\t<li>\n<p><b>Vignoble :<\/b> Bodegas La Divisa.<\/p>\n<\/li>\n\t<li>\n<p><b>Origine :<\/b> il provient de l&#8217;<b>AOP Grenade<\/b>, plus pr\u00e9cis\u00e9ment de la r\u00e9gion de Contraviesa \u00e0 Grenade, sur les contreforts de la Sierra Nevada. La singularit\u00e9 de son terroir et de son altitude contribue de mani\u00e8re significative \u00e0 son caract\u00e8re. <\/p>\n<\/li>\n\t<li>\n<p><b>Type de vin :<\/b> ros\u00e9 monoc\u00e9page.<\/p>\n<\/li>\n\t<li>\n<p><b>C\u00e9page :<\/b> 100% <b>Garnacha<\/b>. Ce c\u00e9page est connu pour sa capacit\u00e9 \u00e0 produire des ros\u00e9s frais et fruit\u00e9s. <\/p>\n<\/li>\n\t<li>\n<p><b>Mill\u00e9sime :<\/b> 2024. Comme il s&#8217;agit d&#8217;un mill\u00e9sime r\u00e9cent, nous nous attendons \u00e0 un vin d&#8217;une grande fra\u00eecheur et d&#8217;une belle expression de fruit. <\/p>\n<\/li>\n\t<li>\n<p><b>Vignobles :<\/b> les raisins proviennent de vignobles <b>biologiques<\/b> situ\u00e9s \u00e0 une altitude impressionnante, entre <b>1 200 et 1 300 m\u00e8tres<\/b> au-dessus du niveau de la mer. Cette situation extr\u00eame favorise une maturation lente et optimale des raisins, en exaltant les ar\u00f4mes et en maintenant une bonne acidit\u00e9 naturelle gr\u00e2ce aux diff\u00e9rences de temp\u00e9rature marqu\u00e9es entre le jour et la nuit. <\/p>\n<\/li>\n\t<li>\n<p><b>Philosophie :<\/b> Il s&#8217;agit d&#8217;un vin certifi\u00e9 <b>biologique<\/b> et <b>v\u00e9g\u00e9talien<\/b>, ce qui garantit un processus de production respectueux de l&#8217;environnement et exempt de produits d&#8217;origine animale.<\/p>\n<\/li>\n\t<li>\n<p><b>Engagement social :<\/b> Une partie des b\u00e9n\u00e9fices g\u00e9n\u00e9r\u00e9s par ce vin est revers\u00e9e \u00e0 la Fondation UAPO (Unidad de Apoyo al Paciente Oncol\u00f3gico), ce qui fait de sa d\u00e9gustation une contribution \u00e0 une cause solidaire.<\/p>\n<\/li>\n<\/ul>\n<p><b>Notes de d\u00e9gustation :<\/b><\/p>\n<ul>\n\t<li>\n<p><b>Aspect :<\/b> La couleur <b>rose p\u00e2le<\/b> est attrayante et d\u00e9licate, tr\u00e8s lumineuse et brillante.<\/p>\n<\/li>\n\t<li>\n<p><b>Nez :<\/b> Un bouquet subtil mais expressif. Les ar\u00f4mes de <b>fruits rouges frais<\/b> tels que la fraise des bois et la framboise pr\u00e9dominent, m\u00eal\u00e9s \u00e0 d&#8217;\u00e9l\u00e9gantes notes <b>florales<\/b> (comme la rose) et \u00e0 une nuance <b>min\u00e9rale<\/b> caract\u00e9ristique \u00e9voquant la finesse du talc. <\/p>\n<\/li>\n\t<li>\n<p><b>Bouche :<\/b> En bouche, il r\u00e9v\u00e8le sa v\u00e9ritable personnalit\u00e9 : <b>frais, soyeux et vibrant<\/b>. L&#8217;acidit\u00e9 bien int\u00e9gr\u00e9e lui conf\u00e8re une grande vivacit\u00e9, et l&#8217;expression fruit\u00e9e est intense et pure, culminant dans un passage en bouche l\u00e9ger, \u00e9l\u00e9gant et tr\u00e8s agr\u00e9able. <\/p>\n<\/li>\n<\/ul>\n<p><b>En couple :<\/b><\/p>\n<p>Avec son profil frais, fruit\u00e9 et \u00e9quilibr\u00e9, le Macumba Ros\u00e9 est le compagnon id\u00e9al d&#8217;une grande vari\u00e9t\u00e9 de plats :<\/p>\n<ul>\n\t<li>\n<p><b>Fruits de mer et poissons :<\/b> Parfait avec les crevettes, les ceviches, les poissons blancs grill\u00e9s ou cuits au four.<\/p>\n<\/li>\n\t<li>\n<p><b>Riz et p\u00e2tes :<\/b> Excellent avec les paellas de fruits de mer ou de l\u00e9gumes, et les p\u00e2tes avec des sauces l\u00e9g\u00e8res.<\/p>\n<\/li>\n\t<li>\n<p><b>Ap\u00e9ritifs et tapas :<\/b> Id\u00e9al \u00e0 d\u00e9guster seul en ap\u00e9ritif ou avec une vari\u00e9t\u00e9 de tapas.<\/p>\n<\/li>\n\t<li>\n<p><b>Salades :<\/b> Se marie bien avec les salades fra\u00eeches et les plats d&#8217;\u00e9t\u00e9.<\/p>\n<\/li>\n\t<li>\n<p><b>Cuisine asiatique :<\/b> Sa fra\u00eecheur lui permet de s&#8217;int\u00e9grer dans des plats asiatiques l\u00e9gers.<\/p>\n<\/li>\n<\/ul>\n<p>Ce ros\u00e9 repr\u00e9sente un choix parfait pour ceux qui recherchent un vin avec du caract\u00e8re, de la fra\u00eecheur, un engagement \u00e9cologique et une histoire \u00e0 raconter.<\/p>","protected":false},"excerpt":{"rendered":"<p>La Divisa Macumba Organic Ros\u00e9 Wine 100% Garnacha from Sierra Nevada Vintage 2024 75cl<\/p>\n","protected":false},"featured_media":31269,"comment_status":"open","ping_status":"closed","template":"","meta":{"site-sidebar-layout":"default","site-content-layout":"","ast-site-content-layout":"default","site-content-style":"default","site-sidebar-style":"default","ast-global-header-display":"","ast-banner-title-visibility":"","ast-main-header-display":"","ast-hfb-above-header-display":"","ast-hfb-below-header-display":"","ast-hfb-mobile-header-display":"","site-post-title":"","ast-breadcrumbs-content":"","ast-featured-img":"","footer-sml-layout":"","ast-disable-related-posts":"","theme-transparent-header-meta":"default","adv-header-id-meta":"","stick-header-meta":"","header-above-stick-meta":"","header-main-stick-meta":"","header-below-stick-meta":"","astra-migrate-meta-layouts":"default","ast-page-background-enabled":"default","ast-page-background-meta":{"desktop":{"background-color":"var(--ast-global-color-4)","background-image":"","background-repeat":"repeat","background-position":"center center","background-size":"auto","background-attachment":"scroll","background-type":"","background-media":"","overlay-type":"","overlay-color":"","overlay-opacity":"","overlay-gradient":""},"tablet":{"background-color":"","background-image":"","background-repeat":"repeat","background-position":"center center","background-size":"auto","background-attachment":"scroll","background-type":"","background-media":"","overlay-type":"","overlay-color":"","overlay-opacity":"","overlay-gradient":""},"mobile":{"background-color":"","background-image":"","background-repeat":"repeat","background-position":"center center","background-size":"auto","background-attachment":"scroll","background-type":"","background-media":"","overlay-type":"","overlay-color":"","overlay-opacity":"","overlay-gradient":""}},"ast-content-background-meta":{"desktop":{"background-color":"var(--ast-global-color-5)","background-image":"","background-repeat":"repeat","background-position":"center center","background-size":"auto","background-attachment":"scroll","background-type":"","background-media":"","overlay-type":"","overlay-color":"","overlay-opacity":"","overlay-gradient":""},"tablet":{"background-color":"var(--ast-global-color-5)","background-image":"","background-repeat":"repeat","background-position":"center center","background-size":"auto","background-attachment":"scroll","background-type":"","background-media":"","overlay-type":"","overlay-color":"","overlay-opacity":"","overlay-gradient":""},"mobile":{"background-color":"var(--ast-global-color-5)","background-image":"","background-repeat":"repeat","background-position":"center center","background-size":"auto","background-attachment":"scroll","background-type":"","background-media":"","overlay-type":"","overlay-color":"","overlay-opacity":"","overlay-gradient":""}}},"product_brand":[1295],"product_cat":[847],"product_tag":[539,543,540,542,541,538],"class_list":{"0":"post-21315","1":"product","2":"type-product","3":"status-publish","4":"has-post-thumbnail","6":"product_brand-bodegas-la-divisa","7":"product_cat-vin-rose-fr","8":"product_tag-pas-de-dechets","9":"product_tag-pauvre-en-sulfites","10":"product_tag-sans-dechets","11":"product_tag-sierra-nevada-fr","12":"product_tag-sud-de-lespagne","13":"product_tag-vins-naturels","14":"desktop-align-left","15":"tablet-align-left","16":"mobile-align-left","18":"first","19":"instock","20":"taxable","21":"shipping-taxable","22":"purchasable","23":"product-type-simple"},"_links":{"self":[{"href":"https:\/\/andalubox.com\/fr\/wp-json\/wp\/v2\/product\/21315","targetHints":{"allow":["GET"]}}],"collection":[{"href":"https:\/\/andalubox.com\/fr\/wp-json\/wp\/v2\/product"}],"about":[{"href":"https:\/\/andalubox.com\/fr\/wp-json\/wp\/v2\/types\/product"}],"replies":[{"embeddable":true,"href":"https:\/\/andalubox.com\/fr\/wp-json\/wp\/v2\/comments?post=21315"}],"wp:featuredmedia":[{"embeddable":true,"href":"https:\/\/andalubox.com\/fr\/wp-json\/wp\/v2\/media\/31269"}],"wp:attachment":[{"href":"https:\/\/andalubox.com\/fr\/wp-json\/wp\/v2\/media?parent=21315"}],"wp:term":[{"taxonomy":"product_brand","embeddable":true,"href":"https:\/\/andalubox.com\/fr\/wp-json\/wp\/v2\/product_brand?post=21315"},{"taxonomy":"product_cat","embeddable":true,"href":"https:\/\/andalubox.com\/fr\/wp-json\/wp\/v2\/product_cat?post=21315"},{"taxonomy":"product_tag","embeddable":true,"href":"https:\/\/andalubox.com\/fr\/wp-json\/wp\/v2\/product_tag?post=21315"}],"curies":[{"name":"wp","href":"https:\/\/api.w.org\/{rel}","templated":true}]}}