{"id":21297,"date":"2025-05-26T12:20:36","date_gmt":"2025-05-26T10:20:36","guid":{"rendered":"https:\/\/andalubox.com\/producto-andaluz\/munana-rouge-d-o-sierra-nevada-75cl\/"},"modified":"2025-09-17T18:36:20","modified_gmt":"2025-09-17T16:36:20","slug":"munana-rouge-d-o-sierra-nevada-75cl","status":"publish","type":"product","link":"https:\/\/andalubox.com\/fr\/producto-andaluz\/munana-rouge-d-o-sierra-nevada-75cl\/","title":{"rendered":"Mu\u00f1ana Rojo Vin rouge D.O.P. Sierra Nevada 75cl"},"content":{"rendered":"<p>Mu\u00f1ana Rojo Red Wine D.O.P. Sierra Nevada 75cl.<\/p>\n<p>Bodegas Mu\u00f1ana est une cave commerciale de premier plan situ\u00e9e au nord de Grenade, en Espagne, connue pour ses vignobles situ\u00e9s \u00e0 l&#8217;une des plus hautes altitudes d&#8217;Europe, \u00e0 quelque 1 200 m\u00e8tres au-dessus du niveau de la mer, sur le domaine de 200 hectares de Finca Pe\u00f1as Prietas. La bodega allie tradition et innovation et produit des vins b\u00e9n\u00e9ficiant de l&#8217;appellation d&#8217;origine prot\u00e9g\u00e9e (AOP) Vinos de Granada et de l&#8217;indication g\u00e9ographique prot\u00e9g\u00e9e (IGP) Altiplano de Sierra Nevada. En plus des vignobles, elle cultive plus de 70 hectares de pistaches et de noix de p\u00e9can, ce qui en fait l&#8217;un des plus grands producteurs de noix d&#8217;Espagne.Vari\u00e9t\u00e9s de raisinRaisins rouges : Cabernet Sauvignon, Merlot, Syrah, Petit Verdot, Monastrell et Tempranillo.<br>Raisins blancs : Sauvignon Blanc, Chardonnay et Moscatel.  <\/p>\n<p>Les vins en vedetteMu\u00f1ana Rojo : le premier vin rouge de la cave, \u00e9labor\u00e9 \u00e0 partir de Tempranillo, de Cabernet Sauvignon et de Monastrell (dans certaines versions, il comprend \u00e9galement du Petit Verdot et de la Syrah). \u00c9lev\u00e9 pendant 12 mois en f\u00fbts de ch\u00eane, il pr\u00e9sente des ar\u00f4mes \u00e9pic\u00e9s et fruit\u00e9s, il est savoureux et \u00e9quilibr\u00e9. R\u00e9compens\u00e9 par des m\u00e9dailles d&#8217;or et d&#8217;argent lors de concours internationaux.  <\/p>\n<p><strong>VARI\u00c9T\u00c9S : <\/strong><span class=\"markedContent\"><span dir=\"ltr\" role=\"presentation\">Tempranillo, Cabernet Sauvignon, Petit Verdot <\/span><span dir=\"ltr\" role=\"presentation\">et Syrah<\/span><\/span><\/p>\n<p><strong>ANN\u00c9E : <\/strong>2020<\/p>\n<p><strong>VIGNOBLES : <\/strong>Vignobles situ\u00e9s sur le domaine, \u00e0 une altitude de 1100 m\u00e8tres, cultiv\u00e9s en espaliers, sur un sol calcaire.<\/p>\n<p><strong>\u00c9LEVAGE : <\/strong><span class=\"markedContent\"><span dir=\"ltr\" role=\"presentation\">Vieilli pendant 6 mois dans des f\u00fbts de ch\u00eane fran\u00e7ais et am\u00e9ricain moyennement grill\u00e9s. <\/span><span dir=\"ltr\" role=\"presentation\">et de ch\u00eane am\u00e9ricain et 12 mois de repos en bouteille <\/span><span dir=\"ltr\" role=\"presentation\">en bouteille dans des caves naturelles, \u00e0 une temp\u00e9rature comprise entre <\/span><span dir=\"ltr\" role=\"presentation\">entre 16 et 18\u00ba C.<\/span><\/span>C.<\/p>\n<p><strong>D\u00c9GUSTATION : <\/strong>Robe rouge cerise intense. Au nez, on trouve des ar\u00f4mes de fruits rouges m\u00fbrs, de r\u00e9glisse noire, de cannelle et de notes grill\u00e9es. En bouche, il est long, \u00e9pic\u00e9, avec une acidit\u00e9 \u00e9quilibr\u00e9e, des tanins doux et une finale persistante.  <\/p>\n<p><strong>GRADUATION : <\/strong>15% Vol.<\/p>","protected":false},"excerpt":{"rendered":"<p>Mu\u00f1ana Rojo Vin rouge D.O.P. Sierra Nevada 75cl<\/p>\n","protected":false},"featured_media":31180,"comment_status":"open","ping_status":"closed","template":"","meta":{"site-sidebar-layout":"default","site-content-layout":"","ast-site-content-layout":"default","site-content-style":"default","site-sidebar-style":"default","ast-global-header-display":"","ast-banner-title-visibility":"","ast-main-header-display":"","ast-hfb-above-header-display":"","ast-hfb-below-header-display":"","ast-hfb-mobile-header-display":"","site-post-title":"","ast-breadcrumbs-content":"","ast-featured-img":"","footer-sml-layout":"","ast-disable-related-posts":"","theme-transparent-header-meta":"default","adv-header-id-meta":"","stick-header-meta":"","header-above-stick-meta":"","header-main-stick-meta":"","header-below-stick-meta":"","astra-migrate-meta-layouts":"default","ast-page-background-enabled":"default","ast-page-background-meta":{"desktop":{"background-color":"var(--ast-global-color-4)","background-image":"","background-repeat":"repeat","background-position":"center center","background-size":"auto","background-attachment":"scroll","background-type":"","background-media":"","overlay-type":"","overlay-color":"","overlay-opacity":"","overlay-gradient":""},"tablet":{"background-color":"","background-image":"","background-repeat":"repeat","background-position":"center center","background-size":"auto","background-attachment":"scroll","background-type":"","background-media":"","overlay-type":"","overlay-color":"","overlay-opacity":"","overlay-gradient":""},"mobile":{"background-color":"","background-image":"","background-repeat":"repeat","background-position":"center center","background-size":"auto","background-attachment":"scroll","background-type":"","background-media":"","overlay-type":"","overlay-color":"","overlay-opacity":"","overlay-gradient":""}},"ast-content-background-meta":{"desktop":{"background-color":"var(--ast-global-color-5)","background-image":"","background-repeat":"repeat","background-position":"center center","background-size":"auto","background-attachment":"scroll","background-type":"","background-media":"","overlay-type":"","overlay-color":"","overlay-opacity":"","overlay-gradient":""},"tablet":{"background-color":"var(--ast-global-color-5)","background-image":"","background-repeat":"repeat","background-position":"center center","background-size":"auto","background-attachment":"scroll","background-type":"","background-media":"","overlay-type":"","overlay-color":"","overlay-opacity":"","overlay-gradient":""},"mobile":{"background-color":"var(--ast-global-color-5)","background-image":"","background-repeat":"repeat","background-position":"center center","background-size":"auto","background-attachment":"scroll","background-type":"","background-media":"","overlay-type":"","overlay-color":"","overlay-opacity":"","overlay-gradient":""}}},"product_brand":[1294],"product_cat":[294],"product_tag":[],"class_list":{"0":"post-21297","1":"product","2":"type-product","3":"status-publish","4":"has-post-thumbnail","6":"product_brand-bodegas-munana","7":"product_cat-vin-rouge","8":"desktop-align-left","9":"tablet-align-left","10":"mobile-align-left","12":"first","13":"instock","14":"taxable","15":"shipping-taxable","16":"purchasable","17":"product-type-simple"},"_links":{"self":[{"href":"https:\/\/andalubox.com\/fr\/wp-json\/wp\/v2\/product\/21297","targetHints":{"allow":["GET"]}}],"collection":[{"href":"https:\/\/andalubox.com\/fr\/wp-json\/wp\/v2\/product"}],"about":[{"href":"https:\/\/andalubox.com\/fr\/wp-json\/wp\/v2\/types\/product"}],"replies":[{"embeddable":true,"href":"https:\/\/andalubox.com\/fr\/wp-json\/wp\/v2\/comments?post=21297"}],"wp:featuredmedia":[{"embeddable":true,"href":"https:\/\/andalubox.com\/fr\/wp-json\/wp\/v2\/media\/31180"}],"wp:attachment":[{"href":"https:\/\/andalubox.com\/fr\/wp-json\/wp\/v2\/media?parent=21297"}],"wp:term":[{"taxonomy":"product_brand","embeddable":true,"href":"https:\/\/andalubox.com\/fr\/wp-json\/wp\/v2\/product_brand?post=21297"},{"taxonomy":"product_cat","embeddable":true,"href":"https:\/\/andalubox.com\/fr\/wp-json\/wp\/v2\/product_cat?post=21297"},{"taxonomy":"product_tag","embeddable":true,"href":"https:\/\/andalubox.com\/fr\/wp-json\/wp\/v2\/product_tag?post=21297"}],"curies":[{"name":"wp","href":"https:\/\/api.w.org\/{rel}","templated":true}]}}