{"id":21286,"date":"2025-05-25T10:55:46","date_gmt":"2025-05-25T08:55:46","guid":{"rendered":"https:\/\/andalubox.com\/producto-andaluz\/gateaux-au-gingembre-et-aux-epices-ines-rosales-edition-limitee-120gr\/"},"modified":"2025-11-03T09:53:37","modified_gmt":"2025-11-03T08:53:37","slug":"gateaux-au-gingembre-et-aux-epices-ines-rosales-edition-limitee-120gr","status":"publish","type":"product","link":"https:\/\/andalubox.com\/fr\/producto-andaluz\/gateaux-au-gingembre-et-aux-epices-ines-rosales-edition-limitee-120gr\/","title":{"rendered":"In\u00e9s Rosales Tortas Jengibre y Especias (Ginger &amp; Spice) Ed. Limitada de Sevilla, 120g"},"content":{"rendered":"<p>In\u00e9s Rosales Tortas Jengibre y Especias (Ginger &amp; Spice) Ed. Limitada de Sevilla, 120g. <\/p>\n<p>D\u00e9couvrez la nouvelle vari\u00e9t\u00e9 de g\u00e2teaux \u00e0 l&#8217;huile au gingembre. Il apporte du bien-\u00eatre et agit comme un antioxydant. Id\u00e9ale \u00e0 d\u00e9guster en cette saison. Une \u00e9dition limit\u00e9e, uniquement disponible en ligne, ne manquez pas cette d\u00e9licieuse vari\u00e9t\u00e9 !    <\/p>\n<p>Ingr\u00e9dients : Farine de bl\u00e9, huile d&#8217;olive extra vierge (22%), sucre, gingembre (1,7%), cannelle, clous de girofle, levure, sel de mer et graines de s\u00e9same (0,01%).<\/p>\n<p>Composition nutritionnelle pour 100g : Valeur \u00e9nerg\u00e9tique 483 kcal\/2024 kJ ; Mati\u00e8res grasses 23g, dont 3,5g satur\u00e9es ; Glucides 63g, dont 19g de sucres ; Fibres alimentaires 4,0g ; Prot\u00e9ines 5,1g ; Sel 0,3g.  <\/p>\n<p>Allerg\u00e8nes : Sans lactose, sans prot\u00e9ines laiti\u00e8res et sans \u0153ufs.<\/p>\n<p>Sceaux de qualit\u00e9 :<\/p>\n<div class=\"jet-listing-grid__item jet-listing-dynamic-post-93\" data-post-id=\"93\">\n<div class=\"elementor elementor-1041415\" data-elementor-type=\"jet-listing-items\" data-elementor-id=\"1041415\" data-elementor-post-type=\"jet-engine\">\n<div class=\"elementor-element elementor-element-8a737b3 e-flex e-con-boxed e-con e-parent\" data-id=\"8a737b3\" data-element_type=\"container\">\n<div class=\"e-con-inner\">\n<div class=\"elementor-element elementor-element-d6bf063 e-con-full e-flex e-con e-child\" data-id=\"d6bf063\" data-element_type=\"container\">\n<div class=\"elementor-element elementor-element-348f78d elementor-widget elementor-widget-jet-listing-dynamic-image\" data-id=\"348f78d\" data-element_type=\"widget\" data-widget_type=\"jet-listing-dynamic-image.default\">\n<div class=\"elementor-widget-container\">\n<div class=\"jet-listing jet-listing-dynamic-image\"><img decoding=\"async\" class=\"\" src=\"https:\/\/inesrosales.com\/wp-content\/uploads\/2024\/12\/aceite-1.png\" alt=\"huile-1.png\" width=\"30\" height=\"30\"><span style=\"font-size: 16px;\">100% HUILE D&#8217;OLIVE : Ils sont fabriqu\u00e9s avec de l&#8217;huile d&#8217;olive extra vierge de premi\u00e8re qualit\u00e9.<\/span><\/div>\n<\/div>\n<\/div>\n<\/div>\n<\/div>\n<\/div>\n<\/div>\n<\/div>\n<div class=\"jet-listing-grid__item jet-listing-dynamic-post-99\" data-post-id=\"99\">\n<div class=\"elementor elementor-1041415\" data-elementor-type=\"jet-listing-items\" data-elementor-id=\"1041415\" data-elementor-post-type=\"jet-engine\">\n<div class=\"elementor-element elementor-element-8a737b3 e-flex e-con-boxed e-con e-parent\" data-id=\"8a737b3\" data-element_type=\"container\">\n<div class=\"e-con-inner\">\n<div class=\"elementor-element elementor-element-d6bf063 e-con-full e-flex e-con e-child\" data-id=\"d6bf063\" data-element_type=\"container\">\n<div class=\"elementor-element elementor-element-348f78d elementor-widget elementor-widget-jet-listing-dynamic-image\" data-id=\"348f78d\" data-element_type=\"widget\" data-widget_type=\"jet-listing-dynamic-image.default\">\n<div class=\"elementor-widget-container\">\n<div class=\"jet-listing jet-listing-dynamic-image\"><img decoding=\"async\" class=\"jet-listing-dynamic-image__img attachment-full \" src=\"https:\/\/inesrosales.com\/wp-content\/uploads\/2024\/12\/horneado-1.png\" alt=\"cuit-1.png\" width=\"28\" height=\"28\"><span style=\"font-size: 16px;\">PRODUIT CUIT : <\/span><span style=\"font-size: 16px;\">Pr\u00eat \u00e0 \u00eatre consomm\u00e9 \u00e0 tout moment de la journ\u00e9e.<\/span><\/div>\n<\/div>\n<\/div>\n<\/div>\n<\/div>\n<\/div>\n<\/div>\n<\/div>\n<div class=\"jet-listing-grid__item jet-listing-dynamic-post-102\" data-post-id=\"102\">\n<div class=\"elementor elementor-1041415\" data-elementor-type=\"jet-listing-items\" data-elementor-id=\"1041415\" data-elementor-post-type=\"jet-engine\">\n<div class=\"elementor-element elementor-element-8a737b3 e-flex e-con-boxed e-con e-parent\" data-id=\"8a737b3\" data-element_type=\"container\">\n<div class=\"e-con-inner\">\n<div class=\"elementor-element elementor-element-d6bf063 e-con-full e-flex e-con e-child\" data-id=\"d6bf063\" data-element_type=\"container\">\n<div class=\"elementor-element elementor-element-348f78d elementor-widget elementor-widget-jet-listing-dynamic-image\" data-id=\"348f78d\" data-element_type=\"widget\" data-widget_type=\"jet-listing-dynamic-image.default\">\n<div class=\"elementor-widget-container\">\n<div class=\"jet-listing jet-listing-dynamic-image\"><img decoding=\"async\" class=\"jet-listing-dynamic-image__img attachment-full \" src=\"https:\/\/inesrosales.com\/wp-content\/uploads\/2024\/12\/sin-conservantes-1.png\" alt=\"pas de conservateurs-1.png\" width=\"41\" height=\"17\"><span style=\"font-size: 16px;\">PAS D&#8217;ADDITIFS : <\/span><span style=\"font-size: 16px;\">Sans conservateur ni colorant.<\/span><\/div>\n<\/div>\n<\/div>\n<\/div>\n<\/div>\n<\/div>\n<\/div>\n<\/div>\n<div class=\"jet-listing-grid__item jet-listing-dynamic-post-97\" data-post-id=\"97\">\n<div class=\"elementor elementor-1041415\" data-elementor-type=\"jet-listing-items\" data-elementor-id=\"1041415\" data-elementor-post-type=\"jet-engine\">\n<div class=\"elementor-element elementor-element-8a737b3 e-flex e-con-boxed e-con e-parent\" data-id=\"8a737b3\" data-element_type=\"container\">\n<div class=\"e-con-inner\">\n<div class=\"elementor-element elementor-element-d6bf063 e-con-full e-flex e-con e-child\" data-id=\"d6bf063\" data-element_type=\"container\">\n<div class=\"elementor-element elementor-element-348f78d elementor-widget elementor-widget-jet-listing-dynamic-image\" data-id=\"348f78d\" data-element_type=\"widget\" data-widget_type=\"jet-listing-dynamic-image.default\">\n<div class=\"elementor-widget-container\">\n<div class=\"jet-listing jet-listing-dynamic-image\"><img loading=\"lazy\" decoding=\"async\" class=\"\" src=\"https:\/\/inesrosales.com\/wp-content\/uploads\/2024\/12\/sin-huevo-2.png\" alt=\"sans gluten-2.png\" width=\"23\" height=\"23\"><span style=\"font-size: 16px;\">SANS \u0152UFS : <\/span><span style=\"font-size: 16px;\">Convient aux personnes allergiques aux \u0153ufs.<\/span><\/div>\n<\/div>\n<\/div>\n<\/div>\n<\/div>\n<\/div>\n<\/div>\n<\/div>\n<div class=\"jet-listing-grid__item jet-listing-dynamic-post-98\" data-post-id=\"98\">\n<div class=\"elementor elementor-1041415\" data-elementor-type=\"jet-listing-items\" data-elementor-id=\"1041415\" data-elementor-post-type=\"jet-engine\">\n<div class=\"elementor-element elementor-element-8a737b3 e-flex e-con-boxed e-con e-parent\" data-id=\"8a737b3\" data-element_type=\"container\">\n<div class=\"e-con-inner\">\n<div class=\"elementor-element elementor-element-d6bf063 e-con-full e-flex e-con e-child\" data-id=\"d6bf063\" data-element_type=\"container\">\n<div class=\"elementor-element elementor-element-348f78d elementor-widget elementor-widget-jet-listing-dynamic-image\" data-id=\"348f78d\" data-element_type=\"widget\" data-widget_type=\"jet-listing-dynamic-image.default\">\n<div class=\"elementor-widget-container\">\n<div class=\"jet-listing jet-listing-dynamic-image\"><img loading=\"lazy\" decoding=\"async\" class=\"\" src=\"https:\/\/inesrosales.com\/wp-content\/uploads\/2024\/12\/sin-lactosa-2.png\" alt=\"sans lactose-2.png\" width=\"29\" height=\"29\"><span style=\"font-size: 16px;\">SANS LACTOSE : <\/span><span style=\"font-size: 16px;\">Convient aux personnes allergiques au lactose.<\/span><\/div>\n<\/div>\n<\/div>\n<\/div>\n<\/div>\n<\/div>\n<\/div>\n<\/div>\n<div class=\"jet-listing-grid__item jet-listing-dynamic-post-92\" data-post-id=\"92\">\n<div class=\"elementor elementor-1041415\" data-elementor-type=\"jet-listing-items\" data-elementor-id=\"1041415\" data-elementor-post-type=\"jet-engine\">\n<div class=\"elementor-element elementor-element-8a737b3 e-flex e-con-boxed e-con e-parent\" data-id=\"8a737b3\" data-element_type=\"container\">\n<div class=\"e-con-inner\">\n<div class=\"elementor-element elementor-element-d6bf063 e-con-full e-flex e-con e-child\" data-id=\"d6bf063\" data-element_type=\"container\">\n<div class=\"elementor-element elementor-element-348f78d elementor-widget elementor-widget-jet-listing-dynamic-image\" data-id=\"348f78d\" data-element_type=\"widget\" data-widget_type=\"jet-listing-dynamic-image.default\">\n<div class=\"elementor-widget-container\">\n<div class=\"jet-listing jet-listing-dynamic-image\"><img loading=\"lazy\" decoding=\"async\" class=\"\" src=\"https:\/\/inesrosales.com\/wp-content\/uploads\/2024\/12\/vegano.png\" alt=\"v\u00e9g\u00e9talien.png\" width=\"31\" height=\"31\"><span style=\"font-size: 16px;\">CERTIFICATION V\u00c9GANE : <\/span><span style=\"font-size: 16px;\">Le V-Label est le label v\u00e9g\u00e9talien le plus reconnu au niveau international.<\/span><\/div>\n<\/div>\n<\/div>\n<\/div>\n<\/div>\n<\/div>\n<\/div>\n<\/div>","protected":false},"excerpt":{"rendered":"<p>In\u00e9s Rosales Tortas Jengibre y Especias (Ginger &amp; Spice) Ed. Limitada de Sevilla, 120g <\/p>\n","protected":false},"featured_media":21284,"comment_status":"open","ping_status":"closed","template":"","meta":{"site-sidebar-layout":"default","site-content-layout":"","ast-site-content-layout":"default","site-content-style":"default","site-sidebar-style":"default","ast-global-header-display":"","ast-banner-title-visibility":"","ast-main-header-display":"","ast-hfb-above-header-display":"","ast-hfb-below-header-display":"","ast-hfb-mobile-header-display":"","site-post-title":"","ast-breadcrumbs-content":"","ast-featured-img":"","footer-sml-layout":"","ast-disable-related-posts":"","theme-transparent-header-meta":"default","adv-header-id-meta":"","stick-header-meta":"","header-above-stick-meta":"","header-main-stick-meta":"","header-below-stick-meta":"","astra-migrate-meta-layouts":"default","ast-page-background-enabled":"default","ast-page-background-meta":{"desktop":{"background-color":"var(--ast-global-color-4)","background-image":"","background-repeat":"repeat","background-position":"center center","background-size":"auto","background-attachment":"scroll","background-type":"","background-media":"","overlay-type":"","overlay-color":"","overlay-opacity":"","overlay-gradient":""},"tablet":{"background-color":"","background-image":"","background-repeat":"repeat","background-position":"center center","background-size":"auto","background-attachment":"scroll","background-type":"","background-media":"","overlay-type":"","overlay-color":"","overlay-opacity":"","overlay-gradient":""},"mobile":{"background-color":"","background-image":"","background-repeat":"repeat","background-position":"center center","background-size":"auto","background-attachment":"scroll","background-type":"","background-media":"","overlay-type":"","overlay-color":"","overlay-opacity":"","overlay-gradient":""}},"ast-content-background-meta":{"desktop":{"background-color":"var(--ast-global-color-5)","background-image":"","background-repeat":"repeat","background-position":"center center","background-size":"auto","background-attachment":"scroll","background-type":"","background-media":"","overlay-type":"","overlay-color":"","overlay-opacity":"","overlay-gradient":""},"tablet":{"background-color":"var(--ast-global-color-5)","background-image":"","background-repeat":"repeat","background-position":"center center","background-size":"auto","background-attachment":"scroll","background-type":"","background-media":"","overlay-type":"","overlay-color":"","overlay-opacity":"","overlay-gradient":""},"mobile":{"background-color":"var(--ast-global-color-5)","background-image":"","background-repeat":"repeat","background-position":"center center","background-size":"auto","background-attachment":"scroll","background-type":"","background-media":"","overlay-type":"","overlay-color":"","overlay-opacity":"","overlay-gradient":""}}},"product_brand":[1218],"product_cat":[15],"product_tag":[],"class_list":{"0":"post-21286","1":"product","2":"type-product","3":"status-publish","4":"has-post-thumbnail","6":"product_brand-ines-rosales","7":"product_cat-sin-categorizar","8":"desktop-align-left","9":"tablet-align-left","10":"mobile-align-left","12":"first","13":"outofstock","14":"taxable","15":"shipping-taxable","16":"purchasable","17":"product-type-simple"},"_links":{"self":[{"href":"https:\/\/andalubox.com\/fr\/wp-json\/wp\/v2\/product\/21286","targetHints":{"allow":["GET"]}}],"collection":[{"href":"https:\/\/andalubox.com\/fr\/wp-json\/wp\/v2\/product"}],"about":[{"href":"https:\/\/andalubox.com\/fr\/wp-json\/wp\/v2\/types\/product"}],"replies":[{"embeddable":true,"href":"https:\/\/andalubox.com\/fr\/wp-json\/wp\/v2\/comments?post=21286"}],"wp:featuredmedia":[{"embeddable":true,"href":"https:\/\/andalubox.com\/fr\/wp-json\/wp\/v2\/media\/21284"}],"wp:attachment":[{"href":"https:\/\/andalubox.com\/fr\/wp-json\/wp\/v2\/media?parent=21286"}],"wp:term":[{"taxonomy":"product_brand","embeddable":true,"href":"https:\/\/andalubox.com\/fr\/wp-json\/wp\/v2\/product_brand?post=21286"},{"taxonomy":"product_cat","embeddable":true,"href":"https:\/\/andalubox.com\/fr\/wp-json\/wp\/v2\/product_cat?post=21286"},{"taxonomy":"product_tag","embeddable":true,"href":"https:\/\/andalubox.com\/fr\/wp-json\/wp\/v2\/product_tag?post=21286"}],"curies":[{"name":"wp","href":"https:\/\/api.w.org\/{rel}","templated":true}]}}