{"id":21279,"date":"2025-05-25T10:44:12","date_gmt":"2025-05-25T08:44:12","guid":{"rendered":"https:\/\/andalubox.com\/producto-andaluz\/galettes-dhuile-dolive-extra-vierge-espagnole-classique-ines-rosales-150gr\/"},"modified":"2026-01-27T09:43:02","modified_gmt":"2026-01-27T08:43:02","slug":"galettes-dhuile-dolive-extra-vierge-espagnole-classique-ines-rosales-150gr","status":"publish","type":"product","link":"https:\/\/andalubox.com\/fr\/producto-andaluz\/galettes-dhuile-dolive-extra-vierge-espagnole-classique-ines-rosales-150gr\/","title":{"rendered":"Tortas classiques \u00e0 l&#8217;huile d&#8217;olive extra vierge de S\u00e9ville d&#8217;In\u00e9s Rosales, 150g"},"content":{"rendered":"<p>La Torta de Aceite Original de In\u00e9s Rosales <strong>est fabriqu\u00e9e depuis 1910 avec la m\u00eame recette originale<\/strong>. La formule a \u00e9t\u00e9 sauv\u00e9e par In\u00e9s Rosales Cabello de l&#8217;h\u00e9ritage familial. Comme par le pass\u00e9, ils sont toujours fabriqu\u00e9s \u00e0 la main, un par un, pour obtenir leur <strong>texture <\/strong>unique <strong>, l\u00e9g\u00e8re, croustillante et feuillet\u00e9e <\/strong>. Ils sont fabriqu\u00e9s \u00e0 base d \u00ab <strong>anis et de s\u00e9same ou, comme le disait notre grand-m\u00e8re, de matalah\u00faga et de s\u00e9same.<\/strong> Leur saveur nous ram\u00e8ne \u00e0 d&#8217;autres temps. Un voyage dans le palais qui vous invite \u00e0 les d\u00e9guster \u00e0 tout moment. Fabriqu\u00e9es \u00e0 la main, une \u00e0 une, nos Tortas de Aceite sont \u00e9labor\u00e9es avec de l \u00bb<strong>huile d&#8217;olive extra vierge et des ingr\u00e9dients naturels s\u00e9lectionn\u00e9s<\/strong>, typiques de la di\u00e8te m\u00e9diterran\u00e9enne. <strong>Chaque g\u00e2teau est unique et irrempla\u00e7able gr\u00e2ce aux mains d\u00e9licates qui le fa\u00e7onnent avant de le griller au four.<\/strong>  <\/p>\n<p>Ingr\u00e9dients : Farine de bl\u00e9, huile d&#8217;olive extra vierge (24%), sucre, anis, graines de s\u00e9same (0,6%), levure, sel de mer et ar\u00f4me naturel d&#8217;anis.<\/p>\n<p>Composition nutritionnelle : Valeur \u00e9nerg\u00e9tique 493 kcal\/2065 kJ ; Mati\u00e8res grasses 24g, dont 3,3g de graisses satur\u00e9es ; Glucides 61g, dont 17g de sucres ; Fibres alimentaires 3,6g ; Prot\u00e9ines 6,0g ; Sel 0,32g.  <\/p>\n<p>Allerg\u00e8nes : farine de bl\u00e9 et graines de s\u00e9same.<\/p>\n<p>Sceaux de qualit\u00e9 :<\/p>\n<div class=\"jet-listing-grid__item jet-listing-dynamic-post-100\" data-post-id=\"100\">\n<div class=\"elementor elementor-1041415\" data-elementor-type=\"jet-listing-items\" data-elementor-id=\"1041415\" data-elementor-post-type=\"jet-engine\">\n<div class=\"elementor-element elementor-element-8a737b3 e-flex e-con-boxed e-con e-parent\" data-id=\"8a737b3\" data-element_type=\"container\">\n<div class=\"e-con-inner\">\n<div class=\"elementor-element elementor-element-d6bf063 e-con-full e-flex e-con e-child\" data-id=\"d6bf063\" data-element_type=\"container\">\n<div class=\"elementor-element elementor-element-348f78d elementor-widget elementor-widget-jet-listing-dynamic-image\" data-id=\"348f78d\" data-element_type=\"widget\" data-widget_type=\"jet-listing-dynamic-image.default\">\n<div class=\"elementor-widget-container\">\n<div class=\"jet-listing jet-listing-dynamic-image\"><img decoding=\"async\" class=\"\" src=\"https:\/\/inesrosales.com\/wp-content\/uploads\/2024\/12\/a-mano.png\" alt=\"a-main.png\" width=\"30\" height=\"30\"><span style=\"font-size: 16px;\">FAITES \u00c0 LA MAIN : <\/span><span style=\"font-size: 16px;\">Fabriqu\u00e9e \u00e0 la main, une par une, chaque Torta est unique et irrempla\u00e7able gr\u00e2ce aux mains d\u00e9licates qui la fa\u00e7onnent.<\/span><\/div>\n<\/div>\n<\/div>\n<\/div>\n<\/div>\n<\/div>\n<\/div>\n<\/div>\n<div class=\"jet-listing-grid__item jet-listing-dynamic-post-93\" data-post-id=\"93\">\n<div class=\"elementor elementor-1041415\" data-elementor-type=\"jet-listing-items\" data-elementor-id=\"1041415\" data-elementor-post-type=\"jet-engine\">\n<div class=\"elementor-element elementor-element-8a737b3 e-flex e-con-boxed e-con e-parent\" data-id=\"8a737b3\" data-element_type=\"container\">\n<div class=\"e-con-inner\">\n<div class=\"elementor-element elementor-element-d6bf063 e-con-full e-flex e-con e-child\" data-id=\"d6bf063\" data-element_type=\"container\">\n<div class=\"elementor-element elementor-element-348f78d elementor-widget elementor-widget-jet-listing-dynamic-image\" data-id=\"348f78d\" data-element_type=\"widget\" data-widget_type=\"jet-listing-dynamic-image.default\">\n<div class=\"elementor-widget-container\">\n<div class=\"jet-listing jet-listing-dynamic-image\"><img decoding=\"async\" class=\"\" src=\"https:\/\/inesrosales.com\/wp-content\/uploads\/2024\/12\/aceite-1.png\" alt=\"huile-1.png\" width=\"30\" height=\"30\"><span style=\"font-size: 16px;\">100% HUILE D&#8217;OLIVE : <\/span><span style=\"font-size: 16px;\">Ils sont fabriqu\u00e9s avec de l&#8217;huile d&#8217;olive extra vierge de premi\u00e8re qualit\u00e9.<\/span><\/div>\n<\/div>\n<\/div>\n<\/div>\n<\/div>\n<\/div>\n<\/div>\n<\/div>\n<div class=\"jet-listing-grid__item jet-listing-dynamic-post-99\" data-post-id=\"99\">\n<div class=\"elementor elementor-1041415\" data-elementor-type=\"jet-listing-items\" data-elementor-id=\"1041415\" data-elementor-post-type=\"jet-engine\">\n<div class=\"elementor-element elementor-element-8a737b3 e-flex e-con-boxed e-con e-parent\" data-id=\"8a737b3\" data-element_type=\"container\">\n<div class=\"e-con-inner\">\n<div class=\"elementor-element elementor-element-d6bf063 e-con-full e-flex e-con e-child\" data-id=\"d6bf063\" data-element_type=\"container\">\n<div class=\"elementor-element elementor-element-348f78d elementor-widget elementor-widget-jet-listing-dynamic-image\" data-id=\"348f78d\" data-element_type=\"widget\" data-widget_type=\"jet-listing-dynamic-image.default\">\n<div class=\"elementor-widget-container\">\n<div class=\"jet-listing jet-listing-dynamic-image\"><img decoding=\"async\" class=\"jet-listing-dynamic-image__img attachment-full \" src=\"https:\/\/inesrosales.com\/wp-content\/uploads\/2024\/12\/horneado-1.png\" alt=\"cuit-1.png\" width=\"28\" height=\"28\"><span style=\"font-size: 16px;\">PRODUIT CUIT : <\/span><span style=\"font-size: 16px;\">Pr\u00eat \u00e0 \u00eatre consomm\u00e9 \u00e0 tout moment de la journ\u00e9e.<\/span><\/div>\n<\/div>\n<\/div>\n<\/div>\n<\/div>\n<\/div>\n<\/div>\n<\/div>\n<div class=\"jet-listing-grid__item jet-listing-dynamic-post-101\" data-post-id=\"101\">\n<div class=\"elementor elementor-1041415\" data-elementor-type=\"jet-listing-items\" data-elementor-id=\"1041415\" data-elementor-post-type=\"jet-engine\">\n<div class=\"elementor-element elementor-element-8a737b3 e-flex e-con-boxed e-con e-parent\" data-id=\"8a737b3\" data-element_type=\"container\">\n<div class=\"e-con-inner\">\n<div class=\"elementor-element elementor-element-d6bf063 e-con-full e-flex e-con e-child\" data-id=\"d6bf063\" data-element_type=\"container\">\n<div class=\"elementor-element elementor-element-348f78d elementor-widget elementor-widget-jet-listing-dynamic-image\" data-id=\"348f78d\" data-element_type=\"widget\" data-widget_type=\"jet-listing-dynamic-image.default\">\n<div class=\"elementor-widget-container\">\n<div class=\"jet-listing jet-listing-dynamic-image\"><img loading=\"lazy\" decoding=\"async\" class=\"jet-listing-dynamic-image__img attachment-full \" src=\"https:\/\/inesrosales.com\/wp-content\/uploads\/2024\/12\/receta-original.svg\" alt=\"recette-originale.svg\" width=\"27\" height=\"30\"> <span style=\"font-size: 16px;\">RECETTE ORIGINALE : <\/span><span style=\"font-size: 16px;\">Les g\u00e2teaux de la vari\u00e9t\u00e9 originale d&#8217;In\u00e9s Rosales sont toujours fabriqu\u00e9s selon la recette originale r\u00e9cup\u00e9r\u00e9e de son fondateur.<\/span><\/div>\n<\/div>\n<\/div>\n<\/div>\n<\/div>\n<\/div>\n<\/div>\n<\/div>\n<div class=\"jet-listing-grid__item jet-listing-dynamic-post-102\" data-post-id=\"102\">\n<div class=\"elementor elementor-1041415\" data-elementor-type=\"jet-listing-items\" data-elementor-id=\"1041415\" data-elementor-post-type=\"jet-engine\">\n<div class=\"elementor-element elementor-element-8a737b3 e-flex e-con-boxed e-con e-parent\" data-id=\"8a737b3\" data-element_type=\"container\">\n<div class=\"e-con-inner\">\n<div class=\"elementor-element elementor-element-d6bf063 e-con-full e-flex e-con e-child\" data-id=\"d6bf063\" data-element_type=\"container\">\n<div class=\"elementor-element elementor-element-348f78d elementor-widget elementor-widget-jet-listing-dynamic-image\" data-id=\"348f78d\" data-element_type=\"widget\" data-widget_type=\"jet-listing-dynamic-image.default\">\n<div class=\"elementor-widget-container\">\n<div class=\"jet-listing jet-listing-dynamic-image\"><img loading=\"lazy\" decoding=\"async\" class=\"jet-listing-dynamic-image__img attachment-full \" src=\"https:\/\/inesrosales.com\/wp-content\/uploads\/2024\/12\/sin-conservantes-1.png\" alt=\"pas de conservateurs-1.png\" width=\"41\" height=\"17\"><span style=\"font-size: 16px;\">PAS D&#8217;ADDITIFS : <\/span><span style=\"font-size: 16px;\">Sans conservateur ni colorant.<\/span><\/div>\n<\/div>\n<\/div>\n<\/div>\n<\/div>\n<\/div>\n<\/div>\n<\/div>\n<div class=\"jet-listing-grid__item jet-listing-dynamic-post-97\" data-post-id=\"97\">\n<div class=\"elementor elementor-1041415\" data-elementor-type=\"jet-listing-items\" data-elementor-id=\"1041415\" data-elementor-post-type=\"jet-engine\">\n<div class=\"elementor-element elementor-element-8a737b3 e-flex e-con-boxed e-con e-parent\" data-id=\"8a737b3\" data-element_type=\"container\">\n<div class=\"e-con-inner\">\n<div class=\"elementor-element elementor-element-d6bf063 e-con-full e-flex e-con e-child\" data-id=\"d6bf063\" data-element_type=\"container\">\n<div class=\"elementor-element elementor-element-348f78d elementor-widget elementor-widget-jet-listing-dynamic-image\" data-id=\"348f78d\" data-element_type=\"widget\" data-widget_type=\"jet-listing-dynamic-image.default\">\n<div class=\"elementor-widget-container\">\n<div class=\"jet-listing jet-listing-dynamic-image\"><img loading=\"lazy\" decoding=\"async\" class=\"\" src=\"https:\/\/inesrosales.com\/wp-content\/uploads\/2024\/12\/sin-huevo-2.png\" alt=\"sans gluten-2.png\" width=\"23\" height=\"23\"><span style=\"font-size: 16px;\">SANS \u0152UFS : <\/span><span style=\"font-size: 16px;\">Convient aux personnes allergiques aux \u0153ufs.<\/span><\/div>\n<\/div>\n<\/div>\n<\/div>\n<\/div>\n<\/div>\n<\/div>\n<\/div>\n<div class=\"jet-listing-grid__item jet-listing-dynamic-post-98\" data-post-id=\"98\">\n<div class=\"elementor elementor-1041415\" data-elementor-type=\"jet-listing-items\" data-elementor-id=\"1041415\" data-elementor-post-type=\"jet-engine\">\n<div class=\"elementor-element elementor-element-8a737b3 e-flex e-con-boxed e-con e-parent\" data-id=\"8a737b3\" data-element_type=\"container\">\n<div class=\"e-con-inner\">\n<div class=\"elementor-element elementor-element-d6bf063 e-con-full e-flex e-con e-child\" data-id=\"d6bf063\" data-element_type=\"container\">\n<div class=\"elementor-element elementor-element-348f78d elementor-widget elementor-widget-jet-listing-dynamic-image\" data-id=\"348f78d\" data-element_type=\"widget\" data-widget_type=\"jet-listing-dynamic-image.default\">\n<div class=\"elementor-widget-container\">\n<div class=\"jet-listing jet-listing-dynamic-image\"><img loading=\"lazy\" decoding=\"async\" class=\"\" src=\"https:\/\/inesrosales.com\/wp-content\/uploads\/2024\/12\/sin-lactosa-2.png\" alt=\"sans lactose-2.png\" width=\"29\" height=\"29\"><span style=\"font-size: 16px;\">SANS LACTOSE : <\/span><span style=\"font-size: 16px;\">Convient aux personnes allergiques au lactose.<\/span><\/div>\n<\/div>\n<\/div>\n<\/div>\n<\/div>\n<\/div>\n<\/div>\n<\/div>\n<div class=\"jet-listing-grid__item jet-listing-dynamic-post-92\" data-post-id=\"92\">\n<div class=\"elementor elementor-1041415\" data-elementor-type=\"jet-listing-items\" data-elementor-id=\"1041415\" data-elementor-post-type=\"jet-engine\">\n<div class=\"elementor-element elementor-element-8a737b3 e-flex e-con-boxed e-con e-parent\" data-id=\"8a737b3\" data-element_type=\"container\">\n<div class=\"e-con-inner\">\n<div class=\"elementor-element elementor-element-d6bf063 e-con-full e-flex e-con e-child\" data-id=\"d6bf063\" data-element_type=\"container\">\n<div class=\"elementor-element elementor-element-348f78d elementor-widget elementor-widget-jet-listing-dynamic-image\" data-id=\"348f78d\" data-element_type=\"widget\" data-widget_type=\"jet-listing-dynamic-image.default\">\n<div class=\"elementor-widget-container\">\n<div class=\"jet-listing jet-listing-dynamic-image\"><img loading=\"lazy\" decoding=\"async\" class=\"\" src=\"https:\/\/inesrosales.com\/wp-content\/uploads\/2024\/12\/vegano.png\" alt=\"v\u00e9g\u00e9talien.png\" width=\"31\" height=\"31\"><span style=\"font-size: 16px;\">CERTIFICATION V\u00c9GANE : <\/span><span style=\"font-size: 16px;\">Le V-Label est le label v\u00e9g\u00e9talien le plus reconnu au niveau international.<\/span><\/div>\n<\/div>\n<\/div>\n<\/div>\n<\/div>\n<\/div>\n<\/div>\n<\/div>","protected":false},"excerpt":{"rendered":"<p>La Torta de Aceite Original de In\u00e9s Rosales est fabriqu\u00e9e depuis 1910 avec la m\u00eame recette originale. La formule a \u00e9t\u00e9 sauv\u00e9e par In\u00e9s Rosales Cabello de l&#8217;h\u00e9ritage familial. Comme par le pass\u00e9, ils sont toujours fabriqu\u00e9s \u00e0 la main, un par un, pour obtenir leur texture unique , l\u00e9g\u00e8re, croustillante et feuillet\u00e9e . Ils [&hellip;]<\/p>\n","protected":false},"featured_media":21276,"comment_status":"open","ping_status":"closed","template":"","meta":{"site-sidebar-layout":"default","site-content-layout":"","ast-site-content-layout":"default","site-content-style":"default","site-sidebar-style":"default","ast-global-header-display":"","ast-banner-title-visibility":"","ast-main-header-display":"","ast-hfb-above-header-display":"","ast-hfb-below-header-display":"","ast-hfb-mobile-header-display":"","site-post-title":"","ast-breadcrumbs-content":"","ast-featured-img":"","footer-sml-layout":"","ast-disable-related-posts":"","theme-transparent-header-meta":"default","adv-header-id-meta":"","stick-header-meta":"","header-above-stick-meta":"","header-main-stick-meta":"","header-below-stick-meta":"","astra-migrate-meta-layouts":"default","ast-page-background-enabled":"default","ast-page-background-meta":{"desktop":{"background-color":"var(--ast-global-color-4)","background-image":"","background-repeat":"repeat","background-position":"center center","background-size":"auto","background-attachment":"scroll","background-type":"","background-media":"","overlay-type":"","overlay-color":"","overlay-opacity":"","overlay-gradient":""},"tablet":{"background-color":"","background-image":"","background-repeat":"repeat","background-position":"center center","background-size":"auto","background-attachment":"scroll","background-type":"","background-media":"","overlay-type":"","overlay-color":"","overlay-opacity":"","overlay-gradient":""},"mobile":{"background-color":"","background-image":"","background-repeat":"repeat","background-position":"center center","background-size":"auto","background-attachment":"scroll","background-type":"","background-media":"","overlay-type":"","overlay-color":"","overlay-opacity":"","overlay-gradient":""}},"ast-content-background-meta":{"desktop":{"background-color":"var(--ast-global-color-5)","background-image":"","background-repeat":"repeat","background-position":"center center","background-size":"auto","background-attachment":"scroll","background-type":"","background-media":"","overlay-type":"","overlay-color":"","overlay-opacity":"","overlay-gradient":""},"tablet":{"background-color":"var(--ast-global-color-5)","background-image":"","background-repeat":"repeat","background-position":"center center","background-size":"auto","background-attachment":"scroll","background-type":"","background-media":"","overlay-type":"","overlay-color":"","overlay-opacity":"","overlay-gradient":""},"mobile":{"background-color":"var(--ast-global-color-5)","background-image":"","background-repeat":"repeat","background-position":"center center","background-size":"auto","background-attachment":"scroll","background-type":"","background-media":"","overlay-type":"","overlay-color":"","overlay-opacity":"","overlay-gradient":""}}},"product_brand":[1218],"product_cat":[15,1644],"product_tag":[],"class_list":{"0":"post-21279","1":"product","2":"type-product","3":"status-publish","4":"has-post-thumbnail","6":"product_brand-ines-rosales","7":"product_cat-sin-categorizar","8":"product_cat-tortas-de-aceite-fr","9":"desktop-align-left","10":"tablet-align-left","11":"mobile-align-left","13":"first","14":"instock","15":"taxable","16":"shipping-taxable","17":"purchasable","18":"product-type-simple"},"_links":{"self":[{"href":"https:\/\/andalubox.com\/fr\/wp-json\/wp\/v2\/product\/21279","targetHints":{"allow":["GET"]}}],"collection":[{"href":"https:\/\/andalubox.com\/fr\/wp-json\/wp\/v2\/product"}],"about":[{"href":"https:\/\/andalubox.com\/fr\/wp-json\/wp\/v2\/types\/product"}],"replies":[{"embeddable":true,"href":"https:\/\/andalubox.com\/fr\/wp-json\/wp\/v2\/comments?post=21279"}],"wp:featuredmedia":[{"embeddable":true,"href":"https:\/\/andalubox.com\/fr\/wp-json\/wp\/v2\/media\/21276"}],"wp:attachment":[{"href":"https:\/\/andalubox.com\/fr\/wp-json\/wp\/v2\/media?parent=21279"}],"wp:term":[{"taxonomy":"product_brand","embeddable":true,"href":"https:\/\/andalubox.com\/fr\/wp-json\/wp\/v2\/product_brand?post=21279"},{"taxonomy":"product_cat","embeddable":true,"href":"https:\/\/andalubox.com\/fr\/wp-json\/wp\/v2\/product_cat?post=21279"},{"taxonomy":"product_tag","embeddable":true,"href":"https:\/\/andalubox.com\/fr\/wp-json\/wp\/v2\/product_tag?post=21279"}],"curies":[{"name":"wp","href":"https:\/\/api.w.org\/{rel}","templated":true}]}}