{"id":21092,"date":"2025-05-13T13:46:24","date_gmt":"2025-05-13T11:46:24","guid":{"rendered":"https:\/\/andalubox.com\/producto-andaluz\/tanqueray-gin-flor-de-sevilla-70cl\/"},"modified":"2025-09-19T19:08:24","modified_gmt":"2025-09-19T17:08:24","slug":"tanqueray-gin-flor-de-sevilla-70cl","status":"publish","type":"product","link":"https:\/\/andalubox.com\/fr\/producto-andaluz\/tanqueray-gin-flor-de-sevilla-70cl\/","title":{"rendered":"Tanqueray Gin Flor de Sevilla, 70cl"},"content":{"rendered":"<div id=\"FT_feature_4\">\n<section>\n<h2>Tanqueray Gin Flor de Sevilla, 70cl<\/h2>\n<div class=\"features_div\">\n<table>\n<tbody>\n<tr>\n<td>Titre alcoom\u00e9trique<\/td>\n<td>41.3%<\/td>\n<\/tr>\n<tr>\n<td>Type d&#8217;assurance<\/td>\n<td>Premium<\/td>\n<\/tr>\n<tr>\n<td>Pays<\/td>\n<td>Angleterre<\/td>\n<\/tr>\n<tr>\n<td>Vari\u00e9t\u00e9<\/td>\n<td>Orange<\/td>\n<\/tr>\n<tr>\n<td>Marque<\/td>\n<td>Tanqueray<\/td>\n<\/tr>\n<tr>\n<td>Volume<\/td>\n<td>70cl<\/td>\n<\/tr>\n<tr>\n<td>Cat\u00e9gorie<\/td>\n<td>Gin<\/td>\n<\/tr>\n<\/tbody>\n<\/table>\n<\/div>\n<\/section>\n<div id=\"InfoTab\" class=\"rte\">\n<section>\n<h2>Pourquoi acheter le Tanqueray Flor de Sevilla Gin ?<\/h2>\n<div class=\"short-description\">\n<p>&#8220;<strong>S\u00e9ville a une couleur sp\u00e9ciale<\/strong>, S\u00e9ville a encore son duende, elle sent encore la <strong>fleur d&#8217;oranger<\/strong>&#8230;&#8221;. C&#8217;est ce que dit l&#8217;une des paroles les plus c\u00e9l\u00e8bres de la capitale andalouse, \u00e9crite par Los Del R\u00edo il y a plus de 25 ans, \u00e0 laquelle on pourrait ajouter une nouvelle phrase : y <strong>me sabe a Tanqueray (<\/strong>et <strong>\u00e7a a le go\u00fbt du Tanqueray<\/strong>). <\/p>\n<\/div>\n<p>La marque de gin a lanc\u00e9 <strong>Flor de Sevilla<\/strong>, un hommage \u00e0 la ville qui contient la couleur et l&#8217;odeur de ses rues&#8230; Et comment est-ce possible ? Gr\u00e2ce aux nouvelles technologies, principalement le <strong>Big Data<\/strong>. Les responsables de la distillerie britannique ont analys\u00e9 les rues de S\u00e9ville, son architecture et son emplacement, en identifiant la <strong>gamme chromatique qui<\/strong> y <strong>pr\u00e9domine<\/strong> et en la capturant dans une couleur orange naturelle. De plus, comme le dit la chanson, la capitale de l&#8217;Andalousie sent la <strong>fleur d&#8217;oranger<\/strong>, et cette fleur est l&#8217;une des botaniques avec l&#8217;<strong>orange am\u00e8re de S\u00e9ville<\/strong> qui se distinguent dans le m\u00e9lange, accompagn\u00e9e des quatre botaniques caract\u00e9ristiques du London Dry Gin de Tanqueray.    <\/p>\n<\/section>\n<section>\n<h2>Notes de d\u00e9gustation. La vue, l&#8217;odorat et le go\u00fbt<\/h2>\n<p>La bouteille classique de Tanqueray, plus large \u00e0 mesure qu&#8217;elle s&#8217;\u00e9l\u00e8ve de sa base \u00e0 son goulot, est responsable du duel avec tous ceux qui ne veulent pas <strong>rendre hommage<\/strong> au gin de S\u00e9ville par excellence. Fabriqu\u00e9e en verre transparent, elle r\u00e9v\u00e8le les couleurs p\u00e2les, nettes, <strong>naturelles et orang\u00e9es<\/strong> que nous avons \u00e9voqu\u00e9es plus haut. Une fois vers\u00e9 dans un verre, il pr\u00e9sente des ar\u00f4mes complexes et tr\u00e8s <strong>fruit\u00e9s<\/strong>, qui ressortent en bouche, avec des <strong>saveurs d&#8217;orange et de fleur d&#8217;oranger<\/strong> pr\u00e9dominantes, comme il ne pouvait en \u00eatre autrement.  <\/p>\n<\/section>\n<section>\n<h2>Comment le d\u00e9guster. Couplage<\/h2>\n<p>Quant \u00e0 la meilleure fa\u00e7on de <strong>d\u00e9guster le Tanqueray Flor de Sevilla<\/strong>, chez Yo pongo el hielo, nous vous recommandons de le boire dans un verre large, accompagn\u00e9 d&#8217;un <strong>tonique neutre<\/strong>, car la saveur fruit\u00e9e du gin n&#8217;a pas besoin d&#8217;\u00eatre soulign\u00e9e davantage. Quatre ou cinq gla\u00e7ons et un <strong>quartier d&#8217;orange pr\u00e9alablement press\u00e9<\/strong>, et d\u00e9gustez-le dans les rues de S\u00e9ville. <\/p>\n<\/section>\n<section>\n<h2>Un peu d&#8217;histoire sur Tanqueray Flor de Sevilla&#8230;<\/h2>\n<p>L&#8217;histoire de Tanqueray Flor de Sevilla commence en 1860, lorsque <strong>Charles Tanqueray<\/strong>, cr\u00e9ateur et promoteur de la marque dans le quartier de Bloomsbury \u00e0 Londres depuis 1830, voyage \u00e0 travers le monde \u00e0 la recherche de nouvelles saveurs \u00e0 inclure dans sa boisson. Au cours de l&#8217;un de ces voyages, il tombe <strong>sur S\u00e9ville<\/strong> et, en plus de tomber amoureux de ses rues et de ses habitants, il d\u00e9couvre l&#8217;ar\u00f4me de l&#8217;orange am\u00e8re de S\u00e9ville et de sa fleur d&#8217;oranger. <\/p>\n<p>Plus d&#8217;un si\u00e8cle plus tard, les dirigeants actuels de la distillerie ont r\u00e9alis\u00e9 les v\u0153ux de son cr\u00e9ateur, en mariant ces deux produits aux botaniques caract\u00e9ristiques de la marque pour donner forme \u00e0 un gin qui cherche, comme Charles Tanqueray, \u00e0 conqu\u00e9rir les palais du monde entier.<\/p>\n<\/section>\n<\/div>\n<\/div>","protected":false},"excerpt":{"rendered":"<p>Tanqueray Gin Flor de Sevilla, 70cl dans toute l&#8217;Europe<\/p>\n","protected":false},"featured_media":20769,"comment_status":"open","ping_status":"closed","template":"","meta":{"site-sidebar-layout":"default","site-content-layout":"","ast-site-content-layout":"default","site-content-style":"default","site-sidebar-style":"default","ast-global-header-display":"","ast-banner-title-visibility":"","ast-main-header-display":"","ast-hfb-above-header-display":"","ast-hfb-below-header-display":"","ast-hfb-mobile-header-display":"","site-post-title":"","ast-breadcrumbs-content":"","ast-featured-img":"","footer-sml-layout":"","ast-disable-related-posts":"","theme-transparent-header-meta":"default","adv-header-id-meta":"","stick-header-meta":"","header-above-stick-meta":"","header-main-stick-meta":"","header-below-stick-meta":"","astra-migrate-meta-layouts":"default","ast-page-background-enabled":"default","ast-page-background-meta":{"desktop":{"background-color":"var(--ast-global-color-4)","background-image":"","background-repeat":"repeat","background-position":"center center","background-size":"auto","background-attachment":"scroll","background-type":"","background-media":"","overlay-type":"","overlay-color":"","overlay-opacity":"","overlay-gradient":""},"tablet":{"background-color":"","background-image":"","background-repeat":"repeat","background-position":"center center","background-size":"auto","background-attachment":"scroll","background-type":"","background-media":"","overlay-type":"","overlay-color":"","overlay-opacity":"","overlay-gradient":""},"mobile":{"background-color":"","background-image":"","background-repeat":"repeat","background-position":"center center","background-size":"auto","background-attachment":"scroll","background-type":"","background-media":"","overlay-type":"","overlay-color":"","overlay-opacity":"","overlay-gradient":""}},"ast-content-background-meta":{"desktop":{"background-color":"var(--ast-global-color-5)","background-image":"","background-repeat":"repeat","background-position":"center center","background-size":"auto","background-attachment":"scroll","background-type":"","background-media":"","overlay-type":"","overlay-color":"","overlay-opacity":"","overlay-gradient":""},"tablet":{"background-color":"var(--ast-global-color-5)","background-image":"","background-repeat":"repeat","background-position":"center center","background-size":"auto","background-attachment":"scroll","background-type":"","background-media":"","overlay-type":"","overlay-color":"","overlay-opacity":"","overlay-gradient":""},"mobile":{"background-color":"var(--ast-global-color-5)","background-image":"","background-repeat":"repeat","background-position":"center center","background-size":"auto","background-attachment":"scroll","background-type":"","background-media":"","overlay-type":"","overlay-color":"","overlay-opacity":"","overlay-gradient":""}}},"product_brand":[1310],"product_cat":[41],"product_tag":[],"class_list":{"0":"post-21092","1":"product","2":"type-product","3":"status-publish","4":"has-post-thumbnail","6":"product_brand-tanqueray","7":"product_cat-conservas-de-carne","8":"desktop-align-left","9":"tablet-align-left","10":"mobile-align-left","12":"first","13":"instock","14":"taxable","15":"shipping-taxable","16":"purchasable","17":"product-type-simple"},"_links":{"self":[{"href":"https:\/\/andalubox.com\/fr\/wp-json\/wp\/v2\/product\/21092","targetHints":{"allow":["GET"]}}],"collection":[{"href":"https:\/\/andalubox.com\/fr\/wp-json\/wp\/v2\/product"}],"about":[{"href":"https:\/\/andalubox.com\/fr\/wp-json\/wp\/v2\/types\/product"}],"replies":[{"embeddable":true,"href":"https:\/\/andalubox.com\/fr\/wp-json\/wp\/v2\/comments?post=21092"}],"wp:featuredmedia":[{"embeddable":true,"href":"https:\/\/andalubox.com\/fr\/wp-json\/wp\/v2\/media\/20769"}],"wp:attachment":[{"href":"https:\/\/andalubox.com\/fr\/wp-json\/wp\/v2\/media?parent=21092"}],"wp:term":[{"taxonomy":"product_brand","embeddable":true,"href":"https:\/\/andalubox.com\/fr\/wp-json\/wp\/v2\/product_brand?post=21092"},{"taxonomy":"product_cat","embeddable":true,"href":"https:\/\/andalubox.com\/fr\/wp-json\/wp\/v2\/product_cat?post=21092"},{"taxonomy":"product_tag","embeddable":true,"href":"https:\/\/andalubox.com\/fr\/wp-json\/wp\/v2\/product_tag?post=21092"}],"curies":[{"name":"wp","href":"https:\/\/api.w.org\/{rel}","templated":true}]}}