{"id":21068,"date":"2025-05-23T10:54:53","date_gmt":"2025-05-23T08:54:53","guid":{"rendered":"https:\/\/andalubox.com\/producto-andaluz\/avoblend-creme-de-cacao-et-davocat-dandalucia-50-avocat-150g\/"},"modified":"2026-01-27T09:43:03","modified_gmt":"2026-01-27T08:43:03","slug":"avoblend-creme-de-cacao-et-davocat-dandalucia-50-avocat-150g","status":"publish","type":"product","link":"https:\/\/andalubox.com\/fr\/producto-andaluz\/avoblend-creme-de-cacao-et-davocat-dandalucia-50-avocat-150g\/","title":{"rendered":"Avoblend Cr\u00e8me d&#8217;avocat et de cacao d&#8217;Andalousie (49% d&#8217;avocat), 150g"},"content":{"rendered":"<p><strong>Avoblend Cr\u00e8me d&#8217;avocat et de cacao d&#8217;Andalousie (49% d&#8217;avocat), 150g<\/strong><\/p>\n<p><span style=\"font-size: 16px;\">Une alternative saine pour les gourmands.<\/span><\/p>\n<div class=\"elementor-element elementor-element-b58d7b7 elementor-hidden-mobile e-flex e-con-boxed e-con e-parent e-lazyloaded\" data-id=\"b58d7b7\" data-element_type=\"container\">\n<div class=\"e-con-inner\">\n<div class=\"elementor-element elementor-element-6943c68 elementor-widget-divider--view-line_icon elementor-view-default elementor-widget-divider--element-align-center elementor-widget elementor-widget-divider\" data-id=\"6943c68\" data-element_type=\"widget\" data-widget_type=\"divider.default\">\n<div class=\"elementor-widget-container\">\n<div class=\"elementor-divider\">\n<div class=\"elementor-icon elementor-divider__element\">\n<p><strong>Ar\u00f4me naturel.  <span style=\"font-size: 12pt;\">Innovation alimentaire, une alternative aux sauces traditionnelles.<\/span><\/strong><\/p>\n<p><strong>AVOblend <\/strong>propose des solutions gastronomiques cr\u00e9atives, d\u00e9licieuses, polyvalentes et saines dans lesquelles l&#8217;avocat est l&#8217;ingr\u00e9dient principal. <span style=\"font-size: 16px;\">Gr\u00e2ce \u00e0 un important travail de R&amp;D&amp;I, <\/span><strong style=\"font-size: 16px;\">AVOblend<\/strong><span style=\"font-size: 16px;\"> transforme ce fruit en tartinades uniques qui vont au-del\u00e0 du guacamole classique. C&#8217;est pourquoi chacune des sauces est \u00e9labor\u00e9e \u00e0 partir de 60 % de pulpe d&#8217;avocat, ce qui garantit une texture cr\u00e9meuse et une saveur inimitable, sans conservateurs artificiels ni sucres.<\/span><\/p>\n<p>Les produits <strong>AVOblend <\/strong>sont 100% d&#8217;origine v\u00e9g\u00e9tale, conviennent aux v\u00e9g\u00e9taliens et sont riches en fibres, en potassium, en magn\u00e9sium et en vitamine E.<\/p>\n<div class=\"elementor-element elementor-element-20d2170 e-con-full e-flex e-con e-child\" data-id=\"20d2170\" data-element_type=\"container\">\n<div class=\"elementor-element elementor-element-0261112 elementor-widget elementor-widget-text-editor\" data-id=\"0261112\" data-element_type=\"widget\" data-widget_type=\"text-editor.default\">\n<div class=\"elementor-widget-container\">\n<p>Que ce soit pour tartiner des toasts, pour agr\u00e9menter des salades ou comme trempette \u00e0 partager, <strong>AVOblend<\/strong> vous offre une fa\u00e7on pratique et d\u00e9licieuse de savourer l&#8217;avocat.<\/p>\n<div class=\"elementor-element elementor-element-fff82fd elementor-widget elementor-widget-text-editor\" data-id=\"fff82fd\" data-element_type=\"widget\" data-widget_type=\"text-editor.default\">\n<div class=\"elementor-widget-container\">\n<p>Il s&#8217;agit d&#8217;une ligne de sauces et de cr\u00e8mes qui associent des ingr\u00e9dients naturels et atteignent un \u00e9quilibre parfait entre le go\u00fbt et la sant\u00e9.<\/p>\n<main id=\"content\" class=\"site-main post-532 page type-page status-publish hentry\">\n<div class=\"page-content\">\n<div class=\"elementor elementor-532\" data-elementor-type=\"wp-page\" data-elementor-id=\"532\" data-elementor-post-type=\"page\">\n<div class=\"elementor-element elementor-element-e0719ab e-flex e-con-boxed e-con e-parent e-lazyloaded\" data-id=\"e0719ab\" data-element_type=\"container\" data-settings=\"{\"background_background\":\"classic\"}\">\n<div class=\"e-con-inner\">\n<div class=\"elementor-element elementor-element-7eec0a5 e-con-full e-flex e-con e-child\" data-id=\"7eec0a5\" data-element_type=\"container\">\n<div class=\"elementor-element elementor-element-0eddd33 elementor-widget elementor-widget-text-editor\" data-id=\"0eddd33\" data-element_type=\"widget\" data-widget_type=\"text-editor.default\">\n<div class=\"elementor-widget-container\">\n<p><strong>AVOblend<\/strong> propose des produits 100% v\u00e9g\u00e9taux, sans conservateurs artificiels ni sucres ajout\u00e9s, qui conviennent \u00e0 tous les styles de vie et \u00e0 toutes les pr\u00e9f\u00e9rences.<\/p>\n<div class=\"elementor-element elementor-element-3a137a4 e-con-full e-flex e-con e-child\" data-id=\"3a137a4\" data-element_type=\"container\">\n<div class=\"elementor-element elementor-element-6c06d79 elementor-position-top elementor-widget elementor-widget-image-box\" data-id=\"6c06d79\" data-element_type=\"widget\" data-widget_type=\"image-box.default\">\n<div class=\"elementor-widget-container\">\n<div class=\"elementor-image-box-wrapper\">\n<div class=\"elementor-image-box-content\">\n<h3 class=\"elementor-image-box-title\">Ingr\u00e9dients naturels \ud83e\udd51\u2728<\/h3>\n<p class=\"elementor-image-box-description\">Ingr\u00e9dients 100% naturels de la plus haute qualit\u00e9, garantissant un go\u00fbt frais et authentique.<\/p>\n<\/div>\n<\/div>\n<\/div>\n<\/div>\n<\/div>\n<div class=\"elementor-element elementor-element-47b75c7 e-con-full e-flex e-con e-child\" data-id=\"47b75c7\" data-element_type=\"container\">\n<div class=\"elementor-element elementor-element-7d69228 elementor-position-top elementor-widget elementor-widget-image-box\" data-id=\"7d69228\" data-element_type=\"widget\" data-widget_type=\"image-box.default\">\n<div class=\"elementor-widget-container\">\n<div class=\"elementor-image-box-wrapper\">\n<div class=\"elementor-image-box-content\">\n<h3 class=\"elementor-image-box-title\">Produit 100% v\u00e9g\u00e9tal\ud83c\udf31<\/h3>\n<p class=\"elementor-image-box-description\">Convient aux v\u00e9g\u00e9taliens, sans ingr\u00e9dients d&#8217;origine animale.<\/p>\n<\/div>\n<\/div>\n<\/div>\n<\/div>\n<\/div>\n<div class=\"elementor-element elementor-element-f3c2f71 e-con-full e-flex e-con e-child\" data-id=\"f3c2f71\" data-element_type=\"container\">\n<div class=\"elementor-element elementor-element-22022b6 elementor-position-top elementor-widget elementor-widget-image-box\" data-id=\"22022b6\" data-element_type=\"widget\" data-widget_type=\"image-box.default\">\n<div class=\"elementor-widget-container\">\n<div class=\"elementor-image-box-wrapper\">\n<div class=\"elementor-image-box-content\">\n<h3 class=\"elementor-image-box-title\">Riche en nutriments essentiels\ud83d\udc9a<\/h3>\n<p class=\"elementor-image-box-description\">Riche en fibres, en potassium, en magn\u00e9sium et en vitamine E, qui sont b\u00e9n\u00e9fiques pour la sant\u00e9.<\/p>\n<\/div>\n<\/div>\n<\/div>\n<\/div>\n<\/div>\n<div class=\"elementor-element elementor-element-38cad31 e-con-full e-flex e-con e-child\" data-id=\"38cad31\" data-element_type=\"container\">\n<div class=\"elementor-element elementor-element-b7fd99d elementor-position-top elementor-widget elementor-widget-image-box\" data-id=\"b7fd99d\" data-element_type=\"widget\" data-widget_type=\"image-box.default\">\n<div class=\"elementor-widget-container\">\n<div class=\"elementor-image-box-wrapper\">\n<div class=\"elementor-image-box-content\">\n<h3 class=\"elementor-image-box-title\">Polyvalence dans la cuisine \ud83c\udf7d\ufe0f<\/h3>\n<p class=\"elementor-image-box-description\">Parfait avec des toasts, des salades ou comme trempette pour les ap\u00e9ritifs.<\/p>\n<\/div>\n<\/div>\n<\/div>\n<\/div>\n<\/div>\n<div class=\"elementor-element elementor-element-636fd4b e-con-full e-flex e-con e-child\" data-id=\"636fd4b\" data-element_type=\"container\">\n<div class=\"elementor-element elementor-element-3a83a0d elementor-position-top elementor-widget elementor-widget-image-box\" data-id=\"3a83a0d\" data-element_type=\"widget\" data-widget_type=\"image-box.default\">\n<div class=\"elementor-widget-container\">\n<div class=\"elementor-image-box-wrapper\">\n<div class=\"elementor-image-box-content\">\n<h3 class=\"elementor-image-box-title\">Unique sur le plan nutritionnel \ud83e\udd57<\/h3>\n<p class=\"elementor-image-box-description\">Il fournit des nutriments essentiels \u00e0 une alimentation \u00e9quilibr\u00e9e.<\/p>\n<\/div>\n<\/div>\n<\/div>\n<\/div>\n<\/div>\n<\/div>\n<\/div>\n<\/div>\n<\/div>\n<\/div>\n<\/div>\n<\/div>\n<\/main><\/div>\n<\/div>\n<\/div>\n<\/div>\n<\/div>\n<\/div>\n<\/div>\n<\/div>\n<\/div>\n<\/div>\n<\/div>\n<div class=\"elementor-element elementor-element-68eadb5 e-con-full elementor-hidden-mobile e-flex e-con e-parent e-lazyloaded\" data-id=\"68eadb5\" data-element_type=\"container\">\n<div class=\"elementor-element elementor-element-4277b38 e-con-full e-flex e-con e-child\" data-id=\"4277b38\" data-element_type=\"container\">\n<div class=\"elementor-element elementor-element-10dbdc7 elementor-position-top elementor-widget elementor-widget-image-box\" data-id=\"10dbdc7\" data-element_type=\"widget\" data-widget_type=\"image-box.default\">\n<div class=\"elementor-widget-container\"> <\/div>\n<\/div>\n<\/div>\n<\/div>","protected":false},"excerpt":{"rendered":"<p>Avoblend Cr\u00e8me d&#8217;avocat et de cacao d&#8217;Andalousie (49% d&#8217;avocat), 150g Une alternative saine pour les gourmands. Ar\u00f4me naturel. Innovation alimentaire, une alternative aux sauces traditionnelles. AVOblend propose des solutions gastronomiques cr\u00e9atives, d\u00e9licieuses, polyvalentes et saines dans lesquelles l&#8217;avocat est l&#8217;ingr\u00e9dient principal. Gr\u00e2ce \u00e0 un important travail de R&amp;D&amp;I, AVOblend transforme ce fruit en tartinades uniques [&hellip;]<\/p>\n","protected":false},"featured_media":30774,"comment_status":"open","ping_status":"closed","template":"","meta":{"site-sidebar-layout":"default","site-content-layout":"","ast-site-content-layout":"default","site-content-style":"default","site-sidebar-style":"default","ast-global-header-display":"","ast-banner-title-visibility":"","ast-main-header-display":"","ast-hfb-above-header-display":"","ast-hfb-below-header-display":"","ast-hfb-mobile-header-display":"","site-post-title":"","ast-breadcrumbs-content":"","ast-featured-img":"","footer-sml-layout":"","ast-disable-related-posts":"","theme-transparent-header-meta":"default","adv-header-id-meta":"","stick-header-meta":"","header-above-stick-meta":"","header-main-stick-meta":"","header-below-stick-meta":"","astra-migrate-meta-layouts":"default","ast-page-background-enabled":"default","ast-page-background-meta":{"desktop":{"background-color":"var(--ast-global-color-4)","background-image":"","background-repeat":"repeat","background-position":"center center","background-size":"auto","background-attachment":"scroll","background-type":"","background-media":"","overlay-type":"","overlay-color":"","overlay-opacity":"","overlay-gradient":""},"tablet":{"background-color":"","background-image":"","background-repeat":"repeat","background-position":"center center","background-size":"auto","background-attachment":"scroll","background-type":"","background-media":"","overlay-type":"","overlay-color":"","overlay-opacity":"","overlay-gradient":""},"mobile":{"background-color":"","background-image":"","background-repeat":"repeat","background-position":"center center","background-size":"auto","background-attachment":"scroll","background-type":"","background-media":"","overlay-type":"","overlay-color":"","overlay-opacity":"","overlay-gradient":""}},"ast-content-background-meta":{"desktop":{"background-color":"var(--ast-global-color-5)","background-image":"","background-repeat":"repeat","background-position":"center center","background-size":"auto","background-attachment":"scroll","background-type":"","background-media":"","overlay-type":"","overlay-color":"","overlay-opacity":"","overlay-gradient":""},"tablet":{"background-color":"var(--ast-global-color-5)","background-image":"","background-repeat":"repeat","background-position":"center center","background-size":"auto","background-attachment":"scroll","background-type":"","background-media":"","overlay-type":"","overlay-color":"","overlay-opacity":"","overlay-gradient":""},"mobile":{"background-color":"var(--ast-global-color-5)","background-image":"","background-repeat":"repeat","background-position":"center center","background-size":"auto","background-attachment":"scroll","background-type":"","background-media":"","overlay-type":"","overlay-color":"","overlay-opacity":"","overlay-gradient":""}}},"product_brand":[1281],"product_cat":[15],"product_tag":[],"class_list":{"0":"post-21068","1":"product","2":"type-product","3":"status-publish","4":"has-post-thumbnail","6":"product_brand-avoblend","7":"product_cat-sin-categorizar","8":"desktop-align-left","9":"tablet-align-left","10":"mobile-align-left","12":"first","13":"instock","14":"taxable","15":"shipping-taxable","16":"purchasable","17":"product-type-simple"},"_links":{"self":[{"href":"https:\/\/andalubox.com\/fr\/wp-json\/wp\/v2\/product\/21068","targetHints":{"allow":["GET"]}}],"collection":[{"href":"https:\/\/andalubox.com\/fr\/wp-json\/wp\/v2\/product"}],"about":[{"href":"https:\/\/andalubox.com\/fr\/wp-json\/wp\/v2\/types\/product"}],"replies":[{"embeddable":true,"href":"https:\/\/andalubox.com\/fr\/wp-json\/wp\/v2\/comments?post=21068"}],"wp:featuredmedia":[{"embeddable":true,"href":"https:\/\/andalubox.com\/fr\/wp-json\/wp\/v2\/media\/30774"}],"wp:attachment":[{"href":"https:\/\/andalubox.com\/fr\/wp-json\/wp\/v2\/media?parent=21068"}],"wp:term":[{"taxonomy":"product_brand","embeddable":true,"href":"https:\/\/andalubox.com\/fr\/wp-json\/wp\/v2\/product_brand?post=21068"},{"taxonomy":"product_cat","embeddable":true,"href":"https:\/\/andalubox.com\/fr\/wp-json\/wp\/v2\/product_cat?post=21068"},{"taxonomy":"product_tag","embeddable":true,"href":"https:\/\/andalubox.com\/fr\/wp-json\/wp\/v2\/product_tag?post=21068"}],"curies":[{"name":"wp","href":"https:\/\/api.w.org\/{rel}","templated":true}]}}