{"id":21007,"date":"2025-05-22T11:35:15","date_gmt":"2025-05-22T09:35:15","guid":{"rendered":"https:\/\/andalubox.com\/producto-andaluz\/covap-semi-lait-de-chevre-provenant-de-chevres-en-paturage-dans-la-vallee-de-pedroches-1l\/"},"modified":"2025-09-19T16:48:41","modified_gmt":"2025-09-19T14:48:41","slug":"covap-semi-lait-de-chevre-provenant-de-chevres-en-paturage-dans-la-vallee-de-pedroches-1l","status":"publish","type":"product","link":"https:\/\/andalubox.com\/fr\/producto-andaluz\/covap-semi-lait-de-chevre-provenant-de-chevres-en-paturage-dans-la-vallee-de-pedroches-1l\/","title":{"rendered":"Covap Semi lait de ch\u00e8vre de la vall\u00e9e de Pedroches, 1L"},"content":{"rendered":"<p>Covap Semi lait de ch\u00e8vre de la vall\u00e9e de Pedroches, 1L<\/p>\n<p><strong>Description : <\/strong>Une bonne alternative au lait d&#8217;autres esp\u00e8ces. Il poss\u00e8de d&#8217;importantes propri\u00e9t\u00e9s nutritionnelles. <\/p>\n<p class=\"aos-init aos-animate\" data-aos=\"fade-down\" data-aos-once=\"true\" data-aos-easing=\"ease-in-out\" data-aos-duration=\"1100\">Il s&#8217;agit d&#8217;un lait de grande valeur nutritionnelle, avec une teneur \u00e9lev\u00e9e en calcium et en prot\u00e9ines. De plus, gr\u00e2ce \u00e0 sa composition, il est plus digeste que le lait de vache. <\/p>\n<p class=\"aos-init aos-animate\" data-aos=\"fade-down\" data-aos-once=\"true\" data-aos-easing=\"ease-in-out\" data-aos-duration=\"1100\">C&#8217;est un bon choix pour les nourrissons, les enfants et les sportifs.<\/p>\n<p data-aos=\"fade-down\" data-aos-once=\"true\" data-aos-easing=\"ease-in-out\" data-aos-duration=\"1100\"><strong>Ingr\u00e9dients : <strong class=\"fw-bold\">Lait de<\/strong> ch\u00e8vre demi-\u00e9cr\u00e9m\u00e9 et stabilisateur (E-339).<\/strong><\/p>\n<p data-aos=\"fade-down\" data-aos-once=\"true\" data-aos-easing=\"ease-in-out\" data-aos-duration=\"1100\"><strong>Valeurs nutritionnelles moyennes pour 100 ml :<\/strong><\/p>\n<p data-aos=\"fade-down\" data-aos-once=\"true\" data-aos-easing=\"ease-in-out\" data-aos-duration=\"1100\">Valeur \u00e9nerg\u00e9tique 190 kJ\/45 kcal<\/p>\n<p data-aos=\"fade-down\" data-aos-once=\"true\" data-aos-easing=\"ease-in-out\" data-aos-duration=\"1100\">Mati\u00e8res grasses 1,5 g <span style=\"font-size: 16px;\">dont satur\u00e9es <\/span><span style=\"font-size: 16px;\">1,0 g<\/span><\/p>\n<p data-aos=\"fade-down\" data-aos-once=\"true\" data-aos-easing=\"ease-in-out\" data-aos-duration=\"1100\">Glucides 4,5 g <span style=\"font-size: 16px;\">dont <\/span><span style=\"font-size: 16px;\">4,5 g de<\/span> sucres <\/p>\n<p data-aos=\"fade-down\" data-aos-once=\"true\" data-aos-easing=\"ease-in-out\" data-aos-duration=\"1100\">Prot\u00e9ines 3,4 g<\/p>\n<p data-aos=\"fade-down\" data-aos-once=\"true\" data-aos-easing=\"ease-in-out\" data-aos-duration=\"1100\">Sel 0,16 g<\/p>\n<p data-aos=\"fade-down\" data-aos-once=\"true\" data-aos-easing=\"ease-in-out\" data-aos-duration=\"1100\">Calcium <span style=\"font-size: 16px;\">120 mg (15% NRV*)<\/span><\/p>\n<p data-aos=\"fade-down\" data-aos-once=\"true\" data-aos-easing=\"ease-in-out\" data-aos-duration=\"1100\"> <\/p>\n<p data-aos=\"fade-down\" data-aos-once=\"true\" data-aos-easing=\"ease-in-out\" data-aos-duration=\"1100\"> <\/p>\n<p data-aos=\"fade-down\" data-aos-once=\"true\" data-aos-easing=\"ease-in-out\" data-aos-duration=\"1100\"> <\/p>\n<div class=\"row justify-content-start mt-2 mx-0 px-0 gx-0\"> <\/div>","protected":false},"excerpt":{"rendered":"<p>Leche Covap Semi de Cabra de Pastoreo del Valle de los Pedroches, 1L dans toute l&#8217;Europe.<\/p>\n","protected":false},"featured_media":21005,"comment_status":"open","ping_status":"closed","template":"","meta":{"site-sidebar-layout":"default","site-content-layout":"","ast-site-content-layout":"default","site-content-style":"default","site-sidebar-style":"default","ast-global-header-display":"","ast-banner-title-visibility":"","ast-main-header-display":"","ast-hfb-above-header-display":"","ast-hfb-below-header-display":"","ast-hfb-mobile-header-display":"","site-post-title":"","ast-breadcrumbs-content":"","ast-featured-img":"","footer-sml-layout":"","ast-disable-related-posts":"","theme-transparent-header-meta":"default","adv-header-id-meta":"","stick-header-meta":"","header-above-stick-meta":"","header-main-stick-meta":"","header-below-stick-meta":"","astra-migrate-meta-layouts":"default","ast-page-background-enabled":"default","ast-page-background-meta":{"desktop":{"background-color":"var(--ast-global-color-4)","background-image":"","background-repeat":"repeat","background-position":"center center","background-size":"auto","background-attachment":"scroll","background-type":"","background-media":"","overlay-type":"","overlay-color":"","overlay-opacity":"","overlay-gradient":""},"tablet":{"background-color":"","background-image":"","background-repeat":"repeat","background-position":"center center","background-size":"auto","background-attachment":"scroll","background-type":"","background-media":"","overlay-type":"","overlay-color":"","overlay-opacity":"","overlay-gradient":""},"mobile":{"background-color":"","background-image":"","background-repeat":"repeat","background-position":"center center","background-size":"auto","background-attachment":"scroll","background-type":"","background-media":"","overlay-type":"","overlay-color":"","overlay-opacity":"","overlay-gradient":""}},"ast-content-background-meta":{"desktop":{"background-color":"var(--ast-global-color-5)","background-image":"","background-repeat":"repeat","background-position":"center center","background-size":"auto","background-attachment":"scroll","background-type":"","background-media":"","overlay-type":"","overlay-color":"","overlay-opacity":"","overlay-gradient":""},"tablet":{"background-color":"var(--ast-global-color-5)","background-image":"","background-repeat":"repeat","background-position":"center center","background-size":"auto","background-attachment":"scroll","background-type":"","background-media":"","overlay-type":"","overlay-color":"","overlay-opacity":"","overlay-gradient":""},"mobile":{"background-color":"var(--ast-global-color-5)","background-image":"","background-repeat":"repeat","background-position":"center center","background-size":"auto","background-attachment":"scroll","background-type":"","background-media":"","overlay-type":"","overlay-color":"","overlay-opacity":"","overlay-gradient":""}}},"product_brand":[1198],"product_cat":[15],"product_tag":[],"class_list":{"0":"post-21007","1":"product","2":"type-product","3":"status-publish","4":"has-post-thumbnail","6":"product_brand-covap","7":"product_cat-sin-categorizar","8":"desktop-align-left","9":"tablet-align-left","10":"mobile-align-left","12":"first","13":"instock","14":"taxable","15":"shipping-taxable","16":"purchasable","17":"product-type-simple"},"_links":{"self":[{"href":"https:\/\/andalubox.com\/fr\/wp-json\/wp\/v2\/product\/21007","targetHints":{"allow":["GET"]}}],"collection":[{"href":"https:\/\/andalubox.com\/fr\/wp-json\/wp\/v2\/product"}],"about":[{"href":"https:\/\/andalubox.com\/fr\/wp-json\/wp\/v2\/types\/product"}],"replies":[{"embeddable":true,"href":"https:\/\/andalubox.com\/fr\/wp-json\/wp\/v2\/comments?post=21007"}],"wp:featuredmedia":[{"embeddable":true,"href":"https:\/\/andalubox.com\/fr\/wp-json\/wp\/v2\/media\/21005"}],"wp:attachment":[{"href":"https:\/\/andalubox.com\/fr\/wp-json\/wp\/v2\/media?parent=21007"}],"wp:term":[{"taxonomy":"product_brand","embeddable":true,"href":"https:\/\/andalubox.com\/fr\/wp-json\/wp\/v2\/product_brand?post=21007"},{"taxonomy":"product_cat","embeddable":true,"href":"https:\/\/andalubox.com\/fr\/wp-json\/wp\/v2\/product_cat?post=21007"},{"taxonomy":"product_tag","embeddable":true,"href":"https:\/\/andalubox.com\/fr\/wp-json\/wp\/v2\/product_tag?post=21007"}],"curies":[{"name":"wp","href":"https:\/\/api.w.org\/{rel}","templated":true}]}}