{"id":20995,"date":"2025-05-22T11:12:43","date_gmt":"2025-05-22T09:12:43","guid":{"rendered":"https:\/\/andalubox.com\/producto-andaluz\/biobetica-beticao-soluble-bio-800gr\/"},"modified":"2026-01-27T11:06:48","modified_gmt":"2026-01-27T10:06:48","slug":"biobetica-beticao-soluble-bio-800gr","status":"publish","type":"product","link":"https:\/\/andalubox.com\/fr\/producto-andaluz\/biobetica-beticao-soluble-bio-800gr\/","title":{"rendered":"Biobeticao Beticao Cacao Soluble Bio, 800g"},"content":{"rendered":"<h2><span style=\"font-size: 12pt;\">Biobeticao Beticao Cacao Soluble Bio, 800g<\/span><\/h2>\n<h2><span style=\"font-size: 12pt;\">Description<\/span><\/h2>\n<h2><span style=\"font-size: 12pt;\">Cacao soluble biologique de beticao, le go\u00fbt le plus authentique<\/span><\/h2>\n<p>Cacao soluble biologique Beticao de <a href=\"https:\/\/biobetica.com\/\" target=\"_blank\" rel=\"noopener\">bioB\u00e9tica<\/a>, au go\u00fbt intense, \u00e9labor\u00e9 avec des produits issus de l&#8217;agriculture biologique.<\/p>\n<p>Ingr\u00e9dients : Sucre de canne complet*, poudre de cacao demi-gras*.<\/p>\n<p><strong>* De l&#8217;agriculture biologique<\/strong><\/p>\n<p data-sourcepos=\"5:1-5:15\"><strong>Avantages :<\/strong><\/p>\n<ul data-sourcepos=\"7:1-12:0\">\n\t<li data-sourcepos=\"7:1-7:126\"><strong>Saveur intense et authentique<\/strong>: Beticao conserve toute la saveur et l&#8217;ar\u00f4me du cacao pur, sans conservateur suppl\u00e9mentaire.<\/li>\n\t<li data-sourcepos=\"8:1-8:100\"><strong>Apport \u00e9nerg\u00e9tique<\/strong>: le cacao est une source naturelle d&#8217;\u00e9nergie, id\u00e9ale pour commencer la journ\u00e9e en force.<\/li>\n\t<li data-sourcepos=\"9:1-9:135\"><strong>Riche en antioxydants<\/strong>: Le cacao contient une grande quantit\u00e9 d&#8217;antioxydants qui aident \u00e0 prot\u00e9ger les cellules contre les dommages oxydatifs.<\/li>\n\t<li data-sourcepos=\"10:1-10:155\"><strong>Am\u00e9liore l&#8217;humeur<\/strong>: Le cacao stimule la production de s\u00e9rotonine, une hormone qui r\u00e9gule l&#8217;humeur et procure un sentiment de bien-\u00eatre.<\/li>\n\t<li data-sourcepos=\"11:1-12:0\"><strong>Polyvalent<\/strong>: le Beticao peut \u00eatre consomm\u00e9 seul, avec du lait, dans des shakes, des smoothies ou m\u00eame dans des recettes de desserts.<\/li>\n<\/ul>\n<p data-sourcepos=\"48:1-48:19\"><strong>Mode d&#8217;emploi :<\/strong><\/p>\n<p data-sourcepos=\"50:1-50:165\">Pour pr\u00e9parer une tasse de Beticao, dissoudre 1 \u00e0 2 cuill\u00e8res \u00e0 soupe de produit dans 250 ml de lait chaud ou froid. Vous pouvez ajouter l&#8217;un des <a href=\"https:\/\/biobetica.com\/categoria-producto\/edulcorantes-bio\/\" target=\"_blank\" rel=\"noopener\">\u00e9dulcorants de<\/a> bioB\u00e9tica, bien qu&#8217;il soit recommand\u00e9 de le d\u00e9guster sans \u00e9dulcorant suppl\u00e9mentaire, car le produit contient d\u00e9j\u00e0 du sucre de mani\u00e8re \u00e9quilibr\u00e9e, en plus de l&#8217;ar\u00f4me de cacao. <\/p>\n<p data-sourcepos=\"52:1-52:17\"><strong>La conservation :<\/strong><\/p>\n<p data-sourcepos=\"54:1-54:109\">Conserver dans un endroit frais et sec. Reportez-vous \u00e0 la date limite de consommation figurant sur l&#8217;\u00e9tiquette du produit. <\/p>\n<h3>VALEURS NUTRITIONNELLES MOYENNES pour 100 gr :<\/h3>\n<p>&nbsp;<\/p>\n<p>Valeur \u00e9nerg\u00e9tique : 1612,7 kJ \/ 381,2 kcal.<\/p>\n<p>Mati\u00e8res grasses : 2,8 g.<\/p>\n<p>dont : satur\u00e9 : 1,7 g.<\/p>\n<p>Glucides : 78,4 g.<\/p>\n<p>dont : sucres : 75,3 g.<\/p>\n<p>Prot\u00e9ines : 6,8 g.<\/p>\n<p>Sel : 0 g.<\/p>\n<p>Fibres alimentaires : 7,9 g.<\/p>","protected":false},"excerpt":{"rendered":"<p>Biobeticao Beticao Organic Cocoa Soluble, 800g dans toute l&#8217;Europe.<\/p>\n","protected":false},"featured_media":20999,"comment_status":"open","ping_status":"closed","template":"","meta":{"site-sidebar-layout":"default","site-content-layout":"","ast-site-content-layout":"default","site-content-style":"default","site-sidebar-style":"default","ast-global-header-display":"","ast-banner-title-visibility":"","ast-main-header-display":"","ast-hfb-above-header-display":"","ast-hfb-below-header-display":"","ast-hfb-mobile-header-display":"","site-post-title":"","ast-breadcrumbs-content":"","ast-featured-img":"","footer-sml-layout":"","ast-disable-related-posts":"","theme-transparent-header-meta":"default","adv-header-id-meta":"","stick-header-meta":"","header-above-stick-meta":"","header-main-stick-meta":"","header-below-stick-meta":"","astra-migrate-meta-layouts":"default","ast-page-background-enabled":"default","ast-page-background-meta":{"desktop":{"background-color":"var(--ast-global-color-4)","background-image":"","background-repeat":"repeat","background-position":"center center","background-size":"auto","background-attachment":"scroll","background-type":"","background-media":"","overlay-type":"","overlay-color":"","overlay-opacity":"","overlay-gradient":""},"tablet":{"background-color":"","background-image":"","background-repeat":"repeat","background-position":"center center","background-size":"auto","background-attachment":"scroll","background-type":"","background-media":"","overlay-type":"","overlay-color":"","overlay-opacity":"","overlay-gradient":""},"mobile":{"background-color":"","background-image":"","background-repeat":"repeat","background-position":"center center","background-size":"auto","background-attachment":"scroll","background-type":"","background-media":"","overlay-type":"","overlay-color":"","overlay-opacity":"","overlay-gradient":""}},"ast-content-background-meta":{"desktop":{"background-color":"var(--ast-global-color-5)","background-image":"","background-repeat":"repeat","background-position":"center center","background-size":"auto","background-attachment":"scroll","background-type":"","background-media":"","overlay-type":"","overlay-color":"","overlay-opacity":"","overlay-gradient":""},"tablet":{"background-color":"var(--ast-global-color-5)","background-image":"","background-repeat":"repeat","background-position":"center center","background-size":"auto","background-attachment":"scroll","background-type":"","background-media":"","overlay-type":"","overlay-color":"","overlay-opacity":"","overlay-gradient":""},"mobile":{"background-color":"var(--ast-global-color-5)","background-image":"","background-repeat":"repeat","background-position":"center center","background-size":"auto","background-attachment":"scroll","background-type":"","background-media":"","overlay-type":"","overlay-color":"","overlay-opacity":"","overlay-gradient":""}}},"product_brand":[1317],"product_cat":[15],"product_tag":[],"class_list":{"0":"post-20995","1":"product","2":"type-product","3":"status-publish","4":"has-post-thumbnail","6":"product_brand-biobetica","7":"product_cat-sin-categorizar","8":"desktop-align-left","9":"tablet-align-left","10":"mobile-align-left","12":"first","13":"outofstock","14":"taxable","15":"shipping-taxable","16":"purchasable","17":"product-type-simple"},"_links":{"self":[{"href":"https:\/\/andalubox.com\/fr\/wp-json\/wp\/v2\/product\/20995","targetHints":{"allow":["GET"]}}],"collection":[{"href":"https:\/\/andalubox.com\/fr\/wp-json\/wp\/v2\/product"}],"about":[{"href":"https:\/\/andalubox.com\/fr\/wp-json\/wp\/v2\/types\/product"}],"replies":[{"embeddable":true,"href":"https:\/\/andalubox.com\/fr\/wp-json\/wp\/v2\/comments?post=20995"}],"wp:featuredmedia":[{"embeddable":true,"href":"https:\/\/andalubox.com\/fr\/wp-json\/wp\/v2\/media\/20999"}],"wp:attachment":[{"href":"https:\/\/andalubox.com\/fr\/wp-json\/wp\/v2\/media?parent=20995"}],"wp:term":[{"taxonomy":"product_brand","embeddable":true,"href":"https:\/\/andalubox.com\/fr\/wp-json\/wp\/v2\/product_brand?post=20995"},{"taxonomy":"product_cat","embeddable":true,"href":"https:\/\/andalubox.com\/fr\/wp-json\/wp\/v2\/product_cat?post=20995"},{"taxonomy":"product_tag","embeddable":true,"href":"https:\/\/andalubox.com\/fr\/wp-json\/wp\/v2\/product_tag?post=20995"}],"curies":[{"name":"wp","href":"https:\/\/api.w.org\/{rel}","templated":true}]}}