{"id":20981,"date":"2025-05-22T10:50:56","date_gmt":"2025-05-22T08:50:56","guid":{"rendered":"https:\/\/andalubox.com\/producto-andaluz\/lobo-tequila-bubble-gum-lobo-blue-70cl\/"},"modified":"2025-08-06T15:35:43","modified_gmt":"2025-08-06T13:35:43","slug":"lobo-tequila-bubble-gum-lobo-blue-70cl","status":"publish","type":"product","link":"https:\/\/andalubox.com\/fr\/producto-andaluz\/lobo-tequila-bubble-gum-lobo-blue-70cl\/","title":{"rendered":"Lobo Blue Cream Tequila go\u00fbt Bubblegum, 70cl"},"content":{"rendered":"<p>Lobo Blue Cream Tequila go\u00fbt Bubblegum, 70cl<\/p>\n<p>Crema de Tequila Lobo est une liqueur de cr\u00e8me de tequila aromatis\u00e9e produite par une marque originaire de Los Barrios, en Espagne, lanc\u00e9e en ao\u00fbt 2021 par Iv\u00e1n Ruiz et Jorge Casanova. Elle associe de l&#8217;alcool d&#8217;agave \u00e0 de la cr\u00e8me et \u00e0 divers ar\u00f4mes, offrant ainsi une version unique de la tequila traditionnelle avec une teneur en alcool de 15 %. La marque met l&#8217;accent sur la qualit\u00e9, l&#8217;innovation et le lien avec le consommateur, et le produit est souvent pr\u00e9sent\u00e9 comme une boisson vibrante et moderne \u00e0 d\u00e9guster dans un verre ou sur des gla\u00e7ons.  <\/p>\n<p>Gomme \u00e0 m\u00e2cher aromatis\u00e9e \u00e0 la Tequila Lobo . Cr\u00e8me de nuage \u00e0 la Tequila. Liqueur de cr\u00e8me au caract\u00e8re libre, sauvage et risqu\u00e9 70 cl.    <\/p>\n<p>Elle fait irruption sur le march\u00e9 avec une proposition innovante : une cr\u00e8me de tequila au go\u00fbt de bubble gum qui vous fera vivre une exp\u00e9rience sensorielle in\u00e9gal\u00e9e.<\/p>\n<div class=\"woocommerce-product-details__short-description\">\n<p>Laissez-vous emporter par sa couleur bleue vibrante, son ar\u00f4me doux et rafra\u00eechissant et son go\u00fbt irr\u00e9sistible qui vous transporteront dans un monde de possibilit\u00e9s.<\/p>\n<\/div>","protected":false},"excerpt":{"rendered":"<p>Lobo Blue Crema de Tequila go\u00fbt Chicle, 70cl, exp\u00e9ditions dans toute l&#8217;EUROPE.<\/p>\n","protected":false},"featured_media":20978,"comment_status":"open","ping_status":"closed","template":"","meta":{"site-sidebar-layout":"default","site-content-layout":"","ast-site-content-layout":"default","site-content-style":"default","site-sidebar-style":"default","ast-global-header-display":"","ast-banner-title-visibility":"","ast-main-header-display":"","ast-hfb-above-header-display":"","ast-hfb-below-header-display":"","ast-hfb-mobile-header-display":"","site-post-title":"","ast-breadcrumbs-content":"","ast-featured-img":"","footer-sml-layout":"","ast-disable-related-posts":"","theme-transparent-header-meta":"default","adv-header-id-meta":"","stick-header-meta":"","header-above-stick-meta":"","header-main-stick-meta":"","header-below-stick-meta":"","astra-migrate-meta-layouts":"default","ast-page-background-enabled":"default","ast-page-background-meta":{"desktop":{"background-color":"var(--ast-global-color-4)","background-image":"","background-repeat":"repeat","background-position":"center center","background-size":"auto","background-attachment":"scroll","background-type":"","background-media":"","overlay-type":"","overlay-color":"","overlay-opacity":"","overlay-gradient":""},"tablet":{"background-color":"","background-image":"","background-repeat":"repeat","background-position":"center center","background-size":"auto","background-attachment":"scroll","background-type":"","background-media":"","overlay-type":"","overlay-color":"","overlay-opacity":"","overlay-gradient":""},"mobile":{"background-color":"","background-image":"","background-repeat":"repeat","background-position":"center center","background-size":"auto","background-attachment":"scroll","background-type":"","background-media":"","overlay-type":"","overlay-color":"","overlay-opacity":"","overlay-gradient":""}},"ast-content-background-meta":{"desktop":{"background-color":"var(--ast-global-color-5)","background-image":"","background-repeat":"repeat","background-position":"center center","background-size":"auto","background-attachment":"scroll","background-type":"","background-media":"","overlay-type":"","overlay-color":"","overlay-opacity":"","overlay-gradient":""},"tablet":{"background-color":"var(--ast-global-color-5)","background-image":"","background-repeat":"repeat","background-position":"center center","background-size":"auto","background-attachment":"scroll","background-type":"","background-media":"","overlay-type":"","overlay-color":"","overlay-opacity":"","overlay-gradient":""},"mobile":{"background-color":"var(--ast-global-color-5)","background-image":"","background-repeat":"repeat","background-position":"center center","background-size":"auto","background-attachment":"scroll","background-type":"","background-media":"","overlay-type":"","overlay-color":"","overlay-opacity":"","overlay-gradient":""}}},"product_brand":[1316],"product_cat":[41,1548],"product_tag":[],"class_list":{"0":"post-20981","1":"product","2":"type-product","3":"status-publish","4":"has-post-thumbnail","6":"product_brand-lobo-blue","7":"product_cat-conservas-de-carne","8":"product_cat-cremas-y-licores-dulces","9":"desktop-align-left","10":"tablet-align-left","11":"mobile-align-left","13":"first","14":"instock","15":"taxable","16":"shipping-taxable","17":"purchasable","18":"product-type-simple"},"_links":{"self":[{"href":"https:\/\/andalubox.com\/fr\/wp-json\/wp\/v2\/product\/20981","targetHints":{"allow":["GET"]}}],"collection":[{"href":"https:\/\/andalubox.com\/fr\/wp-json\/wp\/v2\/product"}],"about":[{"href":"https:\/\/andalubox.com\/fr\/wp-json\/wp\/v2\/types\/product"}],"replies":[{"embeddable":true,"href":"https:\/\/andalubox.com\/fr\/wp-json\/wp\/v2\/comments?post=20981"}],"wp:featuredmedia":[{"embeddable":true,"href":"https:\/\/andalubox.com\/fr\/wp-json\/wp\/v2\/media\/20978"}],"wp:attachment":[{"href":"https:\/\/andalubox.com\/fr\/wp-json\/wp\/v2\/media?parent=20981"}],"wp:term":[{"taxonomy":"product_brand","embeddable":true,"href":"https:\/\/andalubox.com\/fr\/wp-json\/wp\/v2\/product_brand?post=20981"},{"taxonomy":"product_cat","embeddable":true,"href":"https:\/\/andalubox.com\/fr\/wp-json\/wp\/v2\/product_cat?post=20981"},{"taxonomy":"product_tag","embeddable":true,"href":"https:\/\/andalubox.com\/fr\/wp-json\/wp\/v2\/product_tag?post=20981"}],"curies":[{"name":"wp","href":"https:\/\/api.w.org\/{rel}","templated":true}]}}