{"id":20966,"date":"2025-05-22T10:38:18","date_gmt":"2025-05-22T08:38:18","guid":{"rendered":"https:\/\/andalubox.com\/producto-andaluz\/pata-negra-apasionado-bio-75cl\/"},"modified":"2025-09-19T17:44:42","modified_gmt":"2025-09-19T15:44:42","slug":"pata-negra-apasionado-bio-75cl","status":"publish","type":"product","link":"https:\/\/andalubox.com\/fr\/producto-andaluz\/pata-negra-apasionado-bio-75cl\/","title":{"rendered":"Pata Negra Apasionado Vin rouge biologique 75cl"},"content":{"rendered":"<p>Pata Negra Apasionado Vin rouge biologique 75cl<\/p>\n<p>Le Pata Negra Apasionado est un vin rouge mono-c\u00e9page \u00e9labor\u00e9 \u00e0 partir de raisins Monastrell sous l&#8217;appellation d&#8217;origine Jumilla par la cave Garc\u00eda Carri\u00f3n. Il se caract\u00e9rise par le fait qu&#8217;il s&#8217;agit d&#8217;un vin sans sulfites ajout\u00e9s, ce qui pr\u00e9serve les propri\u00e9t\u00e9s naturelles du raisin, et il est \u00e9galement disponible en version biologique. Ce vin est produit dans la r\u00e9gion de Murcie, au sud-est de l&#8217;Espagne, connue pour son climat m\u00e9diterran\u00e9en chaud, id\u00e9al pour la culture de cette vari\u00e9t\u00e9.<br>Principales caract\u00e9ristiques :<br>Couleur : rouge intense avec des nuances de rubis et de cerise, avec une brillance particuli\u00e8re.  <\/p>\n<p>Ar\u00f4me : Intense, avec des notes de fruits rouges et noirs (comme la cerise et la prune) \u00e9voluant vers des notes florales de violette ou de fleurs s\u00e9ch\u00e9es.<\/p>\n<p>Go\u00fbt : En bouche, il est gras, frais et l\u00e9ger, avec une expression pure du Monastrell et des tanins ronds. Il est fruit\u00e9 et sa finale est \u00e9quilibr\u00e9e. <\/p>\n<p>Accompagnement : Id\u00e9al seul, avec des tapas, de la charcuterie, des grillades ou des fromages. Nous vous recommandons de le servir \u00e0 16\u00baC pour profiter de toute sa splendeur. <\/p>\n<ul>\n\t<li>Style : \u00c9labor\u00e9 selon des m\u00e9thodes traditionnelles et naturelles, dans un style Apassimento, ce qui lui conf\u00e8re une explosion de fruits et de passion.<\/li>\n\t<li>Versions :<br> &#8211;<strong> Pata Negra Apasionado Sin Sulfitos :<\/strong> Un vin naturel qui se distingue par sa puret\u00e9 et sa fra\u00eecheur.<br><strong>&#8211; Pata Negra Apasionado Org\u00e1nico<\/strong>: Produit avec des raisins provenant de vignobles biologiques, sans pesticides ni engrais synth\u00e9tiques, offrant un profil similaire mais avec une approche durable.<\/li>\n\t<li>R\u00e9compenses :<br>M\u00e9daille d&#8217;or pour le Pata Negra Apasionado Org\u00e1nico aux USA Wine Ratings, soulignant sa qualit\u00e9 et son profil fruit\u00e9.<br>M\u00e9daille d&#8217;argent pour le Pata Negra Apasionado aux m\u00eames prix, reconnu pour son \u00e9l\u00e9gance et ses notes de fruits rouges, d&#8217;\u00e9pices et de vanille.<\/li>\n<\/ul>\n<h2>Couplage<\/h2>\n<p>Recommand\u00e9 pour boire ou accompagner les charcuteries ib\u00e9riques, les fromages affin\u00e9s, le foie gras.<br>Servir de pr\u00e9f\u00e9rence \u00e0 16\u00baC.<\/p>","protected":false},"excerpt":{"rendered":"<p>Pata Negra Apasionado vin rouge biologique 75cl dans toute l&#8217;Europe.<\/p>\n","protected":false},"featured_media":20962,"comment_status":"open","ping_status":"closed","template":"","meta":{"site-sidebar-layout":"default","site-content-layout":"","ast-site-content-layout":"default","site-content-style":"default","site-sidebar-style":"default","ast-global-header-display":"","ast-banner-title-visibility":"","ast-main-header-display":"","ast-hfb-above-header-display":"","ast-hfb-below-header-display":"","ast-hfb-mobile-header-display":"","site-post-title":"","ast-breadcrumbs-content":"","ast-featured-img":"","footer-sml-layout":"","ast-disable-related-posts":"","theme-transparent-header-meta":"default","adv-header-id-meta":"","stick-header-meta":"","header-above-stick-meta":"","header-main-stick-meta":"","header-below-stick-meta":"","astra-migrate-meta-layouts":"default","ast-page-background-enabled":"default","ast-page-background-meta":{"desktop":{"background-color":"var(--ast-global-color-4)","background-image":"","background-repeat":"repeat","background-position":"center center","background-size":"auto","background-attachment":"scroll","background-type":"","background-media":"","overlay-type":"","overlay-color":"","overlay-opacity":"","overlay-gradient":""},"tablet":{"background-color":"","background-image":"","background-repeat":"repeat","background-position":"center center","background-size":"auto","background-attachment":"scroll","background-type":"","background-media":"","overlay-type":"","overlay-color":"","overlay-opacity":"","overlay-gradient":""},"mobile":{"background-color":"","background-image":"","background-repeat":"repeat","background-position":"center center","background-size":"auto","background-attachment":"scroll","background-type":"","background-media":"","overlay-type":"","overlay-color":"","overlay-opacity":"","overlay-gradient":""}},"ast-content-background-meta":{"desktop":{"background-color":"var(--ast-global-color-5)","background-image":"","background-repeat":"repeat","background-position":"center center","background-size":"auto","background-attachment":"scroll","background-type":"","background-media":"","overlay-type":"","overlay-color":"","overlay-opacity":"","overlay-gradient":""},"tablet":{"background-color":"var(--ast-global-color-5)","background-image":"","background-repeat":"repeat","background-position":"center center","background-size":"auto","background-attachment":"scroll","background-type":"","background-media":"","overlay-type":"","overlay-color":"","overlay-opacity":"","overlay-gradient":""},"mobile":{"background-color":"var(--ast-global-color-5)","background-image":"","background-repeat":"repeat","background-position":"center center","background-size":"auto","background-attachment":"scroll","background-type":"","background-media":"","overlay-type":"","overlay-color":"","overlay-opacity":"","overlay-gradient":""}}},"product_brand":[1315],"product_cat":[294],"product_tag":[],"class_list":{"0":"post-20966","1":"product","2":"type-product","3":"status-publish","4":"has-post-thumbnail","6":"product_brand-pata-negra","7":"product_cat-vin-rouge","8":"desktop-align-left","9":"tablet-align-left","10":"mobile-align-left","12":"first","13":"instock","14":"taxable","15":"shipping-taxable","16":"purchasable","17":"product-type-simple"},"_links":{"self":[{"href":"https:\/\/andalubox.com\/fr\/wp-json\/wp\/v2\/product\/20966","targetHints":{"allow":["GET"]}}],"collection":[{"href":"https:\/\/andalubox.com\/fr\/wp-json\/wp\/v2\/product"}],"about":[{"href":"https:\/\/andalubox.com\/fr\/wp-json\/wp\/v2\/types\/product"}],"replies":[{"embeddable":true,"href":"https:\/\/andalubox.com\/fr\/wp-json\/wp\/v2\/comments?post=20966"}],"wp:featuredmedia":[{"embeddable":true,"href":"https:\/\/andalubox.com\/fr\/wp-json\/wp\/v2\/media\/20962"}],"wp:attachment":[{"href":"https:\/\/andalubox.com\/fr\/wp-json\/wp\/v2\/media?parent=20966"}],"wp:term":[{"taxonomy":"product_brand","embeddable":true,"href":"https:\/\/andalubox.com\/fr\/wp-json\/wp\/v2\/product_brand?post=20966"},{"taxonomy":"product_cat","embeddable":true,"href":"https:\/\/andalubox.com\/fr\/wp-json\/wp\/v2\/product_cat?post=20966"},{"taxonomy":"product_tag","embeddable":true,"href":"https:\/\/andalubox.com\/fr\/wp-json\/wp\/v2\/product_tag?post=20966"}],"curies":[{"name":"wp","href":"https:\/\/api.w.org\/{rel}","templated":true}]}}