{"id":20911,"date":"2025-05-13T14:10:15","date_gmt":"2025-05-13T12:10:15","guid":{"rendered":"https:\/\/andalubox.com\/producto-andaluz\/los-angeles-aove-sustineri-residuos-free-hojiblanca-oil-500ml\/"},"modified":"2025-09-19T19:06:18","modified_gmt":"2025-09-19T17:06:18","slug":"los-angeles-aove-sustineri-residuos-free-hojiblanca-oil-500ml","status":"publish","type":"product","link":"https:\/\/andalubox.com\/fr\/producto-andaluz\/los-angeles-aove-sustineri-residuos-free-hojiblanca-oil-500ml\/","title":{"rendered":"Los Angeles Sustineri Hojiblanca Huile d&#8217;olive vierge extra sans r\u00e9sidus de Montellano, 500ml"},"content":{"rendered":"<div id=\"short_description_block\">\n<div id=\"short_description_content\" class=\"rte align_justify\">\n<p>Los Angeles Sustineri Hojiblanca Huile d&#8217;olive vierge extra sans r\u00e9sidus de Montellano, 500ml<\/p>\n<p>L&#8217;<b>huile d&#8217;olive extra vierge Los \u00c1ngeles Sustineri Hojiblanca<\/b> est un produit de haute qualit\u00e9, connu pour sa durabilit\u00e9 et l&#8217;absence de r\u00e9sidus phytosanitaires. Produite \u00e0 <b>Montellano<\/b>, ville de la province de S\u00e9ville, elle se distingue par les caract\u00e9ristiques suivantes : <\/p>\n<h3><span style=\"font-size: 12pt;\">Description du produit<\/span><\/h3>\n<ul>\n\t<li>\n<p><b>Vari\u00e9t\u00e9 :<\/b> Il s&#8217;agit d&#8217;une huile <b>monovari\u00e9tale de type hojiblanca<\/b>, ce qui signifie qu&#8217;elle est \u00e9labor\u00e9e exclusivement \u00e0 partir d&#8217;olives de cette vari\u00e9t\u00e9.<\/p>\n<\/li>\n\t<li>\n<p><b>Processus &#8220;sans r\u00e9sidus&#8221; :<\/b> Le label &#8220;Sustineri Residue-free&#8221; met en \u00e9vidence une philosophie de production respectueuse de l&#8217;environnement, garantissant que l&#8217;huile est exempte de tout r\u00e9sidu de produits phytosanitaires.<\/p>\n<\/li>\n\t<li>\n<p><b>Pr\u00e9sentation :<\/b> il est commercialis\u00e9 dans une bouteille en verre de 500 ml, souvent dans un \u00e9tui, ce qui souligne son caract\u00e8re premium.<\/p>\n<\/li>\n<\/ul>\n<h3><span style=\"font-size: 12pt;\">Notes de d\u00e9gustation<\/span><\/h3>\n<p>Bien qu&#8217;il y ait peu d&#8217;avis sur les produits sp\u00e9cifiques, la vari\u00e9t\u00e9 hojiblanca est g\u00e9n\u00e9ralement bien appr\u00e9ci\u00e9e et poss\u00e8de un profil aromatique distinctif :<\/p>\n<ul>\n\t<li>\n<p><b>Couleur :<\/b> dor\u00e9e avec des reflets verd\u00e2tres.<\/p>\n<\/li>\n\t<li>\n<p><b>Ar\u00f4me :<\/b> Des notes d&#8217;herbe fra\u00eechement coup\u00e9e, d&#8217;amande, de pomme et de banane sont souvent d\u00e9crites.<\/p>\n<\/li>\n\t<li>\n<p><b>Go\u00fbt :<\/b> Il s&#8217;agit d&#8217;une huile tr\u00e8s \u00e9quilibr\u00e9e. En bouche, elle est g\u00e9n\u00e9ralement douce au d\u00e9but, avec une amertume et un piquant doux et agr\u00e9ables, ce qui la rend tr\u00e8s polyvalente, tant pour la cuisine que pour l&#8217;utilisation crue. <\/p>\n<\/li>\n<\/ul>\n<h3><span style=\"font-size: 12pt;\">Utilisations recommand\u00e9es<\/span><\/h3>\n<p>Gr\u00e2ce \u00e0 son \u00e9quilibre, cette huile d&#8217;olive est id\u00e9ale pour une grande vari\u00e9t\u00e9 d&#8217;utilisations culinaires :<\/p>\n<ul>\n\t<li>\n<p><b>Cru :<\/b> Il est parfait pour rehausser la saveur des salades, des toasts, des carpaccios et des sauces telles que le gazpacho ou le salmorejo.<\/p>\n<\/li>\n\t<li>\n<p><b>Cuisson :<\/b> Sa stabilit\u00e9 \u00e0 haute temp\u00e9rature en fait un excellent choix pour les rago\u00fbts et les fritures.<\/p>\n<\/li>\n<\/ul>\n<p>En r\u00e9sum\u00e9, c&#8217;est un choix id\u00e9al si vous recherchez une huile d&#8217;olive extra vierge de haute qualit\u00e9, au profil gustatif harmonieux et produite de mani\u00e8re durable.<\/p>\n<\/div>\n<\/div>","protected":false},"excerpt":{"rendered":"<p>Los Angeles Sustineri Hojiblanca Huile d&#8217;olive vierge extra sans r\u00e9sidus de Montellano, 500ml L&#8217;huile d&#8217;olive extra vierge Los \u00c1ngeles Sustineri Hojiblanca est un produit de haute qualit\u00e9, connu pour sa durabilit\u00e9 et l&#8217;absence de r\u00e9sidus phytosanitaires. Produite \u00e0 Montellano, ville de la province de S\u00e9ville, elle se distingue par les caract\u00e9ristiques suivantes : Description du [&hellip;]<\/p>\n","protected":false},"featured_media":20780,"comment_status":"open","ping_status":"closed","template":"","meta":{"site-sidebar-layout":"default","site-content-layout":"","ast-site-content-layout":"default","site-content-style":"default","site-sidebar-style":"default","ast-global-header-display":"","ast-banner-title-visibility":"","ast-main-header-display":"","ast-hfb-above-header-display":"","ast-hfb-below-header-display":"","ast-hfb-mobile-header-display":"","site-post-title":"","ast-breadcrumbs-content":"","ast-featured-img":"","footer-sml-layout":"","ast-disable-related-posts":"","theme-transparent-header-meta":"default","adv-header-id-meta":"","stick-header-meta":"","header-above-stick-meta":"","header-main-stick-meta":"","header-below-stick-meta":"","astra-migrate-meta-layouts":"default","ast-page-background-enabled":"default","ast-page-background-meta":{"desktop":{"background-color":"var(--ast-global-color-4)","background-image":"","background-repeat":"repeat","background-position":"center center","background-size":"auto","background-attachment":"scroll","background-type":"","background-media":"","overlay-type":"","overlay-color":"","overlay-opacity":"","overlay-gradient":""},"tablet":{"background-color":"","background-image":"","background-repeat":"repeat","background-position":"center center","background-size":"auto","background-attachment":"scroll","background-type":"","background-media":"","overlay-type":"","overlay-color":"","overlay-opacity":"","overlay-gradient":""},"mobile":{"background-color":"","background-image":"","background-repeat":"repeat","background-position":"center center","background-size":"auto","background-attachment":"scroll","background-type":"","background-media":"","overlay-type":"","overlay-color":"","overlay-opacity":"","overlay-gradient":""}},"ast-content-background-meta":{"desktop":{"background-color":"var(--ast-global-color-5)","background-image":"","background-repeat":"repeat","background-position":"center center","background-size":"auto","background-attachment":"scroll","background-type":"","background-media":"","overlay-type":"","overlay-color":"","overlay-opacity":"","overlay-gradient":""},"tablet":{"background-color":"var(--ast-global-color-5)","background-image":"","background-repeat":"repeat","background-position":"center center","background-size":"auto","background-attachment":"scroll","background-type":"","background-media":"","overlay-type":"","overlay-color":"","overlay-opacity":"","overlay-gradient":""},"mobile":{"background-color":"var(--ast-global-color-5)","background-image":"","background-repeat":"repeat","background-position":"center center","background-size":"auto","background-attachment":"scroll","background-type":"","background-media":"","overlay-type":"","overlay-color":"","overlay-opacity":"","overlay-gradient":""}}},"product_brand":[1101],"product_cat":[313,317],"product_tag":[],"class_list":{"0":"post-20911","1":"product","2":"type-product","3":"status-publish","4":"has-post-thumbnail","6":"product_brand-los-angeles","7":"product_cat-huile-andalouse","8":"product_cat-nouvelles","9":"desktop-align-left","10":"tablet-align-left","11":"mobile-align-left","13":"first","14":"instock","15":"taxable","16":"shipping-taxable","17":"purchasable","18":"product-type-simple"},"_links":{"self":[{"href":"https:\/\/andalubox.com\/fr\/wp-json\/wp\/v2\/product\/20911","targetHints":{"allow":["GET"]}}],"collection":[{"href":"https:\/\/andalubox.com\/fr\/wp-json\/wp\/v2\/product"}],"about":[{"href":"https:\/\/andalubox.com\/fr\/wp-json\/wp\/v2\/types\/product"}],"replies":[{"embeddable":true,"href":"https:\/\/andalubox.com\/fr\/wp-json\/wp\/v2\/comments?post=20911"}],"wp:featuredmedia":[{"embeddable":true,"href":"https:\/\/andalubox.com\/fr\/wp-json\/wp\/v2\/media\/20780"}],"wp:attachment":[{"href":"https:\/\/andalubox.com\/fr\/wp-json\/wp\/v2\/media?parent=20911"}],"wp:term":[{"taxonomy":"product_brand","embeddable":true,"href":"https:\/\/andalubox.com\/fr\/wp-json\/wp\/v2\/product_brand?post=20911"},{"taxonomy":"product_cat","embeddable":true,"href":"https:\/\/andalubox.com\/fr\/wp-json\/wp\/v2\/product_cat?post=20911"},{"taxonomy":"product_tag","embeddable":true,"href":"https:\/\/andalubox.com\/fr\/wp-json\/wp\/v2\/product_tag?post=20911"}],"curies":[{"name":"wp","href":"https:\/\/api.w.org\/{rel}","templated":true}]}}