{"id":20867,"date":"2025-05-19T11:47:46","date_gmt":"2025-05-19T09:47:46","guid":{"rendered":"https:\/\/andalubox.com\/producto-andaluz\/rhum-superieur-comandante-fidel-70cl\/"},"modified":"2025-09-19T18:31:26","modified_gmt":"2025-09-19T16:31:26","slug":"rhum-superieur-comandante-fidel-70cl","status":"publish","type":"product","link":"https:\/\/andalubox.com\/fr\/producto-andaluz\/rhum-superieur-comandante-fidel-70cl\/","title":{"rendered":"Superior Rum Comandante Fidel 70cl"},"content":{"rendered":"<p><strong>Superior Rum Comandante Fidel 70cl.  <\/strong><\/p>\n<p><strong>Rhum A\u00f1ejo del Caribe : Commandant Fidel<\/strong><\/p>\n<p>Le rhum de la r\u00e9volution, \u00e9labor\u00e9 selon les m\u00e9thodes les plus traditionnelles de la distillation artisanale, mais avec l&#8217;esprit jeune, rebelle et \u00e9pris de libert\u00e9 qui a r\u00e9volutionn\u00e9 la nation cubaine.  <\/p>\n<p>Avec les meilleurs miels de canne \u00e0 sucre ferment\u00e9s, vieillis en f\u00fbts de ch\u00eane blanc et avec toute la vigueur, la passion et l&#8217;amour pour la patrie de l&#8217;esprit cubain.<\/p>\n<p><b>Ron Comandante Fidel<\/b> est un rhum vieilli des Cara\u00efbes, connu pour son lien avec l&#8217;esprit &#8220;rebelle&#8221; du d\u00e9funt dirigeant cubain Fidel Castro. Il est \u00e9labor\u00e9 selon les m\u00e9thodes de distillation artisanales les plus traditionnelles et son processus de production est bas\u00e9 sur les miels ferment\u00e9s de canne \u00e0 sucre. <\/p>\n<p>Ce rhum est vieilli dans des <b>f\u00fbts de ch\u00eane blanc<\/b>, ce qui lui conf\u00e8re un caract\u00e8re unique et complexe.<\/p>\n<hr>\n<p>&nbsp;<\/p>\n<h3>Notes de d\u00e9gustation<\/h3>\n<p>&nbsp;<\/p>\n<ul>\n\t<li>\n<p><b>Couleur :<\/b> ambre rouge\u00e2tre ou cuivr\u00e9, avec des reflets dor\u00e9s.<\/p>\n<\/li>\n\t<li>\n<p><b>Ar\u00f4me :<\/b> Contrairement \u00e0 d&#8217;autres rhums qui d\u00e9crivent des notes de vanille, de caramel ou de bois grill\u00e9, celui-ci se distingue par son ar\u00f4me fruit\u00e9 et sucr\u00e9 rappelant la canne \u00e0 sucre, les \u00e9pices et la cannelle.<\/p>\n<\/li>\n\t<li>\n<p><b>Go\u00fbt :<\/b> en bouche, il offre une saveur douce et \u00e9quilibr\u00e9e. On per\u00e7oit des notes fruit\u00e9es, parfois compar\u00e9es \u00e0 la cerise ou aux fruits tropicaux, ainsi que des notes sucr\u00e9es et \u00e9pic\u00e9es, comme le poivre. Certains d\u00e9crivent \u00e9galement un soup\u00e7on de miel, de cacao et un subtil go\u00fbt fum\u00e9.  <\/p>\n<\/li>\n\t<li>\n<p><b>Finale :<\/b> La finale est longue et \u00e9l\u00e9gante, laissant une persistance douce et \u00e9pic\u00e9e.<\/p>\n<\/li>\n<\/ul>\n<hr>\n<p>&nbsp;<\/p>\n<h3>Recommandations de consommation<\/h3>\n<p>Le rhum Comandante Fidel est un classique qui peut \u00eatre d\u00e9gust\u00e9 de diff\u00e9rentes mani\u00e8res :<\/p>\n<ul>\n\t<li>\n<p><b>Seul ou sur glace :<\/b> pour appr\u00e9cier pleinement ses nuances et sa douceur.<\/p>\n<\/li>\n\t<li>\n<p><b>Dans les cocktails :<\/b> il est id\u00e9al pour les pr\u00e9parations classiques telles que le <b>Cuba Libre<\/b>, le <b>Daiquiri<\/b> ou le <b>Mojito<\/b>, ajoutant un caract\u00e8re distinctif \u00e0 la boisson.<\/p>\n<\/li>\n<\/ul>\n<p>C&#8217;est un rhum qui a de l&#8217;histoire et de la personnalit\u00e9, parfait pour ceux qui recherchent une boisson \u00e0 l&#8217;esprit authentique.<\/p>","protected":false},"excerpt":{"rendered":"<p>Rum Superior Comandante Fidel 70cl vers toute l&#8217;Europe<\/p>\n","protected":false},"featured_media":20860,"comment_status":"open","ping_status":"closed","template":"","meta":{"site-sidebar-layout":"default","site-content-layout":"","ast-site-content-layout":"default","site-content-style":"default","site-sidebar-style":"default","ast-global-header-display":"","ast-banner-title-visibility":"","ast-main-header-display":"","ast-hfb-above-header-display":"","ast-hfb-below-header-display":"","ast-hfb-mobile-header-display":"","site-post-title":"","ast-breadcrumbs-content":"","ast-featured-img":"","footer-sml-layout":"","ast-disable-related-posts":"","theme-transparent-header-meta":"default","adv-header-id-meta":"","stick-header-meta":"","header-above-stick-meta":"","header-main-stick-meta":"","header-below-stick-meta":"","astra-migrate-meta-layouts":"default","ast-page-background-enabled":"default","ast-page-background-meta":{"desktop":{"background-color":"var(--ast-global-color-4)","background-image":"","background-repeat":"repeat","background-position":"center center","background-size":"auto","background-attachment":"scroll","background-type":"","background-media":"","overlay-type":"","overlay-color":"","overlay-opacity":"","overlay-gradient":""},"tablet":{"background-color":"","background-image":"","background-repeat":"repeat","background-position":"center center","background-size":"auto","background-attachment":"scroll","background-type":"","background-media":"","overlay-type":"","overlay-color":"","overlay-opacity":"","overlay-gradient":""},"mobile":{"background-color":"","background-image":"","background-repeat":"repeat","background-position":"center center","background-size":"auto","background-attachment":"scroll","background-type":"","background-media":"","overlay-type":"","overlay-color":"","overlay-opacity":"","overlay-gradient":""}},"ast-content-background-meta":{"desktop":{"background-color":"var(--ast-global-color-5)","background-image":"","background-repeat":"repeat","background-position":"center center","background-size":"auto","background-attachment":"scroll","background-type":"","background-media":"","overlay-type":"","overlay-color":"","overlay-opacity":"","overlay-gradient":""},"tablet":{"background-color":"var(--ast-global-color-5)","background-image":"","background-repeat":"repeat","background-position":"center center","background-size":"auto","background-attachment":"scroll","background-type":"","background-media":"","overlay-type":"","overlay-color":"","overlay-opacity":"","overlay-gradient":""},"mobile":{"background-color":"var(--ast-global-color-5)","background-image":"","background-repeat":"repeat","background-position":"center center","background-size":"auto","background-attachment":"scroll","background-type":"","background-media":"","overlay-type":"","overlay-color":"","overlay-opacity":"","overlay-gradient":""}}},"product_brand":[1313],"product_cat":[317],"product_tag":[506,509,511,508,510,507],"class_list":{"0":"post-20867","1":"product","2":"type-product","3":"status-publish","4":"has-post-thumbnail","6":"product_brand-comandante-fidel","7":"product_cat-nouvelles","8":"product_tag-rhum-cubain","9":"product_tag-rhum-des-caraibes","10":"product_tag-rhum-patriotique","11":"product_tag-rhum-vieux","12":"product_tag-ron-de-la-revolution","13":"product_tag-ron-freedom-fr","14":"desktop-align-left","15":"tablet-align-left","16":"mobile-align-left","18":"first","19":"instock","20":"taxable","21":"shipping-taxable","22":"purchasable","23":"product-type-simple"},"_links":{"self":[{"href":"https:\/\/andalubox.com\/fr\/wp-json\/wp\/v2\/product\/20867","targetHints":{"allow":["GET"]}}],"collection":[{"href":"https:\/\/andalubox.com\/fr\/wp-json\/wp\/v2\/product"}],"about":[{"href":"https:\/\/andalubox.com\/fr\/wp-json\/wp\/v2\/types\/product"}],"replies":[{"embeddable":true,"href":"https:\/\/andalubox.com\/fr\/wp-json\/wp\/v2\/comments?post=20867"}],"wp:featuredmedia":[{"embeddable":true,"href":"https:\/\/andalubox.com\/fr\/wp-json\/wp\/v2\/media\/20860"}],"wp:attachment":[{"href":"https:\/\/andalubox.com\/fr\/wp-json\/wp\/v2\/media?parent=20867"}],"wp:term":[{"taxonomy":"product_brand","embeddable":true,"href":"https:\/\/andalubox.com\/fr\/wp-json\/wp\/v2\/product_brand?post=20867"},{"taxonomy":"product_cat","embeddable":true,"href":"https:\/\/andalubox.com\/fr\/wp-json\/wp\/v2\/product_cat?post=20867"},{"taxonomy":"product_tag","embeddable":true,"href":"https:\/\/andalubox.com\/fr\/wp-json\/wp\/v2\/product_tag?post=20867"}],"curies":[{"name":"wp","href":"https:\/\/api.w.org\/{rel}","templated":true}]}}