{"id":20830,"date":"2025-05-15T10:57:19","date_gmt":"2025-05-15T08:57:19","guid":{"rendered":"https:\/\/andalubox.com\/producto-andaluz\/fino-perdido-sanchez-romate-d-o-sherry-sherry-75cl\/"},"modified":"2025-09-19T18:33:13","modified_gmt":"2025-09-19T16:33:13","slug":"fino-perdido-sanchez-romate-d-o-sherry-sherry-75cl","status":"publish","type":"product","link":"https:\/\/andalubox.com\/fr\/producto-andaluz\/fino-perdido-sanchez-romate-d-o-sherry-sherry-75cl\/","title":{"rendered":"Fino Perdido S\u00e1nchez Romate D.O.P. Jerez\/Sherry, 75cl"},"content":{"rendered":"<div class=\"mkdf-ps-info-item mkdf-ps-content-item\">\n<h1><span style=\"font-size: 12pt;\">Fino Perdido S\u00e1nchez Romate D.O.P. Jerez\/Sherry, 75cl<\/span><\/h1>\n\nChaque f\u00fbt vieillit diff\u00e9remment, en fonction de la souche de levure, de l&#8217;humidit\u00e9, de la temp\u00e9rature et des courants d&#8217;air dans la cave. Nous s\u00e9lectionnons les meilleurs f\u00fbts et les mettons en bouteille sous le nom de Fino Perdido. \n\n<h6>NOTE DE D\u00c9GUSTATION :<\/h6>\n\nCe vin a une couleur jaune dor\u00e9 brillante, transparente. Ar\u00f4me d\u00e9licat et vif, avec des notes de levure et de p\u00e2te \u00e0 pain fra\u00eeche et des nuances d&#8217;amandes qui proviennent de son long vieillissement sous terre selon le syst\u00e8me traditionnel des criaderas et des soleras. En bouche, il est tr\u00e8s sec, avec une douce amertume, des saveurs d&#8217;amande et de fruits secs, persistantes.  \n\n<h6>GRADUATION :<\/h6>\n\n15\u00ba\n\n<h6>JOUIR<\/h6>\n\nAp\u00e9ritif, vieux fromages, jambon ib\u00e9rique, noix, fruits de mer et poissons. Utilisez un seau \u00e0 glace avec de la glace et de l&#8217;eau pour le servir entre 6\u00ba et 8\u00ba C. Dans un verre \u00e0 vin traditionnel, s&#8217;il est grand, ou dans un verre de vin blanc. <\/div>\n<p>&nbsp;<\/p>\n<div class=\"mkdf-ps-info-item mkdf-ps-categories\">\n<p class=\"mkdf-ps-info-title\">Cat\u00e9gorie :<\/p>\n\n <a class=\"mkdf-ps-info-category\" href=\"https:\/\/www.romate.com\/portfolio-category\/fino\" target=\"_blank\" rel=\"noopener\">Fino<\/a> <a class=\"mkdf-ps-info-category\" href=\"https:\/\/www.romate.com\/portfolio-category\/vintage-sherries\" target=\"_blank\" rel=\"noopener\">Sherries Vintage<\/a><\/div>","protected":false},"excerpt":{"rendered":"<p>Fino Perdido S\u00e1nchez Romate D.O.P. Jerez\/Sherry, 75cl dans toute l&#8217;Europe<\/p>\n","protected":false},"featured_media":20828,"comment_status":"open","ping_status":"closed","template":"","meta":{"site-sidebar-layout":"default","site-content-layout":"","ast-site-content-layout":"default","site-content-style":"default","site-sidebar-style":"default","ast-global-header-display":"","ast-banner-title-visibility":"","ast-main-header-display":"","ast-hfb-above-header-display":"","ast-hfb-below-header-display":"","ast-hfb-mobile-header-display":"","site-post-title":"","ast-breadcrumbs-content":"","ast-featured-img":"","footer-sml-layout":"","ast-disable-related-posts":"","theme-transparent-header-meta":"default","adv-header-id-meta":"","stick-header-meta":"","header-above-stick-meta":"","header-main-stick-meta":"","header-below-stick-meta":"","astra-migrate-meta-layouts":"default","ast-page-background-enabled":"default","ast-page-background-meta":{"desktop":{"background-color":"var(--ast-global-color-4)","background-image":"","background-repeat":"repeat","background-position":"center center","background-size":"auto","background-attachment":"scroll","background-type":"","background-media":"","overlay-type":"","overlay-color":"","overlay-opacity":"","overlay-gradient":""},"tablet":{"background-color":"","background-image":"","background-repeat":"repeat","background-position":"center center","background-size":"auto","background-attachment":"scroll","background-type":"","background-media":"","overlay-type":"","overlay-color":"","overlay-opacity":"","overlay-gradient":""},"mobile":{"background-color":"","background-image":"","background-repeat":"repeat","background-position":"center center","background-size":"auto","background-attachment":"scroll","background-type":"","background-media":"","overlay-type":"","overlay-color":"","overlay-opacity":"","overlay-gradient":""}},"ast-content-background-meta":{"desktop":{"background-color":"var(--ast-global-color-5)","background-image":"","background-repeat":"repeat","background-position":"center center","background-size":"auto","background-attachment":"scroll","background-type":"","background-media":"","overlay-type":"","overlay-color":"","overlay-opacity":"","overlay-gradient":""},"tablet":{"background-color":"var(--ast-global-color-5)","background-image":"","background-repeat":"repeat","background-position":"center center","background-size":"auto","background-attachment":"scroll","background-type":"","background-media":"","overlay-type":"","overlay-color":"","overlay-opacity":"","overlay-gradient":""},"mobile":{"background-color":"var(--ast-global-color-5)","background-image":"","background-repeat":"repeat","background-position":"center center","background-size":"auto","background-attachment":"scroll","background-type":"","background-media":"","overlay-type":"","overlay-color":"","overlay-opacity":"","overlay-gradient":""}}},"product_brand":[1312],"product_cat":[15],"product_tag":[],"class_list":{"0":"post-20830","1":"product","2":"type-product","3":"status-publish","4":"has-post-thumbnail","6":"product_brand-sanchez-romate","7":"product_cat-sin-categorizar","8":"desktop-align-left","9":"tablet-align-left","10":"mobile-align-left","12":"first","13":"instock","14":"taxable","15":"shipping-taxable","16":"purchasable","17":"product-type-simple"},"_links":{"self":[{"href":"https:\/\/andalubox.com\/fr\/wp-json\/wp\/v2\/product\/20830","targetHints":{"allow":["GET"]}}],"collection":[{"href":"https:\/\/andalubox.com\/fr\/wp-json\/wp\/v2\/product"}],"about":[{"href":"https:\/\/andalubox.com\/fr\/wp-json\/wp\/v2\/types\/product"}],"replies":[{"embeddable":true,"href":"https:\/\/andalubox.com\/fr\/wp-json\/wp\/v2\/comments?post=20830"}],"wp:featuredmedia":[{"embeddable":true,"href":"https:\/\/andalubox.com\/fr\/wp-json\/wp\/v2\/media\/20828"}],"wp:attachment":[{"href":"https:\/\/andalubox.com\/fr\/wp-json\/wp\/v2\/media?parent=20830"}],"wp:term":[{"taxonomy":"product_brand","embeddable":true,"href":"https:\/\/andalubox.com\/fr\/wp-json\/wp\/v2\/product_brand?post=20830"},{"taxonomy":"product_cat","embeddable":true,"href":"https:\/\/andalubox.com\/fr\/wp-json\/wp\/v2\/product_cat?post=20830"},{"taxonomy":"product_tag","embeddable":true,"href":"https:\/\/andalubox.com\/fr\/wp-json\/wp\/v2\/product_tag?post=20830"}],"curies":[{"name":"wp","href":"https:\/\/api.w.org\/{rel}","templated":true}]}}