{"id":20722,"date":"2025-05-13T11:39:38","date_gmt":"2025-05-13T09:39:38","guid":{"rendered":"https:\/\/andalubox.com\/producto-andaluz\/gateau-au-romarin-et-au-thym-ines-rosales-sevilla-100-naturel-120gr\/"},"modified":"2026-01-27T10:38:30","modified_gmt":"2026-01-27T09:38:30","slug":"gateau-au-romarin-et-au-thym-ines-rosales-sevilla-100-naturel-120gr","status":"publish","type":"product","link":"https:\/\/andalubox.com\/fr\/producto-andaluz\/gateau-au-romarin-et-au-thym-ines-rosales-sevilla-100-naturel-120gr\/","title":{"rendered":"In\u00e9s Rosales G\u00e2teaux au romarin et au thym de S\u00e9ville 100% naturels, 120g"},"content":{"rendered":"<p>In\u00e9s Rosales G\u00e2teaux au romarin et au thym de S\u00e9ville 100% naturels, 120g<\/p>\n<p>D\u00e9sormais, In\u00e9s Rosales utilise des ingr\u00e9dients 100 % naturels, avec du romarin et du thym et seulement 26 % d&#8217;huile d&#8217;olive extra vierge.<\/p>\n<p>D\u00e9sormais, In\u00e9s Rosales propose des tortas 100% naturelles de S\u00e9ville pour toute l&#8217;Europe.<\/p>\n<p>Pack-6 Unit\u00e9s<\/p>\n<div class=\"elementor-element elementor-element-132972a elementor-widget__width-inherit elementor-widget elementor-widget-text-editor\" data-id=\"132972a\" data-element_type=\"widget\" data-widget_type=\"text-editor.default\">\n<div class=\"elementor-widget-container\">Les notes aromatiques du romarin et du thym \u00e9voquent la <strong>M\u00e9diterran\u00e9e<\/strong> et la rappellent \u00e0 chaque bouch\u00e9e, cr\u00e9ant une exp\u00e9rience sensorielle. Ces herbes <strong>intensifient les saveurs du reste des ingr\u00e9dients<\/strong> et donnent de la personnalit\u00e9 \u00e0 cette vari\u00e9t\u00e9, exquise et saine \u00e0 parts \u00e9gales. Nos Tortas de Aceite sont \u00e9labor\u00e9es avec de l&#8217;<strong>huile d&#8217;olive extra vierge et des ingr\u00e9dients naturels s\u00e9lectionn\u00e9s<\/strong>, typiques de la di\u00e8te m\u00e9diterran\u00e9enne.  <\/div>\n<\/div>\n<div class=\"elementor-element elementor-element-870e7bd elementor-widget__width-inherit elementor-widget elementor-widget-heading\" data-id=\"870e7bd\" data-element_type=\"widget\" data-widget_type=\"heading.default\">\n<div class=\"elementor-widget-container\"><strong>Ingr\u00e9dients<\/strong>: <span style=\"font-size: 16px;\">Farine de bl\u00e9, huile d&#8217;olive extra vierge (26%), farine de bl\u00e9 avec son (18%), sucre, sel marin, thym (0,7%), romarin (0,3%) et graines de s\u00e9same.<\/span><\/div>\n<div><strong>Allerg\u00e8nes<\/strong>: farine de bl\u00e9<span style=\"font-size: 16px;\">, <\/span>farine de bl\u00e9 avec son <span style=\"font-size: 16px;\">et graines de <\/span>s\u00e9same<span style=\"font-size: 16px;\">.<\/span><\/div>\n<div><strong>Composition<\/strong>: pour 100g<\/div>\n<div>Valeur \u00e9nerg\u00e9tique : 2207kj\/528kcal<\/div>\n<div>Mati\u00e8res grasses : 29g<\/div>\n<div>Graisses satur\u00e9es : 4,5 g<\/div>\n<div>Glucides : 58g<\/div>\n<div>Dont sucres : 4,1 g<\/div>\n<div>Prot\u00e9ines : 7,1g<\/div>\n<div> <\/div>\n<div>\n<div class=\"elementor-element elementor-element-f0504e5 e-flex e-con-boxed e-con e-parent\" data-id=\"f0504e5\" data-element_type=\"container\">\n<div class=\"e-con-inner\">\n<div class=\"elementor-element elementor-element-93c3c9a elementor-widget elementor-widget-heading\" data-id=\"93c3c9a\" data-element_type=\"widget\" data-widget_type=\"heading.default\">\n<div class=\"elementor-widget-container\"> <\/div>\n<\/div>\n<\/div>\n<\/div>\n<\/div>\n<\/div>","protected":false},"excerpt":{"rendered":"<p>In\u00e9s Rosales Tortas 100% naturel Romarin et Thym de S\u00e9ville, 120g toute l&#8217;Europe<\/p>\n","protected":false},"featured_media":20720,"comment_status":"open","ping_status":"closed","template":"","meta":{"site-sidebar-layout":"default","site-content-layout":"","ast-site-content-layout":"default","site-content-style":"default","site-sidebar-style":"default","ast-global-header-display":"","ast-banner-title-visibility":"","ast-main-header-display":"","ast-hfb-above-header-display":"","ast-hfb-below-header-display":"","ast-hfb-mobile-header-display":"","site-post-title":"","ast-breadcrumbs-content":"","ast-featured-img":"","footer-sml-layout":"","ast-disable-related-posts":"","theme-transparent-header-meta":"default","adv-header-id-meta":"","stick-header-meta":"","header-above-stick-meta":"","header-main-stick-meta":"","header-below-stick-meta":"","astra-migrate-meta-layouts":"default","ast-page-background-enabled":"default","ast-page-background-meta":{"desktop":{"background-color":"var(--ast-global-color-4)","background-image":"","background-repeat":"repeat","background-position":"center center","background-size":"auto","background-attachment":"scroll","background-type":"","background-media":"","overlay-type":"","overlay-color":"","overlay-opacity":"","overlay-gradient":""},"tablet":{"background-color":"","background-image":"","background-repeat":"repeat","background-position":"center center","background-size":"auto","background-attachment":"scroll","background-type":"","background-media":"","overlay-type":"","overlay-color":"","overlay-opacity":"","overlay-gradient":""},"mobile":{"background-color":"","background-image":"","background-repeat":"repeat","background-position":"center center","background-size":"auto","background-attachment":"scroll","background-type":"","background-media":"","overlay-type":"","overlay-color":"","overlay-opacity":"","overlay-gradient":""}},"ast-content-background-meta":{"desktop":{"background-color":"var(--ast-global-color-5)","background-image":"","background-repeat":"repeat","background-position":"center center","background-size":"auto","background-attachment":"scroll","background-type":"","background-media":"","overlay-type":"","overlay-color":"","overlay-opacity":"","overlay-gradient":""},"tablet":{"background-color":"var(--ast-global-color-5)","background-image":"","background-repeat":"repeat","background-position":"center center","background-size":"auto","background-attachment":"scroll","background-type":"","background-media":"","overlay-type":"","overlay-color":"","overlay-opacity":"","overlay-gradient":""},"mobile":{"background-color":"var(--ast-global-color-5)","background-image":"","background-repeat":"repeat","background-position":"center center","background-size":"auto","background-attachment":"scroll","background-type":"","background-media":"","overlay-type":"","overlay-color":"","overlay-opacity":"","overlay-gradient":""}}},"product_brand":[1218],"product_cat":[15],"product_tag":[],"class_list":{"0":"post-20722","1":"product","2":"type-product","3":"status-publish","4":"has-post-thumbnail","6":"product_brand-ines-rosales","7":"product_cat-sin-categorizar","8":"desktop-align-left","9":"tablet-align-left","10":"mobile-align-left","12":"first","13":"instock","14":"taxable","15":"shipping-taxable","16":"purchasable","17":"product-type-simple"},"_links":{"self":[{"href":"https:\/\/andalubox.com\/fr\/wp-json\/wp\/v2\/product\/20722","targetHints":{"allow":["GET"]}}],"collection":[{"href":"https:\/\/andalubox.com\/fr\/wp-json\/wp\/v2\/product"}],"about":[{"href":"https:\/\/andalubox.com\/fr\/wp-json\/wp\/v2\/types\/product"}],"replies":[{"embeddable":true,"href":"https:\/\/andalubox.com\/fr\/wp-json\/wp\/v2\/comments?post=20722"}],"wp:featuredmedia":[{"embeddable":true,"href":"https:\/\/andalubox.com\/fr\/wp-json\/wp\/v2\/media\/20720"}],"wp:attachment":[{"href":"https:\/\/andalubox.com\/fr\/wp-json\/wp\/v2\/media?parent=20722"}],"wp:term":[{"taxonomy":"product_brand","embeddable":true,"href":"https:\/\/andalubox.com\/fr\/wp-json\/wp\/v2\/product_brand?post=20722"},{"taxonomy":"product_cat","embeddable":true,"href":"https:\/\/andalubox.com\/fr\/wp-json\/wp\/v2\/product_cat?post=20722"},{"taxonomy":"product_tag","embeddable":true,"href":"https:\/\/andalubox.com\/fr\/wp-json\/wp\/v2\/product_tag?post=20722"}],"curies":[{"name":"wp","href":"https:\/\/api.w.org\/{rel}","templated":true}]}}