{"id":20693,"date":"2025-05-13T10:34:43","date_gmt":"2025-05-13T08:34:43","guid":{"rendered":"https:\/\/andalubox.com\/producto-andaluz\/la-piara-tapa-negra-chips-au-jambon-80gr\/"},"modified":"2025-09-24T17:22:44","modified_gmt":"2025-09-24T15:22:44","slug":"la-piara-tapa-negra-chips-au-jambon-80gr","status":"publish","type":"product","link":"https:\/\/andalubox.com\/fr\/producto-andaluz\/la-piara-tapa-negra-chips-au-jambon-80gr\/","title":{"rendered":"La Piara Tapa Negra Chips aromatis\u00e9es au jambon 80g"},"content":{"rendered":"<p>La Piara Tapa Negra Chips aromatis\u00e9es au jambon 80g<\/p>\n<p>Le produit auquel vous faites r\u00e9f\u00e9rence est une <b>chips<\/b> au jambon, lanc\u00e9e sur le march\u00e9 par la c\u00e9l\u00e8bre marque de p\u00e2t\u00e9 <b>La Piara<\/b> dans le cadre de sa ligne <b>Tapa Negra<\/b>.<\/p>\n<p>Voici les principales informations sur cette <i>collation<\/i>:<\/p>\n<hr>\n<p>La Piara Tapa Negra Chips au go\u00fbt de jambon (80g)<\/p>\n<p>Il s&#8217;agit d&#8217;un produit relativement <b>nouveau<\/b> de la marque La Piara, traditionnellement sp\u00e9cialis\u00e9e dans les p\u00e2t\u00e9s. La ligne de chips cherche \u00e0 capturer les saveurs embl\u00e9matiques de la gastronomie espagnole, en s&#8217;appuyant sur la popularit\u00e9 de son p\u00e2t\u00e9 <b>Tapa Negra<\/b>. <\/p>\n<h3>\ud83e\udd54 Caract\u00e9ristiques du produit<\/h3>\n<div class=\"horizontal-scroll-wrapper\">\n<div class=\"table-block-component\">\n<div class=\"table-block has-export-button\">\n<div class=\"table-content not-end-of-paragraph\">\n<table>\n<thead>\n<tr>\n<td>Caract\u00e9ristiques<\/td>\n<td>D\u00e9tail<\/td>\n<\/tr>\n<\/thead>\n<tbody>\n<tr>\n<td><b>Marque<\/b><\/td>\n<td>La Piara (Ligne Tapa Negra)<\/td>\n<\/tr>\n<tr>\n<td><b>Produit<\/b><\/td>\n<td>Frites \/ Chips<\/td>\n<\/tr>\n<tr>\n<td><b>Go\u00fbt<\/b><\/td>\n<td><b>Jambon<\/b> (recherche de la saveur ib\u00e9rique)<\/td>\n<\/tr>\n<tr>\n<td><b>Format<\/b><\/td>\n<td>Sachet de <b>80 grammes<\/b><\/td>\n<\/tr>\n<tr>\n<td><b>Le concept<\/b><\/td>\n<td>Il associe la texture croquante des chips \u00e0 la saveur intense et caract\u00e9ristique du jambon, en s&#8217;inspirant de son c\u00e9l\u00e8bre p\u00e2t\u00e9.<\/td>\n<\/tr>\n<\/tbody>\n<\/table>\n<\/div>\n<\/div>\n<\/div>\n<\/div>\n<p>Les nouvelles chips au jambon de La Piara sont arriv\u00e9es ! La Piara se lance sur le march\u00e9 avec ce nouveau produit qui se distingue par sa saveur exquise de jambon. Essayez-les ! Chaque bouch\u00e9e vous transportera dans le go\u00fbt du meilleur jambon !   <\/p>\n<p>Paquet de 80 grammes<\/p>","protected":false},"excerpt":{"rendered":"<p>La Piara Tapa Negra Chips aromatis\u00e9es au jambon 80g Le produit auquel vous faites r\u00e9f\u00e9rence est une chips au jambon, lanc\u00e9e sur le march\u00e9 par la c\u00e9l\u00e8bre marque de p\u00e2t\u00e9 La Piara dans le cadre de sa ligne Tapa Negra. Voici les principales informations sur cette collation: La Piara Tapa Negra Chips au go\u00fbt de [&hellip;]<\/p>\n","protected":false},"featured_media":30045,"comment_status":"open","ping_status":"closed","template":"","meta":{"site-sidebar-layout":"default","site-content-layout":"","ast-site-content-layout":"default","site-content-style":"default","site-sidebar-style":"default","ast-global-header-display":"","ast-banner-title-visibility":"","ast-main-header-display":"","ast-hfb-above-header-display":"","ast-hfb-below-header-display":"","ast-hfb-mobile-header-display":"","site-post-title":"","ast-breadcrumbs-content":"","ast-featured-img":"","footer-sml-layout":"","ast-disable-related-posts":"","theme-transparent-header-meta":"default","adv-header-id-meta":"","stick-header-meta":"","header-above-stick-meta":"","header-main-stick-meta":"","header-below-stick-meta":"","astra-migrate-meta-layouts":"default","ast-page-background-enabled":"default","ast-page-background-meta":{"desktop":{"background-color":"var(--ast-global-color-4)","background-image":"","background-repeat":"repeat","background-position":"center center","background-size":"auto","background-attachment":"scroll","background-type":"","background-media":"","overlay-type":"","overlay-color":"","overlay-opacity":"","overlay-gradient":""},"tablet":{"background-color":"","background-image":"","background-repeat":"repeat","background-position":"center center","background-size":"auto","background-attachment":"scroll","background-type":"","background-media":"","overlay-type":"","overlay-color":"","overlay-opacity":"","overlay-gradient":""},"mobile":{"background-color":"","background-image":"","background-repeat":"repeat","background-position":"center center","background-size":"auto","background-attachment":"scroll","background-type":"","background-media":"","overlay-type":"","overlay-color":"","overlay-opacity":"","overlay-gradient":""}},"ast-content-background-meta":{"desktop":{"background-color":"var(--ast-global-color-5)","background-image":"","background-repeat":"repeat","background-position":"center center","background-size":"auto","background-attachment":"scroll","background-type":"","background-media":"","overlay-type":"","overlay-color":"","overlay-opacity":"","overlay-gradient":""},"tablet":{"background-color":"var(--ast-global-color-5)","background-image":"","background-repeat":"repeat","background-position":"center center","background-size":"auto","background-attachment":"scroll","background-type":"","background-media":"","overlay-type":"","overlay-color":"","overlay-opacity":"","overlay-gradient":""},"mobile":{"background-color":"var(--ast-global-color-5)","background-image":"","background-repeat":"repeat","background-position":"center center","background-size":"auto","background-attachment":"scroll","background-type":"","background-media":"","overlay-type":"","overlay-color":"","overlay-opacity":"","overlay-gradient":""}}},"product_brand":[1329],"product_cat":[15],"product_tag":[],"class_list":{"0":"post-20693","1":"product","2":"type-product","3":"status-publish","4":"has-post-thumbnail","6":"product_brand-la-piara","7":"product_cat-sin-categorizar","8":"desktop-align-left","9":"tablet-align-left","10":"mobile-align-left","12":"first","13":"outofstock","14":"taxable","15":"shipping-taxable","16":"purchasable","17":"product-type-simple"},"_links":{"self":[{"href":"https:\/\/andalubox.com\/fr\/wp-json\/wp\/v2\/product\/20693","targetHints":{"allow":["GET"]}}],"collection":[{"href":"https:\/\/andalubox.com\/fr\/wp-json\/wp\/v2\/product"}],"about":[{"href":"https:\/\/andalubox.com\/fr\/wp-json\/wp\/v2\/types\/product"}],"replies":[{"embeddable":true,"href":"https:\/\/andalubox.com\/fr\/wp-json\/wp\/v2\/comments?post=20693"}],"wp:featuredmedia":[{"embeddable":true,"href":"https:\/\/andalubox.com\/fr\/wp-json\/wp\/v2\/media\/30045"}],"wp:attachment":[{"href":"https:\/\/andalubox.com\/fr\/wp-json\/wp\/v2\/media?parent=20693"}],"wp:term":[{"taxonomy":"product_brand","embeddable":true,"href":"https:\/\/andalubox.com\/fr\/wp-json\/wp\/v2\/product_brand?post=20693"},{"taxonomy":"product_cat","embeddable":true,"href":"https:\/\/andalubox.com\/fr\/wp-json\/wp\/v2\/product_cat?post=20693"},{"taxonomy":"product_tag","embeddable":true,"href":"https:\/\/andalubox.com\/fr\/wp-json\/wp\/v2\/product_tag?post=20693"}],"curies":[{"name":"wp","href":"https:\/\/api.w.org\/{rel}","templated":true}]}}