{"id":20634,"date":"2025-05-12T13:32:25","date_gmt":"2025-05-12T11:32:25","guid":{"rendered":"https:\/\/andalubox.com\/producto-andaluz\/porto-de-indias-gin-lemon-70cl\/"},"modified":"2025-07-22T16:55:55","modified_gmt":"2025-07-22T14:55:55","slug":"porto-de-indias-gin-lemon-70cl","status":"publish","type":"product","link":"https:\/\/andalubox.com\/fr\/producto-andaluz\/porto-de-indias-gin-lemon-70cl\/","title":{"rendered":"Puerto de Indias Seville Lemon Gin, 70cl"},"content":{"rendered":"<div class=\"elementor-element elementor-element-efdc973 page-title elementor-widget elementor-widget-heading animated fadeInLeft\" data-id=\"efdc973\" data-element_type=\"widget\" data-settings=\"{\"_animation\":\"fadeInLeft\"}\" data-widget_type=\"heading.default\">\n<div class=\"elementor-widget-container\">\n<h2 class=\"elementor-heading-title elementor-size-default\">Puerto de Indias continue d&#8217;innover et de surprendre en lan\u00e7ant sa nouvelle saveur : Lemonberry.<\/h2>\n<p>Aujourd&#8217;hui, le gin Sevilla Puerto de Indias pour toute l&#8217;Europe.<\/p>\n<\/div>\n<\/div>\n<div class=\"elementor-element elementor-element-5ebfe01 page-subtitle elementor-widget elementor-widget-text-editor animated fadeInLeft\" data-id=\"5ebfe01\" data-element_type=\"widget\" data-settings=\"{\"_animation\":\"fadeInLeft\",\"_animation_delay\":300}\" data-widget_type=\"text-editor.default\">\n<div class=\"elementor-widget-container\">\n<p>Un go\u00fbt qui fusionne la sensation du citron fra\u00eechement press\u00e9 et un m\u00e9lange \u00e9quilibr\u00e9 d&#8217;une s\u00e9lection de fraises et de m\u00fbres sur une base de geni\u00e8vre.  <\/p>\n<p>Les notes d&#8217;agrumes du citron et la douceur des fraises et des m\u00fbres se fondent en une harmonie parfaite, g\u00e9n\u00e9rant une explosion des sens pour aboutir \u00e0 une douce saveur d&#8217;agrumes.<\/p>\n<p>Puerto de Indias est une marque de gin haut de gamme de Carmona, S\u00e9ville, Espagne, fabriqu\u00e9e par Los Alcores de Carmona, l&#8217;une des plus anciennes distilleries d&#8217;Andalousie, dont les origines remontent \u00e0 1880. Elle s&#8217;est fait conna\u00eetre en tant que pionni\u00e8re dans la cr\u00e9ation d&#8217;un gin infus\u00e9 \u00e0 la fraise, lan\u00e7ant la cat\u00e9gorie du &#8220;pink gin&#8221; en 2013. La marque est connue pour sa production artisanale, utilisant des alambics traditionnels en cuivre et des ingr\u00e9dients naturels de haute qualit\u00e9, et est devenue un succ\u00e8s mondial, \u00e9tant disponible dans plus de 40 pays.  <\/p>\n<p>Andalubox recommande d&#8217;acheter du gin de S\u00e9ville.<\/p>\n<p>Boissons espagnoles. Boissons m\u00e9diterran\u00e9ennes. <\/p>\n<\/div>\n<\/div>","protected":false},"excerpt":{"rendered":"<p>Puerto de Indias Gin de Lim\u00f3n de Sevilla, 70cl. Vendu dans toute l&#8217;Europe. <\/p>\n","protected":false},"featured_media":20641,"comment_status":"open","ping_status":"closed","template":"","meta":{"site-sidebar-layout":"default","site-content-layout":"","ast-site-content-layout":"default","site-content-style":"default","site-sidebar-style":"default","ast-global-header-display":"","ast-banner-title-visibility":"","ast-main-header-display":"","ast-hfb-above-header-display":"","ast-hfb-below-header-display":"","ast-hfb-mobile-header-display":"","site-post-title":"","ast-breadcrumbs-content":"","ast-featured-img":"","footer-sml-layout":"","ast-disable-related-posts":"","theme-transparent-header-meta":"default","adv-header-id-meta":"","stick-header-meta":"","header-above-stick-meta":"","header-main-stick-meta":"","header-below-stick-meta":"","astra-migrate-meta-layouts":"default","ast-page-background-enabled":"default","ast-page-background-meta":{"desktop":{"background-color":"var(--ast-global-color-4)","background-image":"","background-repeat":"repeat","background-position":"center center","background-size":"auto","background-attachment":"scroll","background-type":"","background-media":"","overlay-type":"","overlay-color":"","overlay-opacity":"","overlay-gradient":""},"tablet":{"background-color":"","background-image":"","background-repeat":"repeat","background-position":"center center","background-size":"auto","background-attachment":"scroll","background-type":"","background-media":"","overlay-type":"","overlay-color":"","overlay-opacity":"","overlay-gradient":""},"mobile":{"background-color":"","background-image":"","background-repeat":"repeat","background-position":"center center","background-size":"auto","background-attachment":"scroll","background-type":"","background-media":"","overlay-type":"","overlay-color":"","overlay-opacity":"","overlay-gradient":""}},"ast-content-background-meta":{"desktop":{"background-color":"var(--ast-global-color-5)","background-image":"","background-repeat":"repeat","background-position":"center center","background-size":"auto","background-attachment":"scroll","background-type":"","background-media":"","overlay-type":"","overlay-color":"","overlay-opacity":"","overlay-gradient":""},"tablet":{"background-color":"var(--ast-global-color-5)","background-image":"","background-repeat":"repeat","background-position":"center center","background-size":"auto","background-attachment":"scroll","background-type":"","background-media":"","overlay-type":"","overlay-color":"","overlay-opacity":"","overlay-gradient":""},"mobile":{"background-color":"var(--ast-global-color-5)","background-image":"","background-repeat":"repeat","background-position":"center center","background-size":"auto","background-attachment":"scroll","background-type":"","background-media":"","overlay-type":"","overlay-color":"","overlay-opacity":"","overlay-gradient":""}}},"product_brand":[1327],"product_cat":[1723,317],"product_tag":[],"class_list":{"0":"post-20634","1":"product","2":"type-product","3":"status-publish","4":"has-post-thumbnail","6":"product_brand-puerto-de-indias","7":"product_cat-ginebra-2-fr","8":"product_cat-nouvelles","9":"desktop-align-left","10":"tablet-align-left","11":"mobile-align-left","13":"first","14":"instock","15":"taxable","16":"shipping-taxable","17":"purchasable","18":"product-type-simple"},"_links":{"self":[{"href":"https:\/\/andalubox.com\/fr\/wp-json\/wp\/v2\/product\/20634","targetHints":{"allow":["GET"]}}],"collection":[{"href":"https:\/\/andalubox.com\/fr\/wp-json\/wp\/v2\/product"}],"about":[{"href":"https:\/\/andalubox.com\/fr\/wp-json\/wp\/v2\/types\/product"}],"replies":[{"embeddable":true,"href":"https:\/\/andalubox.com\/fr\/wp-json\/wp\/v2\/comments?post=20634"}],"wp:featuredmedia":[{"embeddable":true,"href":"https:\/\/andalubox.com\/fr\/wp-json\/wp\/v2\/media\/20641"}],"wp:attachment":[{"href":"https:\/\/andalubox.com\/fr\/wp-json\/wp\/v2\/media?parent=20634"}],"wp:term":[{"taxonomy":"product_brand","embeddable":true,"href":"https:\/\/andalubox.com\/fr\/wp-json\/wp\/v2\/product_brand?post=20634"},{"taxonomy":"product_cat","embeddable":true,"href":"https:\/\/andalubox.com\/fr\/wp-json\/wp\/v2\/product_cat?post=20634"},{"taxonomy":"product_tag","embeddable":true,"href":"https:\/\/andalubox.com\/fr\/wp-json\/wp\/v2\/product_tag?post=20634"}],"curies":[{"name":"wp","href":"https:\/\/api.w.org\/{rel}","templated":true}]}}