{"id":20625,"date":"2025-05-12T13:27:57","date_gmt":"2025-05-12T11:27:57","guid":{"rendered":"https:\/\/andalubox.com\/producto-andaluz\/port-of-indies-gin-mango-70cl\/"},"modified":"2025-06-18T19:12:25","modified_gmt":"2025-06-18T17:12:25","slug":"port-of-indies-gin-mango-70cl","status":"publish","type":"product","link":"https:\/\/andalubox.com\/fr\/producto-andaluz\/port-of-indies-gin-mango-70cl\/","title":{"rendered":"Puerto de Indias Seville Mango Gin, 70cl"},"content":{"rendered":"<div class=\"elementor-element elementor-element-efdc973 page-title elementor-widget elementor-widget-heading animated fadeInLeft\" data-id=\"efdc973\" data-element_type=\"widget\" data-settings=\"{\"_animation\":\"fadeInLeft\"}\" data-widget_type=\"heading.default\">\n<div class=\"elementor-widget-container\">\n<h2 class=\"elementor-heading-title elementor-size-default\">Puerto de Indias vous emm\u00e8ne au paradis avec cette incroyable saveur : la mangue.<\/h2>\n<p>Aujourd&#8217;hui, le gin Sevilla Puerto de Indias pour toute l&#8217;Europe.<\/p>\n<\/div>\n<\/div>\n<div class=\"elementor-element elementor-element-5ebfe01 page-subtitle elementor-widget elementor-widget-text-editor animated fadeInLeft\" data-id=\"5ebfe01\" data-element_type=\"widget\" data-settings=\"{\"_animation\":\"fadeInLeft\",\"_animation_delay\":300}\" data-widget_type=\"text-editor.default\">\n<div class=\"elementor-widget-container\">\n<p>La nouvelle r\u00e9f\u00e9rence \u00e0 la mangue est parfaite pour \u00eatre combin\u00e9e avec une boisson gazeuse au citron, un soda au citron ou un tonic. Vous pouvez ainsi l&#8217;appr\u00e9cier de diff\u00e9rentes mani\u00e8res. <\/p>\n<p>Andalubox recommande d&#8217;acheter du gin de S\u00e9ville.<\/p>\n<p>Boissons espagnoles. Boissons m\u00e9diterran\u00e9ennes. <\/p>\n<\/div>\n<\/div>","protected":false},"excerpt":{"rendered":"<p>Puerto de Indias vous emm\u00e8ne au paradis avec cette incroyable saveur : la mangue. Aujourd&#8217;hui, le gin Sevilla Puerto de Indias pour toute l&#8217;Europe. La nouvelle r\u00e9f\u00e9rence \u00e0 la mangue est parfaite pour \u00eatre combin\u00e9e avec une boisson gazeuse au citron, un soda au citron ou un tonic. Vous pouvez ainsi l&#8217;appr\u00e9cier de diff\u00e9rentes mani\u00e8res. [&hellip;]<\/p>\n","protected":false},"featured_media":20622,"template":"","meta":{"site-sidebar-layout":"default","site-content-layout":"","ast-site-content-layout":"default","site-content-style":"default","site-sidebar-style":"default","ast-global-header-display":"","ast-banner-title-visibility":"","ast-main-header-display":"","ast-hfb-above-header-display":"","ast-hfb-below-header-display":"","ast-hfb-mobile-header-display":"","site-post-title":"","ast-breadcrumbs-content":"","ast-featured-img":"","footer-sml-layout":"","ast-disable-related-posts":"","theme-transparent-header-meta":"default","adv-header-id-meta":"","stick-header-meta":"","header-above-stick-meta":"","header-main-stick-meta":"","header-below-stick-meta":"","astra-migrate-meta-layouts":"default","ast-page-background-enabled":"default","ast-page-background-meta":{"desktop":{"background-color":"var(--ast-global-color-4)","background-image":"","background-repeat":"repeat","background-position":"center center","background-size":"auto","background-attachment":"scroll","background-type":"","background-media":"","overlay-type":"","overlay-color":"","overlay-opacity":"","overlay-gradient":""},"tablet":{"background-color":"","background-image":"","background-repeat":"repeat","background-position":"center center","background-size":"auto","background-attachment":"scroll","background-type":"","background-media":"","overlay-type":"","overlay-color":"","overlay-opacity":"","overlay-gradient":""},"mobile":{"background-color":"","background-image":"","background-repeat":"repeat","background-position":"center center","background-size":"auto","background-attachment":"scroll","background-type":"","background-media":"","overlay-type":"","overlay-color":"","overlay-opacity":"","overlay-gradient":""}},"ast-content-background-meta":{"desktop":{"background-color":"var(--ast-global-color-5)","background-image":"","background-repeat":"repeat","background-position":"center center","background-size":"auto","background-attachment":"scroll","background-type":"","background-media":"","overlay-type":"","overlay-color":"","overlay-opacity":"","overlay-gradient":""},"tablet":{"background-color":"var(--ast-global-color-5)","background-image":"","background-repeat":"repeat","background-position":"center center","background-size":"auto","background-attachment":"scroll","background-type":"","background-media":"","overlay-type":"","overlay-color":"","overlay-opacity":"","overlay-gradient":""},"mobile":{"background-color":"var(--ast-global-color-5)","background-image":"","background-repeat":"repeat","background-position":"center center","background-size":"auto","background-attachment":"scroll","background-type":"","background-media":"","overlay-type":"","overlay-color":"","overlay-opacity":"","overlay-gradient":""}}},"product_brand":[1327],"product_cat":[1723,317],"product_tag":[],"class_list":{"0":"post-20625","1":"product","2":"type-product","3":"status-publish","4":"has-post-thumbnail","6":"product_brand-puerto-de-indias","7":"product_cat-gin-fr","8":"product_cat-nouvelles","9":"desktop-align-left","10":"tablet-align-left","11":"mobile-align-left","13":"first","14":"instock","15":"taxable","16":"shipping-taxable","17":"purchasable","18":"product-type-simple"},"_links":{"self":[{"href":"https:\/\/andalubox.com\/fr\/wp-json\/wp\/v2\/product\/20625","targetHints":{"allow":["GET"]}}],"collection":[{"href":"https:\/\/andalubox.com\/fr\/wp-json\/wp\/v2\/product"}],"about":[{"href":"https:\/\/andalubox.com\/fr\/wp-json\/wp\/v2\/types\/product"}],"wp:featuredmedia":[{"embeddable":true,"href":"https:\/\/andalubox.com\/fr\/wp-json\/wp\/v2\/media\/20622"}],"wp:attachment":[{"href":"https:\/\/andalubox.com\/fr\/wp-json\/wp\/v2\/media?parent=20625"}],"wp:term":[{"taxonomy":"product_brand","embeddable":true,"href":"https:\/\/andalubox.com\/fr\/wp-json\/wp\/v2\/product_brand?post=20625"},{"taxonomy":"product_cat","embeddable":true,"href":"https:\/\/andalubox.com\/fr\/wp-json\/wp\/v2\/product_cat?post=20625"},{"taxonomy":"product_tag","embeddable":true,"href":"https:\/\/andalubox.com\/fr\/wp-json\/wp\/v2\/product_tag?post=20625"}],"curies":[{"name":"wp","href":"https:\/\/api.w.org\/{rel}","templated":true}]}}