{"id":20551,"date":"2025-05-12T12:33:06","date_gmt":"2025-05-12T10:33:06","guid":{"rendered":"https:\/\/andalubox.com\/producto-andaluz\/port-of-indies-classic-gin-70cl\/"},"modified":"2025-07-22T17:02:56","modified_gmt":"2025-07-22T15:02:56","slug":"port-of-indies-classic-gin-70cl","status":"publish","type":"product","link":"https:\/\/andalubox.com\/fr\/producto-andaluz\/port-of-indies-classic-gin-70cl\/","title":{"rendered":"Gin Puerto de Indias Classic de S\u00e9ville, 70cl"},"content":{"rendered":"<p>Aujourd&#8217;hui, le gin Sevilla Puerto de Indias pour toute l&#8217;Europe.<\/p>\n<p>Le <b>gin Puerto de Indias Classic Gin<\/b> est destin\u00e9 aux amateurs de <strong>gin<\/strong> les plus fervents. Il s&#8217;agit d&#8217;un m\u00e9lange condens\u00e9&#8230; <strong><i>de premi\u00e8re qualit\u00e9<\/i> <\/strong>de couleur turquoise, originaire d&#8217;Espagne, qui pr\u00e9sente des traits d&#8217;agrumes donn\u00e9s par des \u00e9corces d&#8217;orange et de citron, du pamplemousse, du citron vert ou de la coriandre qui renforcent le caract\u00e8re frais et audacieux en plus du caract\u00e8re intense habituel du geni\u00e8vre, ce qui en fait un excellent produit polyvalent pour accompagner toutes les occasions.<\/p>\n<p><b> Puerto de Indias Classic Gin <\/b>b\u00e9n\u00e9ficie du soutien de l&#8217;une des plus anciennes distilleries d&#8217;Andalousie, avec une longue histoire dans l&#8217;industrie de la distillation. Le <strong>gin Puerto de Indias<\/strong> garantit un produit de haute qualit\u00e9 et de grande lign\u00e9e, avec des notes aromatiques rappelant les essences de pamplemousse et de coriandre qui impr\u00e8gnent subtilement le bouquet de ce merveilleux <strong>spiritueux<\/strong> reconnu dans le monde entier.<b> Puerto de Indias Classic Gin<\/b> a une pr\u00e9sentation propre et extr\u00eamement fine, parfaite pour offrir ou collectionner.  <\/p>\n<p>Andalubox recommande d&#8217;acheter du gin de S\u00e9ville.<\/p>\n<p>Boissons espagnoles. Boissons m\u00e9diterran\u00e9ennes. <\/p>","protected":false},"excerpt":{"rendered":"<p>Puerto de Indias Gin Classic de Sevilla, 70cl. Vendu dans toute l&#8217;Europe. <\/p>\n","protected":false},"featured_media":20549,"comment_status":"open","ping_status":"closed","template":"","meta":{"site-sidebar-layout":"default","site-content-layout":"","ast-site-content-layout":"default","site-content-style":"default","site-sidebar-style":"default","ast-global-header-display":"","ast-banner-title-visibility":"","ast-main-header-display":"","ast-hfb-above-header-display":"","ast-hfb-below-header-display":"","ast-hfb-mobile-header-display":"","site-post-title":"","ast-breadcrumbs-content":"","ast-featured-img":"","footer-sml-layout":"","ast-disable-related-posts":"","theme-transparent-header-meta":"default","adv-header-id-meta":"","stick-header-meta":"","header-above-stick-meta":"","header-main-stick-meta":"","header-below-stick-meta":"","astra-migrate-meta-layouts":"default","ast-page-background-enabled":"default","ast-page-background-meta":{"desktop":{"background-color":"var(--ast-global-color-4)","background-image":"","background-repeat":"repeat","background-position":"center center","background-size":"auto","background-attachment":"scroll","background-type":"","background-media":"","overlay-type":"","overlay-color":"","overlay-opacity":"","overlay-gradient":""},"tablet":{"background-color":"","background-image":"","background-repeat":"repeat","background-position":"center center","background-size":"auto","background-attachment":"scroll","background-type":"","background-media":"","overlay-type":"","overlay-color":"","overlay-opacity":"","overlay-gradient":""},"mobile":{"background-color":"","background-image":"","background-repeat":"repeat","background-position":"center center","background-size":"auto","background-attachment":"scroll","background-type":"","background-media":"","overlay-type":"","overlay-color":"","overlay-opacity":"","overlay-gradient":""}},"ast-content-background-meta":{"desktop":{"background-color":"var(--ast-global-color-5)","background-image":"","background-repeat":"repeat","background-position":"center center","background-size":"auto","background-attachment":"scroll","background-type":"","background-media":"","overlay-type":"","overlay-color":"","overlay-opacity":"","overlay-gradient":""},"tablet":{"background-color":"var(--ast-global-color-5)","background-image":"","background-repeat":"repeat","background-position":"center center","background-size":"auto","background-attachment":"scroll","background-type":"","background-media":"","overlay-type":"","overlay-color":"","overlay-opacity":"","overlay-gradient":""},"mobile":{"background-color":"var(--ast-global-color-5)","background-image":"","background-repeat":"repeat","background-position":"center center","background-size":"auto","background-attachment":"scroll","background-type":"","background-media":"","overlay-type":"","overlay-color":"","overlay-opacity":"","overlay-gradient":""}}},"product_brand":[1327],"product_cat":[41],"product_tag":[],"class_list":{"0":"post-20551","1":"product","2":"type-product","3":"status-publish","4":"has-post-thumbnail","6":"product_brand-puerto-de-indias","7":"product_cat-conservas-de-carne","8":"desktop-align-left","9":"tablet-align-left","10":"mobile-align-left","12":"first","13":"instock","14":"taxable","15":"shipping-taxable","16":"purchasable","17":"product-type-simple"},"_links":{"self":[{"href":"https:\/\/andalubox.com\/fr\/wp-json\/wp\/v2\/product\/20551","targetHints":{"allow":["GET"]}}],"collection":[{"href":"https:\/\/andalubox.com\/fr\/wp-json\/wp\/v2\/product"}],"about":[{"href":"https:\/\/andalubox.com\/fr\/wp-json\/wp\/v2\/types\/product"}],"replies":[{"embeddable":true,"href":"https:\/\/andalubox.com\/fr\/wp-json\/wp\/v2\/comments?post=20551"}],"wp:featuredmedia":[{"embeddable":true,"href":"https:\/\/andalubox.com\/fr\/wp-json\/wp\/v2\/media\/20549"}],"wp:attachment":[{"href":"https:\/\/andalubox.com\/fr\/wp-json\/wp\/v2\/media?parent=20551"}],"wp:term":[{"taxonomy":"product_brand","embeddable":true,"href":"https:\/\/andalubox.com\/fr\/wp-json\/wp\/v2\/product_brand?post=20551"},{"taxonomy":"product_cat","embeddable":true,"href":"https:\/\/andalubox.com\/fr\/wp-json\/wp\/v2\/product_cat?post=20551"},{"taxonomy":"product_tag","embeddable":true,"href":"https:\/\/andalubox.com\/fr\/wp-json\/wp\/v2\/product_tag?post=20551"}],"curies":[{"name":"wp","href":"https:\/\/api.w.org\/{rel}","templated":true}]}}