{"id":20390,"date":"2025-04-24T11:05:52","date_gmt":"2025-04-24T09:05:52","guid":{"rendered":"https:\/\/andalubox.com\/producto-andaluz\/micaela-oloroso-sanlucar-75cl\/"},"modified":"2025-09-19T20:49:47","modified_gmt":"2025-09-19T18:49:47","slug":"micaela-oloroso-sanlucar-75cl","status":"publish","type":"product","link":"https:\/\/andalubox.com\/fr\/producto-andaluz\/micaela-oloroso-sanlucar-75cl\/","title":{"rendered":"Micaela Oloroso de Sanl\u00facar, 75cl"},"content":{"rendered":"<div class=\"woocommerce-product-details__short-description\">\n<p><strong>Micaela Oloroso de Sanl\u00facar, 75cl<\/strong><\/p>\n<p><strong>Type de vin<\/strong>: Generoso<\/p>\n<p><strong>C\u00e9page<\/strong>: Palomino Fino<\/p>\n<p><strong>Appellation d&#8217;origine<\/strong>: Jerez-X\u00e9r\u00e8z-Sherry<\/p>\n<p><strong>\u00c2ge moyen :<\/strong> 10 ans<\/p>\n<p><strong>\u00c9laboration et vieillissement<\/strong>: Issus de la fermentation compl\u00e8te des mo\u00fbts de raisin Palomino, les Olorosos sont des vins &#8220;professionnels&#8221; ; la structure particuli\u00e8re qu&#8217;ils pr\u00e9sentent d\u00e8s le d\u00e9but conseille aux d\u00e9gustateurs de les classer en vue d&#8217;un vieillissement oxydatif. L&#8217;entonnage initial \u00e0 17 % vol. d&#8217;alcool emp\u00eache le d\u00e9veloppement du voile de fleur, de sorte que le vin vieillit toujours expos\u00e9 \u00e0 la lente action de l&#8217;oxyg\u00e8ne par le biais du syst\u00e8me traditionnel des criaderas et des solera. La lente perte d&#8217;eau \u00e0 travers les parois des f\u00fbts en bois favorise un processus continu de concentration, qui permet au vin de gagner en structure, en douceur et en complexit\u00e9.  <\/p>\n<\/div>\n<div class=\"woovr-variations woovr-variations-default\" data-click=\"1\" data-description=\"no\">\n<div class=\"woovr-variation woovr-variation-radio woovr-variation-active\" style=\"background: transparent; border: 0px; margin: 0px -5px; padding: 0px; vertical-align: baseline; align-items: center; cursor: pointer;\" data-id=\"1114\" data-pid=\"1106\" data-sku=\"\" data-purchasable=\"yes\" data-attrs=\"{\"attribute_pa_pack\":\"1-botella\"}\" data-price=\"12.9\" data-regular-price=\"12.9\" data-pricehtml=\"&lt;span class=\"woocommerce-Price-amount amount\"&gt;&lt;bdi&gt;12,90&lt;span class=\"woocommerce-Price-currencySymbol\"&gt;\u20ac&lt;\/span&gt;&lt;\/bdi&gt;&lt;\/span&gt;\" data-imagesrc=\"https:\/\/bodegasbaron.es\/wp-content\/uploads\/2020\/05\/micaela_oloroso_bodegas_baron-161x300.jpg\" data-availability=\"\" data-weight=\"1 kg\" data-dimensions=\"N\/D\" data-images=\"no\"> <\/div>\n<\/div>","protected":false},"excerpt":{"rendered":"<p>Micaela Oloroso de Sanl\u00facar, 75cl dans toute l&#8217;Europe<\/p>\n","protected":false},"featured_media":31043,"comment_status":"open","ping_status":"closed","template":"","meta":{"site-sidebar-layout":"default","site-content-layout":"","ast-site-content-layout":"default","site-content-style":"default","site-sidebar-style":"default","ast-global-header-display":"","ast-banner-title-visibility":"","ast-main-header-display":"","ast-hfb-above-header-display":"","ast-hfb-below-header-display":"","ast-hfb-mobile-header-display":"","site-post-title":"","ast-breadcrumbs-content":"","ast-featured-img":"","footer-sml-layout":"","ast-disable-related-posts":"","theme-transparent-header-meta":"default","adv-header-id-meta":"","stick-header-meta":"","header-above-stick-meta":"","header-main-stick-meta":"","header-below-stick-meta":"","astra-migrate-meta-layouts":"default","ast-page-background-enabled":"default","ast-page-background-meta":{"desktop":{"background-color":"var(--ast-global-color-4)","background-image":"","background-repeat":"repeat","background-position":"center center","background-size":"auto","background-attachment":"scroll","background-type":"","background-media":"","overlay-type":"","overlay-color":"","overlay-opacity":"","overlay-gradient":""},"tablet":{"background-color":"","background-image":"","background-repeat":"repeat","background-position":"center center","background-size":"auto","background-attachment":"scroll","background-type":"","background-media":"","overlay-type":"","overlay-color":"","overlay-opacity":"","overlay-gradient":""},"mobile":{"background-color":"","background-image":"","background-repeat":"repeat","background-position":"center center","background-size":"auto","background-attachment":"scroll","background-type":"","background-media":"","overlay-type":"","overlay-color":"","overlay-opacity":"","overlay-gradient":""}},"ast-content-background-meta":{"desktop":{"background-color":"var(--ast-global-color-5)","background-image":"","background-repeat":"repeat","background-position":"center center","background-size":"auto","background-attachment":"scroll","background-type":"","background-media":"","overlay-type":"","overlay-color":"","overlay-opacity":"","overlay-gradient":""},"tablet":{"background-color":"var(--ast-global-color-5)","background-image":"","background-repeat":"repeat","background-position":"center center","background-size":"auto","background-attachment":"scroll","background-type":"","background-media":"","overlay-type":"","overlay-color":"","overlay-opacity":"","overlay-gradient":""},"mobile":{"background-color":"var(--ast-global-color-5)","background-image":"","background-repeat":"repeat","background-position":"center center","background-size":"auto","background-attachment":"scroll","background-type":"","background-media":"","overlay-type":"","overlay-color":"","overlay-opacity":"","overlay-gradient":""}}},"product_brand":[1320],"product_cat":[],"product_tag":[],"class_list":{"0":"post-20390","1":"product","2":"type-product","3":"status-publish","4":"has-post-thumbnail","6":"product_brand-bodegas-baron","7":"desktop-align-left","8":"tablet-align-left","9":"mobile-align-left","11":"first","12":"instock","13":"taxable","14":"shipping-taxable","15":"purchasable","16":"product-type-simple"},"_links":{"self":[{"href":"https:\/\/andalubox.com\/fr\/wp-json\/wp\/v2\/product\/20390","targetHints":{"allow":["GET"]}}],"collection":[{"href":"https:\/\/andalubox.com\/fr\/wp-json\/wp\/v2\/product"}],"about":[{"href":"https:\/\/andalubox.com\/fr\/wp-json\/wp\/v2\/types\/product"}],"replies":[{"embeddable":true,"href":"https:\/\/andalubox.com\/fr\/wp-json\/wp\/v2\/comments?post=20390"}],"wp:featuredmedia":[{"embeddable":true,"href":"https:\/\/andalubox.com\/fr\/wp-json\/wp\/v2\/media\/31043"}],"wp:attachment":[{"href":"https:\/\/andalubox.com\/fr\/wp-json\/wp\/v2\/media?parent=20390"}],"wp:term":[{"taxonomy":"product_brand","embeddable":true,"href":"https:\/\/andalubox.com\/fr\/wp-json\/wp\/v2\/product_brand?post=20390"},{"taxonomy":"product_cat","embeddable":true,"href":"https:\/\/andalubox.com\/fr\/wp-json\/wp\/v2\/product_cat?post=20390"},{"taxonomy":"product_tag","embeddable":true,"href":"https:\/\/andalubox.com\/fr\/wp-json\/wp\/v2\/product_tag?post=20390"}],"curies":[{"name":"wp","href":"https:\/\/api.w.org\/{rel}","templated":true}]}}