{"id":20345,"date":"2025-04-24T10:35:49","date_gmt":"2025-04-24T08:35:49","guid":{"rendered":"https:\/\/andalubox.com\/producto-andaluz\/barbiana-selecta-manzanilla-sanlucar-75cl\/"},"modified":"2025-09-19T20:43:29","modified_gmt":"2025-09-19T18:43:29","slug":"barbiana-selecta-manzanilla-sanlucar-75cl","status":"publish","type":"product","link":"https:\/\/andalubox.com\/fr\/producto-andaluz\/barbiana-selecta-manzanilla-sanlucar-75cl\/","title":{"rendered":"Barbiana Selecta Manzanilla de Sanl\u00facar de Barrameda, 75cl"},"content":{"rendered":"<div class=\"et_pb_module et_pb_text et_pb_text_1_tb_body et_pb_text_align_left et_pb_bg_layout_light\">\n<div class=\"et_pb_text_inner\">\n<div class=\"woocommerce et-dynamic-content-woo et-dynamic-content-woo--product_short_description\">\n<p class=\"prod-short-desc\">Barbiana Selecta Manzanilla de Sanl\u00facar de Barrameda, 75cl<\/p>\n<p class=\"prod-short-desc\">Barbiana est une manzanilla mill\u00e9sim\u00e9e, issue de soleras s\u00e9lectionn\u00e9es de la maison Rodr\u00edguez La-Cave, une cave traditionnelle et l\u00e9gendaire, avec laquelle Delgado Zuleta a fusionn\u00e9 en 1978. La manzanilla la plus pure de Sanl\u00facar, \u00e9labor\u00e9e avec la plus grande franchise et dans le respect des m\u00e9thodes ancestrales. Authenticit\u00e9, territoire, identit\u00e9.  <\/p>\n<\/div>\n<\/div>\n<\/div>\n<div class=\"et_pb_with_border et_pb_module et_pb_wc_add_to_cart et_pb_wc_add_to_cart_0_tb_body et_pb_fields_label_position_inline et_pb_bg_layout_ et_pb_text_align_left et_pb_text_align_center-phone\">\n<div class=\"et_pb_module_inner\">Caract\u00e9ristiques techniques :  <span style=\"font-size: 16px;\">Vin de vieillissement biologique sous flor, 100% vari\u00e9t\u00e9 Palomino, vieilli pendant 5 ans en utilisant le syst\u00e8me de solera et criaderas en f\u00fbts de ch\u00eane am\u00e9ricain. Son taux d&#8217;alcool est de 15 % vol. et il est pr\u00e9sent\u00e9 en bouteilles de 37,5 et 75 cl. <\/span><\/div>\n<div> <\/div>\n<div class=\"et_pb_module_inner\">\n<p>Notes de d\u00e9gustation : Couleur jaune d&#8217;or, aspect net et lumineux. Au nez, il pr\u00e9sente un profil intense, avec des ar\u00f4mes typiques de l&#8217;\u00e9levage biologique tels que l&#8217;amande et les agrumes, ainsi que certaines notes d&#8217;amontillado. En bouche, il est sec, savoureux et tr\u00e8s doux.  <\/p>\n<p>Mariage : Une excellente manzanilla pour accompagner la cuisine de fruits de mer, comme les plats de riz ou les rago\u00fbts de poisson et de fruits de mer. Avec un bon jambon ib\u00e9rique, il peut constituer un ap\u00e9ritif parfait. <\/p>\n<\/div>\n<\/div>","protected":false},"excerpt":{"rendered":"<p>Barbiana Selecta Manzanilla de Sanl\u00facar de Barrameda, 75cl dans toute l&#8217;Europe<\/p>\n","protected":false},"featured_media":30958,"comment_status":"open","ping_status":"closed","template":"","meta":{"site-sidebar-layout":"default","site-content-layout":"","ast-site-content-layout":"default","site-content-style":"default","site-sidebar-style":"default","ast-global-header-display":"","ast-banner-title-visibility":"","ast-main-header-display":"","ast-hfb-above-header-display":"","ast-hfb-below-header-display":"","ast-hfb-mobile-header-display":"","site-post-title":"","ast-breadcrumbs-content":"","ast-featured-img":"","footer-sml-layout":"","ast-disable-related-posts":"","theme-transparent-header-meta":"default","adv-header-id-meta":"","stick-header-meta":"","header-above-stick-meta":"","header-main-stick-meta":"","header-below-stick-meta":"","astra-migrate-meta-layouts":"default","ast-page-background-enabled":"default","ast-page-background-meta":{"desktop":{"background-color":"var(--ast-global-color-4)","background-image":"","background-repeat":"repeat","background-position":"center center","background-size":"auto","background-attachment":"scroll","background-type":"","background-media":"","overlay-type":"","overlay-color":"","overlay-opacity":"","overlay-gradient":""},"tablet":{"background-color":"","background-image":"","background-repeat":"repeat","background-position":"center center","background-size":"auto","background-attachment":"scroll","background-type":"","background-media":"","overlay-type":"","overlay-color":"","overlay-opacity":"","overlay-gradient":""},"mobile":{"background-color":"","background-image":"","background-repeat":"repeat","background-position":"center center","background-size":"auto","background-attachment":"scroll","background-type":"","background-media":"","overlay-type":"","overlay-color":"","overlay-opacity":"","overlay-gradient":""}},"ast-content-background-meta":{"desktop":{"background-color":"var(--ast-global-color-5)","background-image":"","background-repeat":"repeat","background-position":"center center","background-size":"auto","background-attachment":"scroll","background-type":"","background-media":"","overlay-type":"","overlay-color":"","overlay-opacity":"","overlay-gradient":""},"tablet":{"background-color":"var(--ast-global-color-5)","background-image":"","background-repeat":"repeat","background-position":"center center","background-size":"auto","background-attachment":"scroll","background-type":"","background-media":"","overlay-type":"","overlay-color":"","overlay-opacity":"","overlay-gradient":""},"mobile":{"background-color":"var(--ast-global-color-5)","background-image":"","background-repeat":"repeat","background-position":"center center","background-size":"auto","background-attachment":"scroll","background-type":"","background-media":"","overlay-type":"","overlay-color":"","overlay-opacity":"","overlay-gradient":""}}},"product_brand":[1323],"product_cat":[1748],"product_tag":[],"class_list":{"0":"post-20345","1":"product","2":"type-product","3":"status-publish","4":"has-post-thumbnail","6":"product_brand-bodegas-rodriguez-la-cave","7":"product_cat-generosos-fr","8":"desktop-align-left","9":"tablet-align-left","10":"mobile-align-left","12":"first","13":"instock","14":"taxable","15":"shipping-taxable","16":"purchasable","17":"product-type-simple"},"_links":{"self":[{"href":"https:\/\/andalubox.com\/fr\/wp-json\/wp\/v2\/product\/20345","targetHints":{"allow":["GET"]}}],"collection":[{"href":"https:\/\/andalubox.com\/fr\/wp-json\/wp\/v2\/product"}],"about":[{"href":"https:\/\/andalubox.com\/fr\/wp-json\/wp\/v2\/types\/product"}],"replies":[{"embeddable":true,"href":"https:\/\/andalubox.com\/fr\/wp-json\/wp\/v2\/comments?post=20345"}],"wp:featuredmedia":[{"embeddable":true,"href":"https:\/\/andalubox.com\/fr\/wp-json\/wp\/v2\/media\/30958"}],"wp:attachment":[{"href":"https:\/\/andalubox.com\/fr\/wp-json\/wp\/v2\/media?parent=20345"}],"wp:term":[{"taxonomy":"product_brand","embeddable":true,"href":"https:\/\/andalubox.com\/fr\/wp-json\/wp\/v2\/product_brand?post=20345"},{"taxonomy":"product_cat","embeddable":true,"href":"https:\/\/andalubox.com\/fr\/wp-json\/wp\/v2\/product_cat?post=20345"},{"taxonomy":"product_tag","embeddable":true,"href":"https:\/\/andalubox.com\/fr\/wp-json\/wp\/v2\/product_tag?post=20345"}],"curies":[{"name":"wp","href":"https:\/\/api.w.org\/{rel}","templated":true}]}}