{"id":20161,"date":"2025-04-11T12:28:44","date_gmt":"2025-04-11T10:28:44","guid":{"rendered":"https:\/\/andalubox.com\/producto-andaluz\/guinness-imported-potato-crisps-150g\/"},"modified":"2025-06-12T21:16:45","modified_gmt":"2025-06-12T19:16:45","slug":"guinness-imported-potato-crisps-150g","status":"publish","type":"product","link":"https:\/\/andalubox.com\/fr\/producto-andaluz\/guinness-imported-potato-crisps-150g\/","title":{"rendered":"Guinness Crisps (Import), 150g"},"content":{"rendered":"<p><strong>Description :<\/strong><\/p>\n<p>Le lien ins\u00e9parable. Les chips de pommes de terre Guinness cuites \u00e0 la main combinent le meilleur des chips Kartoffel_Chips extra-\u00e9paisses de Burts et le go\u00fbt inimitable de la c\u00e9l\u00e8bre bi\u00e8re forte Guinness. La fine note de malt d&#8217;orge ajoute au plaisir des chips \u00e9pic\u00e9es. Ravissez votre palais.   <\/p>\n<div><b>Ingr\u00e9dients<\/b>:<\/div>\n<div>\n<div class=\"margin-bottom\">Ingr\u00e9dients : Pommes de terre, huile de tournesol, extrait de levure en poudre, sucre, beurre de lait en poudre, farine de riz, cacao maigre en poudre, sel, ar\u00f4me naturel (ORGE), extrait de malt d&#8217;orge en poudre, cr\u00e8me en poudre (LAIT).<\/div>\n<div>\n<div><b>Valeurs nutritionnelles pour 100g :<\/b><\/div>\n<div>\n<div class=\"margin-bottom\">Energie : 498,00 kilocalories (kcal) Valeur calorifique : 2 082,00 kilojoules (kJ) Lipides : 26,90 Lipides, dont acides gras satur\u00e9s : 2,50 Glucides : 55,00 Glucides, dont sucres : 2,90 Fibres : 4,30 Prot\u00e9ines : 6,90 Sel : 1,40<\/div>\n<div>\n<div><b>Informations sur les allergies<\/b>:<\/div>\n<div>\n<div class=\"details-toggle-container\">\n<div id=\"nutrition\" class=\"details-toggle-content\">\n<div class=\"row nutrition-info-container\">\n<div class=\"nutrition-table col-xxs-12 col-sm-6\">\n<div class=\"margin-bottom\">Contient : lait et produits laitiers (y compris le lactose), orge et produits \u00e0 base d&#8217;orge (c\u00e9r\u00e9ales contenant du gluten).<\/div>\n<\/div>\n<\/div>\n<\/div>\n<\/div>\n<\/div>\n<\/div>\n<\/div>\n<\/div>\n<\/div>","protected":false},"excerpt":{"rendered":"<p>Description : Le lien ins\u00e9parable. Les chips de pommes de terre Guinness cuites \u00e0 la main combinent le meilleur des chips Kartoffel_Chips extra-\u00e9paisses de Burts et le go\u00fbt inimitable de la c\u00e9l\u00e8bre bi\u00e8re forte Guinness. La fine note de malt d&#8217;orge ajoute au plaisir des chips \u00e9pic\u00e9es. Ravissez votre palais. Ingr\u00e9dients: Ingr\u00e9dients : Pommes de [&hellip;]<\/p>\n","protected":false},"featured_media":19616,"comment_status":"open","ping_status":"closed","template":"","meta":{"site-sidebar-layout":"default","site-content-layout":"","ast-site-content-layout":"default","site-content-style":"default","site-sidebar-style":"default","ast-global-header-display":"","ast-banner-title-visibility":"","ast-main-header-display":"","ast-hfb-above-header-display":"","ast-hfb-below-header-display":"","ast-hfb-mobile-header-display":"","site-post-title":"","ast-breadcrumbs-content":"","ast-featured-img":"","footer-sml-layout":"","ast-disable-related-posts":"","theme-transparent-header-meta":"default","adv-header-id-meta":"","stick-header-meta":"","header-above-stick-meta":"","header-main-stick-meta":"","header-below-stick-meta":"","astra-migrate-meta-layouts":"default","ast-page-background-enabled":"default","ast-page-background-meta":{"desktop":{"background-color":"var(--ast-global-color-4)","background-image":"","background-repeat":"repeat","background-position":"center center","background-size":"auto","background-attachment":"scroll","background-type":"","background-media":"","overlay-type":"","overlay-color":"","overlay-opacity":"","overlay-gradient":""},"tablet":{"background-color":"","background-image":"","background-repeat":"repeat","background-position":"center center","background-size":"auto","background-attachment":"scroll","background-type":"","background-media":"","overlay-type":"","overlay-color":"","overlay-opacity":"","overlay-gradient":""},"mobile":{"background-color":"","background-image":"","background-repeat":"repeat","background-position":"center center","background-size":"auto","background-attachment":"scroll","background-type":"","background-media":"","overlay-type":"","overlay-color":"","overlay-opacity":"","overlay-gradient":""}},"ast-content-background-meta":{"desktop":{"background-color":"var(--ast-global-color-5)","background-image":"","background-repeat":"repeat","background-position":"center center","background-size":"auto","background-attachment":"scroll","background-type":"","background-media":"","overlay-type":"","overlay-color":"","overlay-opacity":"","overlay-gradient":""},"tablet":{"background-color":"var(--ast-global-color-5)","background-image":"","background-repeat":"repeat","background-position":"center center","background-size":"auto","background-attachment":"scroll","background-type":"","background-media":"","overlay-type":"","overlay-color":"","overlay-opacity":"","overlay-gradient":""},"mobile":{"background-color":"var(--ast-global-color-5)","background-image":"","background-repeat":"repeat","background-position":"center center","background-size":"auto","background-attachment":"scroll","background-type":"","background-media":"","overlay-type":"","overlay-color":"","overlay-opacity":"","overlay-gradient":""}}},"product_brand":[1346],"product_cat":[41],"product_tag":[],"class_list":{"0":"post-20161","1":"product","2":"type-product","3":"status-publish","4":"has-post-thumbnail","6":"product_brand-guinness","7":"product_cat-conservas-de-carne","8":"desktop-align-left","9":"tablet-align-left","10":"mobile-align-left","12":"first","13":"outofstock","14":"taxable","15":"shipping-taxable","16":"purchasable","17":"product-type-simple"},"_links":{"self":[{"href":"https:\/\/andalubox.com\/fr\/wp-json\/wp\/v2\/product\/20161","targetHints":{"allow":["GET"]}}],"collection":[{"href":"https:\/\/andalubox.com\/fr\/wp-json\/wp\/v2\/product"}],"about":[{"href":"https:\/\/andalubox.com\/fr\/wp-json\/wp\/v2\/types\/product"}],"replies":[{"embeddable":true,"href":"https:\/\/andalubox.com\/fr\/wp-json\/wp\/v2\/comments?post=20161"}],"wp:featuredmedia":[{"embeddable":true,"href":"https:\/\/andalubox.com\/fr\/wp-json\/wp\/v2\/media\/19616"}],"wp:attachment":[{"href":"https:\/\/andalubox.com\/fr\/wp-json\/wp\/v2\/media?parent=20161"}],"wp:term":[{"taxonomy":"product_brand","embeddable":true,"href":"https:\/\/andalubox.com\/fr\/wp-json\/wp\/v2\/product_brand?post=20161"},{"taxonomy":"product_cat","embeddable":true,"href":"https:\/\/andalubox.com\/fr\/wp-json\/wp\/v2\/product_cat?post=20161"},{"taxonomy":"product_tag","embeddable":true,"href":"https:\/\/andalubox.com\/fr\/wp-json\/wp\/v2\/product_tag?post=20161"}],"curies":[{"name":"wp","href":"https:\/\/api.w.org\/{rel}","templated":true}]}}