{"id":20138,"date":"2025-04-22T11:07:06","date_gmt":"2025-04-22T09:07:06","guid":{"rendered":"https:\/\/andalubox.com\/producto-andaluz\/rives-mures-sans-alcool-70-c\/"},"modified":"2025-09-19T23:10:01","modified_gmt":"2025-09-19T21:10:01","slug":"rives-mures-sans-alcool-70-c","status":"publish","type":"product","link":"https:\/\/andalubox.com\/fr\/producto-andaluz\/rives-mures-sans-alcool-70-c\/","title":{"rendered":"Rives de Mora M\u00fbres sans alcool de El Puerto de Santa Mar\u00eda, 70cl."},"content":{"rendered":"<p>Rives de Mora M\u00fbres sans alcool de El Puerto de Santa Mar\u00eda, 70cl.<\/p>\n<p>Boisson rafra\u00eechissante \u00e0 diluer avec du jus de m\u00fbre \u00e0 18%, de couleur violette et \u00e0 l&#8217;ar\u00f4me intense de m\u00fbres sauvages.<\/p>\n<p>Servi frais ou avec des gla\u00e7ons, c&#8217;est la boisson id\u00e9ale pour l&#8217;ap\u00e9ritif ou le cocktail d&#8217;apr\u00e8s-d\u00eener, comme le Brambule.<\/p>\n<p>Liqueur Mora Rives 0.70 cl<\/p>\n<p>Titre alcoom\u00e9trique : 0<\/p>\n<p><b>Rives de Mora Sin Alcohol<\/b> est un produit de la c\u00e9l\u00e8bre distillerie Rives, situ\u00e9e \u00e0 El Puerto de Santa Mar\u00eda, dans la province de Cadix, en Andalousie. Malgr\u00e9 son nom de &#8220;liqueur&#8221;, il est important de noter qu&#8217;il s&#8217;agit d&#8217;une boisson non alcoolis\u00e9e, qui convient donc \u00e0 un public plus large. <\/p>\n<p><b>Caract\u00e9ristiques principales :<\/b><\/p>\n<ul>\n\t<li>\n<p><b>Type de boisson :<\/b> boisson non alcoolis\u00e9e, concentr\u00e9 ou &#8220;liqueur&#8221; non alcoolis\u00e9e.<\/p>\n<\/li>\n\t<li>\n<p><b>Origine :<\/b> El Puerto de Santa Mar\u00eda, Cadix, Espagne.<\/p>\n<\/li>\n\t<li>\n<p><b>Marque :<\/b> Rives.<\/p>\n<\/li>\n\t<li>\n<p><b>Titre alcoom\u00e9trique :<\/b> 0,0 % vol.<\/p>\n<\/li>\n\t<li>\n<p><b>Ingr\u00e9dients :<\/b> Il est fabriqu\u00e9 \u00e0 partir d&#8217;eau, de sucre et de jus de m\u00fbre (contenant g\u00e9n\u00e9ralement environ 18 % de jus de m\u00fbre), ainsi que d&#8217;autres ar\u00f4mes et colorants.<\/p>\n<\/li>\n\t<li>\n<p><b>Notes de d\u00e9gustation :<\/b><\/p>\n<ul>\n\t<li>\n<p><b>Couleur :<\/b> une couleur pourpre intense et vibrante.<\/p>\n<\/li>\n\t<li>\n<p><b>Ar\u00f4me :<\/b> Il offre un ar\u00f4me puissant de m\u00fbres sauvages et de baies.<\/p>\n<\/li>\n\t<li>\n<p><b>Go\u00fbt :<\/b> Doux, doux et fruit\u00e9 en bouche, avec un go\u00fbt juteux et rafra\u00eechissant de m\u00fbre.<\/p>\n<\/li>\n<\/ul>\n<\/li>\n\t<li>\n<p><b>Format :<\/b> Il se pr\u00e9sente dans une bouteille de 70 cl (700 ml).<\/p>\n<\/li>\n\t<li>\n<p><b>Consommation et appariement :<\/b><\/p>\n<ul>\n\t<li>\n<p>Il est recommand\u00e9 de le servir <b>tr\u00e8s froid ou avec des gla\u00e7ons<\/b>.<\/p>\n<\/li>\n\t<li>\n<p>C&#8217;est une base polyvalente pour les cocktails sans alcool, tels que les mocktails ou les m\u00e9langes avec des jus, du tonic ou des boissons non alcoolis\u00e9es.<\/p>\n<\/li>\n\t<li>\n<p>Il peut \u00e9galement \u00eatre utilis\u00e9 pour ajouter de la saveur et de la couleur aux desserts et autres pr\u00e9parations.<\/p>\n<\/li>\n<\/ul>\n<\/li>\n<\/ul>\n<p>Ce produit de Rives se positionne comme une excellente alternative pour ceux qui recherchent la saveur et la complexit\u00e9 d&#8217;une liqueur de fruits, mais sans la teneur en alcool, ce qui en fait un choix id\u00e9al pour les ap\u00e9ritifs et les cocktails.<\/p>","protected":false},"excerpt":{"rendered":"<p>Rives de Mora M\u00fbres sans alcool de El Puerto de Santa Mar\u00eda, 70cl. Boisson rafra\u00eechissante \u00e0 diluer avec du jus de m\u00fbre \u00e0 18%, de couleur violette et \u00e0 l&#8217;ar\u00f4me intense de m\u00fbres sauvages. Servi frais ou avec des gla\u00e7ons, c&#8217;est la boisson id\u00e9ale pour l&#8217;ap\u00e9ritif ou le cocktail d&#8217;apr\u00e8s-d\u00eener, comme le Brambule. Liqueur Mora [&hellip;]<\/p>\n","protected":false},"featured_media":20131,"comment_status":"open","ping_status":"closed","template":"","meta":{"site-sidebar-layout":"default","site-content-layout":"","ast-site-content-layout":"default","site-content-style":"default","site-sidebar-style":"default","ast-global-header-display":"","ast-banner-title-visibility":"","ast-main-header-display":"","ast-hfb-above-header-display":"","ast-hfb-below-header-display":"","ast-hfb-mobile-header-display":"","site-post-title":"","ast-breadcrumbs-content":"","ast-featured-img":"","footer-sml-layout":"","ast-disable-related-posts":"","theme-transparent-header-meta":"default","adv-header-id-meta":"","stick-header-meta":"","header-above-stick-meta":"","header-main-stick-meta":"","header-below-stick-meta":"","astra-migrate-meta-layouts":"default","ast-page-background-enabled":"default","ast-page-background-meta":{"desktop":{"background-color":"var(--ast-global-color-4)","background-image":"","background-repeat":"repeat","background-position":"center center","background-size":"auto","background-attachment":"scroll","background-type":"","background-media":"","overlay-type":"","overlay-color":"","overlay-opacity":"","overlay-gradient":""},"tablet":{"background-color":"","background-image":"","background-repeat":"repeat","background-position":"center center","background-size":"auto","background-attachment":"scroll","background-type":"","background-media":"","overlay-type":"","overlay-color":"","overlay-opacity":"","overlay-gradient":""},"mobile":{"background-color":"","background-image":"","background-repeat":"repeat","background-position":"center center","background-size":"auto","background-attachment":"scroll","background-type":"","background-media":"","overlay-type":"","overlay-color":"","overlay-opacity":"","overlay-gradient":""}},"ast-content-background-meta":{"desktop":{"background-color":"var(--ast-global-color-5)","background-image":"","background-repeat":"repeat","background-position":"center center","background-size":"auto","background-attachment":"scroll","background-type":"","background-media":"","overlay-type":"","overlay-color":"","overlay-opacity":"","overlay-gradient":""},"tablet":{"background-color":"var(--ast-global-color-5)","background-image":"","background-repeat":"repeat","background-position":"center center","background-size":"auto","background-attachment":"scroll","background-type":"","background-media":"","overlay-type":"","overlay-color":"","overlay-opacity":"","overlay-gradient":""},"mobile":{"background-color":"var(--ast-global-color-5)","background-image":"","background-repeat":"repeat","background-position":"center center","background-size":"auto","background-attachment":"scroll","background-type":"","background-media":"","overlay-type":"","overlay-color":"","overlay-opacity":"","overlay-gradient":""}}},"product_brand":[1333],"product_cat":[41],"product_tag":[],"class_list":{"0":"post-20138","1":"product","2":"type-product","3":"status-publish","4":"has-post-thumbnail","6":"product_brand-rives","7":"product_cat-conservas-de-carne","8":"desktop-align-left","9":"tablet-align-left","10":"mobile-align-left","12":"first","13":"instock","14":"taxable","15":"shipping-taxable","16":"purchasable","17":"product-type-simple"},"_links":{"self":[{"href":"https:\/\/andalubox.com\/fr\/wp-json\/wp\/v2\/product\/20138","targetHints":{"allow":["GET"]}}],"collection":[{"href":"https:\/\/andalubox.com\/fr\/wp-json\/wp\/v2\/product"}],"about":[{"href":"https:\/\/andalubox.com\/fr\/wp-json\/wp\/v2\/types\/product"}],"replies":[{"embeddable":true,"href":"https:\/\/andalubox.com\/fr\/wp-json\/wp\/v2\/comments?post=20138"}],"wp:featuredmedia":[{"embeddable":true,"href":"https:\/\/andalubox.com\/fr\/wp-json\/wp\/v2\/media\/20131"}],"wp:attachment":[{"href":"https:\/\/andalubox.com\/fr\/wp-json\/wp\/v2\/media?parent=20138"}],"wp:term":[{"taxonomy":"product_brand","embeddable":true,"href":"https:\/\/andalubox.com\/fr\/wp-json\/wp\/v2\/product_brand?post=20138"},{"taxonomy":"product_cat","embeddable":true,"href":"https:\/\/andalubox.com\/fr\/wp-json\/wp\/v2\/product_cat?post=20138"},{"taxonomy":"product_tag","embeddable":true,"href":"https:\/\/andalubox.com\/fr\/wp-json\/wp\/v2\/product_tag?post=20138"}],"curies":[{"name":"wp","href":"https:\/\/api.w.org\/{rel}","templated":true}]}}