{"id":20096,"date":"2025-04-22T10:23:44","date_gmt":"2025-04-22T08:23:44","guid":{"rendered":"https:\/\/andalubox.com\/producto-andaluz\/marques-de-caceres-cava-brut-75cl\/"},"modified":"2025-09-19T23:16:24","modified_gmt":"2025-09-19T21:16:24","slug":"marques-de-caceres-cava-brut-75cl","status":"publish","type":"product","link":"https:\/\/andalubox.com\/fr\/producto-andaluz\/marques-de-caceres-cava-brut-75cl\/","title":{"rendered":"Marqu\u00e9s de C\u00e1ceres Cava Brut, 75cl"},"content":{"rendered":"<p><strong>Marqu\u00e9s de C\u00e1ceres Cava Brut, 75cl<\/strong><\/p>\n<p><strong>Marqu\u00e9s de C\u00e1ceres Brut<\/strong> est un jeune cava unique, adapt\u00e9 aux v\u00e9g\u00e9taliens, qui se distingue par sa fra\u00eecheur et son caract\u00e8re fruit\u00e9. Ce vin mousseux est le r\u00e9sultat d&#8217;un <em>assemblage<\/em> r\u00e9ussi de c\u00e9pages Xarel-lo, Macabeo et Parellada provenant de vignobles de plus de 25 ans de la r\u00e9gion du Pened\u00e9s. Rondeur et harmonie se m\u00ealent \u00e0 une agr\u00e9able sensation de fra\u00eecheur, gr\u00e2ce \u00e0 ses fines bulles.  <\/p>\n<div class=\"pure-u-1 pure-u-md-1-2 pure-u-lg-1-3 paddel\"><strong>Type de vin :<\/strong> <a href=\"https:\/\/www.vinoseleccion.com\/tipos-de-vino\/cava\" target=\"_blank\" rel=\"noopener\">Cava<\/a><\/div>\n<div class=\"pure-u-1 pure-u-md-1-2 pure-u-lg-1-3 paddel\"><strong>Vignoble :<\/strong> <a href=\"https:\/\/www.vinoseleccion.com\/bodegas-marques-de-caceres\" target=\"_blank\" rel=\"noopener\">Domaine viticole Marqu\u00e9s de C\u00e1ceres<\/a><\/div>\n<div class=\"pure-u-1 pure-u-md-1-2 pure-u-lg-1-3 paddel\"><strong>R\u00e9gions :<\/strong> <a href=\"https:\/\/www.vinoseleccion.com\/regiones\/cava\" target=\"_blank\" rel=\"noopener\">D.O. Cava<\/a><\/div>\n<div class=\"pure-u-1 pure-u-md-1-2 pure-u-lg-1-3 paddel\"><strong>C\u00e9page :<\/strong> 50% <a href=\"https:\/\/www.vinoseleccion.com\/variedades-de-uva\/macabeo\" target=\"_blank\" rel=\"noopener\">Macabeo<\/a>, 30% <a href=\"https:\/\/www.vinoseleccion.com\/variedades-de-uva\/parellada\" target=\"_blank\" rel=\"noopener\">Parellada<\/a>, 20% <a href=\"https:\/\/www.vinoseleccion.com\/variedades-de-uva\/xarel-lo\" target=\"_blank\" rel=\"noopener\">Xarel-lo<\/a><\/div>\n<div class=\"pure-u-1 pure-u-md-1-2 pure-u-lg-1-3 paddel\"><strong>Type de bouteille :<\/strong> Champenoise<\/div>\n<div class=\"pure-u-1 pure-u-md-1-2 pure-u-lg-1-3 paddel\"><strong>Capacit\u00e9 (cl) :<\/strong> 75<\/div>\n<div class=\"pure-u-1 pure-u-md-1-2 pure-u-lg-1-3 paddel\"><strong>Service :<\/strong> Servir \u00e0 une temp\u00e9rature de 6\u00b0C.<\/div>\n<div class=\"pure-u-1 pure-u-md-1-2 pure-u-lg-1-3 paddel\"><strong>Taux d&#8217;alcool (% vol.) :<\/strong> 11,5<\/div>","protected":false},"excerpt":{"rendered":"<p>Marqu\u00e9s de C\u00e1ceres Cava Brut, 75cl dans toute l&#8217;Europe<\/p>\n","protected":false},"featured_media":22509,"comment_status":"open","ping_status":"closed","template":"","meta":{"site-sidebar-layout":"default","site-content-layout":"","ast-site-content-layout":"default","site-content-style":"default","site-sidebar-style":"default","ast-global-header-display":"","ast-banner-title-visibility":"","ast-main-header-display":"","ast-hfb-above-header-display":"","ast-hfb-below-header-display":"","ast-hfb-mobile-header-display":"","site-post-title":"","ast-breadcrumbs-content":"","ast-featured-img":"","footer-sml-layout":"","ast-disable-related-posts":"","theme-transparent-header-meta":"default","adv-header-id-meta":"","stick-header-meta":"","header-above-stick-meta":"","header-main-stick-meta":"","header-below-stick-meta":"","astra-migrate-meta-layouts":"default","ast-page-background-enabled":"default","ast-page-background-meta":{"desktop":{"background-color":"var(--ast-global-color-4)","background-image":"","background-repeat":"repeat","background-position":"center center","background-size":"auto","background-attachment":"scroll","background-type":"","background-media":"","overlay-type":"","overlay-color":"","overlay-opacity":"","overlay-gradient":""},"tablet":{"background-color":"","background-image":"","background-repeat":"repeat","background-position":"center center","background-size":"auto","background-attachment":"scroll","background-type":"","background-media":"","overlay-type":"","overlay-color":"","overlay-opacity":"","overlay-gradient":""},"mobile":{"background-color":"","background-image":"","background-repeat":"repeat","background-position":"center center","background-size":"auto","background-attachment":"scroll","background-type":"","background-media":"","overlay-type":"","overlay-color":"","overlay-opacity":"","overlay-gradient":""}},"ast-content-background-meta":{"desktop":{"background-color":"var(--ast-global-color-5)","background-image":"","background-repeat":"repeat","background-position":"center center","background-size":"auto","background-attachment":"scroll","background-type":"","background-media":"","overlay-type":"","overlay-color":"","overlay-opacity":"","overlay-gradient":""},"tablet":{"background-color":"var(--ast-global-color-5)","background-image":"","background-repeat":"repeat","background-position":"center center","background-size":"auto","background-attachment":"scroll","background-type":"","background-media":"","overlay-type":"","overlay-color":"","overlay-opacity":"","overlay-gradient":""},"mobile":{"background-color":"var(--ast-global-color-5)","background-image":"","background-repeat":"repeat","background-position":"center center","background-size":"auto","background-attachment":"scroll","background-type":"","background-media":"","overlay-type":"","overlay-color":"","overlay-opacity":"","overlay-gradient":""}}},"product_brand":[1332],"product_cat":[462],"product_tag":[],"class_list":{"0":"post-20096","1":"product","2":"type-product","3":"status-publish","4":"has-post-thumbnail","6":"product_brand-marques-de-caceres","7":"product_cat-cava-et-vins-mousseux","8":"desktop-align-left","9":"tablet-align-left","10":"mobile-align-left","12":"first","13":"instock","14":"taxable","15":"shipping-taxable","16":"purchasable","17":"product-type-simple"},"_links":{"self":[{"href":"https:\/\/andalubox.com\/fr\/wp-json\/wp\/v2\/product\/20096","targetHints":{"allow":["GET"]}}],"collection":[{"href":"https:\/\/andalubox.com\/fr\/wp-json\/wp\/v2\/product"}],"about":[{"href":"https:\/\/andalubox.com\/fr\/wp-json\/wp\/v2\/types\/product"}],"replies":[{"embeddable":true,"href":"https:\/\/andalubox.com\/fr\/wp-json\/wp\/v2\/comments?post=20096"}],"wp:featuredmedia":[{"embeddable":true,"href":"https:\/\/andalubox.com\/fr\/wp-json\/wp\/v2\/media\/22509"}],"wp:attachment":[{"href":"https:\/\/andalubox.com\/fr\/wp-json\/wp\/v2\/media?parent=20096"}],"wp:term":[{"taxonomy":"product_brand","embeddable":true,"href":"https:\/\/andalubox.com\/fr\/wp-json\/wp\/v2\/product_brand?post=20096"},{"taxonomy":"product_cat","embeddable":true,"href":"https:\/\/andalubox.com\/fr\/wp-json\/wp\/v2\/product_cat?post=20096"},{"taxonomy":"product_tag","embeddable":true,"href":"https:\/\/andalubox.com\/fr\/wp-json\/wp\/v2\/product_tag?post=20096"}],"curies":[{"name":"wp","href":"https:\/\/api.w.org\/{rel}","templated":true}]}}