{"id":19998,"date":"2025-04-15T12:54:13","date_gmt":"2025-04-15T10:54:13","guid":{"rendered":"https:\/\/andalubox.com\/producto-andaluz\/hijo-villa-tequila-reposado-2-verres-import-200ml\/"},"modified":"2025-09-20T08:52:43","modified_gmt":"2025-09-20T06:52:43","slug":"hijo-villa-tequila-reposado-2-verres-import-200ml","status":"publish","type":"product","link":"https:\/\/andalubox.com\/fr\/producto-andaluz\/hijo-villa-tequila-reposado-2-verres-import-200ml\/","title":{"rendered":"Hijo Villa Tequila Reposado + 2 verres Import\u00e9 du Mexique 200ml"},"content":{"rendered":"<p>Hijo Villa Tequila Reposado + 2 verres Import\u00e9 du Mexique 200ml<\/p>\n<p><strong> Hijos De Villa Tequila Reposado Pistola<\/strong> 0,2 Litres a \u00e9t\u00e9 cr\u00e9\u00e9e pour comm\u00e9morer le 55e anniversaire de Veracruz Liquors. Fabriqu\u00e9e \u00e0 partir d&#8217;agave bleu, <strong>Hijos de Villa<\/strong> est une \u00e9dition limit\u00e9e et num\u00e9rot\u00e9e. Ces pr\u00e9sentations qui refl\u00e8tent la courageuse fiert\u00e9 mexicaine ont \u00e9t\u00e9 r\u00e9compens\u00e9es par des prix nationaux et internationaux.  <\/p>\n<p>La marque mexicaine <strong>Hijos de Villa<\/strong> propose sa tequila dans des <strong>bouteilles<\/strong> exceptionnelles destin\u00e9es aux collectionneurs. Ce coffret contient une <strong>bouteille de<\/strong> 20 cl en forme de pistolet d&#8217;une <strong>belle tequila Reposado<\/strong> produite par <strong>Hijos de Villa<\/strong>, ainsi que deux verres \u00e0 liqueur. Le <strong>cadeau<\/strong> id\u00e9al pour tout amateur de <strong>tequila<\/strong>.  <\/p>","protected":false},"excerpt":{"rendered":"<p>Hijo Villa Tequila Reposado + 2 verres Import\u00e9 du Mexique 200ml toute l&#8217;Europe<\/p>\n","protected":false},"featured_media":30864,"comment_status":"open","ping_status":"closed","template":"","meta":{"site-sidebar-layout":"default","site-content-layout":"","ast-site-content-layout":"default","site-content-style":"default","site-sidebar-style":"default","ast-global-header-display":"","ast-banner-title-visibility":"","ast-main-header-display":"","ast-hfb-above-header-display":"","ast-hfb-below-header-display":"","ast-hfb-mobile-header-display":"","site-post-title":"","ast-breadcrumbs-content":"","ast-featured-img":"","footer-sml-layout":"","ast-disable-related-posts":"","theme-transparent-header-meta":"default","adv-header-id-meta":"","stick-header-meta":"","header-above-stick-meta":"","header-main-stick-meta":"","header-below-stick-meta":"","astra-migrate-meta-layouts":"default","ast-page-background-enabled":"default","ast-page-background-meta":{"desktop":{"background-color":"var(--ast-global-color-4)","background-image":"","background-repeat":"repeat","background-position":"center center","background-size":"auto","background-attachment":"scroll","background-type":"","background-media":"","overlay-type":"","overlay-color":"","overlay-opacity":"","overlay-gradient":""},"tablet":{"background-color":"","background-image":"","background-repeat":"repeat","background-position":"center center","background-size":"auto","background-attachment":"scroll","background-type":"","background-media":"","overlay-type":"","overlay-color":"","overlay-opacity":"","overlay-gradient":""},"mobile":{"background-color":"","background-image":"","background-repeat":"repeat","background-position":"center center","background-size":"auto","background-attachment":"scroll","background-type":"","background-media":"","overlay-type":"","overlay-color":"","overlay-opacity":"","overlay-gradient":""}},"ast-content-background-meta":{"desktop":{"background-color":"var(--ast-global-color-5)","background-image":"","background-repeat":"repeat","background-position":"center center","background-size":"auto","background-attachment":"scroll","background-type":"","background-media":"","overlay-type":"","overlay-color":"","overlay-opacity":"","overlay-gradient":""},"tablet":{"background-color":"var(--ast-global-color-5)","background-image":"","background-repeat":"repeat","background-position":"center center","background-size":"auto","background-attachment":"scroll","background-type":"","background-media":"","overlay-type":"","overlay-color":"","overlay-opacity":"","overlay-gradient":""},"mobile":{"background-color":"var(--ast-global-color-5)","background-image":"","background-repeat":"repeat","background-position":"center center","background-size":"auto","background-attachment":"scroll","background-type":"","background-media":"","overlay-type":"","overlay-color":"","overlay-opacity":"","overlay-gradient":""}}},"product_brand":[1331],"product_cat":[1683,416],"product_tag":[],"class_list":{"0":"post-19998","1":"product","2":"type-product","3":"status-publish","4":"has-post-thumbnail","6":"product_brand-hijos-de-villa","7":"product_cat-ginebra-fr","8":"product_cat-exclusivites-andalubox","9":"desktop-align-left","10":"tablet-align-left","11":"mobile-align-left","13":"first","14":"instock","15":"taxable","16":"shipping-taxable","17":"purchasable","18":"product-type-simple"},"_links":{"self":[{"href":"https:\/\/andalubox.com\/fr\/wp-json\/wp\/v2\/product\/19998","targetHints":{"allow":["GET"]}}],"collection":[{"href":"https:\/\/andalubox.com\/fr\/wp-json\/wp\/v2\/product"}],"about":[{"href":"https:\/\/andalubox.com\/fr\/wp-json\/wp\/v2\/types\/product"}],"replies":[{"embeddable":true,"href":"https:\/\/andalubox.com\/fr\/wp-json\/wp\/v2\/comments?post=19998"}],"wp:featuredmedia":[{"embeddable":true,"href":"https:\/\/andalubox.com\/fr\/wp-json\/wp\/v2\/media\/30864"}],"wp:attachment":[{"href":"https:\/\/andalubox.com\/fr\/wp-json\/wp\/v2\/media?parent=19998"}],"wp:term":[{"taxonomy":"product_brand","embeddable":true,"href":"https:\/\/andalubox.com\/fr\/wp-json\/wp\/v2\/product_brand?post=19998"},{"taxonomy":"product_cat","embeddable":true,"href":"https:\/\/andalubox.com\/fr\/wp-json\/wp\/v2\/product_cat?post=19998"},{"taxonomy":"product_tag","embeddable":true,"href":"https:\/\/andalubox.com\/fr\/wp-json\/wp\/v2\/product_tag?post=19998"}],"curies":[{"name":"wp","href":"https:\/\/api.w.org\/{rel}","templated":true}]}}