{"id":19909,"date":"2025-04-15T12:21:02","date_gmt":"2025-04-15T10:21:02","guid":{"rendered":"https:\/\/andalubox.com\/producto-andaluz\/pringles-fromage-a-tartiner-import-165g\/"},"modified":"2026-01-27T12:40:20","modified_gmt":"2026-01-27T11:40:20","slug":"pringles-fromage-a-tartiner-import-165g","status":"publish","type":"product","link":"https:\/\/andalubox.com\/fr\/producto-andaluz\/pringles-fromage-a-tartiner-import-165g\/","title":{"rendered":"Pringles au fromage \u00e0 tartiner (import\u00e9), 165g"},"content":{"rendered":"<div class=\"info\">\n<p>Pringles au fromage \u00e0 tartiner (import\u00e9), 165g<\/p>\n<p><strong>INGR\u00c9DIENTS<\/strong>: Pommes de terre d\u00e9shydrat\u00e9es, huile de tournesol, farine de ma\u00efs, farine de BLE, farine de riz, assaisonnement au fromage (maltodextrine, amidon de ma\u00efs modifi\u00e9, sel, poudre de fromage {LECHE}, exhausteurs de go\u00fbt {glutamate monosodique, guanylate disodique, inosinate disodique}, \u00e9pices, extrait de levure, dextrose, ar\u00f4mes {LECHE}, acidifiants {acide malique, acide lactique}, huile de tournesol, colorant {extrait de paprika}), maltodextrine, \u00e9mulsifiant (E471), huile de colza, sel, colorant (annatto norbixine).<\/p>\n<h3><span style=\"font-size: 12pt;\">Pringles \u00e0 tartiner au fromage et aux herbes (import\u00e9)<\/span><\/h3>\n<p>Cette saveur de Pringles, connue \u00e0 l&#8217;origine sous le nom de &#8220;Creamy Cheesy&#8221; ou &#8220;Sour Cream &amp; Onion&#8221; selon les r\u00e9gions, est un classique dans de nombreux pays europ\u00e9ens et, bien qu&#8217;elle ne soit pas toujours disponible dans tous les supermarch\u00e9s en Espagne, elle peut \u00eatre facilement trouv\u00e9e dans les magasins sp\u00e9cialis\u00e9s ou les grands supermarch\u00e9s.<\/p>\n<h4>Caract\u00e9ristiques et go\u00fbt<\/h4>\n<p>La saveur de <b>fromage \u00e0 tartiner<\/b> (souvent avec un soup\u00e7on d&#8217;oignon ou d&#8217;herbes) se caract\u00e9rise par un go\u00fbt cr\u00e9meux et onctueux, sal\u00e9 et l\u00e9g\u00e8rement aigre. Il s&#8217;agit d&#8217;une alternative aux ar\u00f4mes plus forts, et son profil est similaire \u00e0 celui des sauces au fromage et \u00e0 la cr\u00e8me aigre. L&#8217;emballage est un tube classique de 165 g.  <\/p>\n<p>Si vous aimez le go\u00fbt doux et cr\u00e9meux du fromage, vous adorerez cette vari\u00e9t\u00e9 de Pringles, qui \u00e9quilibre le go\u00fbt sal\u00e9 avec la fra\u00eecheur des fines herbes.<\/p>\n<\/div>\n<div class=\"info _nutrients\"> <\/div>","protected":false},"excerpt":{"rendered":"<p>Pringles au fromage \u00e0 tartiner (Importation), 165g dans toute l&#8217;Europe<\/p>\n","protected":false},"featured_media":19913,"comment_status":"open","ping_status":"closed","template":"","meta":{"site-sidebar-layout":"default","site-content-layout":"","ast-site-content-layout":"default","site-content-style":"default","site-sidebar-style":"default","ast-global-header-display":"","ast-banner-title-visibility":"","ast-main-header-display":"","ast-hfb-above-header-display":"","ast-hfb-below-header-display":"","ast-hfb-mobile-header-display":"","site-post-title":"","ast-breadcrumbs-content":"","ast-featured-img":"","footer-sml-layout":"","ast-disable-related-posts":"","theme-transparent-header-meta":"default","adv-header-id-meta":"","stick-header-meta":"","header-above-stick-meta":"","header-main-stick-meta":"","header-below-stick-meta":"","astra-migrate-meta-layouts":"default","ast-page-background-enabled":"default","ast-page-background-meta":{"desktop":{"background-color":"var(--ast-global-color-4)","background-image":"","background-repeat":"repeat","background-position":"center center","background-size":"auto","background-attachment":"scroll","background-type":"","background-media":"","overlay-type":"","overlay-color":"","overlay-opacity":"","overlay-gradient":""},"tablet":{"background-color":"","background-image":"","background-repeat":"repeat","background-position":"center center","background-size":"auto","background-attachment":"scroll","background-type":"","background-media":"","overlay-type":"","overlay-color":"","overlay-opacity":"","overlay-gradient":""},"mobile":{"background-color":"","background-image":"","background-repeat":"repeat","background-position":"center center","background-size":"auto","background-attachment":"scroll","background-type":"","background-media":"","overlay-type":"","overlay-color":"","overlay-opacity":"","overlay-gradient":""}},"ast-content-background-meta":{"desktop":{"background-color":"var(--ast-global-color-5)","background-image":"","background-repeat":"repeat","background-position":"center center","background-size":"auto","background-attachment":"scroll","background-type":"","background-media":"","overlay-type":"","overlay-color":"","overlay-opacity":"","overlay-gradient":""},"tablet":{"background-color":"var(--ast-global-color-5)","background-image":"","background-repeat":"repeat","background-position":"center center","background-size":"auto","background-attachment":"scroll","background-type":"","background-media":"","overlay-type":"","overlay-color":"","overlay-opacity":"","overlay-gradient":""},"mobile":{"background-color":"var(--ast-global-color-5)","background-image":"","background-repeat":"repeat","background-position":"center center","background-size":"auto","background-attachment":"scroll","background-type":"","background-media":"","overlay-type":"","overlay-color":"","overlay-opacity":"","overlay-gradient":""}}},"product_brand":[1204],"product_cat":[41],"product_tag":[],"class_list":{"0":"post-19909","1":"product","2":"type-product","3":"status-publish","4":"has-post-thumbnail","6":"product_brand-pringles","7":"product_cat-conservas-de-carne","8":"desktop-align-left","9":"tablet-align-left","10":"mobile-align-left","12":"first","13":"instock","14":"taxable","15":"shipping-taxable","16":"purchasable","17":"product-type-simple"},"_links":{"self":[{"href":"https:\/\/andalubox.com\/fr\/wp-json\/wp\/v2\/product\/19909","targetHints":{"allow":["GET"]}}],"collection":[{"href":"https:\/\/andalubox.com\/fr\/wp-json\/wp\/v2\/product"}],"about":[{"href":"https:\/\/andalubox.com\/fr\/wp-json\/wp\/v2\/types\/product"}],"replies":[{"embeddable":true,"href":"https:\/\/andalubox.com\/fr\/wp-json\/wp\/v2\/comments?post=19909"}],"wp:featuredmedia":[{"embeddable":true,"href":"https:\/\/andalubox.com\/fr\/wp-json\/wp\/v2\/media\/19913"}],"wp:attachment":[{"href":"https:\/\/andalubox.com\/fr\/wp-json\/wp\/v2\/media?parent=19909"}],"wp:term":[{"taxonomy":"product_brand","embeddable":true,"href":"https:\/\/andalubox.com\/fr\/wp-json\/wp\/v2\/product_brand?post=19909"},{"taxonomy":"product_cat","embeddable":true,"href":"https:\/\/andalubox.com\/fr\/wp-json\/wp\/v2\/product_cat?post=19909"},{"taxonomy":"product_tag","embeddable":true,"href":"https:\/\/andalubox.com\/fr\/wp-json\/wp\/v2\/product_tag?post=19909"}],"curies":[{"name":"wp","href":"https:\/\/api.w.org\/{rel}","templated":true}]}}