{"id":19905,"date":"2025-04-15T12:18:54","date_gmt":"2025-04-15T10:18:54","guid":{"rendered":"https:\/\/andalubox.com\/producto-andaluz\/pringles-fromage-a-la-creme-et-fines-herbes-import-165g\/"},"modified":"2026-01-27T12:40:25","modified_gmt":"2026-01-27T11:40:25","slug":"pringles-fromage-a-la-creme-et-fines-herbes-import-165g","status":"publish","type":"product","link":"https:\/\/andalubox.com\/fr\/producto-andaluz\/pringles-fromage-a-la-creme-et-fines-herbes-import-165g\/","title":{"rendered":"Pringles au fromage \u00e0 la cr\u00e8me et aux herbes (import\u00e9s), 165g"},"content":{"rendered":"<div class=\"\">\n<h3><span style=\"font-size: 12pt;\">Pringles fromage \u00e0 la cr\u00e8me et fines herbes (import\u00e9), 165g<\/span><\/h3>\n<p>En-cas croquant et l\u00e9ger \u00e0 base de chips rondes au go\u00fbt de fromage et de sauce aux oignons. Pr\u00e9sent\u00e9s dans des bo\u00eetes avec couvercle de 165 grammes chacune. <\/p>\n<p><strong>Ingr\u00e9dients<\/strong>: Pommes de terre d\u00e9shydrat\u00e9es, huile de tournesol, farine de BLE, farine de ma\u00efs, farine de riz, m\u00e9lange d&#8217;assaisonnements au fromage frais et aux herbes, maltodextrine, sucre, sel, fromage frais en poudre, ar\u00f4mes, \u00e9pices {ail, oignon, poivre noir}, LAIT en poudre, r\u00e9gulateurs d&#8217;acidit\u00e9 {acide lactique, acide citrique, acide malique}, chlorure de potassium, herbes, poivre noir}, poudre de LAIT, r\u00e9gulateurs d&#8217;acidit\u00e9 {acide lactique, acide citrique, acide malique}, chlorure de potassium, herbes, huile de colza), maltodextrine, \u00e9mulsifiant (E471), colorant (extraits de rocou, norbixine). Peut contenir du soja. <\/p>\n<p>Pringles <b>Cream Cheese &amp; Herb<\/b> flavour, connu internationalement sous le nom de &#8220;Creamy Cheese &amp; Onion&#8221; ou &#8220;Sour Cream &amp; Onion&#8221; sur certains march\u00e9s, est une vari\u00e9t\u00e9 tr\u00e8s populaire qui combine la richesse du fromage \u00e0 la cr\u00e8me avec la touche aromatique et l\u00e9g\u00e8rement \u00e9pic\u00e9e des herbes, souvent en combinaison avec l&#8217;oignon. Bien qu&#8217;il soit \u00e9tiquet\u00e9 comme import\u00e9 en Espagne, sa disponibilit\u00e9 a augment\u00e9 ces derni\u00e8res ann\u00e9es. <\/p>\n<h4><span style=\"font-size: 12pt;\">Caract\u00e9ristiques et profil gustatif<\/span><\/h4>\n<p>Cette saveur se distingue par son \u00e9quilibre. Il offre une base fromag\u00e8re cr\u00e9meuse et sal\u00e9e, adoucie par des notes d&#8217;herbes, ce qui le rend moins intense que d&#8217;autres saveurs telles que l&#8217;oignon pur ou le poivre. Il s&#8217;agit d&#8217;une saveur douce, mais avec une touche distinctive qui vous invite \u00e0 continuer \u00e0 manger. Le format est le tube Pringles classique de <b>165 g.<\/b>    <\/p>\n<\/div>","protected":false},"excerpt":{"rendered":"<h3><span style=\"font-size: 12pt;\">Pringles fromage \u00e0 la cr\u00e8me et fines herbes (import\u00e9), 165g toute l&#8217;Europe<\/span><\/h3>\n","protected":false},"featured_media":31575,"template":"","meta":{"site-sidebar-layout":"default","site-content-layout":"","ast-site-content-layout":"default","site-content-style":"default","site-sidebar-style":"default","ast-global-header-display":"","ast-banner-title-visibility":"","ast-main-header-display":"","ast-hfb-above-header-display":"","ast-hfb-below-header-display":"","ast-hfb-mobile-header-display":"","site-post-title":"","ast-breadcrumbs-content":"","ast-featured-img":"","footer-sml-layout":"","ast-disable-related-posts":"","theme-transparent-header-meta":"default","adv-header-id-meta":"","stick-header-meta":"","header-above-stick-meta":"","header-main-stick-meta":"","header-below-stick-meta":"","astra-migrate-meta-layouts":"default","ast-page-background-enabled":"default","ast-page-background-meta":{"desktop":{"background-color":"var(--ast-global-color-4)","background-image":"","background-repeat":"repeat","background-position":"center center","background-size":"auto","background-attachment":"scroll","background-type":"","background-media":"","overlay-type":"","overlay-color":"","overlay-opacity":"","overlay-gradient":""},"tablet":{"background-color":"","background-image":"","background-repeat":"repeat","background-position":"center center","background-size":"auto","background-attachment":"scroll","background-type":"","background-media":"","overlay-type":"","overlay-color":"","overlay-opacity":"","overlay-gradient":""},"mobile":{"background-color":"","background-image":"","background-repeat":"repeat","background-position":"center center","background-size":"auto","background-attachment":"scroll","background-type":"","background-media":"","overlay-type":"","overlay-color":"","overlay-opacity":"","overlay-gradient":""}},"ast-content-background-meta":{"desktop":{"background-color":"var(--ast-global-color-5)","background-image":"","background-repeat":"repeat","background-position":"center center","background-size":"auto","background-attachment":"scroll","background-type":"","background-media":"","overlay-type":"","overlay-color":"","overlay-opacity":"","overlay-gradient":""},"tablet":{"background-color":"var(--ast-global-color-5)","background-image":"","background-repeat":"repeat","background-position":"center center","background-size":"auto","background-attachment":"scroll","background-type":"","background-media":"","overlay-type":"","overlay-color":"","overlay-opacity":"","overlay-gradient":""},"mobile":{"background-color":"var(--ast-global-color-5)","background-image":"","background-repeat":"repeat","background-position":"center center","background-size":"auto","background-attachment":"scroll","background-type":"","background-media":"","overlay-type":"","overlay-color":"","overlay-opacity":"","overlay-gradient":""}}},"product_brand":[1204],"product_cat":[],"product_tag":[],"class_list":{"0":"post-19905","1":"product","2":"type-product","3":"status-publish","4":"has-post-thumbnail","6":"product_brand-pringles","7":"desktop-align-left","8":"tablet-align-left","9":"mobile-align-left","11":"first","12":"instock","13":"taxable","14":"shipping-taxable","15":"purchasable","16":"product-type-simple"},"_links":{"self":[{"href":"https:\/\/andalubox.com\/fr\/wp-json\/wp\/v2\/product\/19905","targetHints":{"allow":["GET"]}}],"collection":[{"href":"https:\/\/andalubox.com\/fr\/wp-json\/wp\/v2\/product"}],"about":[{"href":"https:\/\/andalubox.com\/fr\/wp-json\/wp\/v2\/types\/product"}],"wp:featuredmedia":[{"embeddable":true,"href":"https:\/\/andalubox.com\/fr\/wp-json\/wp\/v2\/media\/31575"}],"wp:attachment":[{"href":"https:\/\/andalubox.com\/fr\/wp-json\/wp\/v2\/media?parent=19905"}],"wp:term":[{"taxonomy":"product_brand","embeddable":true,"href":"https:\/\/andalubox.com\/fr\/wp-json\/wp\/v2\/product_brand?post=19905"},{"taxonomy":"product_cat","embeddable":true,"href":"https:\/\/andalubox.com\/fr\/wp-json\/wp\/v2\/product_cat?post=19905"},{"taxonomy":"product_tag","embeddable":true,"href":"https:\/\/andalubox.com\/fr\/wp-json\/wp\/v2\/product_tag?post=19905"}],"curies":[{"name":"wp","href":"https:\/\/api.w.org\/{rel}","templated":true}]}}