{"id":19889,"date":"2025-04-15T12:11:19","date_gmt":"2025-04-15T10:11:19","guid":{"rendered":"https:\/\/andalubox.com\/producto-andaluz\/pringles-au-curry-vert-a-la-thailandaise-import-165g\/"},"modified":"2026-01-27T12:40:26","modified_gmt":"2026-01-27T11:40:26","slug":"pringles-au-curry-vert-a-la-thailandaise-import-165g","status":"publish","type":"product","link":"https:\/\/andalubox.com\/fr\/producto-andaluz\/pringles-au-curry-vert-a-la-thailandaise-import-165g\/","title":{"rendered":"Pringles Passport saveur curry vert \u00e0 la tha\u00eflandaise (import), 165g"},"content":{"rendered":"<h3>Pringles Passport saveur curry vert \u00e0 la tha\u00eflandaise, 165g<\/h3>\n<p>Ces snacks sal\u00e9s apportent le go\u00fbt unique et vibrant de la cuisine tha\u00eflandaise directement dans votre snack. D\u00e9couvrez les saveurs audacieuses du curry vert, soigneusement \u00e9labor\u00e9es pour cr\u00e9er un d\u00e9licieux croquant \u00e0 chaque bouch\u00e9e. <\/p>\n<p><strong>Ingr\u00e9dients<\/strong>: Pommes de terre d\u00e9shydrat\u00e9es, huile de tournesol, farine de BLE, farine de ma\u00efs, farine de riz, assaisonnement tha\u00ef aromatis\u00e9 au curry vert, maltodextrine, sucre, sel, oignon en poudre, exhausteurs de go\u00fbt, ar\u00f4mes, \u00e9pinards en poudre, ail en poudre, extrait de levure, \u00e9pices, huile de tournesol, r\u00e9gulateur d&#8217;acidit\u00e9, colorant, maltodextrine, \u00e9mulsifiant (E471), colorant.<\/p>\n<p><strong>Allerg\u00e8nes<\/strong>: Contient du bl\u00e9. Peut contenir du soja.  Convient aux v\u00e9g\u00e9tariens.<\/p>\n<p>La gamme Pringles <b>&#8220;Passport&#8221;<\/b> est une \u00e9dition sp\u00e9ciale et limit\u00e9e de Pringles lanc\u00e9e pour explorer les saveurs du monde entier. La saveur <b>Thai Green Curry<\/b> est l&#8217;une des plus exotiques et des plus recherch\u00e9es de cette s\u00e9rie, car elle recr\u00e9e la complexit\u00e9 de ce plat tha\u00eflandais. <\/p>\n<h4>Caract\u00e9ristiques et profil gustatif<\/h4>\n<p>Cet ar\u00f4me est un m\u00e9lange intense et aromatique qui cherche \u00e0 reproduire le go\u00fbt du curry vert tha\u00eflandais. Il associe des notes \u00e9pic\u00e9es de piment vert, la fra\u00eecheur de la citronnelle et du citron vert, et la richesse du lait de coco et d&#8217;autres \u00e9pices. Le r\u00e9sultat est une bouch\u00e9e croquante au go\u00fbt complexe, \u00e9pic\u00e9 et cr\u00e9meux qui la distingue des autres saveurs de la marque.  <\/p>","protected":false},"excerpt":{"rendered":"<h3><span style=\"font-size: 12pt;\">Pringles Passport Thai Style Green Curry Flavor, 165g dans toute l&#8217;Europe<\/span><\/h3>\n","protected":false},"featured_media":19882,"comment_status":"open","ping_status":"closed","template":"","meta":{"site-sidebar-layout":"default","site-content-layout":"","ast-site-content-layout":"default","site-content-style":"default","site-sidebar-style":"default","ast-global-header-display":"","ast-banner-title-visibility":"","ast-main-header-display":"","ast-hfb-above-header-display":"","ast-hfb-below-header-display":"","ast-hfb-mobile-header-display":"","site-post-title":"","ast-breadcrumbs-content":"","ast-featured-img":"","footer-sml-layout":"","ast-disable-related-posts":"","theme-transparent-header-meta":"default","adv-header-id-meta":"","stick-header-meta":"","header-above-stick-meta":"","header-main-stick-meta":"","header-below-stick-meta":"","astra-migrate-meta-layouts":"default","ast-page-background-enabled":"default","ast-page-background-meta":{"desktop":{"background-color":"var(--ast-global-color-4)","background-image":"","background-repeat":"repeat","background-position":"center center","background-size":"auto","background-attachment":"scroll","background-type":"","background-media":"","overlay-type":"","overlay-color":"","overlay-opacity":"","overlay-gradient":""},"tablet":{"background-color":"","background-image":"","background-repeat":"repeat","background-position":"center center","background-size":"auto","background-attachment":"scroll","background-type":"","background-media":"","overlay-type":"","overlay-color":"","overlay-opacity":"","overlay-gradient":""},"mobile":{"background-color":"","background-image":"","background-repeat":"repeat","background-position":"center center","background-size":"auto","background-attachment":"scroll","background-type":"","background-media":"","overlay-type":"","overlay-color":"","overlay-opacity":"","overlay-gradient":""}},"ast-content-background-meta":{"desktop":{"background-color":"var(--ast-global-color-5)","background-image":"","background-repeat":"repeat","background-position":"center center","background-size":"auto","background-attachment":"scroll","background-type":"","background-media":"","overlay-type":"","overlay-color":"","overlay-opacity":"","overlay-gradient":""},"tablet":{"background-color":"var(--ast-global-color-5)","background-image":"","background-repeat":"repeat","background-position":"center center","background-size":"auto","background-attachment":"scroll","background-type":"","background-media":"","overlay-type":"","overlay-color":"","overlay-opacity":"","overlay-gradient":""},"mobile":{"background-color":"var(--ast-global-color-5)","background-image":"","background-repeat":"repeat","background-position":"center center","background-size":"auto","background-attachment":"scroll","background-type":"","background-media":"","overlay-type":"","overlay-color":"","overlay-opacity":"","overlay-gradient":""}}},"product_brand":[1204],"product_cat":[41],"product_tag":[],"class_list":{"0":"post-19889","1":"product","2":"type-product","3":"status-publish","4":"has-post-thumbnail","6":"product_brand-pringles","7":"product_cat-conservas-de-carne","8":"desktop-align-left","9":"tablet-align-left","10":"mobile-align-left","12":"first","13":"outofstock","14":"taxable","15":"shipping-taxable","16":"purchasable","17":"product-type-simple"},"_links":{"self":[{"href":"https:\/\/andalubox.com\/fr\/wp-json\/wp\/v2\/product\/19889","targetHints":{"allow":["GET"]}}],"collection":[{"href":"https:\/\/andalubox.com\/fr\/wp-json\/wp\/v2\/product"}],"about":[{"href":"https:\/\/andalubox.com\/fr\/wp-json\/wp\/v2\/types\/product"}],"replies":[{"embeddable":true,"href":"https:\/\/andalubox.com\/fr\/wp-json\/wp\/v2\/comments?post=19889"}],"wp:featuredmedia":[{"embeddable":true,"href":"https:\/\/andalubox.com\/fr\/wp-json\/wp\/v2\/media\/19882"}],"wp:attachment":[{"href":"https:\/\/andalubox.com\/fr\/wp-json\/wp\/v2\/media?parent=19889"}],"wp:term":[{"taxonomy":"product_brand","embeddable":true,"href":"https:\/\/andalubox.com\/fr\/wp-json\/wp\/v2\/product_brand?post=19889"},{"taxonomy":"product_cat","embeddable":true,"href":"https:\/\/andalubox.com\/fr\/wp-json\/wp\/v2\/product_cat?post=19889"},{"taxonomy":"product_tag","embeddable":true,"href":"https:\/\/andalubox.com\/fr\/wp-json\/wp\/v2\/product_tag?post=19889"}],"curies":[{"name":"wp","href":"https:\/\/api.w.org\/{rel}","templated":true}]}}