{"id":19873,"date":"2025-04-15T11:49:06","date_gmt":"2025-04-15T09:49:06","guid":{"rendered":"https:\/\/andalubox.com\/producto-andaluz\/pringles-super-mario-mystery-flavour-import-165g\/"},"modified":"2026-01-27T12:40:25","modified_gmt":"2026-01-27T11:40:25","slug":"pringles-super-mario-mystery-flavour-import-165g","status":"publish","type":"product","link":"https:\/\/andalubox.com\/fr\/producto-andaluz\/pringles-super-mario-mystery-flavour-import-165g\/","title":{"rendered":"Pringles Super Mario Saveur Myst\u00e8re (import\u00e9), 165g"},"content":{"rendered":"<p>Pringles Super Mario Saveur Myst\u00e8re (import\u00e9), 165g<\/p>\n<p>Les Pringles Super Mario Mystery Flavour donnent une touche excitante \u00e0 votre aventure avec une saveur secr\u00e8te inspir\u00e9e du jeu embl\u00e9matique. Ces Pringles en \u00e9dition limit\u00e9e ont le go\u00fbt croustillant classique que vous aimez et une saveur myst\u00e8re qu&#8217;il est amusant de deviner. <\/p>\n<p><strong>Ingr\u00e9dients<\/strong>: Pommes de terre d\u00e9shydrat\u00e9es, huile de tournesol, farine de <strong>BLE<\/strong>, farine de ma\u00efs, farine de riz, assaisonnement (lactose <strong>{MILK}<\/strong>, maltodextrine, sucre, sel, exhausteurs de go\u00fbt {glutamate monosodique, 5&#8242;-ribonucl\u00e9otides disodiques}, oignon en poudre, \u00e9pices {poudre de piment, poudre de jalape\u00f1o}, babeurre en poudre <strong>{MILK}<\/strong>, r\u00e9gulateurs d&#8217;acidit\u00e9 {diac\u00e9tate de sodium, acide malique, acide citrique}, extrait de levure, poudre d&#8217;ail, poudre de tomate, ar\u00f4mes, huile de tournesol, amidon de ma\u00efs, colorant {extrait de poivre}), maltodextrine, \u00e9mulsifiant (E471), colorant (annatto norbixine).<\/p>\n<h3>Pringles Super Mario Saveur Myst\u00e8re, 165g<\/h3>\n<p>Les Pringles <b>Super Mario Mystery Flavour<\/b> Edition sont une vari\u00e9t\u00e9 sp\u00e9ciale import\u00e9e qui fait partie d&#8217;une collaboration entre Pringles et Nintendo. La principale caract\u00e9ristique de ce produit est que le go\u00fbt n&#8217;est pas sp\u00e9cifi\u00e9 sur l&#8217;emballage, ce qui permet au consommateur de &#8220;deviner le go\u00fbt&#8221;. <\/p>\n<h4>Caract\u00e9ristiques et profil gustatif<\/h4>\n<p>Le go\u00fbt de cette \u00e9dition reste un myst\u00e8re jusqu&#8217;\u00e0 ce que vous l&#8217;essayiez. Cependant, dans les forums de fans et la communaut\u00e9 en ligne, le go\u00fbt le plus largement accept\u00e9 et r\u00e9pandu est celui de la <b>pizza au fromage et \u00e0 la tomate<\/b>, avec parfois un soup\u00e7on d&#8217;herbes et un subtil arri\u00e8re-go\u00fbt poivr\u00e9. L&#8217;id\u00e9e est que la saveur est famili\u00e8re mais suffisamment &#8220;myst\u00e9rieuse&#8221; pour \u00eatre un jeu. L&#8217;emballage est un tube classique de <b>165 g<\/b>, avec un design sur le th\u00e8me de Super Mario.   <\/p>","protected":false},"excerpt":{"rendered":"<p>Pringles Super Mario Mystery Flavour (Import), 165g dans toute l&#8217;Europe<\/p>\n","protected":false},"featured_media":19866,"comment_status":"open","ping_status":"closed","template":"","meta":{"site-sidebar-layout":"default","site-content-layout":"","ast-site-content-layout":"default","site-content-style":"default","site-sidebar-style":"default","ast-global-header-display":"","ast-banner-title-visibility":"","ast-main-header-display":"","ast-hfb-above-header-display":"","ast-hfb-below-header-display":"","ast-hfb-mobile-header-display":"","site-post-title":"","ast-breadcrumbs-content":"","ast-featured-img":"","footer-sml-layout":"","ast-disable-related-posts":"","theme-transparent-header-meta":"default","adv-header-id-meta":"","stick-header-meta":"","header-above-stick-meta":"","header-main-stick-meta":"","header-below-stick-meta":"","astra-migrate-meta-layouts":"default","ast-page-background-enabled":"default","ast-page-background-meta":{"desktop":{"background-color":"var(--ast-global-color-4)","background-image":"","background-repeat":"repeat","background-position":"center center","background-size":"auto","background-attachment":"scroll","background-type":"","background-media":"","overlay-type":"","overlay-color":"","overlay-opacity":"","overlay-gradient":""},"tablet":{"background-color":"","background-image":"","background-repeat":"repeat","background-position":"center center","background-size":"auto","background-attachment":"scroll","background-type":"","background-media":"","overlay-type":"","overlay-color":"","overlay-opacity":"","overlay-gradient":""},"mobile":{"background-color":"","background-image":"","background-repeat":"repeat","background-position":"center center","background-size":"auto","background-attachment":"scroll","background-type":"","background-media":"","overlay-type":"","overlay-color":"","overlay-opacity":"","overlay-gradient":""}},"ast-content-background-meta":{"desktop":{"background-color":"var(--ast-global-color-5)","background-image":"","background-repeat":"repeat","background-position":"center center","background-size":"auto","background-attachment":"scroll","background-type":"","background-media":"","overlay-type":"","overlay-color":"","overlay-opacity":"","overlay-gradient":""},"tablet":{"background-color":"var(--ast-global-color-5)","background-image":"","background-repeat":"repeat","background-position":"center center","background-size":"auto","background-attachment":"scroll","background-type":"","background-media":"","overlay-type":"","overlay-color":"","overlay-opacity":"","overlay-gradient":""},"mobile":{"background-color":"var(--ast-global-color-5)","background-image":"","background-repeat":"repeat","background-position":"center center","background-size":"auto","background-attachment":"scroll","background-type":"","background-media":"","overlay-type":"","overlay-color":"","overlay-opacity":"","overlay-gradient":""}}},"product_brand":[1204],"product_cat":[41],"product_tag":[],"class_list":{"0":"post-19873","1":"product","2":"type-product","3":"status-publish","4":"has-post-thumbnail","6":"product_brand-pringles","7":"product_cat-conservas-de-carne","8":"desktop-align-left","9":"tablet-align-left","10":"mobile-align-left","12":"first","13":"outofstock","14":"taxable","15":"shipping-taxable","16":"purchasable","17":"product-type-simple"},"_links":{"self":[{"href":"https:\/\/andalubox.com\/fr\/wp-json\/wp\/v2\/product\/19873","targetHints":{"allow":["GET"]}}],"collection":[{"href":"https:\/\/andalubox.com\/fr\/wp-json\/wp\/v2\/product"}],"about":[{"href":"https:\/\/andalubox.com\/fr\/wp-json\/wp\/v2\/types\/product"}],"replies":[{"embeddable":true,"href":"https:\/\/andalubox.com\/fr\/wp-json\/wp\/v2\/comments?post=19873"}],"wp:featuredmedia":[{"embeddable":true,"href":"https:\/\/andalubox.com\/fr\/wp-json\/wp\/v2\/media\/19866"}],"wp:attachment":[{"href":"https:\/\/andalubox.com\/fr\/wp-json\/wp\/v2\/media?parent=19873"}],"wp:term":[{"taxonomy":"product_brand","embeddable":true,"href":"https:\/\/andalubox.com\/fr\/wp-json\/wp\/v2\/product_brand?post=19873"},{"taxonomy":"product_cat","embeddable":true,"href":"https:\/\/andalubox.com\/fr\/wp-json\/wp\/v2\/product_cat?post=19873"},{"taxonomy":"product_tag","embeddable":true,"href":"https:\/\/andalubox.com\/fr\/wp-json\/wp\/v2\/product_tag?post=19873"}],"curies":[{"name":"wp","href":"https:\/\/api.w.org\/{rel}","templated":true}]}}