{"id":19825,"date":"2025-04-15T11:22:13","date_gmt":"2025-04-15T09:22:13","guid":{"rendered":"https:\/\/andalubox.com\/producto-andaluz\/pringles-saveur-tzatziki-a-la-grecque-import-165g\/"},"modified":"2025-09-20T10:01:00","modified_gmt":"2025-09-20T08:01:00","slug":"pringles-saveur-tzatziki-a-la-grecque-import-165g","status":"publish","type":"product","link":"https:\/\/andalubox.com\/fr\/producto-andaluz\/pringles-saveur-tzatziki-a-la-grecque-import-165g\/","title":{"rendered":"Pringles Passport Saveur Tzatziki \u00e0 la grecque (import\u00e9), 165g"},"content":{"rendered":"<p>Pringles Passport Saveur Tzatziki \u00e0 la grecque (import\u00e9), 165g<\/p>\n<p>Grignotez comme un Grec ! Le d\u00e9licieux Pringles Passport Flavors Greek Style Tzatziki vous fera r\u00eaver \u00e0 vos prochaines vacances en Gr\u00e8ce. Les chips ont \u00e9t\u00e9 affin\u00e9es avec un m\u00e9lange sophistiqu\u00e9 d&#8217;\u00e9pices parfaitement \u00e9quilibr\u00e9es. Des notes intenses d&#8217;ail se m\u00ealent \u00e0 un soup\u00e7on de menthe et de persil. La saveur est compl\u00e9t\u00e9e par une fine acidit\u00e9. Un ap\u00e9ritif grec authentique qui vous donnera l&#8217;impression d&#8217;\u00eatre en \u00e9t\u00e9.     <\/p>\n<p><strong>Ingr\u00e9dients<\/strong>: Poudre de pommes de terre \u00e9cras\u00e9es, huile de tournesol, farine de bl\u00e9, farine de ma\u00efs, farine de riz, m\u00e9lange d&#8217;assaisonnements aromatis\u00e9 au tzatziki (lactose en poudre, exhausteur de go\u00fbt, sucre, sel de table, ar\u00f4mes, ail en poudre, lait en poudre, r\u00e9gulateurs d&#8217;acidit\u00e9, yaourt en poudre, jus de concombre en poudre, herbes (persil, menthe), oignon en poudre, concentr\u00e9 de prot\u00e9ines de lactos\u00e9rum, huile de colza, poivre noir, sel, colorant).<\/p>\n<p><strong>Allerg\u00e8nes<\/strong>: Contient des c\u00e9r\u00e9ales contenant du gluten, du bl\u00e9, du lait et des produits laitiers (y compris le lactose). Peut contenir : Soja. <\/p>","protected":false},"excerpt":{"rendered":"<p>Pringles Passport Go\u00fbt Tzatziki \u00e0 la grecque (Importation), 165g dans toute l&#8217;Europe<\/p>\n","protected":false},"featured_media":19817,"comment_status":"open","ping_status":"closed","template":"","meta":{"site-sidebar-layout":"default","site-content-layout":"","ast-site-content-layout":"default","site-content-style":"default","site-sidebar-style":"default","ast-global-header-display":"","ast-banner-title-visibility":"","ast-main-header-display":"","ast-hfb-above-header-display":"","ast-hfb-below-header-display":"","ast-hfb-mobile-header-display":"","site-post-title":"","ast-breadcrumbs-content":"","ast-featured-img":"","footer-sml-layout":"","ast-disable-related-posts":"","theme-transparent-header-meta":"default","adv-header-id-meta":"","stick-header-meta":"","header-above-stick-meta":"","header-main-stick-meta":"","header-below-stick-meta":"","astra-migrate-meta-layouts":"default","ast-page-background-enabled":"default","ast-page-background-meta":{"desktop":{"background-color":"var(--ast-global-color-4)","background-image":"","background-repeat":"repeat","background-position":"center center","background-size":"auto","background-attachment":"scroll","background-type":"","background-media":"","overlay-type":"","overlay-color":"","overlay-opacity":"","overlay-gradient":""},"tablet":{"background-color":"","background-image":"","background-repeat":"repeat","background-position":"center center","background-size":"auto","background-attachment":"scroll","background-type":"","background-media":"","overlay-type":"","overlay-color":"","overlay-opacity":"","overlay-gradient":""},"mobile":{"background-color":"","background-image":"","background-repeat":"repeat","background-position":"center center","background-size":"auto","background-attachment":"scroll","background-type":"","background-media":"","overlay-type":"","overlay-color":"","overlay-opacity":"","overlay-gradient":""}},"ast-content-background-meta":{"desktop":{"background-color":"var(--ast-global-color-5)","background-image":"","background-repeat":"repeat","background-position":"center center","background-size":"auto","background-attachment":"scroll","background-type":"","background-media":"","overlay-type":"","overlay-color":"","overlay-opacity":"","overlay-gradient":""},"tablet":{"background-color":"var(--ast-global-color-5)","background-image":"","background-repeat":"repeat","background-position":"center center","background-size":"auto","background-attachment":"scroll","background-type":"","background-media":"","overlay-type":"","overlay-color":"","overlay-opacity":"","overlay-gradient":""},"mobile":{"background-color":"var(--ast-global-color-5)","background-image":"","background-repeat":"repeat","background-position":"center center","background-size":"auto","background-attachment":"scroll","background-type":"","background-media":"","overlay-type":"","overlay-color":"","overlay-opacity":"","overlay-gradient":""}}},"product_brand":[1204],"product_cat":[41],"product_tag":[],"class_list":{"0":"post-19825","1":"product","2":"type-product","3":"status-publish","4":"has-post-thumbnail","6":"product_brand-pringles","7":"product_cat-conservas-de-carne","8":"desktop-align-left","9":"tablet-align-left","10":"mobile-align-left","12":"first","13":"outofstock","14":"taxable","15":"shipping-taxable","16":"purchasable","17":"product-type-simple"},"_links":{"self":[{"href":"https:\/\/andalubox.com\/fr\/wp-json\/wp\/v2\/product\/19825","targetHints":{"allow":["GET"]}}],"collection":[{"href":"https:\/\/andalubox.com\/fr\/wp-json\/wp\/v2\/product"}],"about":[{"href":"https:\/\/andalubox.com\/fr\/wp-json\/wp\/v2\/types\/product"}],"replies":[{"embeddable":true,"href":"https:\/\/andalubox.com\/fr\/wp-json\/wp\/v2\/comments?post=19825"}],"wp:featuredmedia":[{"embeddable":true,"href":"https:\/\/andalubox.com\/fr\/wp-json\/wp\/v2\/media\/19817"}],"wp:attachment":[{"href":"https:\/\/andalubox.com\/fr\/wp-json\/wp\/v2\/media?parent=19825"}],"wp:term":[{"taxonomy":"product_brand","embeddable":true,"href":"https:\/\/andalubox.com\/fr\/wp-json\/wp\/v2\/product_brand?post=19825"},{"taxonomy":"product_cat","embeddable":true,"href":"https:\/\/andalubox.com\/fr\/wp-json\/wp\/v2\/product_cat?post=19825"},{"taxonomy":"product_tag","embeddable":true,"href":"https:\/\/andalubox.com\/fr\/wp-json\/wp\/v2\/product_tag?post=19825"}],"curies":[{"name":"wp","href":"https:\/\/api.w.org\/{rel}","templated":true}]}}