{"id":19801,"date":"2025-04-15T11:04:14","date_gmt":"2025-04-15T09:04:14","guid":{"rendered":"https:\/\/andalubox.com\/producto-andaluz\/pringles-a-la-marocaine-saveur-poivrons-grilles-et-houmous-import-165g\/"},"modified":"2026-01-27T12:40:30","modified_gmt":"2026-01-27T11:40:30","slug":"pringles-a-la-marocaine-saveur-poivrons-grilles-et-houmous-import-165g","status":"publish","type":"product","link":"https:\/\/andalubox.com\/fr\/producto-andaluz\/pringles-a-la-marocaine-saveur-poivrons-grilles-et-houmous-import-165g\/","title":{"rendered":"Passeport Pringles Style Marocain Poivrons grill\u00e9s et houmous (import\u00e9), 165g"},"content":{"rendered":"<p>Passeport Pringles Style Marocain Poivrons grill\u00e9s et houmous (import\u00e9), 165g<\/p>\n<p>Voici l&#8217;\u00e9dition limit\u00e9e de Pringles Passport, saveur poivrons grill\u00e9s et houmous \u00e0 la marocaine, un m\u00e9lange all\u00e9chant d&#8217;\u00e9pices exotiques et d&#8217;une savoureuse saveur de houmous. Chaque pot est rempli de l&#8217;essence riche et aromatique de la cuisine marocaine, apportant les saveurs vibrantes de la M\u00e9diterran\u00e9e au bout de vos doigts. Ne manquez pas cette aventure gustative mondiale.  <\/p>\n<p><strong>Ingr\u00e9dients<\/strong>: Pommes de terre d\u00e9shydrat\u00e9es, huile de tournesol, farine de bl\u00e9, farine de ma\u00efs, farine de riz, assaisonnement au poivre grill\u00e9 &amp; houmous, oignon en poudre, ail en poudre, paprika en poudre, poivre rouge, \u00e9pices. houmous, oignon en poudre, ail en poudre, paprika en poudre, poivron rouge, \u00e9pices {cumin, poivre noir, fenouil, cayenne, casse}, sucre, sel, exhausteurs de go\u00fbt, ar\u00f4mes, r\u00e9gulateurs d&#8217;acidit\u00e9, babeurre en poudre, farine de pois chiches, tomate en poudre, huile de colza, colorant, maltodextrine.<\/p>\n<p><strong>Allerg\u00e8nes<\/strong>: Contient du bl\u00e9 et du lait. Peut contenir du soja.  Convient aux v\u00e9g\u00e9tariens.<\/p>","protected":false},"excerpt":{"rendered":"<p>Passeport Pringles Style Marocain Poivrons grill\u00e9s et houmous (import\u00e9), 165g dans toute l&#8217;Europe<\/p>\n","protected":false},"featured_media":19793,"comment_status":"open","ping_status":"closed","template":"","meta":{"site-sidebar-layout":"default","site-content-layout":"","ast-site-content-layout":"default","site-content-style":"default","site-sidebar-style":"default","ast-global-header-display":"","ast-banner-title-visibility":"","ast-main-header-display":"","ast-hfb-above-header-display":"","ast-hfb-below-header-display":"","ast-hfb-mobile-header-display":"","site-post-title":"","ast-breadcrumbs-content":"","ast-featured-img":"","footer-sml-layout":"","ast-disable-related-posts":"","theme-transparent-header-meta":"default","adv-header-id-meta":"","stick-header-meta":"","header-above-stick-meta":"","header-main-stick-meta":"","header-below-stick-meta":"","astra-migrate-meta-layouts":"default","ast-page-background-enabled":"default","ast-page-background-meta":{"desktop":{"background-color":"var(--ast-global-color-4)","background-image":"","background-repeat":"repeat","background-position":"center center","background-size":"auto","background-attachment":"scroll","background-type":"","background-media":"","overlay-type":"","overlay-color":"","overlay-opacity":"","overlay-gradient":""},"tablet":{"background-color":"","background-image":"","background-repeat":"repeat","background-position":"center center","background-size":"auto","background-attachment":"scroll","background-type":"","background-media":"","overlay-type":"","overlay-color":"","overlay-opacity":"","overlay-gradient":""},"mobile":{"background-color":"","background-image":"","background-repeat":"repeat","background-position":"center center","background-size":"auto","background-attachment":"scroll","background-type":"","background-media":"","overlay-type":"","overlay-color":"","overlay-opacity":"","overlay-gradient":""}},"ast-content-background-meta":{"desktop":{"background-color":"var(--ast-global-color-5)","background-image":"","background-repeat":"repeat","background-position":"center center","background-size":"auto","background-attachment":"scroll","background-type":"","background-media":"","overlay-type":"","overlay-color":"","overlay-opacity":"","overlay-gradient":""},"tablet":{"background-color":"var(--ast-global-color-5)","background-image":"","background-repeat":"repeat","background-position":"center center","background-size":"auto","background-attachment":"scroll","background-type":"","background-media":"","overlay-type":"","overlay-color":"","overlay-opacity":"","overlay-gradient":""},"mobile":{"background-color":"var(--ast-global-color-5)","background-image":"","background-repeat":"repeat","background-position":"center center","background-size":"auto","background-attachment":"scroll","background-type":"","background-media":"","overlay-type":"","overlay-color":"","overlay-opacity":"","overlay-gradient":""}}},"product_brand":[1204],"product_cat":[41],"product_tag":[],"class_list":{"0":"post-19801","1":"product","2":"type-product","3":"status-publish","4":"has-post-thumbnail","6":"product_brand-pringles","7":"product_cat-conservas-de-carne","8":"desktop-align-left","9":"tablet-align-left","10":"mobile-align-left","12":"first","13":"outofstock","14":"taxable","15":"shipping-taxable","16":"purchasable","17":"product-type-simple"},"_links":{"self":[{"href":"https:\/\/andalubox.com\/fr\/wp-json\/wp\/v2\/product\/19801","targetHints":{"allow":["GET"]}}],"collection":[{"href":"https:\/\/andalubox.com\/fr\/wp-json\/wp\/v2\/product"}],"about":[{"href":"https:\/\/andalubox.com\/fr\/wp-json\/wp\/v2\/types\/product"}],"replies":[{"embeddable":true,"href":"https:\/\/andalubox.com\/fr\/wp-json\/wp\/v2\/comments?post=19801"}],"wp:featuredmedia":[{"embeddable":true,"href":"https:\/\/andalubox.com\/fr\/wp-json\/wp\/v2\/media\/19793"}],"wp:attachment":[{"href":"https:\/\/andalubox.com\/fr\/wp-json\/wp\/v2\/media?parent=19801"}],"wp:term":[{"taxonomy":"product_brand","embeddable":true,"href":"https:\/\/andalubox.com\/fr\/wp-json\/wp\/v2\/product_brand?post=19801"},{"taxonomy":"product_cat","embeddable":true,"href":"https:\/\/andalubox.com\/fr\/wp-json\/wp\/v2\/product_cat?post=19801"},{"taxonomy":"product_tag","embeddable":true,"href":"https:\/\/andalubox.com\/fr\/wp-json\/wp\/v2\/product_tag?post=19801"}],"curies":[{"name":"wp","href":"https:\/\/api.w.org\/{rel}","templated":true}]}}