{"id":19758,"date":"2025-04-14T14:02:35","date_gmt":"2025-04-14T12:02:35","guid":{"rendered":"https:\/\/andalubox.com\/producto-andaluz\/bang-bang-popcorn-chocolat-blanc-import-85g\/"},"modified":"2026-01-27T12:40:38","modified_gmt":"2026-01-27T11:40:38","slug":"bang-bang-popcorn-chocolat-blanc-import-85g","status":"publish","type":"product","link":"https:\/\/andalubox.com\/fr\/producto-andaluz\/bang-bang-popcorn-chocolat-blanc-import-85g\/","title":{"rendered":"Popcorn Bang Bang au chocolat blanc (import\u00e9), 85g"},"content":{"rendered":"<p>Popcorn Bang Bang au chocolat blanc (import\u00e9), 85g<\/p>\n<p>Ingr\u00e9dients<br>Ma\u00efs, sucre, dextrose, sirop de glucose, chocolat blanc compos\u00e9 (8%) (sucre, graisse de palme, lait \u00e9cr\u00e9m\u00e9 en poudre, lactos\u00e9rum en poudre (lait), lait entier en poudre, \u00e9mulsifiant : L\u00e9cithine de soja, polyricinol\u00e9ate de polyglyc\u00e9rol ; vanille naturelle), beurre sal\u00e9 (beurre (lait), sel), huile de palme, sel, poudre \u00e0 lever : carbonates de sodium, ar\u00f4me, \u00e9mulsifiant : L\u00e9cithine de soja<\/p>\n<p>Le pop-corn de la marque Bang Bang est connu pour ses saveurs import\u00e9es qui offrent une exp\u00e9rience diff\u00e9rente des snacks conventionnels. La vari\u00e9t\u00e9 <b>chocolat blanc<\/b> est une option sucr\u00e9e et cr\u00e9meuse pour les amateurs de cet ingr\u00e9dient. <\/p>\n<h4>Caract\u00e9ristiques et profil gustatif<\/h4>\n<p>Ce produit se distingue par son go\u00fbt de chocolat blanc, riche et beurr\u00e9. Contrairement au chocolat au lait ou au chocolat noir, le chocolat blanc a un go\u00fbt plus doux et une douceur plus prononc\u00e9e, sans l&#8217;amertume du cacao. Il s&#8217;associe \u00e0 la texture l\u00e9g\u00e8re et croquante du pop-corn, cr\u00e9ant un contraste int\u00e9ressant. Comme les autres vari\u00e9t\u00e9s de Bang Bang, le pop-corn est fabriqu\u00e9 \u00e0 l&#8217;air chaud, ce qui le rend l\u00e9ger et moelleux. L&#8217;emballage est un sachet de <b>85 grammes<\/b>.    <\/p>","protected":false},"excerpt":{"rendered":"<p>Popcorn Bang Bang au chocolat blanc (import\u00e9), 85g Ingr\u00e9dientsMa\u00efs, sucre, dextrose, sirop de glucose, chocolat blanc compos\u00e9 (8%) (sucre, graisse de palme, lait \u00e9cr\u00e9m\u00e9 en poudre, lactos\u00e9rum en poudre (lait), lait entier en poudre, \u00e9mulsifiant : L\u00e9cithine de soja, polyricinol\u00e9ate de polyglyc\u00e9rol ; vanille naturelle), beurre sal\u00e9 (beurre (lait), sel), huile de palme, sel, poudre [&hellip;]<\/p>\n","protected":false},"featured_media":19751,"comment_status":"open","ping_status":"closed","template":"","meta":{"site-sidebar-layout":"default","site-content-layout":"","ast-site-content-layout":"default","site-content-style":"default","site-sidebar-style":"default","ast-global-header-display":"","ast-banner-title-visibility":"","ast-main-header-display":"","ast-hfb-above-header-display":"","ast-hfb-below-header-display":"","ast-hfb-mobile-header-display":"","site-post-title":"","ast-breadcrumbs-content":"","ast-featured-img":"","footer-sml-layout":"","ast-disable-related-posts":"","theme-transparent-header-meta":"default","adv-header-id-meta":"","stick-header-meta":"","header-above-stick-meta":"","header-main-stick-meta":"","header-below-stick-meta":"","astra-migrate-meta-layouts":"default","ast-page-background-enabled":"default","ast-page-background-meta":{"desktop":{"background-color":"var(--ast-global-color-4)","background-image":"","background-repeat":"repeat","background-position":"center center","background-size":"auto","background-attachment":"scroll","background-type":"","background-media":"","overlay-type":"","overlay-color":"","overlay-opacity":"","overlay-gradient":""},"tablet":{"background-color":"","background-image":"","background-repeat":"repeat","background-position":"center center","background-size":"auto","background-attachment":"scroll","background-type":"","background-media":"","overlay-type":"","overlay-color":"","overlay-opacity":"","overlay-gradient":""},"mobile":{"background-color":"","background-image":"","background-repeat":"repeat","background-position":"center center","background-size":"auto","background-attachment":"scroll","background-type":"","background-media":"","overlay-type":"","overlay-color":"","overlay-opacity":"","overlay-gradient":""}},"ast-content-background-meta":{"desktop":{"background-color":"var(--ast-global-color-5)","background-image":"","background-repeat":"repeat","background-position":"center center","background-size":"auto","background-attachment":"scroll","background-type":"","background-media":"","overlay-type":"","overlay-color":"","overlay-opacity":"","overlay-gradient":""},"tablet":{"background-color":"var(--ast-global-color-5)","background-image":"","background-repeat":"repeat","background-position":"center center","background-size":"auto","background-attachment":"scroll","background-type":"","background-media":"","overlay-type":"","overlay-color":"","overlay-opacity":"","overlay-gradient":""},"mobile":{"background-color":"var(--ast-global-color-5)","background-image":"","background-repeat":"repeat","background-position":"center center","background-size":"auto","background-attachment":"scroll","background-type":"","background-media":"","overlay-type":"","overlay-color":"","overlay-opacity":"","overlay-gradient":""}}},"product_brand":[1330],"product_cat":[41],"product_tag":[],"class_list":{"0":"post-19758","1":"product","2":"type-product","3":"status-publish","4":"has-post-thumbnail","6":"product_brand-bang-bang","7":"product_cat-conservas-de-carne","8":"desktop-align-left","9":"tablet-align-left","10":"mobile-align-left","12":"first","13":"outofstock","14":"taxable","15":"shipping-taxable","16":"purchasable","17":"product-type-simple"},"_links":{"self":[{"href":"https:\/\/andalubox.com\/fr\/wp-json\/wp\/v2\/product\/19758","targetHints":{"allow":["GET"]}}],"collection":[{"href":"https:\/\/andalubox.com\/fr\/wp-json\/wp\/v2\/product"}],"about":[{"href":"https:\/\/andalubox.com\/fr\/wp-json\/wp\/v2\/types\/product"}],"replies":[{"embeddable":true,"href":"https:\/\/andalubox.com\/fr\/wp-json\/wp\/v2\/comments?post=19758"}],"wp:featuredmedia":[{"embeddable":true,"href":"https:\/\/andalubox.com\/fr\/wp-json\/wp\/v2\/media\/19751"}],"wp:attachment":[{"href":"https:\/\/andalubox.com\/fr\/wp-json\/wp\/v2\/media?parent=19758"}],"wp:term":[{"taxonomy":"product_brand","embeddable":true,"href":"https:\/\/andalubox.com\/fr\/wp-json\/wp\/v2\/product_brand?post=19758"},{"taxonomy":"product_cat","embeddable":true,"href":"https:\/\/andalubox.com\/fr\/wp-json\/wp\/v2\/product_cat?post=19758"},{"taxonomy":"product_tag","embeddable":true,"href":"https:\/\/andalubox.com\/fr\/wp-json\/wp\/v2\/product_tag?post=19758"}],"curies":[{"name":"wp","href":"https:\/\/api.w.org\/{rel}","templated":true}]}}