{"id":19674,"date":"2025-04-14T12:31:25","date_gmt":"2025-04-14T10:31:25","guid":{"rendered":"https:\/\/andalubox.com\/producto-andaluz\/lays-cheeseburger-flavour-importe-120g\/"},"modified":"2026-01-27T12:40:46","modified_gmt":"2026-01-27T11:40:46","slug":"lays-cheeseburger-flavour-importe-120g","status":"publish","type":"product","link":"https:\/\/andalubox.com\/fr\/producto-andaluz\/lays-cheeseburger-flavour-importe-120g\/","title":{"rendered":"Lay&#8217;s Cheeseburger Flavour (import\u00e9), 120g"},"content":{"rendered":"<div id=\"product-characteristics-description\" class=\"product-content\">\n<div class=\"product-content__title\">\n<p>Lay&#8217;s Cheeseburger Flavour (import\u00e9), 120g<\/p>\n<p class=\"product-content__title-text c-text c-text--size-m c-text--style-p c-text--bold c-text--spacing-default\"><strong>Description<\/strong><\/p>\n<\/div>\n<div class=\"product-content__content c-text c-text--size-s c-text--style-p c-text--spacing-default\">\n<div>LAY&#8217;S CHEESE HAMBURGER FLAVOUR, UNE SAVEUR INCONFONDABLE : La d\u00e9licieuse saveur traditionnelle du cheeseburger dans des frites croustillantes et savoureuses ! Des frites parfaites pour \u00e9gayer vos moments entre amis ! UNE RECETTE UNIQUE : Tout commence par des pommes de terre cultiv\u00e9es \u00e0 la ferme, cuites et assaisonn\u00e9es \u00e0 la perfection. Nous ajoutons ensuite la douceur \u00e9pic\u00e9e de la sauce barbecue. Ainsi, chaque chips Lay&#8217;s Cheeseburger est parfaitement croustillante, d\u00e9licieuse et \u00e9pic\u00e9e. Le bonheur \u00e0 chaque bouch\u00e9e.     <\/div>\n<div> <\/div>\n<\/div>\n<\/div>\n<div id=\"product-characteristics-composition\" class=\"product-composition\">\n<div class=\"product-composition__wrap\">\n<div class=\"product-content\" data-testid=\"product-composition-ingredients\">\n<div class=\"product-content__title\">\n<p class=\"product-content__title-text c-text c-text--size-m c-text--style-p c-text--bold c-text--spacing-default\"><strong>Ingr\u00e9dients<\/strong><\/p>\n<\/div>\n<div class=\"product-content__content c-text c-text--size-s c-text--style-p c-text--spacing-default\">\n<div>Pommes de terre (62%), huiles v\u00e9g\u00e9tales (tournesol, colza en proportions variables), base d&#8217;ar\u00f4me de cheeseburger, babeurre en poudre, ar\u00f4mes (dont C\u00c9LERI, MOUTARDE), fructose, sel, sucre, oignon en poudre, ail en poudre, poudre de graines de moutarde, acidifiant (acide citrique), curcuma, chlorure de potassium, colorants (extrait de paprika, curcumine), antioxydants (extraits de romarin, acide ascorbique, extrait riche en tocoph\u00e9rols, acide citrique).<\/div>\n<\/div>\n<\/div>\n<\/div>\n<\/div>\n<div> <\/div>\n<div><strong>Valeurs nutritionnelles pour 100g.<\/strong><\/div>\n<div>Energie : 2094 kJ\/501 kcal ; Lipides : 27g, dont satur\u00e9s : 2g ; Glucides : 55g, dont sucres : 2,5g ; Fibres : 5,1g ; Prot\u00e9ines : 6,3 ; Sel : 1,1g.  <\/div>","protected":false},"excerpt":{"rendered":"<p>Lay&#8217;s Cheeseburger Flavour (Import), 120g dans toute l&#8217;Europe<\/p>\n","protected":false},"featured_media":19666,"template":"","meta":{"site-sidebar-layout":"default","site-content-layout":"","ast-site-content-layout":"default","site-content-style":"default","site-sidebar-style":"default","ast-global-header-display":"","ast-banner-title-visibility":"","ast-main-header-display":"","ast-hfb-above-header-display":"","ast-hfb-below-header-display":"","ast-hfb-mobile-header-display":"","site-post-title":"","ast-breadcrumbs-content":"","ast-featured-img":"","footer-sml-layout":"","ast-disable-related-posts":"","theme-transparent-header-meta":"default","adv-header-id-meta":"","stick-header-meta":"","header-above-stick-meta":"","header-main-stick-meta":"","header-below-stick-meta":"","astra-migrate-meta-layouts":"default","ast-page-background-enabled":"default","ast-page-background-meta":{"desktop":{"background-color":"var(--ast-global-color-4)","background-image":"","background-repeat":"repeat","background-position":"center center","background-size":"auto","background-attachment":"scroll","background-type":"","background-media":"","overlay-type":"","overlay-color":"","overlay-opacity":"","overlay-gradient":""},"tablet":{"background-color":"","background-image":"","background-repeat":"repeat","background-position":"center center","background-size":"auto","background-attachment":"scroll","background-type":"","background-media":"","overlay-type":"","overlay-color":"","overlay-opacity":"","overlay-gradient":""},"mobile":{"background-color":"","background-image":"","background-repeat":"repeat","background-position":"center center","background-size":"auto","background-attachment":"scroll","background-type":"","background-media":"","overlay-type":"","overlay-color":"","overlay-opacity":"","overlay-gradient":""}},"ast-content-background-meta":{"desktop":{"background-color":"var(--ast-global-color-5)","background-image":"","background-repeat":"repeat","background-position":"center center","background-size":"auto","background-attachment":"scroll","background-type":"","background-media":"","overlay-type":"","overlay-color":"","overlay-opacity":"","overlay-gradient":""},"tablet":{"background-color":"var(--ast-global-color-5)","background-image":"","background-repeat":"repeat","background-position":"center center","background-size":"auto","background-attachment":"scroll","background-type":"","background-media":"","overlay-type":"","overlay-color":"","overlay-opacity":"","overlay-gradient":""},"mobile":{"background-color":"var(--ast-global-color-5)","background-image":"","background-repeat":"repeat","background-position":"center center","background-size":"auto","background-attachment":"scroll","background-type":"","background-media":"","overlay-type":"","overlay-color":"","overlay-opacity":"","overlay-gradient":""}}},"product_brand":[1345],"product_cat":[41],"product_tag":[],"class_list":{"0":"post-19674","1":"product","2":"type-product","3":"status-publish","4":"has-post-thumbnail","6":"product_brand-lays","7":"product_cat-conservas-de-carne","8":"desktop-align-left","9":"tablet-align-left","10":"mobile-align-left","12":"first","13":"outofstock","14":"taxable","15":"shipping-taxable","16":"purchasable","17":"product-type-simple"},"_links":{"self":[{"href":"https:\/\/andalubox.com\/fr\/wp-json\/wp\/v2\/product\/19674","targetHints":{"allow":["GET"]}}],"collection":[{"href":"https:\/\/andalubox.com\/fr\/wp-json\/wp\/v2\/product"}],"about":[{"href":"https:\/\/andalubox.com\/fr\/wp-json\/wp\/v2\/types\/product"}],"wp:featuredmedia":[{"embeddable":true,"href":"https:\/\/andalubox.com\/fr\/wp-json\/wp\/v2\/media\/19666"}],"wp:attachment":[{"href":"https:\/\/andalubox.com\/fr\/wp-json\/wp\/v2\/media?parent=19674"}],"wp:term":[{"taxonomy":"product_brand","embeddable":true,"href":"https:\/\/andalubox.com\/fr\/wp-json\/wp\/v2\/product_brand?post=19674"},{"taxonomy":"product_cat","embeddable":true,"href":"https:\/\/andalubox.com\/fr\/wp-json\/wp\/v2\/product_cat?post=19674"},{"taxonomy":"product_tag","embeddable":true,"href":"https:\/\/andalubox.com\/fr\/wp-json\/wp\/v2\/product_tag?post=19674"}],"curies":[{"name":"wp","href":"https:\/\/api.w.org\/{rel}","templated":true}]}}